{"id":1032,"date":"2023-12-29T16:26:14","date_gmt":"2023-12-29T16:26:14","guid":{"rendered":"https:\/\/ee2.put.poznan.pl\/?page_id=1032"},"modified":"2024-01-22T00:23:48","modified_gmt":"2024-01-22T00:23:48","slug":"andrzej-odyjas","status":"publish","type":"page","link":"http:\/\/ee2.put.poznan.pl\/index.php\/o-instytucie\/kadra\/andrzej-odyjas\/","title":{"rendered":"dr in\u017c. Andrzej Odyjas"},"content":{"rendered":"\t\t<div data-elementor-type=\"wp-page\" data-elementor-id=\"1032\" class=\"elementor elementor-1032\">\n\t\t\t\t\t\t<section class=\"elementor-section elementor-top-section elementor-element elementor-element-828514e elementor-section-boxed elementor-section-height-default elementor-section-height-default\" data-id=\"828514e\" data-element_type=\"section\" data-e-type=\"section\">\n\t\t\t\t\t\t<div class=\"elementor-container elementor-column-gap-default\">\n\t\t\t\t\t<div class=\"elementor-column elementor-col-66 elementor-top-column elementor-element elementor-element-44c1681\" data-id=\"44c1681\" data-element_type=\"column\" data-e-type=\"column\">\n\t\t\t<div class=\"elementor-widget-wrap elementor-element-populated\">\n\t\t\t\t\t\t<div class=\"elementor-element elementor-element-17f579a elementor-widget elementor-widget-text-editor\" data-id=\"17f579a\" data-element_type=\"widget\" data-e-type=\"widget\" data-widget_type=\"text-editor.default\">\n\t\t\t\t<div class=\"elementor-widget-container\">\n\t\t\t\t\t\t\t\t\t<p>Zak\u0142ad Ogrzewnictwa, Klimatyzacji i Ochrony Powietrza<\/p>\n<p><\/p><p><\/p>\t\t\t\t\t\t\t\t<\/div>\n\t\t\t\t<\/div>\n\t\t\t\t<div class=\"elementor-element elementor-element-004314a e-transform elementor-widget-divider--view-line elementor-invisible elementor-widget elementor-widget-divider\" data-id=\"004314a\" data-element_type=\"widget\" data-e-type=\"widget\" data-settings=\"{&quot;_animation&quot;:&quot;fadeInUp&quot;,&quot;_transform_scale_effect&quot;:{&quot;unit&quot;:&quot;px&quot;,&quot;size&quot;:&quot;&quot;,&quot;sizes&quot;:[]},&quot;_transform_scale_effect_tablet&quot;:{&quot;unit&quot;:&quot;px&quot;,&quot;size&quot;:&quot;&quot;,&quot;sizes&quot;:[]},&quot;_transform_scale_effect_mobile&quot;:{&quot;unit&quot;:&quot;px&quot;,&quot;size&quot;:&quot;&quot;,&quot;sizes&quot;:[]}}\" data-widget_type=\"divider.default\">\n\t\t\t\t<div class=\"elementor-widget-container\">\n\t\t\t\t\t\t\t<div class=\"elementor-divider\">\n\t\t\t<span class=\"elementor-divider-separator\">\n\t\t\t\t\t\t<\/span>\n\t\t<\/div>\n\t\t\t\t\t\t<\/div>\n\t\t\t\t<\/div>\n\t\t\t\t<div class=\"elementor-element elementor-element-9626b90 elementor-widget elementor-widget-text-editor\" data-id=\"9626b90\" data-element_type=\"widget\" data-e-type=\"widget\" data-widget_type=\"text-editor.default\">\n\t\t\t\t<div class=\"elementor-widget-container\">\n\t\t\t\t\t\t\t\t\t<p>Profil w Systemie Informacji Naukowej PP: <a href=\"https:\/\/sin.put.poznan.pl\/people\/details\/andrzej.odyjas\" target=\"_blank\" rel=\"noreferrer noopener\">Andrzej Odyjas SIN<\/a><\/p>\n<p>E-mail: <a href=\"mailto:andrzej.odyjas@put.poznan.pl\" target=\"_blank\" rel=\"noopener\">andrzej.odyjas@put.poznan.pl<\/a><\/p>\n<p style=\"font-style: normal; font-variant-ligatures: normal; font-variant-caps: normal; font-weight: 400; font-size: 15px; font-family: Roboto, sans-serif; text-indent: 0px;\">Pok\u00f3j: 219B budynek WTCH &#8211;\u00a0<a style=\"font-style: normal; font-variant-ligatures: normal; font-variant-caps: normal; font-weight: 400; font-size: 15px; font-family: Roboto, sans-serif; text-align: inherit;\" href=\"https:\/\/isie.put.poznan.pl\/sites\/default\/files\/2021-11\/Instytut%20In%C5%BCynierii%20%C5%9Arodowiska%20i%20Instalacji%20Budowlanych-konsultacje.pdf\" target=\"_blank\" rel=\"noreferrer noopener\">LINK<\/a><span style=\"font-style: normal; font-variant-ligatures: normal; font-variant-caps: normal; font-weight: 400; font-size: 15px; font-family: Roboto, sans-serif; color: var( --e-global-color-text ); text-align: inherit;\">\u00a0(<\/span><a style=\"font-style: normal; font-variant-ligatures: normal; font-variant-caps: normal; font-weight: 400; font-size: 15px; font-family: Roboto, sans-serif; text-align: inherit;\" href=\"https:\/\/isie.put.poznan.pl\/sites\/default\/files\/inline-files\/OZNACZENIA%20W%20PLANIE%20ZAJ%C4%98%C4%86.pdf\" target=\"_blank\" rel=\"noreferrer noopener\">mapa kampusu<\/a><span style=\"font-style: normal; font-variant-ligatures: normal; font-variant-caps: normal; font-weight: 400; font-size: 15px; font-family: Roboto, sans-serif; color: var( --e-global-color-text ); text-align: inherit;\">)<\/span><\/p>\n<p style=\"font-style: normal; font-variant-ligatures: normal; font-variant-caps: normal; font-weight: 400; font-size: 15px; font-family: Roboto, sans-serif; text-indent: 0px;\">Konsultacje: &#8211;\u00a0<a style=\"font-style: normal; font-variant-ligatures: normal; font-variant-caps: normal; font-weight: 400; font-size: 15px; font-family: Roboto, sans-serif; text-align: inherit;\" href=\"http:\/\/ee2.put.poznan.pl\/wp-content\/uploads\/files\/IISiIB_PUT_konsultacje.pdf\" target=\"_blank\" rel=\"noopener\">LINK (wykaz konsultacji pracownik\u00f3w instytutu)<\/a><\/p>\t\t\t\t\t\t\t\t<\/div>\n\t\t\t\t<\/div>\n\t\t\t\t\t<\/div>\n\t\t<\/div>\n\t\t\t\t<div class=\"elementor-column elementor-col-33 elementor-top-column elementor-element elementor-element-a78cee6\" data-id=\"a78cee6\" data-element_type=\"column\" data-e-type=\"column\">\n\t\t\t<div class=\"elementor-widget-wrap elementor-element-populated\">\n\t\t\t\t\t\t\t<\/div>\n\t\t<\/div>\n\t\t\t\t\t<\/div>\n\t\t<\/section>\n\t\t\t\t<section class=\"elementor-section elementor-top-section elementor-element elementor-element-0687c22 elementor-section-boxed elementor-section-height-default elementor-section-height-default\" data-id=\"0687c22\" data-element_type=\"section\" data-e-type=\"section\">\n\t\t\t\t\t\t<div class=\"elementor-container elementor-column-gap-default\">\n\t\t\t\t\t<div class=\"elementor-column elementor-col-100 elementor-top-column elementor-element elementor-element-57a8c8d\" data-id=\"57a8c8d\" data-element_type=\"column\" data-e-type=\"column\">\n\t\t\t<div class=\"elementor-widget-wrap elementor-element-populated\">\n\t\t\t\t\t\t<div class=\"elementor-element elementor-element-b81773d elementor-widget-divider--view-line elementor-invisible elementor-widget elementor-widget-divider\" data-id=\"b81773d\" data-element_type=\"widget\" data-e-type=\"widget\" data-settings=\"{&quot;_animation&quot;:&quot;fadeInUp&quot;}\" data-widget_type=\"divider.default\">\n\t\t\t\t<div class=\"elementor-widget-container\">\n\t\t\t\t\t\t\t<div class=\"elementor-divider\">\n\t\t\t<span class=\"elementor-divider-separator\">\n\t\t\t\t\t\t<\/span>\n\t\t<\/div>\n\t\t\t\t\t\t<\/div>\n\t\t\t\t<\/div>\n\t\t\t\t\t<\/div>\n\t\t<\/div>\n\t\t\t\t\t<\/div>\n\t\t<\/section>\n\t\t\t\t<section class=\"elementor-section elementor-top-section elementor-element elementor-element-358706f elementor-section-boxed elementor-section-height-default elementor-section-height-default\" data-id=\"358706f\" data-element_type=\"section\" data-e-type=\"section\">\n\t\t\t\t\t\t<div class=\"elementor-container elementor-column-gap-default\">\n\t\t\t\t\t<div class=\"elementor-column elementor-col-100 elementor-top-column elementor-element elementor-element-791c517\" data-id=\"791c517\" data-element_type=\"column\" data-e-type=\"column\">\n\t\t\t<div class=\"elementor-widget-wrap elementor-element-populated\">\n\t\t\t\t\t\t<div class=\"elementor-element elementor-element-a3026bd elementor-widget elementor-widget-text-editor\" data-id=\"a3026bd\" data-element_type=\"widget\" data-e-type=\"widget\" data-widget_type=\"text-editor.default\">\n\t\t\t\t<div class=\"elementor-widget-container\">\n\t\t\t\t\t\t\t\t\t<h6>WYKSZTA\u0141CENIE<\/h6>\t\t\t\t\t\t\t\t<\/div>\n\t\t\t\t<\/div>\n\t\t\t\t<div class=\"elementor-element elementor-element-244a07f elementor-widget elementor-widget-text-editor\" data-id=\"244a07f\" data-element_type=\"widget\" data-e-type=\"widget\" data-widget_type=\"text-editor.default\">\n\t\t\t\t<div class=\"elementor-widget-container\">\n\t\t\t\t\t\t\t\t\t<p><\/p><p><\/p><p><\/p><p><\/p><p><\/p><ul style=\"font-style: normal; font-variant-ligatures: normal; font-variant-caps: normal; font-size: 15px; font-family: Roboto, sans-serif;\"><li><b>2021<\/b> &#8211; uzyskanie stopnia doktora nauk technicznych, Wydzia\u0142 Budownictwa i In\u017cynierii \u015arodowiska, Politechnika Pozna\u0144ska. Tytu\u0142 rozprawy doktorskiej: \u201eBadania dynamicznych oddzia\u0142ywa\u0144 system\u00f3w sufit\u00f3w ch\u0142odz\u0105cych na ich sprawno\u015b\u0107 u\u017cytkow\u0105 i komfort cieplny w klimatyzowanych pomieszczeniach\u201d<\/li><li><b>1982 &#8211; 1989 <\/b>&#8211; studia magisterskie, Politechnika Pozna\u0144ska, Wydzia\u0142 Budownictwa, Architektury i In\u017cynierii \u015arodowiska, kierunek In\u017cynieria \u015arodowiska<\/li><\/ul><p><\/p><p><!-- \/wp:list --><\/p>\t\t\t\t\t\t\t\t<\/div>\n\t\t\t\t<\/div>\n\t\t\t\t<div class=\"elementor-element elementor-element-497b090 elementor-widget elementor-widget-text-editor\" data-id=\"497b090\" data-element_type=\"widget\" data-e-type=\"widget\" data-widget_type=\"text-editor.default\">\n\t\t\t\t<div class=\"elementor-widget-container\">\n\t\t\t\t\t\t\t\t\t<h6>PROWADZONE ZAJ\u0118CIA DYDAKTYCZNE<\/h6>\t\t\t\t\t\t\t\t<\/div>\n\t\t\t\t<\/div>\n\t\t\t\t<div class=\"elementor-element elementor-element-e847157 elementor-widget elementor-widget-text-editor\" data-id=\"e847157\" data-element_type=\"widget\" data-e-type=\"widget\" data-widget_type=\"text-editor.default\">\n\t\t\t\t<div class=\"elementor-widget-container\">\n\t\t\t\t\t\t\t\t\t<p><!-- wp:paragraph --><\/p><p><!-- \/wp:separator --><\/p><p><!-- wp:paragraph --><\/p><p><!-- \/wp:separator --><\/p><p><!-- wp:paragraph --><\/p><p><!-- \/wp:paragraph --><\/p><p><!-- wp:list --><\/p><ul><li style=\"list-style-type: none;\"><ul><!-- wp:list-item --><\/ul><\/li><li>Systemy wentylacyjne, klimatyzacyjne i ch\u0142odnicze &#8211; wyk\u0142ady, \u0107wiczenia, projekty<\/li><li>Wentylacja &#8211; wyk\u0142ady, \u0107wiczenia, projekty<\/li><li>Klimatyzacja &#8211; wyk\u0142ady, \u0107wiczenia, projekty<\/li><li>Systemy energetyki komunalnej &#8211; projekty<\/li><li>Ch\u0142odnictwo dla klimatyzacji \u2013 wyk\u0142ady, projekty<\/li><\/ul><p><!-- \/wp:list-item --><\/p><p><!-- \/wp:list --><\/p>\t\t\t\t\t\t\t\t<\/div>\n\t\t\t\t<\/div>\n\t\t\t\t<div class=\"elementor-element elementor-element-b0c3c42 elementor-widget elementor-widget-text-editor\" data-id=\"b0c3c42\" data-element_type=\"widget\" data-e-type=\"widget\" data-widget_type=\"text-editor.default\">\n\t\t\t\t<div class=\"elementor-widget-container\">\n\t\t\t\t\t\t\t\t\t<h6>Charakterystyka doroku naukowego i najwa\u017cniejsze prace<\/h6>\t\t\t\t\t\t\t\t<\/div>\n\t\t\t\t<\/div>\n\t\t\t\t<div class=\"elementor-element elementor-element-91a8367 elementor-widget elementor-widget-text-editor\" data-id=\"91a8367\" data-element_type=\"widget\" data-e-type=\"widget\" data-widget_type=\"text-editor.default\">\n\t\t\t\t<div class=\"elementor-widget-container\">\n\t\t\t\t\t\t\t\t\t<ul><li><strong>Odyjas Andrzej, G\u00f3rka Andrzej, Simulations of floor cooling system capacity, Applied Thermal Engineering 51 (2013) s. 84-90,<\/strong><\/li><li>G\u00f3rka Andrzej, Odyjas Andrzej, Numeryczny model dzia\u0142ania systemu posadzki ch\u0142odz\u0105cej, Nowoczesne rozwi\u0105zania w in\u017cynierii i ochronie \u015brodowiska \/ red. nauk. Sergey Anisimov [et al.]. &#8211; Wroc\u0142aw : Politechnika Wroc\u0142awska. &#8211; T. 1, 2011. &#8211; S. 207-212<\/li><li>Odyjas Andrzej, The relation between type of cooling loads and capacity of cooling floor system, Nowoczesne rozwi\u0105zania w in\u017cynierii i ochronie \u015brodowiska \/ red. nauk. Sergey Anisimov [et al.]. &#8211; Wroc\u0142aw : Politechnika Wroc\u0142awska. &#8211; T. 2, 2011. &#8211; S. 123-128\u00a0<\/li><li>KBN Nr 4 T07E 059 29 (2005-2008): W\u0142asny projekt badawczy &#8222;Metoda wyznaczania obci\u0105\u017ce\u0144 cieplnych i ch\u0142odniczych dla powierzchniowych sposob\u00f3w ch\u0142odzenia i ogrzewania budynk\u00f3w&#8221; &#8211; (kierownik projektu).<\/li><li>Odyjas Andrzej, G\u00f3rka Andrzej, Okre\u015blanie obci\u0105\u017ce\u0144 ch\u0142odniczych w radiacyjnych systemach ch\u0142odzenia pomieszcze\u0144, XII International conference : air conditioning protection and district heating 2008 \/ ed. Basler, M. Fijewski, M. Klimczak \/ Wroclaw University of Technology [i in.] [org.], Wroc\u0142aw-Szklarska Por\u0119ba, 26-29 June 2008. &#8211; Wroc\u0142aw : PZITS, 2008. &#8211; S. 327-332<\/li><\/ul>\t\t\t\t\t\t\t\t<\/div>\n\t\t\t\t<\/div>\n\t\t\t\t<div class=\"elementor-element elementor-element-04196de elementor-widget elementor-widget-text-editor\" data-id=\"04196de\" data-element_type=\"widget\" data-e-type=\"widget\" data-widget_type=\"text-editor.default\">\n\t\t\t\t<div class=\"elementor-widget-container\">\n\t\t\t\t\t\t\t\t\t<h6>DZIA\u0141ALNO\u015a\u0106 ORGANIZACYJNA<\/h6>\t\t\t\t\t\t\t\t<\/div>\n\t\t\t\t<\/div>\n\t\t\t\t<div class=\"elementor-element elementor-element-850a0bb elementor-widget elementor-widget-text-editor\" data-id=\"850a0bb\" data-element_type=\"widget\" data-e-type=\"widget\" data-widget_type=\"text-editor.default\">\n\t\t\t\t<div class=\"elementor-widget-container\">\n\t\t\t\t\t\t\t\t\t<p><!-- wp:paragraph --><\/p><p><!-- \/wp:separator --><\/p><p><!-- wp:paragraph --><\/p><p><!-- \/wp:separator --><\/p><p><!-- wp:paragraph --><\/p><ul><li>2021 &#8211; aktualnie &#8211; Opiekun praktyk studenckich na kierunku In\u017cynieria \u015arodowiska<\/li><\/ul><p><!-- \/wp:list-item --><\/p><p><!-- \/wp:list --><\/p>\t\t\t\t\t\t\t\t<\/div>\n\t\t\t\t<\/div>\n\t\t\t\t<div class=\"elementor-element elementor-element-b05d7d0 elementor-widget elementor-widget-text-editor\" data-id=\"b05d7d0\" data-element_type=\"widget\" data-e-type=\"widget\" data-widget_type=\"text-editor.default\">\n\t\t\t\t<div class=\"elementor-widget-container\">\n\t\t\t\t\t\t\t\t\t<h6>NAGRODY I WYR\u00d3\u017bNIENIA<\/h6>\t\t\t\t\t\t\t\t<\/div>\n\t\t\t\t<\/div>\n\t\t\t\t<div class=\"elementor-element elementor-element-64e690a elementor-widget elementor-widget-text-editor\" data-id=\"64e690a\" data-element_type=\"widget\" data-e-type=\"widget\" data-widget_type=\"text-editor.default\">\n\t\t\t\t<div class=\"elementor-widget-container\">\n\t\t\t\t\t\t\t\t\t<p><!-- wp:paragraph --><\/p><p><!-- \/wp:separator --><\/p><p><!-- wp:paragraph --><\/p><p><!-- \/wp:separator --><\/p><p><!-- wp:paragraph --><\/p><ul><li>2015 &#8211; medal KEN za dzia\u0142alno\u015b\u0107 dydaktyczn\u0105<\/li><\/ul><p><!-- \/wp:list-item --><\/p><p><!-- \/wp:list --><\/p>\t\t\t\t\t\t\t\t<\/div>\n\t\t\t\t<\/div>\n\t\t\t\t<div class=\"elementor-element elementor-element-df807a1 elementor-widget elementor-widget-text-editor\" data-id=\"df807a1\" data-element_type=\"widget\" data-e-type=\"widget\" data-widget_type=\"text-editor.default\">\n\t\t\t\t<div class=\"elementor-widget-container\">\n\t\t\t\t\t\t\t\t\t<h6>WSP\u00d3\u0141PRACA Z OTOCZENIEM SPO\u0141ECZNO-GOSPODARCZYM<\/h6>\t\t\t\t\t\t\t\t<\/div>\n\t\t\t\t<\/div>\n\t\t\t\t<div class=\"elementor-element elementor-element-003e357 elementor-widget elementor-widget-text-editor\" data-id=\"003e357\" data-element_type=\"widget\" data-e-type=\"widget\" data-widget_type=\"text-editor.default\">\n\t\t\t\t<div class=\"elementor-widget-container\">\n\t\t\t\t\t\t\t\t\t<p><!-- wp:paragraph --><\/p><p><!-- \/wp:separator --><\/p><p><!-- wp:paragraph --><\/p><p><!-- \/wp:separator --><\/p><p><!-- wp:paragraph --><\/p><ul><li>Wieloletnia dzia\u0142alno\u015b\u0107 projektowa z zakresu technicznego wyposa\u017cenia budynk\u00f3w w instalacje sanitarne i mechaniczne. Wsp\u00f3\u0142autorstwo w wykonaniu projekt\u00f3w instalacji sanitarnych i mechanicznych a w szczeg\u00f3lno\u015bci instalacji wentylacji i klimatyzacji w wielu presti\u017cowych i wielkokubaturowych obiektach w Poznaniu i ca\u0142ej Polsce.<\/li><\/ul><p><!-- \/wp:list-item --><\/p><p><!-- \/wp:list --><\/p>\t\t\t\t\t\t\t\t<\/div>\n\t\t\t\t<\/div>\n\t\t\t\t\t<\/div>\n\t\t<\/div>\n\t\t\t\t\t<\/div>\n\t\t<\/section>\n\t\t\t\t<\/div>\n\t\t","protected":false},"excerpt":{"rendered":"<p>Zak\u0142ad Ogrzewnictwa, Klimatyzacji i Ochrony Powietrza Profil w Systemie Informacji Naukowej PP: Andrzej Odyjas SIN E-mail: andrzej.odyjas@put.poznan.pl Pok\u00f3j: 219B budynek WTCH &#8211;\u00a0LINK\u00a0(mapa kampusu) Konsultacje: &#8211;\u00a0LINK (wykaz konsultacji pracownik\u00f3w instytutu) WYKSZTA\u0141CENIE 2021 &#8211; uzyskanie stopnia doktora nauk technicznych, Wydzia\u0142 Budownictwa i In\u017cynierii \u015arodowiska, Politechnika Pozna\u0144ska. Tytu\u0142 rozprawy doktorskiej: \u201eBadania dynamicznych oddzia\u0142ywa\u0144 &hellip;<\/p>\n","protected":false},"author":2,"featured_media":0,"parent":214,"menu_order":0,"comment_status":"closed","ping_status":"closed","template":"","meta":{"_monsterinsights_skip_tracking":false,"_monsterinsights_sitenote_active":false,"_monsterinsights_sitenote_note":"","_monsterinsights_sitenote_category":0,"footnotes":""},"class_list":["post-1032","page","type-page","status-publish","hentry"],"_links":{"self":[{"href":"http:\/\/ee2.put.poznan.pl\/index.php\/wp-json\/wp\/v2\/pages\/1032","targetHints":{"allow":["GET"]}}],"collection":[{"href":"http:\/\/ee2.put.poznan.pl\/index.php\/wp-json\/wp\/v2\/pages"}],"about":[{"href":"http:\/\/ee2.put.poznan.pl\/index.php\/wp-json\/wp\/v2\/types\/page"}],"author":[{"embeddable":true,"href":"http:\/\/ee2.put.poznan.pl\/index.php\/wp-json\/wp\/v2\/users\/2"}],"replies":[{"embeddable":true,"href":"http:\/\/ee2.put.poznan.pl\/index.php\/wp-json\/wp\/v2\/comments?post=1032"}],"version-history":[{"count":13,"href":"http:\/\/ee2.put.poznan.pl\/index.php\/wp-json\/wp\/v2\/pages\/1032\/revisions"}],"predecessor-version":[{"id":1226,"href":"http:\/\/ee2.put.poznan.pl\/index.php\/wp-json\/wp\/v2\/pages\/1032\/revisions\/1226"}],"up":[{"embeddable":true,"href":"http:\/\/ee2.put.poznan.pl\/index.php\/wp-json\/wp\/v2\/pages\/214"}],"wp:attachment":[{"href":"http:\/\/ee2.put.poznan.pl\/index.php\/wp-json\/wp\/v2\/media?parent=1032"}],"curies":[{"name":"wp","href":"https:\/\/api.w.org\/{rel}","templated":true}]}}