{"id":1107,"date":"2023-12-29T18:15:40","date_gmt":"2023-12-29T18:15:40","guid":{"rendered":"https:\/\/ee2.put.poznan.pl\/?page_id=1107"},"modified":"2024-10-12T05:24:30","modified_gmt":"2024-10-12T05:24:30","slug":"anna-duber","status":"publish","type":"page","link":"http:\/\/ee2.put.poznan.pl\/index.php\/o-instytucie\/kadra\/anna-duber\/","title":{"rendered":"dr in\u017c. Anna Duber"},"content":{"rendered":"\t\t<div data-elementor-type=\"wp-page\" data-elementor-id=\"1107\" class=\"elementor elementor-1107\">\n\t\t\t\t\t\t<section class=\"elementor-section elementor-top-section elementor-element elementor-element-e49f519 elementor-section-boxed elementor-section-height-default elementor-section-height-default\" data-id=\"e49f519\" data-element_type=\"section\" data-e-type=\"section\">\n\t\t\t\t\t\t<div class=\"elementor-container elementor-column-gap-default\">\n\t\t\t\t\t<div class=\"elementor-column elementor-col-66 elementor-top-column elementor-element elementor-element-e5cafab\" data-id=\"e5cafab\" data-element_type=\"column\" data-e-type=\"column\">\n\t\t\t<div class=\"elementor-widget-wrap elementor-element-populated\">\n\t\t\t\t\t\t<div class=\"elementor-element elementor-element-8e1be91 elementor-widget elementor-widget-text-editor\" data-id=\"8e1be91\" data-element_type=\"widget\" data-e-type=\"widget\" data-widget_type=\"text-editor.default\">\n\t\t\t\t<div class=\"elementor-widget-container\">\n\t\t\t\t\t\t\t\t\t<p>Zak\u0142ad Zaopatrzenia w Wod\u0119 i Biogospodarki<\/p>\t\t\t\t\t\t\t\t<\/div>\n\t\t\t\t<\/div>\n\t\t\t\t<div class=\"elementor-element elementor-element-ecb0210 e-transform elementor-widget-divider--view-line elementor-invisible elementor-widget elementor-widget-divider\" data-id=\"ecb0210\" data-element_type=\"widget\" data-e-type=\"widget\" data-settings=\"{&quot;_animation&quot;:&quot;fadeInUp&quot;,&quot;_transform_scale_effect&quot;:{&quot;unit&quot;:&quot;px&quot;,&quot;size&quot;:&quot;&quot;,&quot;sizes&quot;:[]},&quot;_transform_scale_effect_tablet&quot;:{&quot;unit&quot;:&quot;px&quot;,&quot;size&quot;:&quot;&quot;,&quot;sizes&quot;:[]},&quot;_transform_scale_effect_mobile&quot;:{&quot;unit&quot;:&quot;px&quot;,&quot;size&quot;:&quot;&quot;,&quot;sizes&quot;:[]}}\" data-widget_type=\"divider.default\">\n\t\t\t\t<div class=\"elementor-widget-container\">\n\t\t\t\t\t\t\t<div class=\"elementor-divider\">\n\t\t\t<span class=\"elementor-divider-separator\">\n\t\t\t\t\t\t<\/span>\n\t\t<\/div>\n\t\t\t\t\t\t<\/div>\n\t\t\t\t<\/div>\n\t\t\t\t<div class=\"elementor-element elementor-element-fe45273 elementor-widget elementor-widget-text-editor\" data-id=\"fe45273\" data-element_type=\"widget\" data-e-type=\"widget\" data-widget_type=\"text-editor.default\">\n\t\t\t\t<div class=\"elementor-widget-container\">\n\t\t\t\t\t\t\t\t\t<p>Profil w Systemie Informacji Naukowej PP: <a href=\"https:\/\/sin.put.poznan.pl\/people\/details\/anna.duber\" target=\"_blank\" rel=\"noreferrer noopener\">Anna Duber SIN<\/a><\/p>\n<p>E-mail: <a href=\"mailto:anna.duber@put.poznan.pl\">anna.duber@put.poznan.pl<\/a><\/p>\n<p style=\"font-style: normal; font-variant-ligatures: normal; font-variant-caps: normal; font-weight: 400; font-size: 15px; font-family: Roboto, sans-serif; text-indent: 0px;\">Pok\u00f3j: 314B, budynek WTCH &#8211;&nbsp;<a style=\"font-style: normal; font-variant-ligatures: normal; font-variant-caps: normal; font-weight: 400; font-size: 15px; font-family: Roboto, sans-serif; text-align: inherit;\" href=\"https:\/\/isie.put.poznan.pl\/sites\/default\/files\/2021-11\/Instytut%20In%C5%BCynierii%20%C5%9Arodowiska%20i%20Instalacji%20Budowlanych-konsultacje.pdf\" target=\"_blank\" rel=\"noreferrer noopener\">LINK<\/a><span style=\"font-style: normal; font-variant-ligatures: normal; font-variant-caps: normal; font-weight: 400; font-size: 15px; font-family: Roboto, sans-serif; color: var( --e-global-color-text ); text-align: inherit;\">&nbsp;(<\/span><a style=\"font-style: normal; font-variant-ligatures: normal; font-variant-caps: normal; font-weight: 400; font-size: 15px; font-family: Roboto, sans-serif; text-align: inherit;\" href=\"https:\/\/isie.put.poznan.pl\/sites\/default\/files\/inline-files\/OZNACZENIA%20W%20PLANIE%20ZAJ%C4%98%C4%86.pdf\" target=\"_blank\" rel=\"noreferrer noopener\">mapa kampusu<\/a><span style=\"font-style: normal; font-variant-ligatures: normal; font-variant-caps: normal; font-weight: 400; font-size: 15px; font-family: Roboto, sans-serif; color: var( --e-global-color-text ); text-align: inherit;\">)<\/span><\/p>\n<p style=\"font-style: normal; font-variant-ligatures: normal; font-variant-caps: normal; font-weight: 400; font-size: 15px; font-family: Roboto, sans-serif; text-indent: 0px;\">Konsultacje: &#8211;&nbsp;<a style=\"font-style: normal; font-variant-ligatures: normal; font-variant-caps: normal; font-weight: 400; font-size: 15px; font-family: Roboto, sans-serif; text-align: inherit;\" href=\"http:\/\/ee2.put.poznan.pl\/wp-content\/uploads\/files\/IISiIB_PUT_konsultacje.pdf\" target=\"_blank\" rel=\"noopener\">LINK (wykaz konsultacji pracownik\u00f3w instytutu)<\/a><\/p>\t\t\t\t\t\t\t\t<\/div>\n\t\t\t\t<\/div>\n\t\t\t\t\t<\/div>\n\t\t<\/div>\n\t\t\t\t<div class=\"elementor-column elementor-col-33 elementor-top-column elementor-element elementor-element-0f98ee3\" data-id=\"0f98ee3\" data-element_type=\"column\" data-e-type=\"column\">\n\t\t\t<div class=\"elementor-widget-wrap elementor-element-populated\">\n\t\t\t\t\t\t<div class=\"elementor-element elementor-element-a5baa8a elementor-invisible elementor-widget elementor-widget-image\" data-id=\"a5baa8a\" data-element_type=\"widget\" data-e-type=\"widget\" data-settings=\"{&quot;_animation&quot;:&quot;fadeInUp&quot;}\" data-widget_type=\"image.default\">\n\t\t\t\t<div class=\"elementor-widget-container\">\n\t\t\t\t\t\t\t\t\t\t\t\t\t\t\t<img fetchpriority=\"high\" decoding=\"async\" width=\"203\" height=\"300\" src=\"https:\/\/ee2.put.poznan.pl\/wp-content\/uploads\/2023\/12\/sylwetka_duber_anna-203x300.jpg\" class=\"elementor-animation-grow attachment-medium size-medium wp-image-1106\" alt=\"\" srcset=\"https:\/\/ee2.put.poznan.pl\/wp-content\/uploads\/2023\/12\/sylwetka_duber_anna-203x300.jpg 203w, https:\/\/ee2.put.poznan.pl\/wp-content\/uploads\/2023\/12\/sylwetka_duber_anna-237x350.jpg 237w, https:\/\/ee2.put.poznan.pl\/wp-content\/uploads\/2023\/12\/sylwetka_duber_anna.jpg 694w\" sizes=\"(max-width: 203px) 100vw, 203px\" \/>\t\t\t\t\t\t\t\t\t\t\t\t\t\t\t<\/div>\n\t\t\t\t<\/div>\n\t\t\t\t\t<\/div>\n\t\t<\/div>\n\t\t\t\t\t<\/div>\n\t\t<\/section>\n\t\t\t\t<section class=\"elementor-section elementor-top-section elementor-element elementor-element-450e023 elementor-section-boxed elementor-section-height-default elementor-section-height-default\" data-id=\"450e023\" data-element_type=\"section\" data-e-type=\"section\">\n\t\t\t\t\t\t<div class=\"elementor-container elementor-column-gap-default\">\n\t\t\t\t\t<div class=\"elementor-column elementor-col-100 elementor-top-column elementor-element elementor-element-ad4918d\" data-id=\"ad4918d\" data-element_type=\"column\" data-e-type=\"column\">\n\t\t\t<div class=\"elementor-widget-wrap elementor-element-populated\">\n\t\t\t\t\t\t<div class=\"elementor-element elementor-element-523c4b7 e-transform elementor-widget-divider--view-line elementor-invisible elementor-widget elementor-widget-divider\" data-id=\"523c4b7\" data-element_type=\"widget\" data-e-type=\"widget\" data-settings=\"{&quot;_animation&quot;:&quot;fadeInUp&quot;,&quot;_transform_scale_effect&quot;:{&quot;unit&quot;:&quot;px&quot;,&quot;size&quot;:&quot;&quot;,&quot;sizes&quot;:[]},&quot;_transform_scale_effect_tablet&quot;:{&quot;unit&quot;:&quot;px&quot;,&quot;size&quot;:&quot;&quot;,&quot;sizes&quot;:[]},&quot;_transform_scale_effect_mobile&quot;:{&quot;unit&quot;:&quot;px&quot;,&quot;size&quot;:&quot;&quot;,&quot;sizes&quot;:[]}}\" data-widget_type=\"divider.default\">\n\t\t\t\t<div class=\"elementor-widget-container\">\n\t\t\t\t\t\t\t<div class=\"elementor-divider\">\n\t\t\t<span class=\"elementor-divider-separator\">\n\t\t\t\t\t\t<\/span>\n\t\t<\/div>\n\t\t\t\t\t\t<\/div>\n\t\t\t\t<\/div>\n\t\t\t\t<div class=\"elementor-element elementor-element-10ae407 elementor-widget elementor-widget-text-editor\" data-id=\"10ae407\" data-element_type=\"widget\" data-e-type=\"widget\" data-widget_type=\"text-editor.default\">\n\t\t\t\t<div class=\"elementor-widget-container\">\n\t\t\t\t\t\t\t\t\t<h6>Wykszta\u0142cenie<\/h6>\t\t\t\t\t\t\t\t<\/div>\n\t\t\t\t<\/div>\n\t\t\t\t<div class=\"elementor-element elementor-element-3dae69a elementor-widget elementor-widget-text-editor\" data-id=\"3dae69a\" data-element_type=\"widget\" data-e-type=\"widget\" data-widget_type=\"text-editor.default\">\n\t\t\t\t<div class=\"elementor-widget-container\">\n\t\t\t\t\t\t\t\t\t<ul><li>2015 &#8211; 2021 &#8211; Politechnika Pozna\u0144ska, Wydzia\u0142 In\u017cynierii L\u0105dowej i Transportu, Studium doktoranckie \u201eBudownictwo a \u015brodowisko\u201d<p>Tytu\u0142 pracy doktorskiej:<strong> \u201eBiological caproic acid production in microbiome-based processes\u201d<\/strong> (promotor, prof. dr hab in\u017c. Piotr Ole\u015bkowicz-Popiel)<\/p><\/li><li>2011 &#8211; 2012 &#8211; Uniwersytet Przyrodniczy w Poznaniu, Wydzia\u0142 Rolnictwa i Bioin\u017cynierii,<p>kierunek: Biotechnologia, studia stacjonarne II stopnia, specjalizacja: Biotechnologia Przemys\u0142owa<br \/><span style=\"text-indent: 0em; color: var( --e-global-color-text ); text-align: inherit;\">Temat pracy magisterskiej: <\/span><strong style=\"text-indent: 0em; color: var( --e-global-color-text ); text-align: inherit;\">\u201eModyfikacja systemu selekcji transformant\u00f3w dro\u017cd\u017cy <em>Saccharomyces cerevisiae<\/em> z wykorzystaniem ekspresji genu gfp \u201d <\/strong><span style=\"text-indent: 0em; color: var( --e-global-color-text ); text-align: inherit;\">(promotor, dr hab. in\u017c. Wojciech Juzwa, prof. UPP)<\/span><\/p><\/li><li><p>2010 &#8211; Universidad Polit\u00e8cnica de Val\u00e8ncia, Hiszpania, semestr letni w ramach programu European Erasmus Student, kierunek: Biotechnologia<\/p><\/li><li>2007 &#8211; 2011 &#8211; Uniwersytet Przyrodniczy w Poznaniu, Wydzia\u0142 Rolnictwa i Bioin\u017cynierii, kierunek: Biotechnologia, studia stacjonarne I stopnia<br \/>Temat pracy in\u017cynierskiej:<strong> \u201eMikrobiologiczna synteza zwi\u0105zk\u00f3w antydrobnoustrojowych przez bakterie kwasu mlekowego\u201d<\/strong> (promotor, prof. dr hab in\u017c. W\u0142odzimierz Grajek)<\/li><\/ul>\t\t\t\t\t\t\t\t<\/div>\n\t\t\t\t<\/div>\n\t\t\t\t<div class=\"elementor-element elementor-element-b142a35 elementor-widget elementor-widget-text-editor\" data-id=\"b142a35\" data-element_type=\"widget\" data-e-type=\"widget\" data-widget_type=\"text-editor.default\">\n\t\t\t\t<div class=\"elementor-widget-container\">\n\t\t\t\t\t\t\t\t\t<h6>PROWADZONE ZAJ\u0118CIA DYDAKTYCZNE<\/h6>\t\t\t\t\t\t\t\t<\/div>\n\t\t\t\t<\/div>\n\t\t\t\t<div class=\"elementor-element elementor-element-95ad643 elementor-widget elementor-widget-text-editor\" data-id=\"95ad643\" data-element_type=\"widget\" data-e-type=\"widget\" data-widget_type=\"text-editor.default\">\n\t\t\t\t<div class=\"elementor-widget-container\">\n\t\t\t\t\t\t\t\t\t<ul><li>Chemia i Biologia \u015arodowiska (laboratorium) &#8211; studia I stopnia na kierunku In\u017cynieria \u015arodowiska,<\/li><li>Environmental Chemistry and Biology (laboratorium) &#8211; studia I stopnia na kierunku Budownictwo Zr\u00f3wnowa\u017cone\/Sustainable Building (studia angloj\u0119zyczne)<\/li><li>Gospodarka odpadowa (projekty) &#8211; studia I stopnia na kierunku In\u017cynieria \u015arodowiska<\/li><li>Gospodarka odpadami przemys\u0142owymi (projekty) &#8211; studia II stopnia na kierunku In\u017cynieria \u015arodowiska,<\/li><\/ul>\t\t\t\t\t\t\t\t<\/div>\n\t\t\t\t<\/div>\n\t\t\t\t<div class=\"elementor-element elementor-element-6926429 elementor-widget elementor-widget-text-editor\" data-id=\"6926429\" data-element_type=\"widget\" data-e-type=\"widget\" data-widget_type=\"text-editor.default\">\n\t\t\t\t<div class=\"elementor-widget-container\">\n\t\t\t\t\t\t\t\t\t<h6>Charkaterystyka dorobku naukowego i najwa\u017cniejsze prace<\/h6>\t\t\t\t\t\t\t\t<\/div>\n\t\t\t\t<\/div>\n\t\t\t\t<div class=\"elementor-element elementor-element-03853df elementor-widget elementor-widget-text-editor\" data-id=\"03853df\" data-element_type=\"widget\" data-e-type=\"widget\" data-widget_type=\"text-editor.default\">\n\t\t\t\t<div class=\"elementor-widget-container\">\n\t\t\t\t\t\t\t\t\t<ul><li>Zagrodnik, R., <strong>Duber, A.,<\/strong> Seifert, K., Dark-fermentative hydrogen production from synthetic lignocellulose hydrolysate by a mixed bacterial culture: The relationship between hydraulic retention time and pH conditions, Bioresour. Technol., vol. 358, s. 127309-1-127309-10<\/li><li><strong>Duber, A.,<\/strong> Zagrodnik, R., Gutowska, N., \u0141\u0119\u017cyk, M., Oleskowicz-Popiel, P., <strong>2022<\/strong>. Lactate and ethanol chain elongation in presence of lactose: Insight into Product Selectivity and Microbiome Composition. ACS Sustain. Chem. Eng. 10, 3407\u22123416.<\/li><li>Zagrodnik, R., <strong>Duber, A.,<\/strong> Seifert, K., <strong>2021<\/strong>. Hydrogen production during direct cellulose fermentation by mixed bacterial culture: The relationship between the key process parameters using response surface methodology. Clean. Prod. 314, 127971.<\/li><li>Brodowski, F., <strong>Duber, A.<\/strong>, Zagrodnik, R., Oleskowicz-Popiel, P., <strong>2020<\/strong>. Co-production of hydrogen and caproate for an effective bioprocessing of waste. Technol., 318, 123895.<\/li><li><strong>Duber, A.<\/strong>, Zagrodnik, R., Chwialkowska, J., Juzwa, Oleskowicz-Popiel, P., <strong>2020<\/strong>. Evaluation of the feed composition for an effective medium chain carboxylic acid production in an open culture fermentation, Sci. Total Environ. 728, 138814.<\/li><li>Zagrodnik, R., <strong>Duber, A.<\/strong>, Lezyk, M., Oleskowicz-Popiel, P., <strong>2020<\/strong>. Enrichment Versus Bioaugmentation \u2013 Microbiological production of caproate from mixed carbon sources by mixed bacterial culture and Clostridium kluyveri. Sci. Technol. 54, 9, 5864-5873.<\/li><li>Chwialkowska J., <strong>Duber A.<\/strong>, Zagrodnik R., Walkiewicz, F., Lezyk M., Oleskowicz-Popiel P.,<strong> 2019<\/strong>. Caproic Acid Production from Acid Whey via Open Culture Fermentation \u2013 Evaluation of the Role of Electron Donors and Downstream Processing. Technol. 279, 74\u201383,<\/li><li><strong>Duber A.<\/strong>, Jaroszynski L., Zagrodnik R., Chwialkowska J., Juzwa W., Ciesielski S., Oleskowicz-Popiel P., <strong>2018<\/strong>. Exploiting the real wastewater potential for resource recovery \u2013 n-caproate production from acid whey, Green Chem. 20, 3790\u20133803.<\/li><li>Jankowska E., <strong>Duber A.<\/strong>, Chwialkowska J., Stodolny M., Oleskowicz-Popiel P., <strong>2018<\/strong>. Conversion of organic waste into volatile fatty acids \u2013 the influence of process operating parameters, Chem. Eng. J. 345, 395\u2013403.<\/li><\/ul><ol><li style=\"list-style-type: none;\">\u00a0<\/li><\/ol><p>(stan na 2022r.)<\/p>\t\t\t\t\t\t\t\t<\/div>\n\t\t\t\t<\/div>\n\t\t\t\t<div class=\"elementor-element elementor-element-657cd21 elementor-widget elementor-widget-text-editor\" data-id=\"657cd21\" data-element_type=\"widget\" data-e-type=\"widget\" data-widget_type=\"text-editor.default\">\n\t\t\t\t<div class=\"elementor-widget-container\">\n\t\t\t\t\t\t\t\t\t<h6>PROJEKTY NAUKOWE<\/h6>\t\t\t\t\t\t\t\t<\/div>\n\t\t\t\t<\/div>\n\t\t\t\t<div class=\"elementor-element elementor-element-10ff1ae elementor-widget elementor-widget-text-editor\" data-id=\"10ff1ae\" data-element_type=\"widget\" data-e-type=\"widget\" data-widget_type=\"text-editor.default\">\n\t\t\t\t<div class=\"elementor-widget-container\">\n\t\t\t\t\t\t\t\t\t<ul><li>10.2020 &#8211; 12.2023 &#8211; <strong>WasteValue<\/strong> (<strong>NCBiR, POLNOR program, Norway grants and EEA<\/strong>) <strong>\u2013 wykonawca projektu<\/strong>: Anaerobic biorefinery for resource recovery from waste feedstock, nr kontraktu NOR\/POLNOR\/WasteValue\/0002\/2019-00 (PI: prof. dr hab. in\u017c. Piotr Ole\u015bkowicz-Popiel),<\/li><li>02.2018 &#8211; 11.2022 &#8211; <strong>Preludium 13 (NCN) <\/strong>\u2013<strong> kierownik projektu<\/strong>: Wp\u0142yw bioaugmentacji na formowanie \u015brednio\u0142a\u0144cuchowych kwas\u00f3w t\u0142uszczowych oraz mikrobiomu bakteryjnego w procesach fermentacji kultur mieszanych, nr UMO- 2017\/25\/N\/ST8\/01795, (PI: dr in\u017c. Anna Duber),<\/li><li>01.2015 &#8211; 06.2018 &#8211; <strong>LIDER V (NCBiR) <\/strong>\u2013<strong> g\u0142\u00f3wny wykonawca projektu<\/strong>: CaproBiome \u2013 produkcja kwasu kapronowego za pomoc\u0105 mikrobiomu, nr projektu: LIDER\/013\/261\/L-5\/13\/NCBR\/2014, (PI: prof. dr hab. in\u017c. Piotr Ole\u015bkowicz-Popiel),<\/li><li><p><strong>SB-MK 2020 <\/strong>\u2013<strong> wykonawca projektu<\/strong>: Badanie wst\u0119pne potencja\u0142u sekwencjonowania nanoporowego jako przyst\u0119pnej metody analizy sk\u0142adu wybranych kultur mieszanych, PI: dr in\u017c. Mateusz \u0141\u0119\u017cyk<\/p><\/li><li><p><strong>DS-MK 2018 <\/strong>\u2013 <strong>kierownik projektu<\/strong>: Biologiczna produkcja kwas\u00f3w karboksylowych ze strumieni odpadowych, nr projektu 01\/13\/DSMK\/0884, PI: dr in\u017c. Anna Duber<\/p><\/li><li><p><strong>DS-MK 2017 <\/strong>\u2013 <strong>wykonawca projektu:<\/strong> Wykorzystanie nowoczesnych metod identyfikacji mikroorganizm\u00f3w do bada\u0144 biologicznie aktywnych filtr\u00f3w w\u0119glowych, nr projektu: 01\/13\/DSMK\/0864, PI: dr Beata M\u0105drecka<\/p><\/li><li><p><strong>DS-MK 2016 <\/strong>\u2013 <strong>wykonawca projektu:<\/strong> Metody usuwania mikrozanieczyszcze\u0144 i utylizacja osad\u00f3w w systemach oczyszczania \u015bciek\u00f3w, nr projektu: 01\/13\/DSMK\/0836, PI: dr in\u017c. Wojciech G\u00f3ra<\/p><\/li><\/ul>\t\t\t\t\t\t\t\t<\/div>\n\t\t\t\t<\/div>\n\t\t\t\t<div class=\"elementor-element elementor-element-ebc5ad1 elementor-widget elementor-widget-text-editor\" data-id=\"ebc5ad1\" data-element_type=\"widget\" data-e-type=\"widget\" data-widget_type=\"text-editor.default\">\n\t\t\t\t<div class=\"elementor-widget-container\">\n\t\t\t\t\t\t\t\t\t<h6>STA\u017bE NAUKOWE<\/h6>\t\t\t\t\t\t\t\t<\/div>\n\t\t\t\t<\/div>\n\t\t\t\t<div class=\"elementor-element elementor-element-4c9ea5e elementor-widget elementor-widget-text-editor\" data-id=\"4c9ea5e\" data-element_type=\"widget\" data-e-type=\"widget\" data-widget_type=\"text-editor.default\">\n\t\t\t\t<div class=\"elementor-widget-container\">\n\t\t\t\t\t\t\t\t\t<ul><li>09.2016 &#8211; 12.2016 &#8211; <strong>University of Minho, Centre of Biological Engineering, <\/strong>grupa naukowa: BRIDGE \u2013 <strong>Bioresources, Bioremediation and Biorefinery<\/strong>, <strong>Braga, Portugalia<br \/><\/strong> (opiekun naukowy, prof. Madalena Alves, prof. Alfons Stams). Sta\u017c naukowy w projekcie ERC Advanced Grant \u2018Novel anaerobes for biobased economy\u2019, waloryzacja odpadowego glicerolu z zastosowaniem mikroorganizm\u00f3w beztlenowych, wzbogacanie kultur, hodowle beztlenowe, metody biologii molekularnej, metody analityczne,<\/li><li>06.2011 &#8211; 10.2011 &#8211; <strong>University of Copenhagen, Faculty of Life Sciences, Department of Food Science, Dania<br \/><\/strong>Praca z bakteriofagami, izolacja, oczyszczanie i propagacja fag\u00f3w na du\u017c\u0105 skal\u0119, ich charakterystyka metod\u0105 host-range, a tak\u017ce za pomoc\u0105 analizy fragment\u00f3w restrykcyjnych fagowego DNA<\/li><li>06.2016 &#8211; <strong>Uniwersytet Warmi\u0144sko-Mazurski, Katedra Biotechnologii w Ochronie \u015arodowiska, Olsztyn<\/strong><br \/>Sta\u017c w laboratorium mikrobiologicznym\/genetycznym, zastosowanie metod biologii molekularnej w biotechnologii \u015brodowiskowej (opiekun naukowy, prof. dr hab. in\u017c. S\u0142awomir Ciesielski, prof. zw.)<\/li><\/ul>\t\t\t\t\t\t\t\t<\/div>\n\t\t\t\t<\/div>\n\t\t\t\t\t<\/div>\n\t\t<\/div>\n\t\t\t\t\t<\/div>\n\t\t<\/section>\n\t\t\t\t<\/div>\n\t\t","protected":false},"excerpt":{"rendered":"<p>Zak\u0142ad Zaopatrzenia w Wod\u0119 i Biogospodarki Profil w Systemie Informacji Naukowej PP: Anna Duber SIN E-mail: anna.duber@put.poznan.pl Pok\u00f3j: 314B, budynek WTCH &#8211;&nbsp;LINK&nbsp;(mapa kampusu) Konsultacje: &#8211;&nbsp;LINK (wykaz konsultacji pracownik\u00f3w instytutu) Wykszta\u0142cenie 2015 &#8211; 2021 &#8211; Politechnika Pozna\u0144ska, Wydzia\u0142 In\u017cynierii L\u0105dowej i Transportu, Studium doktoranckie \u201eBudownictwo a \u015brodowisko\u201d Tytu\u0142 pracy doktorskiej: \u201eBiological &hellip;<\/p>\n","protected":false},"author":2,"featured_media":1106,"parent":214,"menu_order":0,"comment_status":"closed","ping_status":"closed","template":"","meta":{"_monsterinsights_skip_tracking":false,"_monsterinsights_sitenote_active":false,"_monsterinsights_sitenote_note":"","_monsterinsights_sitenote_category":0,"footnotes":""},"class_list":["post-1107","page","type-page","status-publish","has-post-thumbnail","hentry"],"_links":{"self":[{"href":"http:\/\/ee2.put.poznan.pl\/index.php\/wp-json\/wp\/v2\/pages\/1107","targetHints":{"allow":["GET"]}}],"collection":[{"href":"http:\/\/ee2.put.poznan.pl\/index.php\/wp-json\/wp\/v2\/pages"}],"about":[{"href":"http:\/\/ee2.put.poznan.pl\/index.php\/wp-json\/wp\/v2\/types\/page"}],"author":[{"embeddable":true,"href":"http:\/\/ee2.put.poznan.pl\/index.php\/wp-json\/wp\/v2\/users\/2"}],"replies":[{"embeddable":true,"href":"http:\/\/ee2.put.poznan.pl\/index.php\/wp-json\/wp\/v2\/comments?post=1107"}],"version-history":[{"count":17,"href":"http:\/\/ee2.put.poznan.pl\/index.php\/wp-json\/wp\/v2\/pages\/1107\/revisions"}],"predecessor-version":[{"id":2740,"href":"http:\/\/ee2.put.poznan.pl\/index.php\/wp-json\/wp\/v2\/pages\/1107\/revisions\/2740"}],"up":[{"embeddable":true,"href":"http:\/\/ee2.put.poznan.pl\/index.php\/wp-json\/wp\/v2\/pages\/214"}],"wp:featuredmedia":[{"embeddable":true,"href":"http:\/\/ee2.put.poznan.pl\/index.php\/wp-json\/wp\/v2\/media\/1106"}],"wp:attachment":[{"href":"http:\/\/ee2.put.poznan.pl\/index.php\/wp-json\/wp\/v2\/media?parent=1107"}],"curies":[{"name":"wp","href":"https:\/\/api.w.org\/{rel}","templated":true}]}}