{"id":1118,"date":"2023-12-29T19:03:22","date_gmt":"2023-12-29T19:03:22","guid":{"rendered":"https:\/\/ee2.put.poznan.pl\/?page_id=1118"},"modified":"2024-01-22T00:24:31","modified_gmt":"2024-01-22T00:24:31","slug":"tomasz-kazmierski","status":"publish","type":"page","link":"http:\/\/ee2.put.poznan.pl\/index.php\/o-instytucie\/kadra\/tomasz-kazmierski\/","title":{"rendered":"dr in\u017c. Tomasz Ka\u017amierski"},"content":{"rendered":"\t\t<div data-elementor-type=\"wp-page\" data-elementor-id=\"1118\" class=\"elementor elementor-1118\">\n\t\t\t\t\t\t<section class=\"elementor-section elementor-top-section elementor-element elementor-element-14e4a65 elementor-section-boxed elementor-section-height-default elementor-section-height-default\" data-id=\"14e4a65\" data-element_type=\"section\" data-e-type=\"section\">\n\t\t\t\t\t\t<div class=\"elementor-container elementor-column-gap-default\">\n\t\t\t\t\t<div class=\"elementor-column elementor-col-66 elementor-top-column elementor-element elementor-element-d3907df\" data-id=\"d3907df\" data-element_type=\"column\" data-e-type=\"column\">\n\t\t\t<div class=\"elementor-widget-wrap elementor-element-populated\">\n\t\t\t\t\t\t<div class=\"elementor-element elementor-element-3456f3e elementor-widget elementor-widget-text-editor\" data-id=\"3456f3e\" data-element_type=\"widget\" data-e-type=\"widget\" data-widget_type=\"text-editor.default\">\n\t\t\t\t<div class=\"elementor-widget-container\">\n\t\t\t\t\t\t\t\t\t<p>Zak\u0142ad Zaopatrzenia w Wod\u0119 i Biogospodarki<\/p>\t\t\t\t\t\t\t\t<\/div>\n\t\t\t\t<\/div>\n\t\t\t\t<div class=\"elementor-element elementor-element-c347ec4 e-transform elementor-widget-divider--view-line elementor-invisible elementor-widget elementor-widget-divider\" data-id=\"c347ec4\" data-element_type=\"widget\" data-e-type=\"widget\" data-settings=\"{&quot;_animation&quot;:&quot;fadeInUp&quot;,&quot;_transform_scale_effect&quot;:{&quot;unit&quot;:&quot;px&quot;,&quot;size&quot;:&quot;&quot;,&quot;sizes&quot;:[]},&quot;_transform_scale_effect_tablet&quot;:{&quot;unit&quot;:&quot;px&quot;,&quot;size&quot;:&quot;&quot;,&quot;sizes&quot;:[]},&quot;_transform_scale_effect_mobile&quot;:{&quot;unit&quot;:&quot;px&quot;,&quot;size&quot;:&quot;&quot;,&quot;sizes&quot;:[]}}\" data-widget_type=\"divider.default\">\n\t\t\t\t<div class=\"elementor-widget-container\">\n\t\t\t\t\t\t\t<div class=\"elementor-divider\">\n\t\t\t<span class=\"elementor-divider-separator\">\n\t\t\t\t\t\t<\/span>\n\t\t<\/div>\n\t\t\t\t\t\t<\/div>\n\t\t\t\t<\/div>\n\t\t\t\t<div class=\"elementor-element elementor-element-e0bbc62 elementor-widget elementor-widget-text-editor\" data-id=\"e0bbc62\" data-element_type=\"widget\" data-e-type=\"widget\" data-widget_type=\"text-editor.default\">\n\t\t\t\t<div class=\"elementor-widget-container\">\n\t\t\t\t\t\t\t\t\t<p>Profil w Systemie Informacji Naukowej PP: <a href=\"https:\/\/sin.put.poznan.pl\/people\/details\/tomasz.kazmierski\" target=\"_blank\" rel=\"noreferrer noopener\">Tomasz Ka\u017amierski SIN<\/a><\/p><p>E-mail: <a href=\"mailto:tomasz.kazmierski@put.poznan.pl\">tomasz.kazmierski@put.poznan.pl<\/a><\/p><p style=\"font-style: normal; font-variant-ligatures: normal; font-variant-caps: normal; font-weight: 400; font-size: 15px; font-family: Roboto, sans-serif; text-indent: 0px;\">Pok\u00f3j: 312B, budynek WTCH &#8211;\u00a0<a style=\"font-style: normal; font-variant-ligatures: normal; font-variant-caps: normal; font-weight: 400; font-size: 15px; font-family: Roboto, sans-serif; text-align: inherit;\" href=\"https:\/\/isie.put.poznan.pl\/sites\/default\/files\/2021-11\/Instytut%20In%C5%BCynierii%20%C5%9Arodowiska%20i%20Instalacji%20Budowlanych-konsultacje.pdf\" target=\"_blank\" rel=\"noreferrer noopener\">LINK<\/a><span style=\"font-style: normal; font-variant-ligatures: normal; font-variant-caps: normal; font-weight: 400; font-size: 15px; font-family: Roboto, sans-serif; color: var( --e-global-color-text ); text-align: inherit;\">\u00a0(<\/span><a style=\"font-style: normal; font-variant-ligatures: normal; font-variant-caps: normal; font-weight: 400; font-size: 15px; font-family: Roboto, sans-serif; text-align: inherit;\" href=\"https:\/\/isie.put.poznan.pl\/sites\/default\/files\/inline-files\/OZNACZENIA%20W%20PLANIE%20ZAJ%C4%98%C4%86.pdf\" target=\"_blank\" rel=\"noreferrer noopener\">mapa kampusu<\/a><span style=\"font-style: normal; font-variant-ligatures: normal; font-variant-caps: normal; font-weight: 400; font-size: 15px; font-family: Roboto, sans-serif; color: var( --e-global-color-text ); text-align: inherit;\">)<\/span><\/p><p style=\"font-style: normal; font-variant-ligatures: normal; font-variant-caps: normal; font-weight: 400; font-size: 15px; font-family: Roboto, sans-serif; text-indent: 0px;\">Konsultacje: &#8211;\u00a0<a style=\"font-style: normal; font-variant-ligatures: normal; font-variant-caps: normal; font-weight: 400; font-size: 15px; font-family: Roboto, sans-serif; text-align: inherit;\" href=\"http:\/\/ee2.put.poznan.pl\/wp-content\/uploads\/files\/IISiIB_PUT_konsultacje.pdf\" target=\"_blank\" rel=\"noopener\">LINK (wykaz konsultacji pracownik\u00f3w instytutu)<\/a><\/p>\t\t\t\t\t\t\t\t<\/div>\n\t\t\t\t<\/div>\n\t\t\t\t\t<\/div>\n\t\t<\/div>\n\t\t\t\t<div class=\"elementor-column elementor-col-33 elementor-top-column elementor-element elementor-element-5a7c98f\" data-id=\"5a7c98f\" data-element_type=\"column\" data-e-type=\"column\">\n\t\t\t<div class=\"elementor-widget-wrap elementor-element-populated\">\n\t\t\t\t\t\t\t<\/div>\n\t\t<\/div>\n\t\t\t\t\t<\/div>\n\t\t<\/section>\n\t\t\t\t<section class=\"elementor-section elementor-top-section elementor-element elementor-element-eb579e0 elementor-section-boxed elementor-section-height-default elementor-section-height-default\" data-id=\"eb579e0\" data-element_type=\"section\" data-e-type=\"section\">\n\t\t\t\t\t\t<div class=\"elementor-container elementor-column-gap-default\">\n\t\t\t\t\t<div class=\"elementor-column elementor-col-100 elementor-top-column elementor-element elementor-element-649fe43\" data-id=\"649fe43\" data-element_type=\"column\" data-e-type=\"column\">\n\t\t\t<div class=\"elementor-widget-wrap elementor-element-populated\">\n\t\t\t\t\t\t<div class=\"elementor-element elementor-element-a8abe64 e-transform elementor-widget-divider--view-line elementor-invisible elementor-widget elementor-widget-divider\" data-id=\"a8abe64\" data-element_type=\"widget\" data-e-type=\"widget\" data-settings=\"{&quot;_animation&quot;:&quot;fadeInUp&quot;,&quot;_transform_scale_effect&quot;:{&quot;unit&quot;:&quot;px&quot;,&quot;size&quot;:&quot;&quot;,&quot;sizes&quot;:[]},&quot;_transform_scale_effect_tablet&quot;:{&quot;unit&quot;:&quot;px&quot;,&quot;size&quot;:&quot;&quot;,&quot;sizes&quot;:[]},&quot;_transform_scale_effect_mobile&quot;:{&quot;unit&quot;:&quot;px&quot;,&quot;size&quot;:&quot;&quot;,&quot;sizes&quot;:[]}}\" data-widget_type=\"divider.default\">\n\t\t\t\t<div class=\"elementor-widget-container\">\n\t\t\t\t\t\t\t<div class=\"elementor-divider\">\n\t\t\t<span class=\"elementor-divider-separator\">\n\t\t\t\t\t\t<\/span>\n\t\t<\/div>\n\t\t\t\t\t\t<\/div>\n\t\t\t\t<\/div>\n\t\t\t\t<div class=\"elementor-element elementor-element-0704c79 elementor-widget elementor-widget-text-editor\" data-id=\"0704c79\" data-element_type=\"widget\" data-e-type=\"widget\" data-widget_type=\"text-editor.default\">\n\t\t\t\t<div class=\"elementor-widget-container\">\n\t\t\t\t\t\t\t\t\t<h6>Informacje Og\u00f3lne<\/h6>\t\t\t\t\t\t\t\t<\/div>\n\t\t\t\t<\/div>\n\t\t\t\t<div class=\"elementor-element elementor-element-208f951 elementor-widget elementor-widget-text-editor\" data-id=\"208f951\" data-element_type=\"widget\" data-e-type=\"widget\" data-widget_type=\"text-editor.default\">\n\t\t\t\t<div class=\"elementor-widget-container\">\n\t\t\t\t\t\t\t\t\t<p>Zajmuj\u0119 si\u0119 systemami wodno-kanalizacyjnymi. W szczeg\u00f3lno\u015bci nowymi metodami transportu \u015bciek\u00f3w. Jestem autorem nowej metody doboru pompowni kanalizacyjnych uwzgl\u0119dniaj\u0105cej wielokryterialne wspomaganie decyzji. Interesuje si\u0119 r\u00f3wnie\u017c efektywno\u015bci\u0105 transportu cieczy, energi\u0105 wbudowan\u0105 w systemy wodno-kanalizacyjne oraz mo\u017cliwo\u015bci\u0105 odzysku z nich energii. Jestem recenzentem czasopism mi\u0119dzynarodowych w swojej dziedzinie. Otrzyma\u0142em indywidualn\u0105 nagrod\u0119 J.M. Rektora PP za osi\u0105gni\u0119cia naukowe.<\/p>\t\t\t\t\t\t\t\t<\/div>\n\t\t\t\t<\/div>\n\t\t\t\t<div class=\"elementor-element elementor-element-539ab1f elementor-widget elementor-widget-text-editor\" data-id=\"539ab1f\" data-element_type=\"widget\" data-e-type=\"widget\" data-widget_type=\"text-editor.default\">\n\t\t\t\t<div class=\"elementor-widget-container\">\n\t\t\t\t\t\t\t\t\t<h6>PROWADZONE ZAJ\u0118CIA DYDAKTYCZNE<\/h6>\t\t\t\t\t\t\t\t<\/div>\n\t\t\t\t<\/div>\n\t\t\t\t<div class=\"elementor-element elementor-element-8406c8f elementor-widget elementor-widget-text-editor\" data-id=\"8406c8f\" data-element_type=\"widget\" data-e-type=\"widget\" data-widget_type=\"text-editor.default\">\n\t\t\t\t<div class=\"elementor-widget-container\">\n\t\t\t\t\t\t\t\t\t<ul>\n<li>Informatyczne podstawy projektowania (\u0107wiczenia laboratoryjne) &#8211; in\u017cynieria \u015brodowiska, stacjonarne, I stopie\u0144, 1 semestr<\/li><li>Instalacje sanitarne i po\u017carowe (wyk\u0142ad) &#8211; in\u017cynieria \u015brodowiska,&nbsp;<span style=\"font-family: Roboto, sans-serif; font-size: 15px; font-style: normal; font-variant-ligatures: normal; font-variant-caps: normal; font-weight: 400;\">stacjonarne,&nbsp;<\/span>I stopie\u0144, 3 semestr<\/li><li>Konstrukcje mechaniczne (\u0107wiczenia audytoryjne)&nbsp;&#8211; in\u017cynieria \u015brodowiska,&nbsp;<span style=\"font-family: Roboto, sans-serif; font-size: 15px; font-style: normal; font-variant-ligatures: normal; font-variant-caps: normal; font-weight: 400;\">stacjonarne,&nbsp;<\/span>I stopie\u0144, 3 semestr<\/li><li>Konstrukcje mechaniczne (\u0107wiczenia projektowe)&nbsp;<span style=\"font-family: Roboto, sans-serif; font-size: 15px; font-style: normal; font-variant-ligatures: normal; font-variant-caps: normal; font-weight: 400;\">&#8211; in\u017cynieria \u015brodowiska, stacjonarne,&nbsp;I stopie\u0144, 3 semestr<\/span><\/li><li><span style=\"font-family: Roboto, sans-serif; font-size: 15px; font-style: normal; font-variant-ligatures: normal; font-variant-caps: normal; font-weight: 400;\">Systemy wodoci\u0105gowe (wyk\u0142ad) &#8211; in\u017cynieria \u015brodowiska, stacjonarne,&nbsp;II stopie\u0144, 1 semestr<\/span><\/li><li><span style=\"font-style: normal; font-variant-ligatures: normal; font-variant-caps: normal; font-weight: 400; font-size: 15px; font-family: Roboto, sans-serif;\">Systemy wodoci\u0105gowe (\u0107wiczenia projektowe) &#8211; in\u017cynieria \u015brodowiska, stacjonarne,&nbsp;II stopie\u0144, 1 semestr<\/span><\/li><li><span style=\"font-style: normal; font-variant-ligatures: normal; font-variant-caps: normal; font-weight: 400; font-size: 15px; font-family: Roboto, sans-serif;\">Systemy wodoci\u0105gowe (wyk\u0142ad) &#8211; in\u017cynieria \u015brodowiska, niestacjonarne,&nbsp;II stopie\u0144, 2 semestr<\/span><\/li>\n<\/ul>\t\t\t\t\t\t\t\t<\/div>\n\t\t\t\t<\/div>\n\t\t\t\t\t<\/div>\n\t\t<\/div>\n\t\t\t\t\t<\/div>\n\t\t<\/section>\n\t\t\t\t<\/div>\n\t\t","protected":false},"excerpt":{"rendered":"<p>Zak\u0142ad Zaopatrzenia w Wod\u0119 i Biogospodarki Profil w Systemie Informacji Naukowej PP: Tomasz Ka\u017amierski SIN E-mail: tomasz.kazmierski@put.poznan.pl Pok\u00f3j: 312B, budynek WTCH &#8211;\u00a0LINK\u00a0(mapa kampusu) Konsultacje: &#8211;\u00a0LINK (wykaz konsultacji pracownik\u00f3w instytutu) Informacje Og\u00f3lne Zajmuj\u0119 si\u0119 systemami wodno-kanalizacyjnymi. W szczeg\u00f3lno\u015bci nowymi metodami transportu \u015bciek\u00f3w. Jestem autorem nowej metody doboru pompowni kanalizacyjnych uwzgl\u0119dniaj\u0105cej wielokryterialne &hellip;<\/p>\n","protected":false},"author":2,"featured_media":0,"parent":214,"menu_order":0,"comment_status":"closed","ping_status":"closed","template":"","meta":{"_monsterinsights_skip_tracking":false,"_monsterinsights_sitenote_active":false,"_monsterinsights_sitenote_note":"","_monsterinsights_sitenote_category":0,"footnotes":""},"class_list":["post-1118","page","type-page","status-publish","hentry"],"_links":{"self":[{"href":"http:\/\/ee2.put.poznan.pl\/index.php\/wp-json\/wp\/v2\/pages\/1118","targetHints":{"allow":["GET"]}}],"collection":[{"href":"http:\/\/ee2.put.poznan.pl\/index.php\/wp-json\/wp\/v2\/pages"}],"about":[{"href":"http:\/\/ee2.put.poznan.pl\/index.php\/wp-json\/wp\/v2\/types\/page"}],"author":[{"embeddable":true,"href":"http:\/\/ee2.put.poznan.pl\/index.php\/wp-json\/wp\/v2\/users\/2"}],"replies":[{"embeddable":true,"href":"http:\/\/ee2.put.poznan.pl\/index.php\/wp-json\/wp\/v2\/comments?post=1118"}],"version-history":[{"count":4,"href":"http:\/\/ee2.put.poznan.pl\/index.php\/wp-json\/wp\/v2\/pages\/1118\/revisions"}],"predecessor-version":[{"id":1122,"href":"http:\/\/ee2.put.poznan.pl\/index.php\/wp-json\/wp\/v2\/pages\/1118\/revisions\/1122"}],"up":[{"embeddable":true,"href":"http:\/\/ee2.put.poznan.pl\/index.php\/wp-json\/wp\/v2\/pages\/214"}],"wp:attachment":[{"href":"http:\/\/ee2.put.poznan.pl\/index.php\/wp-json\/wp\/v2\/media?parent=1118"}],"curies":[{"name":"wp","href":"https:\/\/api.w.org\/{rel}","templated":true}]}}