{"id":1139,"date":"2023-12-29T19:32:14","date_gmt":"2023-12-29T19:32:14","guid":{"rendered":"https:\/\/ee2.put.poznan.pl\/?page_id=1139"},"modified":"2024-01-22T00:23:15","modified_gmt":"2024-01-22T00:23:15","slug":"joanna-jez-walkowiak","status":"publish","type":"page","link":"http:\/\/ee2.put.poznan.pl\/index.php\/o-instytucie\/kadra\/joanna-jez-walkowiak\/","title":{"rendered":"dr hab. in\u017c. Joanna Je\u017c-Walkowiak, prof. PP"},"content":{"rendered":"\t\t<div data-elementor-type=\"wp-page\" data-elementor-id=\"1139\" class=\"elementor elementor-1139\">\n\t\t\t\t\t\t<section class=\"elementor-section elementor-top-section elementor-element elementor-element-17e64c7 elementor-section-boxed elementor-section-height-default elementor-section-height-default\" data-id=\"17e64c7\" data-element_type=\"section\" data-e-type=\"section\">\n\t\t\t\t\t\t<div class=\"elementor-container elementor-column-gap-default\">\n\t\t\t\t\t<div class=\"elementor-column elementor-col-66 elementor-top-column elementor-element elementor-element-12a9cba\" data-id=\"12a9cba\" data-element_type=\"column\" data-e-type=\"column\">\n\t\t\t<div class=\"elementor-widget-wrap elementor-element-populated\">\n\t\t\t\t\t\t<div class=\"elementor-element elementor-element-a3fff34 elementor-widget elementor-widget-text-editor\" data-id=\"a3fff34\" data-element_type=\"widget\" data-e-type=\"widget\" data-widget_type=\"text-editor.default\">\n\t\t\t\t<div class=\"elementor-widget-container\">\n\t\t\t\t\t\t\t\t\t<p>Zak\u0142ad Zaopatrzenia w Wod\u0119 i Biogospodarki<\/p>\t\t\t\t\t\t\t\t<\/div>\n\t\t\t\t<\/div>\n\t\t\t\t<div class=\"elementor-element elementor-element-1b48bb5 e-transform elementor-widget-divider--view-line elementor-invisible elementor-widget elementor-widget-divider\" data-id=\"1b48bb5\" data-element_type=\"widget\" data-e-type=\"widget\" data-settings=\"{&quot;_animation&quot;:&quot;fadeInUp&quot;,&quot;_transform_scale_effect&quot;:{&quot;unit&quot;:&quot;px&quot;,&quot;size&quot;:&quot;&quot;,&quot;sizes&quot;:[]},&quot;_transform_scale_effect_tablet&quot;:{&quot;unit&quot;:&quot;px&quot;,&quot;size&quot;:&quot;&quot;,&quot;sizes&quot;:[]},&quot;_transform_scale_effect_mobile&quot;:{&quot;unit&quot;:&quot;px&quot;,&quot;size&quot;:&quot;&quot;,&quot;sizes&quot;:[]}}\" data-widget_type=\"divider.default\">\n\t\t\t\t<div class=\"elementor-widget-container\">\n\t\t\t\t\t\t\t<div class=\"elementor-divider\">\n\t\t\t<span class=\"elementor-divider-separator\">\n\t\t\t\t\t\t<\/span>\n\t\t<\/div>\n\t\t\t\t\t\t<\/div>\n\t\t\t\t<\/div>\n\t\t\t\t<div class=\"elementor-element elementor-element-2dd23f2 elementor-widget elementor-widget-text-editor\" data-id=\"2dd23f2\" data-element_type=\"widget\" data-e-type=\"widget\" data-widget_type=\"text-editor.default\">\n\t\t\t\t<div class=\"elementor-widget-container\">\n\t\t\t\t\t\t\t\t\t<p>Profil w Systemie Informacji Naukowej PP: <a href=\"https:\/\/sin.put.poznan.pl\/people\/details\/joanna.jez-walkowiak\" target=\"_blank\" rel=\"noreferrer noopener\">Joanna Je\u017c-Walkowiak SIN<\/a><\/p><p>E-mail: <a href=\"mailto:joanna.jez-walkowiak@put.poznan.pl\">joanna.jez-walkowiak@put.poznan.pl<\/a><\/p><p style=\"font-style: normal; font-variant-ligatures: normal; font-variant-caps: normal; font-weight: 400; font-size: 15px; font-family: Roboto, sans-serif; text-indent: 0px;\">Pok\u00f3j: 317B, budynek WTCH &#8211;\u00a0<a style=\"font-style: normal; font-variant-ligatures: normal; font-variant-caps: normal; font-weight: 400; font-size: 15px; font-family: Roboto, sans-serif; text-align: inherit;\" href=\"https:\/\/isie.put.poznan.pl\/sites\/default\/files\/2021-11\/Instytut%20In%C5%BCynierii%20%C5%9Arodowiska%20i%20Instalacji%20Budowlanych-konsultacje.pdf\" target=\"_blank\" rel=\"noreferrer noopener\">LINK<\/a><span style=\"font-style: normal; font-variant-ligatures: normal; font-variant-caps: normal; font-weight: 400; font-size: 15px; font-family: Roboto, sans-serif; color: var( --e-global-color-text ); text-align: inherit;\">\u00a0(<\/span><a style=\"font-style: normal; font-variant-ligatures: normal; font-variant-caps: normal; font-weight: 400; font-size: 15px; font-family: Roboto, sans-serif; text-align: inherit;\" href=\"https:\/\/isie.put.poznan.pl\/sites\/default\/files\/inline-files\/OZNACZENIA%20W%20PLANIE%20ZAJ%C4%98%C4%86.pdf\" target=\"_blank\" rel=\"noreferrer noopener\">mapa kampusu<\/a><span style=\"font-style: normal; font-variant-ligatures: normal; font-variant-caps: normal; font-weight: 400; font-size: 15px; font-family: Roboto, sans-serif; color: var( --e-global-color-text ); text-align: inherit;\">)<\/span><\/p><p style=\"font-style: normal; font-variant-ligatures: normal; font-variant-caps: normal; font-weight: 400; font-size: 15px; font-family: Roboto, sans-serif; text-indent: 0px;\">Konsultacje: &#8211;\u00a0<a style=\"font-style: normal; font-variant-ligatures: normal; font-variant-caps: normal; font-weight: 400; font-size: 15px; font-family: Roboto, sans-serif; text-align: inherit;\" href=\"http:\/\/ee2.put.poznan.pl\/wp-content\/uploads\/files\/IISiIB_PUT_konsultacje.pdf\" target=\"_blank\" rel=\"noopener\">LINK (wykaz konsultacji pracownik\u00f3w instytutu)<\/a><\/p>\t\t\t\t\t\t\t\t<\/div>\n\t\t\t\t<\/div>\n\t\t\t\t\t<\/div>\n\t\t<\/div>\n\t\t\t\t<div class=\"elementor-column elementor-col-33 elementor-top-column elementor-element elementor-element-695626b\" data-id=\"695626b\" data-element_type=\"column\" data-e-type=\"column\">\n\t\t\t<div class=\"elementor-widget-wrap elementor-element-populated\">\n\t\t\t\t\t\t<div class=\"elementor-element elementor-element-1e541eb elementor-invisible elementor-widget elementor-widget-image\" data-id=\"1e541eb\" data-element_type=\"widget\" data-e-type=\"widget\" data-settings=\"{&quot;_animation&quot;:&quot;fadeInUp&quot;}\" data-widget_type=\"image.default\">\n\t\t\t\t<div class=\"elementor-widget-container\">\n\t\t\t\t\t\t\t\t\t\t\t\t\t\t\t<img fetchpriority=\"high\" decoding=\"async\" width=\"266\" height=\"300\" src=\"https:\/\/ee2.put.poznan.pl\/wp-content\/uploads\/2023\/12\/sylwetka_jez-walkowiak_joanna-266x300.jpg\" class=\"elementor-animation-grow attachment-medium size-medium wp-image-1138\" alt=\"\" srcset=\"https:\/\/ee2.put.poznan.pl\/wp-content\/uploads\/2023\/12\/sylwetka_jez-walkowiak_joanna-266x300.jpg 266w, https:\/\/ee2.put.poznan.pl\/wp-content\/uploads\/2023\/12\/sylwetka_jez-walkowiak_joanna.jpg 306w\" sizes=\"(max-width: 266px) 100vw, 266px\" \/>\t\t\t\t\t\t\t\t\t\t\t\t\t\t\t<\/div>\n\t\t\t\t<\/div>\n\t\t\t\t\t<\/div>\n\t\t<\/div>\n\t\t\t\t\t<\/div>\n\t\t<\/section>\n\t\t\t\t<section class=\"elementor-section elementor-top-section elementor-element elementor-element-2ce63f0 elementor-section-boxed elementor-section-height-default elementor-section-height-default\" data-id=\"2ce63f0\" data-element_type=\"section\" data-e-type=\"section\">\n\t\t\t\t\t\t<div class=\"elementor-container elementor-column-gap-default\">\n\t\t\t\t\t<div class=\"elementor-column elementor-col-100 elementor-top-column elementor-element elementor-element-8fe7882\" data-id=\"8fe7882\" data-element_type=\"column\" data-e-type=\"column\">\n\t\t\t<div class=\"elementor-widget-wrap elementor-element-populated\">\n\t\t\t\t\t\t<div class=\"elementor-element elementor-element-9a65387 e-transform elementor-widget-divider--view-line elementor-invisible elementor-widget elementor-widget-divider\" data-id=\"9a65387\" data-element_type=\"widget\" data-e-type=\"widget\" data-settings=\"{&quot;_animation&quot;:&quot;fadeInUp&quot;,&quot;_transform_scale_effect&quot;:{&quot;unit&quot;:&quot;px&quot;,&quot;size&quot;:&quot;&quot;,&quot;sizes&quot;:[]},&quot;_transform_scale_effect_tablet&quot;:{&quot;unit&quot;:&quot;px&quot;,&quot;size&quot;:&quot;&quot;,&quot;sizes&quot;:[]},&quot;_transform_scale_effect_mobile&quot;:{&quot;unit&quot;:&quot;px&quot;,&quot;size&quot;:&quot;&quot;,&quot;sizes&quot;:[]}}\" data-widget_type=\"divider.default\">\n\t\t\t\t<div class=\"elementor-widget-container\">\n\t\t\t\t\t\t\t<div class=\"elementor-divider\">\n\t\t\t<span class=\"elementor-divider-separator\">\n\t\t\t\t\t\t<\/span>\n\t\t<\/div>\n\t\t\t\t\t\t<\/div>\n\t\t\t\t<\/div>\n\t\t\t\t<div class=\"elementor-element elementor-element-b901295 elementor-widget elementor-widget-text-editor\" data-id=\"b901295\" data-element_type=\"widget\" data-e-type=\"widget\" data-widget_type=\"text-editor.default\">\n\t\t\t\t<div class=\"elementor-widget-container\">\n\t\t\t\t\t\t\t\t\t<h6>Wykszta\u0142cenie<\/h6>\t\t\t\t\t\t\t\t<\/div>\n\t\t\t\t<\/div>\n\t\t\t\t<div class=\"elementor-element elementor-element-90f2456 elementor-widget elementor-widget-text-editor\" data-id=\"90f2456\" data-element_type=\"widget\" data-e-type=\"widget\" data-widget_type=\"text-editor.default\">\n\t\t\t\t<div class=\"elementor-widget-container\">\n\t\t\t\t\t\t\t\t\t<ul><li>2020 &#8211; Profesor Politechniki Pozna\u0144skiej<\/li><li>2017 &#8211; uzyskanie stopnia doktora habilitowanego, Politechnika Pozna\u0144ska, Wydzia\u0142 Budownictwa i In\u017cynierii \u015arodowiska, rozprawa habilitacyjna pt:\u00a0<strong style=\"text-indent: 0em; color: var( --e-global-color-text ); text-align: inherit;\">\u201eWp\u0142yw w\u0142a\u015bciwo\u015bci z\u0142\u00f3\u017c filtr\u00f3w pospiesznych na efekty technologii od\u017celaziania i odmanganiania w\u00f3d podziemnych\u201d<\/strong><\/li><li><span style=\"text-indent: 0em; color: var( --e-global-color-text ); text-align: inherit;\"><span style=\"text-indent: 0em; color: var( --e-global-color-text ); text-align: inherit;\">2000 &#8211; uzyskanie stopnia doktora,\u00a0<\/span><\/span>Politechnika Pozna\u0144ska, Wydzia\u0142 Architektury, Budownictwa i In\u017cynierii \u015arodowiska, tytu\u0142 pracy doktorskiej:<strong style=\"text-indent: 0em; color: var( --e-global-color-text ); text-align: inherit;\"> \u201e<\/strong><strong style=\"text-indent: 0em; color: var( --e-global-color-text ); text-align: inherit;\">Intensyfikacja od\u017celaziania i odmanganiania w\u00f3d podziemnych w z\u0142o\u017cach oksydacyjnych filtr\u00f3w pospiesznych<\/strong><strong style=\"text-indent: 0em; color: var( --e-global-color-text ); text-align: inherit;\">\u201d<\/strong><\/li><li>1990 &#8211; uzyskanie tytu\u0142u magistra in\u017cyniera, Politechnika Pozna\u0144ska, Wydzia\u0142 Architektury, Budownictwa i In\u017cynierii \u015arodowiska, tytu\u0142 pracy magisterskiej: <strong style=\"text-indent: 0em; color: var( --e-global-color-text ); text-align: inherit;\">\u201eReologia osad\u00f3w pokoagulacyjnych\u201d<\/strong><\/li><\/ul>\t\t\t\t\t\t\t\t<\/div>\n\t\t\t\t<\/div>\n\t\t\t\t<div class=\"elementor-element elementor-element-662e9e9 elementor-widget elementor-widget-text-editor\" data-id=\"662e9e9\" data-element_type=\"widget\" data-e-type=\"widget\" data-widget_type=\"text-editor.default\">\n\t\t\t\t<div class=\"elementor-widget-container\">\n\t\t\t\t\t\t\t\t\t<h6>Prowadzone zaj\u0119cia dydaktyczne<\/h6>\t\t\t\t\t\t\t\t<\/div>\n\t\t\t\t<\/div>\n\t\t\t\t<div class=\"elementor-element elementor-element-674cf32 elementor-widget elementor-widget-text-editor\" data-id=\"674cf32\" data-element_type=\"widget\" data-e-type=\"widget\" data-widget_type=\"text-editor.default\">\n\t\t\t\t<div class=\"elementor-widget-container\">\n\t\t\t\t\t\t\t\t\t<ul><li>Technologia wody &#8211; projekt &#8211; studia I stopnia, stacjonarne<\/li><li>Systemy Uzdatniania Wody &#8211; wyk\u0142ad, laboratoria, \u0107wiczenia audytoryjne &#8211; studia II stopnia, stacjonarne<\/li><li>Technologia Wody &#8211; wyk\u0142ad, projekt &#8211; studia I stopnia, niestacjonarne<\/li><li>Systemy Uzdatniania Wody &#8211; wyk\u0142ad, laboratoria, \u0107wiczenia audytoryjne &#8211; studia II stopnia, niestacjonarne<\/li><\/ul>\t\t\t\t\t\t\t\t<\/div>\n\t\t\t\t<\/div>\n\t\t\t\t<div class=\"elementor-element elementor-element-de8ac3b elementor-widget elementor-widget-text-editor\" data-id=\"de8ac3b\" data-element_type=\"widget\" data-e-type=\"widget\" data-widget_type=\"text-editor.default\">\n\t\t\t\t<div class=\"elementor-widget-container\">\n\t\t\t\t\t\t\t\t\t<h6><span style=\"font-family: Raleway; font-size: 14.7px; font-style: normal; font-variant-ligatures: normal; font-variant-caps: normal; font-weight: bold;\">Charakterystyka dorobku naukowego i najwa\u017cniejsze prace<\/span><\/h6>\t\t\t\t\t\t\t\t<\/div>\n\t\t\t\t<\/div>\n\t\t\t\t<div class=\"elementor-element elementor-element-2945db2 elementor-widget elementor-widget-text-editor\" data-id=\"2945db2\" data-element_type=\"widget\" data-e-type=\"widget\" data-widget_type=\"text-editor.default\">\n\t\t\t\t<div class=\"elementor-widget-container\">\n\t\t\t\t\t\t\t\t\t<ul><li>Karolina Mazurkiewicz, Joanna Je\u017c-Walkowiak, Micha\u0142 Micha\u0142kiewicz, Physicochemical and microbiological quality of rainwater harvested in underground retention tanks, Science of the Total Environment &#8211; 2022, vol. 814<\/li><li><em>Impact of artificial infiltration on removal of surfactants in surface water treatment process<\/em>, Cierniak D., Dymaczewski Z., Je\u017c-Walkowiak J., Maka\u0142a A., Wyrwas B., Desalination and Water Treatment, 2020, DOI:10.5004\/dwt.2020.25738<\/li><li><em>The impact of filtration materials microstructure on its autoactivation for manganese removal from groundwater<\/em>, Zbys\u0142aw Dymaczewski, Joanna Falkowska, Angelika Fr\u0105ckowiak, Joanna Je\u017c-Walkowiak, Justyna Nawrot, Lidia Dudek, Tomasz Top\u00f3r, <em>Minerals<\/em><strong>2020<\/strong>,\u00a0<em>10<\/em>(6), 502; https:\/\/doi.org\/10.3390\/min10060502 (registering\u00a0DOI) &#8211; 30 May 2020<\/li><li><em>Redefining the purpose, goals and methods of disinfection in contemporary water supply systems<\/em>, Dymaczewski Z., Je\u017c-Walkowiak , Micha\u0142kiewicz M., Soza\u0144ski M.M., Maka\u0142a A., Archives of Environmental Protection, 2020, Vol. 46 no. 1 pp. 85\u201392<\/li><li><em>Znaczenie procesu dezynfekcji w zapewnieniu bezpiecze\u0144stwa mikrobiologicznego wody przeznaczonej do spo\u017cycia przez ludzi<\/em>, Dymaczewski Z., <a href=\"https:\/\/sin.put.poznan.pl\/people\/details\/joanna.jez-walkowiak\">Je\u017c-Walkowiak<\/a> , Micha\u0142kiewicz M., Soza\u0144ski M., Ochrona \u015arodowiska, 2019, Vol. 41, 1, s. 3-9<\/li><li><em>Efficiency of Mn Removal of Different Filtration Materials for Groundwater Treatment Linking Chemical and Physical Properties<\/em>, <a href=\"https:\/\/sin.put.poznan.pl\/people\/details\/joanna.jez-walkowiak\">Je\u017c-Walkowiak<\/a> , Dymaczewski Z.,<a href=\"https:\/\/sin.put.poznan.pl\/people\/details\/agnieszka.szuster-janiaczyk\"> Szuster-Janiaczyk<\/a> A., Nowicka A. B.,<a href=\"https:\/\/sin.put.poznan.pl\/people\/details\/miroslaw.szybowicz\"> Szybowicz<\/a> M.: MDPI Water 2017, Vol.9, Iss. 7, s.1-12<\/li><\/ul><p style=\"font-style: normal; font-variant-ligatures: normal; font-variant-caps: normal; font-weight: 400; font-size: 15px; font-family: Roboto, sans-serif; text-indent: 0px;\">(stan na 2022r.)<\/p>\t\t\t\t\t\t\t\t<\/div>\n\t\t\t\t<\/div>\n\t\t\t\t<div class=\"elementor-element elementor-element-7bfd1d1 elementor-widget elementor-widget-text-editor\" data-id=\"7bfd1d1\" data-element_type=\"widget\" data-e-type=\"widget\" data-widget_type=\"text-editor.default\">\n\t\t\t\t<div class=\"elementor-widget-container\">\n\t\t\t\t\t\t\t\t\t<h6><span style=\"font-family: Raleway; font-size: 14.7px; font-style: normal; font-variant-ligatures: normal; font-variant-caps: normal; font-weight: 700;\">DZIA\u0141ALNO\u015a\u0106 ORGANIZACYJNA<\/span><br><\/h6>\t\t\t\t\t\t\t\t<\/div>\n\t\t\t\t<\/div>\n\t\t\t\t<div class=\"elementor-element elementor-element-c2be1b2 elementor-widget elementor-widget-text-editor\" data-id=\"c2be1b2\" data-element_type=\"widget\" data-e-type=\"widget\" data-widget_type=\"text-editor.default\">\n\t\t\t\t<div class=\"elementor-widget-container\">\n\t\t\t\t\t\t\t\t\t<ul><li>od 03.2020 &#8211; Cz\u0142onek Komisji Rady Wydzia\u0142u ds. Oceny Nauczycieli Akademickich<\/li><li>od 01.2020 &#8211; Cz\u0142onek Rady Wydzia\u0142u In\u017cynierii \u015arodowiska i Energetyki PP<\/li><li>od 10.2019 &#8211;\u00a0Cz\u0142onek Rady Dyscypliny In\u017cynierii \u015arodowiska, G\u00f3rnictwa i Energetyki<\/li><li>od 03.2017 &#8211;\u00a0Cz\u0142onek Rady Wydzia\u0142u,\u00a0Cz\u0142onek Komisji Rekrutacyjnych.<\/li><li>2017 &#8211; 2020 &#8211; Hospitacje nauczycieli akademickich<\/li><li>2017 &#8211; 2019 &#8211;\u00a0Cz\u0142onek Zespo\u0142\u00f3w do oceny wniosk\u00f3w w przewodach doktorskich w latach 2017-2019, trzykrotnie jako przewodnicz\u0105ca zespo\u0142u<\/li><\/ul>\t\t\t\t\t\t\t\t<\/div>\n\t\t\t\t<\/div>\n\t\t\t\t<div class=\"elementor-element elementor-element-3ac4270 elementor-widget elementor-widget-text-editor\" data-id=\"3ac4270\" data-element_type=\"widget\" data-e-type=\"widget\" data-widget_type=\"text-editor.default\">\n\t\t\t\t<div class=\"elementor-widget-container\">\n\t\t\t\t\t\t\t\t\t<h6><span style=\"font-family: Raleway; font-size: 14.7px; font-style: normal; font-variant-ligatures: normal; font-variant-caps: normal; font-weight: bold;\">Szkolenia, uprawnienia i licencje<\/span><\/h6>\t\t\t\t\t\t\t\t<\/div>\n\t\t\t\t<\/div>\n\t\t\t\t<div class=\"elementor-element elementor-element-88d4b6c elementor-widget elementor-widget-text-editor\" data-id=\"88d4b6c\" data-element_type=\"widget\" data-e-type=\"widget\" data-widget_type=\"text-editor.default\">\n\t\t\t\t<div class=\"elementor-widget-container\">\n\t\t\t\t\t\t\t\t\t<ul><li>Rozwijanie umiej\u0119tno\u015bci komunikacyjnych I j\u0119zykowych w j\u0119zyku angielskim w \u015brodowisku akademickim Politechniki Pozna\u0144skiej, <u>Zadanie 2<\/u> \u2013 Komunikacja w \u015brodowisku wielokulturowym dla pracownik\u00f3w naukowo-dydaktycznych PP, NAWA \u2013 Umi\u0119dzynarodowienie polskiego szkolnictwa wy\u017cszego, miejsce realizacji Centrum J\u0119zyk\u00f3w i Komunikacji Politechnika Pozna\u0144ska, POWR.03.03.00-00-PN14\/18,<\/li><li>\u201cNational Languages: Italian Course\u201d hosted by the University of Catania (Italy). The course has been taught asynchronously between the 15th of September and 16th of December of 2022,<\/li><li>Aplikacja do \u201c<em>Trainings<\/em>\u201d w ramach projektu STER INPUTDoc, Modu\u0142 I\u2013\u00a0<strong>Establishing contacts, and self-presentation of researchers<\/strong><\/li><\/ul>\t\t\t\t\t\t\t\t<\/div>\n\t\t\t\t<\/div>\n\t\t\t\t<div class=\"elementor-element elementor-element-6ad4f9a elementor-widget elementor-widget-text-editor\" data-id=\"6ad4f9a\" data-element_type=\"widget\" data-e-type=\"widget\" data-widget_type=\"text-editor.default\">\n\t\t\t\t<div class=\"elementor-widget-container\">\n\t\t\t\t\t\t\t\t\t<h6><span style=\"font-family: Raleway; font-size: 14.7px; font-style: normal; font-variant-ligatures: normal; font-variant-caps: normal; font-weight: 700;\">NAGRODY I WYR\u00d3\u017bNIENIA<\/span><br><\/h6>\t\t\t\t\t\t\t\t<\/div>\n\t\t\t\t<\/div>\n\t\t\t\t<div class=\"elementor-element elementor-element-d53794f elementor-widget elementor-widget-text-editor\" data-id=\"d53794f\" data-element_type=\"widget\" data-e-type=\"widget\" data-widget_type=\"text-editor.default\">\n\t\t\t\t<div class=\"elementor-widget-container\">\n\t\t\t\t\t\t\t\t\t<ul><li>5 nagr\u00f3d Rektora Politechniki Pozna\u0144skiej<\/li><li>Nagroda zespo\u0142owa Ministra Edukacji Narodowej i Sportu za wsp\u00f3\u0142autorstwo monografii pt. \u201eWodoci\u0105gi i kanalizacja w Polsce, tradycja i wsp\u00f3\u0142czesno\u015b\u0107\u201d, 2003,<\/li><li>Nagroda SEEN-PZITS Aquarina za najlepsze opracowanie naukowe w 2013r.<\/li><li>Medal Komisji i Edukacji Narodowej za szczeg\u00f3lne zas\u0142ugi dla o\u015bwiaty i wychowania (2022)<\/li><\/ul>\t\t\t\t\t\t\t\t<\/div>\n\t\t\t\t<\/div>\n\t\t\t\t<div class=\"elementor-element elementor-element-c94a8cc elementor-widget elementor-widget-text-editor\" data-id=\"c94a8cc\" data-element_type=\"widget\" data-e-type=\"widget\" data-widget_type=\"text-editor.default\">\n\t\t\t\t<div class=\"elementor-widget-container\">\n\t\t\t\t\t\t\t\t\t<h6><span style=\"font-family: Raleway; font-size: 14.7px; font-style: normal; font-variant-ligatures: normal; font-variant-caps: normal; font-weight: bold;\">Zainteresowania&nbsp;<\/span><\/h6>\t\t\t\t\t\t\t\t<\/div>\n\t\t\t\t<\/div>\n\t\t\t\t<div class=\"elementor-element elementor-element-7f99d1f elementor-widget elementor-widget-text-editor\" data-id=\"7f99d1f\" data-element_type=\"widget\" data-e-type=\"widget\" data-widget_type=\"text-editor.default\">\n\t\t\t\t<div class=\"elementor-widget-container\">\n\t\t\t\t\t\t\t\t\t<p>Sport, turystyka, muzyka<\/p>\t\t\t\t\t\t\t\t<\/div>\n\t\t\t\t<\/div>\n\t\t\t\t\t<\/div>\n\t\t<\/div>\n\t\t\t\t\t<\/div>\n\t\t<\/section>\n\t\t\t\t<\/div>\n\t\t","protected":false},"excerpt":{"rendered":"<p>Zak\u0142ad Zaopatrzenia w Wod\u0119 i Biogospodarki Profil w Systemie Informacji Naukowej PP: Joanna Je\u017c-Walkowiak SIN E-mail: joanna.jez-walkowiak@put.poznan.pl Pok\u00f3j: 317B, budynek WTCH &#8211;\u00a0LINK\u00a0(mapa kampusu) Konsultacje: &#8211;\u00a0LINK (wykaz konsultacji pracownik\u00f3w instytutu) Wykszta\u0142cenie 2020 &#8211; Profesor Politechniki Pozna\u0144skiej 2017 &#8211; uzyskanie stopnia doktora habilitowanego, Politechnika Pozna\u0144ska, Wydzia\u0142 Budownictwa i In\u017cynierii \u015arodowiska, rozprawa habilitacyjna &hellip;<\/p>\n","protected":false},"author":2,"featured_media":1138,"parent":214,"menu_order":0,"comment_status":"closed","ping_status":"closed","template":"","meta":{"_monsterinsights_skip_tracking":false,"_monsterinsights_sitenote_active":false,"_monsterinsights_sitenote_note":"","_monsterinsights_sitenote_category":0,"footnotes":""},"class_list":["post-1139","page","type-page","status-publish","has-post-thumbnail","hentry"],"_links":{"self":[{"href":"http:\/\/ee2.put.poznan.pl\/index.php\/wp-json\/wp\/v2\/pages\/1139","targetHints":{"allow":["GET"]}}],"collection":[{"href":"http:\/\/ee2.put.poznan.pl\/index.php\/wp-json\/wp\/v2\/pages"}],"about":[{"href":"http:\/\/ee2.put.poznan.pl\/index.php\/wp-json\/wp\/v2\/types\/page"}],"author":[{"embeddable":true,"href":"http:\/\/ee2.put.poznan.pl\/index.php\/wp-json\/wp\/v2\/users\/2"}],"replies":[{"embeddable":true,"href":"http:\/\/ee2.put.poznan.pl\/index.php\/wp-json\/wp\/v2\/comments?post=1139"}],"version-history":[{"count":7,"href":"http:\/\/ee2.put.poznan.pl\/index.php\/wp-json\/wp\/v2\/pages\/1139\/revisions"}],"predecessor-version":[{"id":1185,"href":"http:\/\/ee2.put.poznan.pl\/index.php\/wp-json\/wp\/v2\/pages\/1139\/revisions\/1185"}],"up":[{"embeddable":true,"href":"http:\/\/ee2.put.poznan.pl\/index.php\/wp-json\/wp\/v2\/pages\/214"}],"wp:featuredmedia":[{"embeddable":true,"href":"http:\/\/ee2.put.poznan.pl\/index.php\/wp-json\/wp\/v2\/media\/1138"}],"wp:attachment":[{"href":"http:\/\/ee2.put.poznan.pl\/index.php\/wp-json\/wp\/v2\/media?parent=1139"}],"curies":[{"name":"wp","href":"https:\/\/api.w.org\/{rel}","templated":true}]}}