{"id":1263,"date":"2023-12-30T12:09:48","date_gmt":"2023-12-30T12:09:48","guid":{"rendered":"https:\/\/ee2.put.poznan.pl\/?page_id=1263"},"modified":"2024-05-20T20:14:50","modified_gmt":"2024-05-20T20:14:50","slug":"fabian-cybichowski","status":"publish","type":"page","link":"http:\/\/ee2.put.poznan.pl\/index.php\/o-instytucie\/kadra\/fabian-cybichowski\/","title":{"rendered":"dr in\u017c. Fabian Cybichowski"},"content":{"rendered":"\t\t<div data-elementor-type=\"wp-page\" data-elementor-id=\"1263\" class=\"elementor elementor-1263\">\n\t\t\t\t\t\t<section class=\"elementor-section elementor-top-section elementor-element elementor-element-40c7001 elementor-section-boxed elementor-section-height-default elementor-section-height-default\" data-id=\"40c7001\" data-element_type=\"section\" data-e-type=\"section\">\n\t\t\t\t\t\t<div class=\"elementor-container elementor-column-gap-default\">\n\t\t\t\t\t<div class=\"elementor-column elementor-col-66 elementor-top-column elementor-element elementor-element-a5f8aed\" data-id=\"a5f8aed\" data-element_type=\"column\" data-e-type=\"column\">\n\t\t\t<div class=\"elementor-widget-wrap elementor-element-populated\">\n\t\t\t\t\t\t<div class=\"elementor-element elementor-element-783bb53 elementor-widget elementor-widget-text-editor\" data-id=\"783bb53\" data-element_type=\"widget\" data-e-type=\"widget\" data-widget_type=\"text-editor.default\">\n\t\t\t\t<div class=\"elementor-widget-container\">\n\t\t\t\t\t\t\t\t\t<p>Zak\u0142ad Ogrzewnictwa, Klimatyzacji i Ochrony Powietrza<\/p>\n<p><\/p><p><\/p>\t\t\t\t\t\t\t\t<\/div>\n\t\t\t\t<\/div>\n\t\t\t\t<div class=\"elementor-element elementor-element-d93ebc0 e-transform elementor-widget-divider--view-line elementor-invisible elementor-widget elementor-widget-divider\" data-id=\"d93ebc0\" data-element_type=\"widget\" data-e-type=\"widget\" data-settings=\"{&quot;_animation&quot;:&quot;fadeInUp&quot;,&quot;_transform_scale_effect&quot;:{&quot;unit&quot;:&quot;px&quot;,&quot;size&quot;:&quot;&quot;,&quot;sizes&quot;:[]},&quot;_transform_scale_effect_tablet&quot;:{&quot;unit&quot;:&quot;px&quot;,&quot;size&quot;:&quot;&quot;,&quot;sizes&quot;:[]},&quot;_transform_scale_effect_mobile&quot;:{&quot;unit&quot;:&quot;px&quot;,&quot;size&quot;:&quot;&quot;,&quot;sizes&quot;:[]}}\" data-widget_type=\"divider.default\">\n\t\t\t\t<div class=\"elementor-widget-container\">\n\t\t\t\t\t\t\t<div class=\"elementor-divider\">\n\t\t\t<span class=\"elementor-divider-separator\">\n\t\t\t\t\t\t<\/span>\n\t\t<\/div>\n\t\t\t\t\t\t<\/div>\n\t\t\t\t<\/div>\n\t\t\t\t<div class=\"elementor-element elementor-element-6ef4cf9 elementor-widget elementor-widget-text-editor\" data-id=\"6ef4cf9\" data-element_type=\"widget\" data-e-type=\"widget\" data-widget_type=\"text-editor.default\">\n\t\t\t\t<div class=\"elementor-widget-container\">\n\t\t\t\t\t\t\t\t\t<p>Profil w Systemie Informacji Naukowej PP: <a href=\"https:\/\/sin.put.poznan.pl\/people\/details\/fabian.cybichowski\" target=\"_blank\" rel=\"noreferrer noopener\">Fabian Cybichowski SIN<\/a><\/p><p>E-mail: <a href=\"mailto:fabian.cybichowski@put.poznan.pl\">fabian.cybichowski@put.poznan.pl<\/a><\/p><p style=\"font-style: normal; font-variant-ligatures: normal; font-variant-caps: normal; font-weight: 400; font-size: 15px; font-family: Roboto, sans-serif; text-indent: 0px;\">Pok\u00f3j: 220B budynek WTCH &#8211;\u00a0<a style=\"font-style: normal; font-variant-ligatures: normal; font-variant-caps: normal; font-weight: 400; font-size: 15px; font-family: Roboto, sans-serif; text-align: inherit;\" href=\"https:\/\/isie.put.poznan.pl\/sites\/default\/files\/2021-11\/Instytut%20In%C5%BCynierii%20%C5%9Arodowiska%20i%20Instalacji%20Budowlanych-konsultacje.pdf\" target=\"_blank\" rel=\"noreferrer noopener\">LINK<\/a><span style=\"font-style: normal; font-variant-ligatures: normal; font-variant-caps: normal; font-weight: 400; font-size: 15px; font-family: Roboto, sans-serif; color: var( --e-global-color-text ); text-align: inherit;\">\u00a0(<\/span><a style=\"font-style: normal; font-variant-ligatures: normal; font-variant-caps: normal; font-weight: 400; font-size: 15px; font-family: Roboto, sans-serif; text-align: inherit;\" href=\"https:\/\/isie.put.poznan.pl\/sites\/default\/files\/inline-files\/OZNACZENIA%20W%20PLANIE%20ZAJ%C4%98%C4%86.pdf\" target=\"_blank\" rel=\"noreferrer noopener\">mapa kampusu<\/a><span style=\"font-style: normal; font-variant-ligatures: normal; font-variant-caps: normal; font-weight: 400; font-size: 15px; font-family: Roboto, sans-serif; color: var( --e-global-color-text ); text-align: inherit;\">)<\/span><\/p><p style=\"font-style: normal; font-variant-ligatures: normal; font-variant-caps: normal; font-weight: 400; font-size: 15px; font-family: Roboto, sans-serif; text-indent: 0px;\">Konsultacje: &#8211;\u00a0<a style=\"font-style: normal; font-variant-ligatures: normal; font-variant-caps: normal; font-weight: 400; font-size: 15px; font-family: Roboto, sans-serif; text-align: inherit;\" href=\"http:\/\/ee2.put.poznan.pl\/wp-content\/uploads\/files\/IISiIB_PUT_konsultacje.pdf\" target=\"_blank\" rel=\"noopener\">LINK (wykaz konsultacji pracownik\u00f3w instytutu)<\/a><\/p>\t\t\t\t\t\t\t\t<\/div>\n\t\t\t\t<\/div>\n\t\t\t\t\t<\/div>\n\t\t<\/div>\n\t\t\t\t<div class=\"elementor-column elementor-col-33 elementor-top-column elementor-element elementor-element-e904b4b\" data-id=\"e904b4b\" data-element_type=\"column\" data-e-type=\"column\">\n\t\t\t<div class=\"elementor-widget-wrap elementor-element-populated\">\n\t\t\t\t\t\t\t<\/div>\n\t\t<\/div>\n\t\t\t\t\t<\/div>\n\t\t<\/section>\n\t\t\t\t<section class=\"elementor-section elementor-top-section elementor-element elementor-element-6240eba elementor-section-boxed elementor-section-height-default elementor-section-height-default\" data-id=\"6240eba\" data-element_type=\"section\" data-e-type=\"section\">\n\t\t\t\t\t\t<div class=\"elementor-container elementor-column-gap-default\">\n\t\t\t\t\t<div class=\"elementor-column elementor-col-100 elementor-top-column elementor-element elementor-element-5b5618d\" data-id=\"5b5618d\" data-element_type=\"column\" data-e-type=\"column\">\n\t\t\t<div class=\"elementor-widget-wrap elementor-element-populated\">\n\t\t\t\t\t\t<div class=\"elementor-element elementor-element-cf5ec9e elementor-widget-divider--view-line elementor-invisible elementor-widget elementor-widget-divider\" data-id=\"cf5ec9e\" data-element_type=\"widget\" data-e-type=\"widget\" data-settings=\"{&quot;_animation&quot;:&quot;fadeInUp&quot;}\" data-widget_type=\"divider.default\">\n\t\t\t\t<div class=\"elementor-widget-container\">\n\t\t\t\t\t\t\t<div class=\"elementor-divider\">\n\t\t\t<span class=\"elementor-divider-separator\">\n\t\t\t\t\t\t<\/span>\n\t\t<\/div>\n\t\t\t\t\t\t<\/div>\n\t\t\t\t<\/div>\n\t\t\t\t\t<\/div>\n\t\t<\/div>\n\t\t\t\t\t<\/div>\n\t\t<\/section>\n\t\t\t\t<section class=\"elementor-section elementor-top-section elementor-element elementor-element-1ba6a43 elementor-section-boxed elementor-section-height-default elementor-section-height-default\" data-id=\"1ba6a43\" data-element_type=\"section\" data-e-type=\"section\">\n\t\t\t\t\t\t<div class=\"elementor-container elementor-column-gap-default\">\n\t\t\t\t\t<div class=\"elementor-column elementor-col-100 elementor-top-column elementor-element elementor-element-391b4bd\" data-id=\"391b4bd\" data-element_type=\"column\" data-e-type=\"column\">\n\t\t\t<div class=\"elementor-widget-wrap elementor-element-populated\">\n\t\t\t\t\t\t<div class=\"elementor-element elementor-element-4a23547 elementor-widget elementor-widget-text-editor\" data-id=\"4a23547\" data-element_type=\"widget\" data-e-type=\"widget\" data-widget_type=\"text-editor.default\">\n\t\t\t\t<div class=\"elementor-widget-container\">\n\t\t\t\t\t\t\t\t\t<h6>WYKSZTA\u0141CENIE<\/h6>\t\t\t\t\t\t\t\t<\/div>\n\t\t\t\t<\/div>\n\t\t\t\t<div class=\"elementor-element elementor-element-ce69ab1 elementor-widget elementor-widget-text-editor\" data-id=\"ce69ab1\" data-element_type=\"widget\" data-e-type=\"widget\" data-widget_type=\"text-editor.default\">\n\t\t\t\t<div class=\"elementor-widget-container\">\n\t\t\t\t\t\t\t\t\t<p><\/p>\n<p><\/p>\n<p><\/p>\n<p><\/p>\n<p><\/p>\n<ul style=\"font-style: normal; font-variant-ligatures: normal; font-variant-caps: normal; font-size: 15px; font-family: Roboto, sans-serif;\">\n<li><b>2005 &#8211; uzyskanie stopnia doktora nauk technicznych<\/b><br>Politechnika Pozna\u0144ska, Wydzia\u0142 Budownictwa, Architektury i In\u017cynierii \u015arodowiska\n<p>Tytu\u0142 pracy doktorskiej:<strong> \u201eModelowanie i optymalizacja charakterystyk przep\u0142ywowych element\u00f3w regulacyjnych system\u00f3w wentylacji mechanicznej\u201d<\/strong><\/p>\n<\/li>\n<li><b>1992 &#8211; 1997 &#8211; studia stacjonarne jednostopniowe<\/b><br>Politechnika Pozna\u0144ska, Wydzia\u0142 Budownictwa, Architektury i In\u017cynierii \u015arodowiska<br>kierunek: In\u017cynieria \u015arodowiska, studia stacjonarne jednostopniowe,<br>specjalizacja: Urz\u0105dzenia cieplne, zdrowotne i ochrona powietrza<br>Temat pracy magisterskiej: <strong style=\"font-family: Raleway;\">\u201eBilans energetyczny zak\u0142adu przemys\u0142owego\u201d2005<\/strong><\/li>\n<\/ul>\n<p><\/p>\n<p><!-- \/wp:list --><\/p>\t\t\t\t\t\t\t\t<\/div>\n\t\t\t\t<\/div>\n\t\t\t\t<div class=\"elementor-element elementor-element-9f4e343 elementor-widget elementor-widget-text-editor\" data-id=\"9f4e343\" data-element_type=\"widget\" data-e-type=\"widget\" data-widget_type=\"text-editor.default\">\n\t\t\t\t<div class=\"elementor-widget-container\">\n\t\t\t\t\t\t\t\t\t<h6>PROWADZONE ZAJ\u0118CIA DYDAKTYCZNE<\/h6>\t\t\t\t\t\t\t\t<\/div>\n\t\t\t\t<\/div>\n\t\t\t\t<div class=\"elementor-element elementor-element-518ee80 elementor-widget elementor-widget-text-editor\" data-id=\"518ee80\" data-element_type=\"widget\" data-e-type=\"widget\" data-widget_type=\"text-editor.default\">\n\t\t\t\t<div class=\"elementor-widget-container\">\n\t\t\t\t\t\t\t\t\t<ul><li>Specjalne instalacje cieplne \u2013 wyk\u0142ad<\/li><li>Specjalne instalacje cieplne \u2013 \u0107wiczenia rachunkowe<\/li><li>Ciep\u0142ownictwo \u2013 \u0107wiczenia rachunkowe<\/li><li>Ciep\u0142ownictwo \u2013 \u0107wiczenia projektowe<\/li><li>Mechanika p\u0142yn\u00f3w \u2013 \u0107wiczenia laboratoryjne<\/li><\/ul>\t\t\t\t\t\t\t\t<\/div>\n\t\t\t\t<\/div>\n\t\t\t\t<div class=\"elementor-element elementor-element-efd7a04 elementor-widget elementor-widget-text-editor\" data-id=\"efd7a04\" data-element_type=\"widget\" data-e-type=\"widget\" data-widget_type=\"text-editor.default\">\n\t\t\t\t<div class=\"elementor-widget-container\">\n\t\t\t\t\t\t\t\t\t<h6>Charakterystyka dorobku naukowego i najwa\u017cniejsze prace\u00a0<\/h6>\t\t\t\t\t\t\t\t<\/div>\n\t\t\t\t<\/div>\n\t\t\t\t<div class=\"elementor-element elementor-element-de75f2c elementor-widget elementor-widget-text-editor\" data-id=\"de75f2c\" data-element_type=\"widget\" data-e-type=\"widget\" data-widget_type=\"text-editor.default\">\n\t\t\t\t<div class=\"elementor-widget-container\">\n\t\t\t\t\t\t\t\t\t<p><!-- wp:paragraph --><\/p><p><!-- \/wp:separator --><\/p><p><!-- wp:paragraph --><\/p><p><!-- \/wp:separator --><\/p><p><!-- wp:paragraph --><\/p><ul><li>CYBICHOWSKI F., MR\u00d3Z T.: Advantages of adding waste heat powered absorption chiller to the cooling loop in an existing industrial plant, a case study. \/\/ Nowoczesne rozwi\u0105zania w in\u017cynierii i ochronie \u015brodowiska \/ pod red. nauk. Anisimova, J. Danielewicza, E.Szczechowiaka [i in.]; Inst. Klimatyzacji i Ogrzewnictwa Politechn. Wroc\u0142. T. 1. Wroc\u0142aw: Wydaw. Politechn. Wroc\u0142., 2011. \u2013 s. 147-152<\/li><li>CYBICHOWSKI F., MR\u00d3Z T.: Small scale cogeneration with gas engine in industrial plant \u2013 a case study. \/\/ Aktualne kierunki rozwoju energetyki: Cz.2. Energetyczne aspekty wykorzystania energii ze \u017ar\u00f3de\u0142 odnawialnych.\u00a0 ENERGETYKA 2012. VII Mi\u0119dzynarodowa Konferencja Naukowo-Techniczna, 7-9 listopada 2012, Wroc\u0142aw., s. 155-162. ISBN 978-83-7493-733-7<\/li><\/ul><p><!-- \/wp:list-item --><\/p><p><!-- \/wp:list --><\/p>\t\t\t\t\t\t\t\t<\/div>\n\t\t\t\t<\/div>\n\t\t\t\t<div class=\"elementor-element elementor-element-fcbe139 elementor-widget elementor-widget-text-editor\" data-id=\"fcbe139\" data-element_type=\"widget\" data-e-type=\"widget\" data-widget_type=\"text-editor.default\">\n\t\t\t\t<div class=\"elementor-widget-container\">\n\t\t\t\t\t\t\t\t\t<h6>DZIA\u0141ALNO\u015a\u0106 ORGANIZACYJNA<\/h6>\t\t\t\t\t\t\t\t<\/div>\n\t\t\t\t<\/div>\n\t\t\t\t<div class=\"elementor-element elementor-element-38ba8e3 elementor-widget elementor-widget-text-editor\" data-id=\"38ba8e3\" data-element_type=\"widget\" data-e-type=\"widget\" data-widget_type=\"text-editor.default\">\n\t\t\t\t<div class=\"elementor-widget-container\">\n\t\t\t\t\t\t\t\t\t<p><!-- wp:paragraph --><\/p><p><!-- \/wp:separator --><\/p><p><!-- wp:paragraph --><\/p><p><!-- \/wp:separator --><\/p><p><!-- wp:paragraph --><\/p><ul><li>od 2020 &#8211; Koordynator platformy e-Kursy w Zak\u0142adzie Ogrzewnictwa, Klimatyzacji i Ochrony Powietrza<\/li><li>2020 &#8211; Opiekun praktyk studenckich w Zak\u0142adzie Ogrzewnictwa, Klimatyzacji i Ochrony Powietrza<\/li><\/ul><p><!-- \/wp:list-item --><\/p><p><!-- \/wp:list --><\/p>\t\t\t\t\t\t\t\t<\/div>\n\t\t\t\t<\/div>\n\t\t\t\t<div class=\"elementor-element elementor-element-4239610 elementor-widget elementor-widget-text-editor\" data-id=\"4239610\" data-element_type=\"widget\" data-e-type=\"widget\" data-widget_type=\"text-editor.default\">\n\t\t\t\t<div class=\"elementor-widget-container\">\n\t\t\t\t\t\t\t\t\t<h6>Szkolenia, uprawnienia i licencje<\/h6>\t\t\t\t\t\t\t\t<\/div>\n\t\t\t\t<\/div>\n\t\t\t\t<div class=\"elementor-element elementor-element-2c3c84a elementor-widget elementor-widget-text-editor\" data-id=\"2c3c84a\" data-element_type=\"widget\" data-e-type=\"widget\" data-widget_type=\"text-editor.default\">\n\t\t\t\t<div class=\"elementor-widget-container\">\n\t\t\t\t\t\t\t\t\t<p><!-- wp:paragraph --><\/p><p><!-- \/wp:separator --><\/p><p><!-- wp:paragraph --><\/p><p><!-- \/wp:separator --><\/p><p><!-- wp:paragraph --><\/p><ul style=\"font-style: normal; font-variant-ligatures: normal; font-variant-caps: normal; font-size: 15px; font-family: Roboto, sans-serif;\"><li>Uczestnik II Letniej Szko\u0142y Energetyki 2019: \u201eModelowania komputerowego zagadnie\u0144 cieplno-przep\u0142ywowych z wykorzystaniem pakietu ANSYS CFD\u201d, Krak\u00f3w<\/li><\/ul><p><!-- \/wp:list-item --><\/p><p><!-- \/wp:list --><\/p>\t\t\t\t\t\t\t\t<\/div>\n\t\t\t\t<\/div>\n\t\t\t\t<div class=\"elementor-element elementor-element-36f63a4 elementor-widget elementor-widget-text-editor\" data-id=\"36f63a4\" data-element_type=\"widget\" data-e-type=\"widget\" data-widget_type=\"text-editor.default\">\n\t\t\t\t<div class=\"elementor-widget-container\">\n\t\t\t\t\t\t\t\t\t<h6>WSP\u00d3\u0141PRACA Z OTOCZENIEM SPO\u0141ECZNO-GOSPODARCZYM<\/h6>\t\t\t\t\t\t\t\t<\/div>\n\t\t\t\t<\/div>\n\t\t\t\t<div class=\"elementor-element elementor-element-5fe6fe4 elementor-widget elementor-widget-text-editor\" data-id=\"5fe6fe4\" data-element_type=\"widget\" data-e-type=\"widget\" data-widget_type=\"text-editor.default\">\n\t\t\t\t<div class=\"elementor-widget-container\">\n\t\t\t\t\t\t\t\t\t<p><!-- wp:paragraph --><\/p><p><!-- \/wp:separator --><\/p><p><!-- wp:paragraph --><\/p><p><!-- \/wp:separator --><\/p><p><!-- wp:paragraph --><\/p><ul><li>Raport ko\u0144cowy z bada\u0144 eksperymentalnych. Modu\u0142owej Pompy Ciep\u0142a (MPC) \/ Micha\u0142 Szyma\u0144ski (WBiI\u015a), Fabian Cybichowski (WBiI\u015a), \u0141ukasz Amanowicz (WBiI\u015a), Karolina Czerpi\u0144ska (DP), \u0141ukasz Malewski (DP) \/\/ r1159_2020<\/li><li>Audyt energetyczny, Centralna Oczyszczalnia \u015aciek\u00f3w w Kozieg\u0142owach \/ Fabian Cybichowski (WBiI\u015a), \u0141ukasz Amanowicz (WBiI\u015a) \/\/ 2014<\/li><li>Opinia techniczna na temat projektu hermetyzacji osadnik\u00f3w wst\u0119pnych, Centralna Oczyszczalnia \u015aciek\u00f3w w Kozieg\u0142owach \/ Fabian Cybichowski (WBiI\u015a), Tomasz Mr\u00f3z (WBiI\u015a) \/\/ 2014<\/li><\/ul><p><!-- \/wp:list-item --><\/p><p><!-- \/wp:list --><\/p>\t\t\t\t\t\t\t\t<\/div>\n\t\t\t\t<\/div>\n\t\t\t\t\t<\/div>\n\t\t<\/div>\n\t\t\t\t\t<\/div>\n\t\t<\/section>\n\t\t\t\t<\/div>\n\t\t","protected":false},"excerpt":{"rendered":"<p>Zak\u0142ad Ogrzewnictwa, Klimatyzacji i Ochrony Powietrza Profil w Systemie Informacji Naukowej PP: Fabian Cybichowski SIN E-mail: fabian.cybichowski@put.poznan.pl Pok\u00f3j: 220B budynek WTCH &#8211;\u00a0LINK\u00a0(mapa kampusu) Konsultacje: &#8211;\u00a0LINK (wykaz konsultacji pracownik\u00f3w instytutu) WYKSZTA\u0141CENIE 2005 &#8211; uzyskanie stopnia doktora nauk technicznychPolitechnika Pozna\u0144ska, Wydzia\u0142 Budownictwa, Architektury i In\u017cynierii \u015arodowiska Tytu\u0142 pracy doktorskiej: \u201eModelowanie i optymalizacja &hellip;<\/p>\n","protected":false},"author":2,"featured_media":0,"parent":214,"menu_order":0,"comment_status":"closed","ping_status":"closed","template":"","meta":{"_monsterinsights_skip_tracking":false,"_monsterinsights_sitenote_active":false,"_monsterinsights_sitenote_note":"","_monsterinsights_sitenote_category":0,"footnotes":""},"class_list":["post-1263","page","type-page","status-publish","hentry"],"_links":{"self":[{"href":"http:\/\/ee2.put.poznan.pl\/index.php\/wp-json\/wp\/v2\/pages\/1263","targetHints":{"allow":["GET"]}}],"collection":[{"href":"http:\/\/ee2.put.poznan.pl\/index.php\/wp-json\/wp\/v2\/pages"}],"about":[{"href":"http:\/\/ee2.put.poznan.pl\/index.php\/wp-json\/wp\/v2\/types\/page"}],"author":[{"embeddable":true,"href":"http:\/\/ee2.put.poznan.pl\/index.php\/wp-json\/wp\/v2\/users\/2"}],"replies":[{"embeddable":true,"href":"http:\/\/ee2.put.poznan.pl\/index.php\/wp-json\/wp\/v2\/comments?post=1263"}],"version-history":[{"count":7,"href":"http:\/\/ee2.put.poznan.pl\/index.php\/wp-json\/wp\/v2\/pages\/1263\/revisions"}],"predecessor-version":[{"id":2652,"href":"http:\/\/ee2.put.poznan.pl\/index.php\/wp-json\/wp\/v2\/pages\/1263\/revisions\/2652"}],"up":[{"embeddable":true,"href":"http:\/\/ee2.put.poznan.pl\/index.php\/wp-json\/wp\/v2\/pages\/214"}],"wp:attachment":[{"href":"http:\/\/ee2.put.poznan.pl\/index.php\/wp-json\/wp\/v2\/media?parent=1263"}],"curies":[{"name":"wp","href":"https:\/\/api.w.org\/{rel}","templated":true}]}}