{"id":2866,"date":"2024-12-29T16:05:17","date_gmt":"2024-12-29T16:05:17","guid":{"rendered":"https:\/\/ee2.put.poznan.pl\/?page_id=2866"},"modified":"2024-12-29T16:09:15","modified_gmt":"2024-12-29T16:09:15","slug":"kacper-formaniak","status":"publish","type":"page","link":"http:\/\/ee2.put.poznan.pl\/index.php\/o-instytucie\/kadra\/kacper-formaniak\/","title":{"rendered":"mgr in\u017c. Kacper F\u00f3rmaniak"},"content":{"rendered":"\t\t<div data-elementor-type=\"wp-page\" data-elementor-id=\"2866\" class=\"elementor elementor-2866\">\n\t\t\t\t\t\t<section class=\"elementor-section elementor-top-section elementor-element elementor-element-4e05c02 elementor-section-boxed elementor-section-height-default elementor-section-height-default\" data-id=\"4e05c02\" data-element_type=\"section\" data-e-type=\"section\">\n\t\t\t\t\t\t<div class=\"elementor-container elementor-column-gap-default\">\n\t\t\t\t\t<div class=\"elementor-column elementor-col-50 elementor-top-column elementor-element elementor-element-d2ce52f\" data-id=\"d2ce52f\" data-element_type=\"column\" data-e-type=\"column\">\n\t\t\t<div class=\"elementor-widget-wrap elementor-element-populated\">\n\t\t\t\t\t\t<div class=\"elementor-element elementor-element-345afb5 elementor-widget elementor-widget-text-editor\" data-id=\"345afb5\" data-element_type=\"widget\" data-e-type=\"widget\" data-widget_type=\"text-editor.default\">\n\t\t\t\t<div class=\"elementor-widget-container\">\n\t\t\t\t\t\t\t\t\t<p>Zak\u0142ad Ogrzewnictwa, Klimatyzacji i Ochrony Powietrza<\/p>\t\t\t\t\t\t\t\t<\/div>\n\t\t\t\t<\/div>\n\t\t\t\t<div class=\"elementor-element elementor-element-3a29fbb e-transform elementor-widget-divider--view-line elementor-invisible elementor-widget elementor-widget-divider\" data-id=\"3a29fbb\" data-element_type=\"widget\" data-e-type=\"widget\" data-settings=\"{&quot;_animation&quot;:&quot;fadeInUp&quot;,&quot;_transform_scale_effect&quot;:{&quot;unit&quot;:&quot;px&quot;,&quot;size&quot;:&quot;&quot;,&quot;sizes&quot;:[]},&quot;_transform_scale_effect_tablet&quot;:{&quot;unit&quot;:&quot;px&quot;,&quot;size&quot;:&quot;&quot;,&quot;sizes&quot;:[]},&quot;_transform_scale_effect_mobile&quot;:{&quot;unit&quot;:&quot;px&quot;,&quot;size&quot;:&quot;&quot;,&quot;sizes&quot;:[]}}\" data-widget_type=\"divider.default\">\n\t\t\t\t<div class=\"elementor-widget-container\">\n\t\t\t\t\t\t\t<div class=\"elementor-divider\">\n\t\t\t<span class=\"elementor-divider-separator\">\n\t\t\t\t\t\t<\/span>\n\t\t<\/div>\n\t\t\t\t\t\t<\/div>\n\t\t\t\t<\/div>\n\t\t\t\t<div class=\"elementor-element elementor-element-f5e109f elementor-widget elementor-widget-text-editor\" data-id=\"f5e109f\" data-element_type=\"widget\" data-e-type=\"widget\" data-widget_type=\"text-editor.default\">\n\t\t\t\t<div class=\"elementor-widget-container\">\n\t\t\t\t\t\t\t\t\t<p>Profil w Systemie Informacji Naukowej PP: <a href=\"https:\/\/sin.put.poznan.pl\/people\/details\/kacper.formaniak\" target=\"_blank\" rel=\"noreferrer noopener\">Kacper F\u00f3rmaniak SIN<\/a><\/p><p>E-mail: <a href=\"mailto:kacper.formaniak@put.poznan.pl\" target=\"_blank\" rel=\"noopener\">kacper.formaniak@put.poznan.pl<\/a><\/p><p style=\"font-style: normal; font-variant-ligatures: normal; font-variant-caps: normal; font-weight: 400; font-size: 15px; font-family: Roboto, sans-serif; text-indent: 0px;\">Pok\u00f3j: 201B budynek WTCH &#8211; <a style=\"font-style: normal; font-variant-ligatures: normal; font-variant-caps: normal; font-weight: 400; font-size: 15px; font-family: Roboto, sans-serif; text-align: inherit;\" href=\"https:\/\/isie.put.poznan.pl\/sites\/default\/files\/2021-11\/Instytut%20In%C5%BCynierii%20%C5%9Arodowiska%20i%20Instalacji%20Budowlanych-konsultacje.pdf\" target=\"_blank\" rel=\"noreferrer noopener\">LINK<\/a><span style=\"font-style: normal; font-variant-ligatures: normal; font-variant-caps: normal; font-weight: 400; font-size: 15px; font-family: Roboto, sans-serif; color: var( --e-global-color-text ); text-align: inherit;\">\u00a0(<\/span><a style=\"font-style: normal; font-variant-ligatures: normal; font-variant-caps: normal; font-weight: 400; font-size: 15px; font-family: Roboto, sans-serif; text-align: inherit;\" href=\"https:\/\/isie.put.poznan.pl\/sites\/default\/files\/inline-files\/OZNACZENIA%20W%20PLANIE%20ZAJ%C4%98%C4%86.pdf\" target=\"_blank\" rel=\"noreferrer noopener\">mapa kampusu<\/a><span style=\"font-style: normal; font-variant-ligatures: normal; font-variant-caps: normal; font-weight: 400; font-size: 15px; font-family: Roboto, sans-serif; color: var( --e-global-color-text ); text-align: inherit;\">)<\/span><\/p><p style=\"font-style: normal; font-variant-ligatures: normal; font-variant-caps: normal; font-weight: 400; font-size: 15px; font-family: Roboto, sans-serif; text-indent: 0px;\">Konsultacje: &#8211;\u00a0<a style=\"font-style: normal; font-variant-ligatures: normal; font-variant-caps: normal; font-weight: 400; font-size: 15px; font-family: Roboto, sans-serif; text-align: inherit;\" href=\"http:\/\/ee2.put.poznan.pl\/wp-content\/uploads\/files\/IISiIB_PUT_konsultacje.pdf\" target=\"_blank\" rel=\"noopener\">LINK (wykaz konsultacji pracownik\u00f3w instytutu)<\/a><\/p>\t\t\t\t\t\t\t\t<\/div>\n\t\t\t\t<\/div>\n\t\t\t\t\t<\/div>\n\t\t<\/div>\n\t\t\t\t<div class=\"elementor-column elementor-col-50 elementor-top-column elementor-element elementor-element-ca6fbe0\" data-id=\"ca6fbe0\" data-element_type=\"column\" data-e-type=\"column\">\n\t\t\t<div class=\"elementor-widget-wrap elementor-element-populated\">\n\t\t\t\t\t\t\t<\/div>\n\t\t<\/div>\n\t\t\t\t\t<\/div>\n\t\t<\/section>\n\t\t\t\t<section class=\"elementor-section elementor-top-section elementor-element elementor-element-d1c9b0c elementor-section-boxed elementor-section-height-default elementor-section-height-default\" data-id=\"d1c9b0c\" data-element_type=\"section\" data-e-type=\"section\">\n\t\t\t\t\t\t<div class=\"elementor-container elementor-column-gap-default\">\n\t\t\t\t\t<div class=\"elementor-column elementor-col-100 elementor-top-column elementor-element elementor-element-ec8e397\" data-id=\"ec8e397\" data-element_type=\"column\" data-e-type=\"column\">\n\t\t\t<div class=\"elementor-widget-wrap elementor-element-populated\">\n\t\t\t\t\t\t<div class=\"elementor-element elementor-element-cc3929e e-transform elementor-widget-divider--view-line elementor-invisible elementor-widget elementor-widget-divider\" data-id=\"cc3929e\" data-element_type=\"widget\" data-e-type=\"widget\" data-settings=\"{&quot;_animation&quot;:&quot;fadeInUp&quot;,&quot;_transform_scale_effect&quot;:{&quot;unit&quot;:&quot;px&quot;,&quot;size&quot;:&quot;&quot;,&quot;sizes&quot;:[]},&quot;_transform_scale_effect_tablet&quot;:{&quot;unit&quot;:&quot;px&quot;,&quot;size&quot;:&quot;&quot;,&quot;sizes&quot;:[]},&quot;_transform_scale_effect_mobile&quot;:{&quot;unit&quot;:&quot;px&quot;,&quot;size&quot;:&quot;&quot;,&quot;sizes&quot;:[]}}\" data-widget_type=\"divider.default\">\n\t\t\t\t<div class=\"elementor-widget-container\">\n\t\t\t\t\t\t\t<div class=\"elementor-divider\">\n\t\t\t<span class=\"elementor-divider-separator\">\n\t\t\t\t\t\t<\/span>\n\t\t<\/div>\n\t\t\t\t\t\t<\/div>\n\t\t\t\t<\/div>\n\t\t\t\t<div class=\"elementor-element elementor-element-732a44a elementor-widget elementor-widget-text-editor\" data-id=\"732a44a\" data-element_type=\"widget\" data-e-type=\"widget\" data-widget_type=\"text-editor.default\">\n\t\t\t\t<div class=\"elementor-widget-container\">\n\t\t\t\t\t\t\t\t\t<h6>INFORMACJE OG\u00d3LNE<\/h6>\t\t\t\t\t\t\t\t<\/div>\n\t\t\t\t<\/div>\n\t\t\t\t<div class=\"elementor-element elementor-element-c286b4f elementor-widget elementor-widget-text-editor\" data-id=\"c286b4f\" data-element_type=\"widget\" data-e-type=\"widget\" data-widget_type=\"text-editor.default\">\n\t\t\t\t<div class=\"elementor-widget-container\">\n\t\t\t\t\t\t\t\t\t<p>Mgr in\u017c. Kacper F\u00f3rmaniak, pracownik Politechniki Pozna\u0144skiej na stanowisku asystenta naukowo-badawczego w Zak\u0142adzie Ogrzewnictwa, Klimatyzacji i Ochrony Powietrza w Instytucie In\u017cynierii \u015arodowiska i Instalacji Budowlanych \u00a0Wydzia\u0142u In\u017cynierii \u015arodowiska i Energetyki Politechniki Pozna\u0144skiej.<\/p>\t\t\t\t\t\t\t\t<\/div>\n\t\t\t\t<\/div>\n\t\t\t\t<div class=\"elementor-element elementor-element-c3e352e elementor-widget elementor-widget-text-editor\" data-id=\"c3e352e\" data-element_type=\"widget\" data-e-type=\"widget\" data-widget_type=\"text-editor.default\">\n\t\t\t\t<div class=\"elementor-widget-container\">\n\t\t\t\t\t\t\t\t\t<h6>WYKSZTA\u0141CENIE<\/h6>\t\t\t\t\t\t\t\t<\/div>\n\t\t\t\t<\/div>\n\t\t\t\t<div class=\"elementor-element elementor-element-ecfd97d elementor-widget elementor-widget-text-editor\" data-id=\"ecfd97d\" data-element_type=\"widget\" data-e-type=\"widget\" data-widget_type=\"text-editor.default\">\n\t\t\t\t<div class=\"elementor-widget-container\">\n\t\t\t\t\t\t\t\t\t<ul><li>2023 &#8211; 2024 &#8211; studia magisterskie<br \/>kierunek: in\u017cynieria \u015brodowiska<br \/>specjalizacja: zaopatrzenie w ciep\u0142o, klimatyzacja i ochrona powietrza<br \/>Wydzia\u0142 In\u017cynierii \u015arodowiska i Energetyki, Politechnika Pozna\u0144ska<br \/>Tytu\u0142 pracy magisterskiej: \u201e<em>Wsp\u00f3\u0142praca stopu uaktywnionego termicznie z pomp\u0105 ciep\u0142a i ch\u0142odzeniem pasywnym<\/em>\u201d (Promotor: prof. dr hab. in\u017c. Edward Szczechowiak)<\/li><li>2019 &#8211; 2024 &#8211; studia in\u017cynierskie\u00a0<br \/>kierunek: in\u017cynieria \u015brodowiska<br \/>Wydzia\u0142 In\u017cynierii \u015arodowiska i Energetyki, Politechnika Pozna\u0144ska<br \/>Tytu\u0142 pracy in\u017cynierskiej: \u201e<em>Wariantowa koncepcja projektowa systemu ogrzewania, wentylacji i klimatyzacji dla budynku jednorodzinnego<\/em>\u201d (Promotor: dr hab. in\u017c. \u0141ukasz Amanowicz, prof. PP)\u201d<\/li><\/ul>\t\t\t\t\t\t\t\t<\/div>\n\t\t\t\t<\/div>\n\t\t\t\t<div class=\"elementor-element elementor-element-e40d899 elementor-widget elementor-widget-text-editor\" data-id=\"e40d899\" data-element_type=\"widget\" data-e-type=\"widget\" data-widget_type=\"text-editor.default\">\n\t\t\t\t<div class=\"elementor-widget-container\">\n\t\t\t\t\t\t\t\t\t<h6>ZATRUDNIENIE<\/h6>\t\t\t\t\t\t\t\t<\/div>\n\t\t\t\t<\/div>\n\t\t\t\t<div class=\"elementor-element elementor-element-3930426 elementor-widget elementor-widget-text-editor\" data-id=\"3930426\" data-element_type=\"widget\" data-e-type=\"widget\" data-widget_type=\"text-editor.default\">\n\t\t\t\t<div class=\"elementor-widget-container\">\n\t\t\t\t\t\t\t\t\t<ul><li>od 10.2024 &#8211; Asystent; Instytut In\u017cynierii \u015arodowiska; Politechnika Pozna\u0144ska<\/li><\/ul>\t\t\t\t\t\t\t\t<\/div>\n\t\t\t\t<\/div>\n\t\t\t\t<div class=\"elementor-element elementor-element-57aef71 elementor-widget elementor-widget-text-editor\" data-id=\"57aef71\" data-element_type=\"widget\" data-e-type=\"widget\" data-widget_type=\"text-editor.default\">\n\t\t\t\t<div class=\"elementor-widget-container\">\n\t\t\t\t\t\t\t\t\t<h6>PROWADZONE ZAJ\u0118CIA DYDAKTYCZNE<\/h6>\t\t\t\t\t\t\t\t<\/div>\n\t\t\t\t<\/div>\n\t\t\t\t<div class=\"elementor-element elementor-element-879e1dd elementor-widget elementor-widget-text-editor\" data-id=\"879e1dd\" data-element_type=\"widget\" data-e-type=\"widget\" data-widget_type=\"text-editor.default\">\n\t\t\t\t<div class=\"elementor-widget-container\">\n\t\t\t\t\t\t\t\t\t<ul><li>Technika cieplna \u2013 \u0107wiczenia; In\u017cynieria \u015arodowiska, studia stacjonarne, I stopnia,<\/li><li>Technika cieplna \u2013 \u0107wiczenia laboratoryjne; In\u017cynieria \u015arodowiska, studia stacjonarne, I stopnia,<\/li><li>Badanie element\u00f3w ogrzewczych, wentylacyjnych i klimatyzacyjnych \u2013 \u0107wiczenia laboratoryjne; In\u017cynieria \u015arodowiska, studia stacjonarne, I stopnia,<\/li><li>Mechanika P\u0142yn\u00f3w II \u2013 \u0107wiczenia laboratoryjne; In\u017cynieria \u015arodowiska, studia niestacjonarne, II stopnia,<\/li><li>Technika cieplna z miernictwem \u2013 \u0107wiczenia; In\u017cynieria \u015arodowiska, studia niestacjonarne, II stopnia,<\/li><li>Technika cieplna z miernictwem \u2013 \u0107wiczenia laboratoryjne; In\u017cynieria \u015arodowiska, studia niestacjonarne, II stopnia,<\/li><li>Wymiana ciep\u0142a i masy \u2013 \u0107wiczenia; In\u017cynieria \u015arodowiska, studia niestacjonarne, II stopnia,<\/li><li>Wymiana ciep\u0142a i masy \u2013 \u0107wiczenia laboratoryjne; In\u017cynieria \u015arodowiska, studia stacjonarne, II stopnia,<\/li><li>Mechanika P\u0142yn\u00f3w I \u2013 \u0107wiczenia laboratoryjne; In\u017cynieria \u015arodowiska, studia stacjonarne, I stopnia,<\/li><\/ul>\t\t\t\t\t\t\t\t<\/div>\n\t\t\t\t<\/div>\n\t\t\t\t<div class=\"elementor-element elementor-element-6575b36 elementor-widget elementor-widget-text-editor\" data-id=\"6575b36\" data-element_type=\"widget\" data-e-type=\"widget\" data-widget_type=\"text-editor.default\">\n\t\t\t\t<div class=\"elementor-widget-container\">\n\t\t\t\t\t\t\t\t\t<h6>dzia\u0142alno\u015b\u0107 organizacyjna\u00a0<\/h6>\t\t\t\t\t\t\t\t<\/div>\n\t\t\t\t<\/div>\n\t\t\t\t<div class=\"elementor-element elementor-element-8c67b2d elementor-widget elementor-widget-text-editor\" data-id=\"8c67b2d\" data-element_type=\"widget\" data-e-type=\"widget\" data-widget_type=\"text-editor.default\">\n\t\t\t\t<div class=\"elementor-widget-container\">\n\t\t\t\t\t\t\t\t\t<ul>\n<li>od 2024 &#8211; cz\u0142onek Instytutowego Zespo\u0142u ds. Promocji Kierunku studi\u00f3w In\u017cynieria \u015arodowiska w Politechnice Pozna\u0144skiej<\/li>\n<li>2021 \u2013 2024 \u2013 cz\u0142onek zarz\u0105du Ko\u0142a Naukowego In\u017cynierii \u015arodowiska dzia\u0142aj\u0105cego na kierunku In\u017cynieria \u015arodowiska na Politechnice Pozna\u0144skiej<\/li>\n<\/ul>\t\t\t\t\t\t\t\t<\/div>\n\t\t\t\t<\/div>\n\t\t\t\t\t<\/div>\n\t\t<\/div>\n\t\t\t\t\t<\/div>\n\t\t<\/section>\n\t\t\t\t<\/div>\n\t\t","protected":false},"excerpt":{"rendered":"<p>Zak\u0142ad Ogrzewnictwa, Klimatyzacji i Ochrony Powietrza Profil w Systemie Informacji Naukowej PP: Kacper F\u00f3rmaniak SIN E-mail: kacper.formaniak@put.poznan.pl Pok\u00f3j: 201B budynek WTCH &#8211; LINK\u00a0(mapa kampusu) Konsultacje: &#8211;\u00a0LINK (wykaz konsultacji pracownik\u00f3w instytutu) INFORMACJE OG\u00d3LNE Mgr in\u017c. Kacper F\u00f3rmaniak, pracownik Politechniki Pozna\u0144skiej na stanowisku asystenta naukowo-badawczego w Zak\u0142adzie Ogrzewnictwa, Klimatyzacji i Ochrony Powietrza &hellip;<\/p>\n","protected":false},"author":2,"featured_media":0,"parent":214,"menu_order":0,"comment_status":"closed","ping_status":"closed","template":"","meta":{"_monsterinsights_skip_tracking":false,"_monsterinsights_sitenote_active":false,"_monsterinsights_sitenote_note":"","_monsterinsights_sitenote_category":0,"footnotes":""},"class_list":["post-2866","page","type-page","status-publish","hentry"],"_links":{"self":[{"href":"http:\/\/ee2.put.poznan.pl\/index.php\/wp-json\/wp\/v2\/pages\/2866","targetHints":{"allow":["GET"]}}],"collection":[{"href":"http:\/\/ee2.put.poznan.pl\/index.php\/wp-json\/wp\/v2\/pages"}],"about":[{"href":"http:\/\/ee2.put.poznan.pl\/index.php\/wp-json\/wp\/v2\/types\/page"}],"author":[{"embeddable":true,"href":"http:\/\/ee2.put.poznan.pl\/index.php\/wp-json\/wp\/v2\/users\/2"}],"replies":[{"embeddable":true,"href":"http:\/\/ee2.put.poznan.pl\/index.php\/wp-json\/wp\/v2\/comments?post=2866"}],"version-history":[{"count":4,"href":"http:\/\/ee2.put.poznan.pl\/index.php\/wp-json\/wp\/v2\/pages\/2866\/revisions"}],"predecessor-version":[{"id":2871,"href":"http:\/\/ee2.put.poznan.pl\/index.php\/wp-json\/wp\/v2\/pages\/2866\/revisions\/2871"}],"up":[{"embeddable":true,"href":"http:\/\/ee2.put.poznan.pl\/index.php\/wp-json\/wp\/v2\/pages\/214"}],"wp:attachment":[{"href":"http:\/\/ee2.put.poznan.pl\/index.php\/wp-json\/wp\/v2\/media?parent=2866"}],"curies":[{"name":"wp","href":"https:\/\/api.w.org\/{rel}","templated":true}]}}