{"id":521,"date":"2023-02-27T22:50:39","date_gmt":"2023-02-27T22:50:39","guid":{"rendered":"https:\/\/ee2.put.poznan.pl\/?page_id=521"},"modified":"2025-10-05T06:41:53","modified_gmt":"2025-10-05T06:41:53","slug":"rok-akademicki","status":"publish","type":"page","link":"http:\/\/ee2.put.poznan.pl\/index.php\/student\/rok-akademicki\/","title":{"rendered":"Bie\u017c\u0105cy semestr"},"content":{"rendered":"\t\t<div data-elementor-type=\"wp-page\" data-elementor-id=\"521\" class=\"elementor elementor-521\">\n\t\t\t\t\t\t<section class=\"elementor-section elementor-top-section elementor-element elementor-element-a308b95 elementor-section-full_width elementor-section-height-default elementor-section-height-default\" data-id=\"a308b95\" data-element_type=\"section\" data-e-type=\"section\">\n\t\t\t\t\t\t<div class=\"elementor-container elementor-column-gap-default\">\n\t\t\t\t\t<div class=\"elementor-column elementor-col-50 elementor-top-column elementor-element elementor-element-27053d2\" data-id=\"27053d2\" data-element_type=\"column\" data-e-type=\"column\">\n\t\t\t<div class=\"elementor-widget-wrap elementor-element-populated\">\n\t\t\t\t\t\t<div class=\"elementor-element elementor-element-57dd19a elementor-widget elementor-widget-text-editor\" data-id=\"57dd19a\" data-element_type=\"widget\" data-e-type=\"widget\" data-widget_type=\"text-editor.default\">\n\t\t\t\t<div class=\"elementor-widget-container\">\n\t\t\t\t\t\t\t\t\t<h3><strong>Aktualnie: rok akademicki 2025\/2026, semestr zimowy<\/strong><\/h3>\n<p><a href=\"https:\/\/isie.put.poznan.pl\/plan-zajec\/inzynieria-srodowiska\" target=\"_blank\" rel=\"noopener\">LINK do strony Wydzia\u0142u In\u017cynierii \u015arodowiska i Energetyki z wykazem tygodni\/zjazd\u00f3w i z aktualnymi planami zaj\u0119\u0107<\/a><\/p>\n<h5><a href=\"https:\/\/isie.put.poznan.pl\/inzynieria-srodowiska-p\" target=\"_blank\" rel=\"noopener\">PLANY STUDI\u00d3W (LINK)<\/a><\/h5>\n<h5><a href=\"https:\/\/isie.put.poznan.pl\/plan-zajec\/inzynieria-srodowiska\" target=\"_blank\" rel=\"noopener\">PLANY ZAJ\u0118\u0106 (LINK)<\/a><\/h5>\t\t\t\t\t\t\t\t<\/div>\n\t\t\t\t<\/div>\n\t\t\t\t\t<\/div>\n\t\t<\/div>\n\t\t\t\t<div class=\"elementor-column elementor-col-50 elementor-top-column elementor-element elementor-element-aa11f8e\" data-id=\"aa11f8e\" data-element_type=\"column\" data-e-type=\"column\">\n\t\t\t<div class=\"elementor-widget-wrap elementor-element-populated\">\n\t\t\t\t\t\t<div class=\"elementor-element elementor-element-2a8722c elementor-widget elementor-widget-wp-widget-nav_menu\" data-id=\"2a8722c\" data-element_type=\"widget\" data-e-type=\"widget\" data-widget_type=\"wp-widget-nav_menu.default\">\n\t\t\t\t<div class=\"elementor-widget-container\">\n\t\t\t\t\t<div class=\"menu-menu-boczne-kandydat_student-container\"><ul id=\"menu-menu-boczne-kandydat_student\" class=\"menu\"><li id=\"menu-item-485\" class=\"menu-item menu-item-type-post_type menu-item-object-page menu-item-has-children menu-item-485\"><a href=\"http:\/\/ee2.put.poznan.pl\/index.php\/o-kierunku\/\">Kandydat<\/a>\n<ul class=\"sub-menu\">\n\t<li id=\"menu-item-501\" class=\"menu-item menu-item-type-post_type menu-item-object-page menu-item-501\"><a href=\"http:\/\/ee2.put.poznan.pl\/index.php\/o-kierunku\/\">O kierunku<\/a><\/li>\n\t<li id=\"menu-item-486\" class=\"menu-item menu-item-type-post_type menu-item-object-page menu-item-486\"><a href=\"http:\/\/ee2.put.poznan.pl\/index.php\/o-kierunku\/oferta_i_baza_dydaktyczna\/\">Oferta i baza dydaktyczna<\/a><\/li>\n\t<li id=\"menu-item-1363\" class=\"menu-item menu-item-type-post_type menu-item-object-page menu-item-1363\"><a href=\"http:\/\/ee2.put.poznan.pl\/index.php\/o-kierunku\/rekrutacja\/\">Rekrutacja<\/a><\/li>\n\t<li id=\"menu-item-2314\" class=\"menu-item menu-item-type-post_type menu-item-object-page menu-item-2314\"><a href=\"http:\/\/ee2.put.poznan.pl\/index.php\/o-kierunku\/studia-podyplomowe\/\">Studia podyplomowe<\/a><\/li>\n<\/ul>\n<\/li>\n<li id=\"menu-item-1634\" class=\"menu-item menu-item-type-post_type menu-item-object-page menu-item-has-children menu-item-1634\"><a href=\"http:\/\/ee2.put.poznan.pl\/index.php\/student\/rok-akademicki\/\">Student<\/a>\n<ul class=\"sub-menu\">\n\t<li id=\"menu-item-562\" class=\"menu-item menu-item-type-post_type menu-item-object-page menu-item-562\"><a href=\"http:\/\/ee2.put.poznan.pl\/index.php\/student\/rok-akademicki\/\">Bie\u017c\u0105cy semestr<\/a><\/li>\n\t<li id=\"menu-item-561\" class=\"menu-item menu-item-type-post_type menu-item-object-page menu-item-561\"><a href=\"http:\/\/ee2.put.poznan.pl\/index.php\/student\/organizacja-studiow\/\">Organizacja studi\u00f3w<\/a><\/li>\n\t<li id=\"menu-item-563\" class=\"menu-item menu-item-type-post_type menu-item-object-page menu-item-563\"><a href=\"http:\/\/ee2.put.poznan.pl\/index.php\/student\/strefa-socjalna\/\">Strefa socjalna<\/a><\/li>\n\t<li id=\"menu-item-560\" class=\"menu-item menu-item-type-post_type menu-item-object-page menu-item-560\"><a href=\"http:\/\/ee2.put.poznan.pl\/index.php\/student\/dodatkowe-aktywnosci\/\">Dodatkowe aktywno\u015bci<\/a><\/li>\n\t<li id=\"menu-item-1630\" class=\"menu-item menu-item-type-post_type menu-item-object-page menu-item-1630\"><a href=\"http:\/\/ee2.put.poznan.pl\/index.php\/student\/oferty-pracy-stazy-praktyk\/\">Oferty pracy, sta\u017cy, praktyk<\/a><\/li>\n<\/ul>\n<\/li>\n<\/ul><\/div>\t\t\t\t<\/div>\n\t\t\t\t<\/div>\n\t\t\t\t\t<\/div>\n\t\t<\/div>\n\t\t\t\t\t<\/div>\n\t\t<\/section>\n\t\t\t\t<\/div>\n\t\t","protected":false},"excerpt":{"rendered":"<p>Aktualnie: rok akademicki 2025\/2026, semestr zimowy LINK do strony Wydzia\u0142u In\u017cynierii \u015arodowiska i Energetyki z wykazem tygodni\/zjazd\u00f3w i z aktualnymi planami zaj\u0119\u0107 PLANY STUDI\u00d3W (LINK) PLANY ZAJ\u0118\u0106 (LINK)<\/p>\n","protected":false},"author":2,"featured_media":0,"parent":503,"menu_order":0,"comment_status":"closed","ping_status":"closed","template":"","meta":{"_monsterinsights_skip_tracking":false,"_monsterinsights_sitenote_active":false,"_monsterinsights_sitenote_note":"","_monsterinsights_sitenote_category":0,"footnotes":""},"class_list":["post-521","page","type-page","status-publish","hentry"],"_links":{"self":[{"href":"http:\/\/ee2.put.poznan.pl\/index.php\/wp-json\/wp\/v2\/pages\/521","targetHints":{"allow":["GET"]}}],"collection":[{"href":"http:\/\/ee2.put.poznan.pl\/index.php\/wp-json\/wp\/v2\/pages"}],"about":[{"href":"http:\/\/ee2.put.poznan.pl\/index.php\/wp-json\/wp\/v2\/types\/page"}],"author":[{"embeddable":true,"href":"http:\/\/ee2.put.poznan.pl\/index.php\/wp-json\/wp\/v2\/users\/2"}],"replies":[{"embeddable":true,"href":"http:\/\/ee2.put.poznan.pl\/index.php\/wp-json\/wp\/v2\/comments?post=521"}],"version-history":[{"count":138,"href":"http:\/\/ee2.put.poznan.pl\/index.php\/wp-json\/wp\/v2\/pages\/521\/revisions"}],"predecessor-version":[{"id":3265,"href":"http:\/\/ee2.put.poznan.pl\/index.php\/wp-json\/wp\/v2\/pages\/521\/revisions\/3265"}],"up":[{"embeddable":true,"href":"http:\/\/ee2.put.poznan.pl\/index.php\/wp-json\/wp\/v2\/pages\/503"}],"wp:attachment":[{"href":"http:\/\/ee2.put.poznan.pl\/index.php\/wp-json\/wp\/v2\/media?parent=521"}],"curies":[{"name":"wp","href":"https:\/\/api.w.org\/{rel}","templated":true}]}}