{"id":908,"date":"2023-08-17T18:44:38","date_gmt":"2023-08-17T18:44:38","guid":{"rendered":"http:\/\/ee2.put.poznan.pl\/?page_id=908"},"modified":"2024-12-29T15:26:59","modified_gmt":"2024-12-29T15:26:59","slug":"joanna-sinacka","status":"publish","type":"page","link":"http:\/\/ee2.put.poznan.pl\/index.php\/o-instytucie\/kadra\/joanna-sinacka\/","title":{"rendered":"dr in\u017c. Joanna Sinacka"},"content":{"rendered":"\t\t<div data-elementor-type=\"wp-page\" data-elementor-id=\"908\" class=\"elementor elementor-908\">\n\t\t\t\t\t\t<section class=\"elementor-section elementor-top-section elementor-element elementor-element-5e8cc58 elementor-section-boxed elementor-section-height-default elementor-section-height-default\" data-id=\"5e8cc58\" data-element_type=\"section\" data-e-type=\"section\">\n\t\t\t\t\t\t<div class=\"elementor-container elementor-column-gap-default\">\n\t\t\t\t\t<div class=\"elementor-column elementor-col-66 elementor-top-column elementor-element elementor-element-bb4730a\" data-id=\"bb4730a\" data-element_type=\"column\" data-e-type=\"column\">\n\t\t\t<div class=\"elementor-widget-wrap elementor-element-populated\">\n\t\t\t\t\t\t<div class=\"elementor-element elementor-element-071635c elementor-widget elementor-widget-text-editor\" data-id=\"071635c\" data-element_type=\"widget\" data-e-type=\"widget\" data-widget_type=\"text-editor.default\">\n\t\t\t\t<div class=\"elementor-widget-container\">\n\t\t\t\t\t\t\t\t\t<p>Zak\u0142ad Ogrzewnictwa, Klimatyzacji i Ochrony Powietrza<\/p>\n<p><\/p><p><\/p>\t\t\t\t\t\t\t\t<\/div>\n\t\t\t\t<\/div>\n\t\t\t\t<div class=\"elementor-element elementor-element-0181717 e-transform elementor-widget-divider--view-line elementor-invisible elementor-widget elementor-widget-divider\" data-id=\"0181717\" data-element_type=\"widget\" data-e-type=\"widget\" data-settings=\"{&quot;_animation&quot;:&quot;fadeInUp&quot;,&quot;_transform_scale_effect&quot;:{&quot;unit&quot;:&quot;px&quot;,&quot;size&quot;:&quot;&quot;,&quot;sizes&quot;:[]},&quot;_transform_scale_effect_tablet&quot;:{&quot;unit&quot;:&quot;px&quot;,&quot;size&quot;:&quot;&quot;,&quot;sizes&quot;:[]},&quot;_transform_scale_effect_mobile&quot;:{&quot;unit&quot;:&quot;px&quot;,&quot;size&quot;:&quot;&quot;,&quot;sizes&quot;:[]}}\" data-widget_type=\"divider.default\">\n\t\t\t\t<div class=\"elementor-widget-container\">\n\t\t\t\t\t\t\t<div class=\"elementor-divider\">\n\t\t\t<span class=\"elementor-divider-separator\">\n\t\t\t\t\t\t<\/span>\n\t\t<\/div>\n\t\t\t\t\t\t<\/div>\n\t\t\t\t<\/div>\n\t\t\t\t<div class=\"elementor-element elementor-element-5e124cb elementor-widget elementor-widget-text-editor\" data-id=\"5e124cb\" data-element_type=\"widget\" data-e-type=\"widget\" data-widget_type=\"text-editor.default\">\n\t\t\t\t<div class=\"elementor-widget-container\">\n\t\t\t\t\t\t\t\t\t<p>Profil w Systemie Informacji Naukowej PP: <a href=\"https:\/\/sin.put.poznan.pl\/people\/details\/joanna.sinacka\" target=\"_blank\" rel=\"noreferrer noopener\">Joanna Sinacka SIN<\/a><\/p><p>E-mail: <a href=\"mailto:joanna.sinacka@put.poznan.pl\">joanna.sinacka<\/a><a href=\"mailto:filip.pawlak@put.poznan.pl\">@put.poznan.pl<\/a><\/p><p style=\"font-style: normal; font-variant-ligatures: normal; font-variant-caps: normal; font-weight: 400; font-size: 15px; font-family: Roboto, sans-serif; text-indent: 0px;\">Pok\u00f3j: 201B budynek WTCH &#8211;\u00a0<a style=\"font-style: normal; font-variant-ligatures: normal; font-variant-caps: normal; font-weight: 400; font-size: 15px; font-family: Roboto, sans-serif; text-align: inherit;\" href=\"https:\/\/isie.put.poznan.pl\/sites\/default\/files\/2021-11\/Instytut%20In%C5%BCynierii%20%C5%9Arodowiska%20i%20Instalacji%20Budowlanych-konsultacje.pdf\" target=\"_blank\" rel=\"noreferrer noopener\">LINK<\/a><span style=\"font-style: normal; font-variant-ligatures: normal; font-variant-caps: normal; font-weight: 400; font-size: 15px; font-family: Roboto, sans-serif; color: var( --e-global-color-text ); text-align: inherit;\">\u00a0(<\/span><a style=\"font-style: normal; font-variant-ligatures: normal; font-variant-caps: normal; font-weight: 400; font-size: 15px; font-family: Roboto, sans-serif; text-align: inherit;\" href=\"https:\/\/isie.put.poznan.pl\/sites\/default\/files\/inline-files\/OZNACZENIA%20W%20PLANIE%20ZAJ%C4%98%C4%86.pdf\" target=\"_blank\" rel=\"noreferrer noopener\">mapa kampusu<\/a><span style=\"font-style: normal; font-variant-ligatures: normal; font-variant-caps: normal; font-weight: 400; font-size: 15px; font-family: Roboto, sans-serif; color: var( --e-global-color-text ); text-align: inherit;\">)<\/span><\/p><p style=\"font-style: normal; font-variant-ligatures: normal; font-variant-caps: normal; font-weight: 400; font-size: 15px; font-family: Roboto, sans-serif; text-indent: 0px;\">Konsultacje: &#8211;\u00a0<a style=\"font-style: normal; font-variant-ligatures: normal; font-variant-caps: normal; font-weight: 400; font-size: 15px; font-family: Roboto, sans-serif; text-align: inherit;\" href=\"http:\/\/ee2.put.poznan.pl\/wp-content\/uploads\/files\/IISiIB_PUT_konsultacje.pdf\" target=\"_blank\" rel=\"noopener\">LINK (wykaz konsultacji pracownik\u00f3w instytutu)<\/a><\/p>\t\t\t\t\t\t\t\t<\/div>\n\t\t\t\t<\/div>\n\t\t\t\t\t<\/div>\n\t\t<\/div>\n\t\t\t\t<div class=\"elementor-column elementor-col-33 elementor-top-column elementor-element elementor-element-b3e13fd\" data-id=\"b3e13fd\" data-element_type=\"column\" data-e-type=\"column\">\n\t\t\t<div class=\"elementor-widget-wrap elementor-element-populated\">\n\t\t\t\t\t\t<div class=\"elementor-element elementor-element-18e42be elementor-invisible elementor-widget elementor-widget-image\" data-id=\"18e42be\" data-element_type=\"widget\" data-e-type=\"widget\" data-settings=\"{&quot;_animation&quot;:&quot;fadeInUp&quot;}\" data-widget_type=\"image.default\">\n\t\t\t\t<div class=\"elementor-widget-container\">\n\t\t\t\t\t\t\t\t\t\t\t\t\t\t\t<img fetchpriority=\"high\" decoding=\"async\" width=\"227\" height=\"300\" src=\"http:\/\/ee2.put.poznan.pl\/wp-content\/uploads\/2024\/12\/joanna_sinacka-227x300.jpg\" class=\"elementor-animation-grow attachment-medium size-medium wp-image-2824\" alt=\"\" srcset=\"http:\/\/ee2.put.poznan.pl\/wp-content\/uploads\/2024\/12\/joanna_sinacka-227x300.jpg 227w, http:\/\/ee2.put.poznan.pl\/wp-content\/uploads\/2024\/12\/joanna_sinacka-774x1024.jpg 774w, http:\/\/ee2.put.poznan.pl\/wp-content\/uploads\/2024\/12\/joanna_sinacka-768x1016.jpg 768w, http:\/\/ee2.put.poznan.pl\/wp-content\/uploads\/2024\/12\/joanna_sinacka-1161x1536.jpg 1161w, http:\/\/ee2.put.poznan.pl\/wp-content\/uploads\/2024\/12\/joanna_sinacka-1548x2048.jpg 1548w, http:\/\/ee2.put.poznan.pl\/wp-content\/uploads\/2024\/12\/joanna_sinacka-151x200.jpg 151w, http:\/\/ee2.put.poznan.pl\/wp-content\/uploads\/2024\/12\/joanna_sinacka-scaled.jpg 1935w\" sizes=\"(max-width: 227px) 100vw, 227px\" \/>\t\t\t\t\t\t\t\t\t\t\t\t\t\t\t<\/div>\n\t\t\t\t<\/div>\n\t\t\t\t\t<\/div>\n\t\t<\/div>\n\t\t\t\t\t<\/div>\n\t\t<\/section>\n\t\t\t\t<section class=\"elementor-section elementor-top-section elementor-element elementor-element-84a7769 elementor-section-boxed elementor-section-height-default elementor-section-height-default\" data-id=\"84a7769\" data-element_type=\"section\" data-e-type=\"section\">\n\t\t\t\t\t\t<div class=\"elementor-container elementor-column-gap-default\">\n\t\t\t\t\t<div class=\"elementor-column elementor-col-100 elementor-top-column elementor-element elementor-element-5a51539\" data-id=\"5a51539\" data-element_type=\"column\" data-e-type=\"column\">\n\t\t\t<div class=\"elementor-widget-wrap elementor-element-populated\">\n\t\t\t\t\t\t<div class=\"elementor-element elementor-element-82442cb e-transform elementor-widget-divider--view-line elementor-invisible elementor-widget elementor-widget-divider\" data-id=\"82442cb\" data-element_type=\"widget\" data-e-type=\"widget\" data-settings=\"{&quot;_animation&quot;:&quot;fadeInUp&quot;,&quot;_transform_scale_effect&quot;:{&quot;unit&quot;:&quot;px&quot;,&quot;size&quot;:&quot;&quot;,&quot;sizes&quot;:[]},&quot;_transform_scale_effect_tablet&quot;:{&quot;unit&quot;:&quot;px&quot;,&quot;size&quot;:&quot;&quot;,&quot;sizes&quot;:[]},&quot;_transform_scale_effect_mobile&quot;:{&quot;unit&quot;:&quot;px&quot;,&quot;size&quot;:&quot;&quot;,&quot;sizes&quot;:[]}}\" data-widget_type=\"divider.default\">\n\t\t\t\t<div class=\"elementor-widget-container\">\n\t\t\t\t\t\t\t<div class=\"elementor-divider\">\n\t\t\t<span class=\"elementor-divider-separator\">\n\t\t\t\t\t\t<\/span>\n\t\t<\/div>\n\t\t\t\t\t\t<\/div>\n\t\t\t\t<\/div>\n\t\t\t\t<div class=\"elementor-element elementor-element-8e76f30 elementor-widget elementor-widget-text-editor\" data-id=\"8e76f30\" data-element_type=\"widget\" data-e-type=\"widget\" data-widget_type=\"text-editor.default\">\n\t\t\t\t<div class=\"elementor-widget-container\">\n\t\t\t\t\t\t\t\t\t<h6>Wykszta\u0142cenie<\/h6>\t\t\t\t\t\t\t\t<\/div>\n\t\t\t\t<\/div>\n\t\t\t\t<div class=\"elementor-element elementor-element-cae5a73 elementor-widget elementor-widget-text-editor\" data-id=\"cae5a73\" data-element_type=\"widget\" data-e-type=\"widget\" data-widget_type=\"text-editor.default\">\n\t\t\t\t<div class=\"elementor-widget-container\">\n\t\t\t\t\t\t\t\t\t<ul><li>10.2015 \u2013 06.2021<p>Politechnika Pozna\u0144ska, Wydzia\u0142 In\u017cynierii L\u0105dowej i Transportu, Studium doktoranckie \u201eBudownictwo a \u015brodowisko\u201d<\/p><p>Tytu\u0142 pracy doktorskiej:<strong> \u201eW\u0142a\u015bciwo\u015bci cieplne sufit\u00f3w grzewczo-ch\u0142odz\u0105cych <br \/>z wype\u0142nieniem materia\u0142em zmiennofazowym\u201d<\/strong><\/p><\/li><li>03.2014 \u2013 07.2015<p>Politechnika Pozna\u0144ska, Wydzia\u0142 Budownictwa i In\u017cynierii \u015arodowiska,<br \/>kierunek: In\u017cynieria \u015arodowiska, studia stacjonarne II stopnia, <br \/>specjalizacja: Zaopatrzenie w ciep\u0142o, klimatyzacja i ochrona powietrza<\/p><p>Temat pracy magisterskiej: <strong>\u201eBadanie parametr\u00f3w cieplnych powietrza w budynku pasywnym\u201d<\/strong><\/p><\/li><li>10.2010 \u2013 02.2014<p>Politechnika Pozna\u0144ska, Wydzia\u0142 Budownictwa i In\u017cynierii \u015arodowiska, <br \/>kierunek: In\u017cynieria \u015arodowiska, studia stacjonarne I stopnia<\/p>Temat pracy in\u017cynierskiej:<strong> \u201eWykorzystanie odnawialnych \u017ar\u00f3de\u0142 energii na potrzeby budynku biurowego\u201d<\/strong><\/li><\/ul>\t\t\t\t\t\t\t\t<\/div>\n\t\t\t\t<\/div>\n\t\t\t\t<div class=\"elementor-element elementor-element-ca96771 elementor-widget elementor-widget-text-editor\" data-id=\"ca96771\" data-element_type=\"widget\" data-e-type=\"widget\" data-widget_type=\"text-editor.default\">\n\t\t\t\t<div class=\"elementor-widget-container\">\n\t\t\t\t\t\t\t\t\t<h6>PROWADZONE ZAJ\u0118CIA DYDAKTYCZNE<\/h6>\t\t\t\t\t\t\t\t<\/div>\n\t\t\t\t<\/div>\n\t\t\t\t<div class=\"elementor-element elementor-element-1a3cbc3 elementor-widget elementor-widget-text-editor\" data-id=\"1a3cbc3\" data-element_type=\"widget\" data-e-type=\"widget\" data-widget_type=\"text-editor.default\">\n\t\t\t\t<div class=\"elementor-widget-container\">\n\t\t\t\t\t\t\t\t\t<ul><li>Sustainable building, laboratoria komputerowe- Budownictwo (Construction Engineering and Management) \/ 2 \/ S<\/li><li>Building Engineering, projekt &#8211; Budownictwo (Structural Engineering) \/ 2 \/ S<\/li><li>Budownictwo energooszcz\u0119dne, laboratoria komputerowe &#8211; In\u017cynieria \u015arodowiska\/ 2 \/ S<\/li><li>Budownictwo zr\u00f3wnowa\u017cone, wyk\u0142ad i projekt &#8211; Budownictwo (Sustainable Building Engineering) \/ 1 \/ S<\/li><li>Klimatyzacja z ch\u0142odnictwem, projekt &#8211; In\u017cynieria \u015arodowiska\/ 1 \/ S<\/li><li>Energy Efficient Buildings \u2013 ERASMUS+<\/li><\/ul>\t\t\t\t\t\t\t\t<\/div>\n\t\t\t\t<\/div>\n\t\t\t\t<div class=\"elementor-element elementor-element-661f476 elementor-widget elementor-widget-text-editor\" data-id=\"661f476\" data-element_type=\"widget\" data-e-type=\"widget\" data-widget_type=\"text-editor.default\">\n\t\t\t\t<div class=\"elementor-widget-container\">\n\t\t\t\t\t\t\t\t\t<h6>Wykaz najwa\u017cniejszych prac w dorobku naukowym<\/h6>\t\t\t\t\t\t\t\t<\/div>\n\t\t\t\t<\/div>\n\t\t\t\t<div class=\"elementor-element elementor-element-967871d elementor-widget elementor-widget-text-editor\" data-id=\"967871d\" data-element_type=\"widget\" data-e-type=\"widget\" data-widget_type=\"text-editor.default\">\n\t\t\t\t<div class=\"elementor-widget-container\">\n\t\t\t\t\t\t\t\t\t<ul>\n<li>Ratajczak K., Amanowicz \u0141, Pa\u0142aszy\u0144ska P., Pawlak F, <strong>Sinacka J.<\/strong>, Recent Achievements in Research on Thermal Comfort and Ventilation in the Aspect of Providing People with Appropriate Conditions in Different Types of Buildings &#8211; Semi-Systematic Review, Energies 16 (2023), iss. 17, pp. 6254-1-6254-55,<\/li>\n<li><strong>Sinacka J.<\/strong>, Mr\u00f3z T., Novel radiant heating and cooling panel with a monolithic aluminium structure and U-groove surface \u2013 Experimental investigation and numerical model, Applied Thermal Engineering 229 (2023), pp. 120611-1-120611-16<\/li>\n<li><strong>Sinacka J.,<\/strong>\u00a0E. Szczechowiak, An Experimental Study of a Thermally Activated Ceiling Containing Phase Change Material for Different Cooling Load Profiles, Energies 14 (2021),7363, pp. 1-16,\u00a0<\/li>\n<li><strong>Sinacka J.,<\/strong>\u00a0E. Szczechowiak, Stropy i sufity grzewczo-ch\u0142odz\u0105ce o du\u017cej pojemno\u015bci cieplnej, Materia\u0142y budowlane 1 (2019), pp. 54-56,\u00a0<\/li>\n<li><strong>Sinacka J.,<\/strong>\u00a0E. Szczechowiak, P. \u017babicka, Wp\u0142yw profilu u\u017cytkowania pomieszczenia na zapotrzebowanie na energi\u0119 do ogrzewania i ch\u0142odzenia w budynku ze stropami grzewczo- -ch\u0142odz\u0105cymi, Instal 10 (2019), pp. 34-37,\u00a0<\/li>\n<li><strong>Sinacka J.,<\/strong> Ratajczak, Analysis of selected input data impact on energy demand in office building &#8211; case study, MATEC Web of Conferences 222, 01015 (2018), pp. 1-8,\u00a0<\/li>\n<li><strong>Sinacka J.,<\/strong> Szczechowiak, Modelowanie przep\u0142ywu ciep\u0142a w budynku ze stropami i sufitami grzewczo-ch\u0142odz\u0105cymi, Ciep\u0142ownictwo, Ogrzewnictwo, Wentylacja, T, 49, nr 7 (2018), pp. 271-278,\u00a0<\/li>\n<li><strong>Sinacka J.,<\/strong> E, Szczechowiak, Analiza eksploatacyjna budynku pasywnego w aspekcie komfortu klimatycznego i zu\u017cycia energii, Ciep\u0142ownictwo, Ogrzewnictwo, Wentylacja 48, 12 (2017), pp. 497-504,\u00a0<\/li>\n<li>Jaskulska R., <strong> Jaskulska<\/strong>, Efficiency of old and young shelterbelts in reducing the contents of nutrients in Luvisols Agriculture, Ecosystems and Environment 240 (2017), pp. 269-275<\/li>\n<li>Filipiak M., <strong> Jaskulska, <\/strong>Zastosowanie materia\u0142\u00f3w zmiennofazowych w wybranych energooszcz\u0119dnych uk\u0142adach HVAC w: Budownictwo a \u015brodowisko: projektowanie i modernizacja obiekt\u00f3w budowlanych, praca zbiorowa pod red, Zbigniew Bromberek, Wydawnictwo Zarz\u0105du oddzia\u0142u PZITB w Poznaniu (2017) \u2013 pp. 177-190\u00a0<\/li>\n<li><strong>Jaskulska J.,<\/strong> B, Radomski, I. Rze\u017anik, A. Figielek, Analiza parametr\u00f3w budynku dostosowanego do standardu pasywnego wed\u0142ug kryteri\u00f3w Passive House Institute, Rynek Instalacyjny 1-2 (2016), pp. 50-56,\u00a0<\/li>\n<li>Radomski B., <strong> Jaskulska<\/strong>, Integracja system\u00f3w wentylacyjnych i grzewczo-ch\u0142odz\u0105cych dla budynk\u00f3w pasywnych jednorodzinnych, Rynek Instalacyjny 11 (2016), pp. 51-56,\u00a0<\/li>\n<\/ul>\n<p>(stan na 2022)<\/p>\t\t\t\t\t\t\t\t<\/div>\n\t\t\t\t<\/div>\n\t\t\t\t<div class=\"elementor-element elementor-element-cf9449f elementor-widget elementor-widget-text-editor\" data-id=\"cf9449f\" data-element_type=\"widget\" data-e-type=\"widget\" data-widget_type=\"text-editor.default\">\n\t\t\t\t<div class=\"elementor-widget-container\">\n\t\t\t\t\t\t\t\t\t<h6>dzia\u0142alno\u015b\u0107 organizacyjna\u00a0<\/h6>\t\t\t\t\t\t\t\t<\/div>\n\t\t\t\t<\/div>\n\t\t\t\t<div class=\"elementor-element elementor-element-69c8b93 elementor-widget elementor-widget-text-editor\" data-id=\"69c8b93\" data-element_type=\"widget\" data-e-type=\"widget\" data-widget_type=\"text-editor.default\">\n\t\t\t\t<div class=\"elementor-widget-container\">\n\t\t\t\t\t\t\t\t\t<ul><li>2022 &#8211; Przewodnicz\u0105ca zespo\u0142u ds. promocji Instytutu In\u017cynierii \u015arodowiska i Instalacji Budowlanych<\/li><li>2021 &#8211; Sekretarz Wydzia\u0142owej Komisji Wyborczej (kadencja 2020 \u2013 2024)<\/li><li>2020 &#8211; Prowadzenie zaj\u0119\u0107 i opracowanie materia\u0142\u00f3w dydaktycznych w ramach projektu \u201eUczelnia zintegrowana na przysz\u0142o\u015b\u0107\u201d<\/li><li>2016-2020 &#8211; Cz\u0142onek Uczelnianego Samorz\u0105du Doktorant\u00f3w Politechniki Pozna\u0144skiej<\/li><li>2016-2020 &#8211; Cz\u0142onek Wydzia\u0142owego Samorz\u0105du Doktorant\u00f3w Wydzia\u0142u Budownictwa i\u00a0In\u017cynierii \u015arodowiska, Politechniki Pozna\u0144skiej<\/li><li>2017 &#8211; Prowadzenie zaj\u0119\u0107 teoretycznych i praktycznych dla technikum budowlanego w ramach projektu \u201eZmieniasz swoj\u0105 przysz\u0142o\u015b\u0107 si\u0119gaj\u0105c po nowe\u201d<\/li><li>2016, 2018 &#8211; Cz\u0142onek Komitetu Organizacyjnego Og\u00f3lnopolskiej Studenckiej Konferencji Budowlanej Budmika<\/li><li>2015, 2017 &#8211; Organizacja i prowadzenie warsztat\u00f3w podczas Dnia Budownictwa Pasywnego i\u00a0Energooszcz\u0119dnego\u00a0<\/li><\/ul>\t\t\t\t\t\t\t\t<\/div>\n\t\t\t\t<\/div>\n\t\t\t\t<div class=\"elementor-element elementor-element-7fc5a2c elementor-widget elementor-widget-text-editor\" data-id=\"7fc5a2c\" data-element_type=\"widget\" data-e-type=\"widget\" data-widget_type=\"text-editor.default\">\n\t\t\t\t<div class=\"elementor-widget-container\">\n\t\t\t\t\t\t\t\t\t<h6>Szkolenia, uprawnienia i licencje<\/h6>\t\t\t\t\t\t\t\t<\/div>\n\t\t\t\t<\/div>\n\t\t\t\t<div class=\"elementor-element elementor-element-83a290e elementor-widget elementor-widget-text-editor\" data-id=\"83a290e\" data-element_type=\"widget\" data-e-type=\"widget\" data-widget_type=\"text-editor.default\">\n\t\t\t\t<div class=\"elementor-widget-container\">\n\t\t\t\t\t\t\t\t\t<ul><li>II Letniej Szko\u0142y Energetyki 2019: \u201eModelowania komputerowego zagadnie\u0144 cieplno-przep\u0142ywowych z wykorzystaniem pakietu ANSYS CFD\u201d, Krak\u00f3w<\/li><li>Kurs w ramach projektu NAWA \u201eEnglish Medium Instruction (EMI)\u201d, Pozna\u0144, 2019<\/li><li>\u201cThe TRNSYS GURU E-Learning Series\u201d, 2017<\/li><li>\u201c<em>Building Integrated Solar Systems\u201d (<\/em>BISS), COST Action: TU 1205, Third Training School, Warszawa, 2016<\/li><\/ul>\t\t\t\t\t\t\t\t<\/div>\n\t\t\t\t<\/div>\n\t\t\t\t<div class=\"elementor-element elementor-element-a737a80 elementor-widget elementor-widget-text-editor\" data-id=\"a737a80\" data-element_type=\"widget\" data-e-type=\"widget\" data-widget_type=\"text-editor.default\">\n\t\t\t\t<div class=\"elementor-widget-container\">\n\t\t\t\t\t\t\t\t\t<h6>NAGRODY I WYR\u00d3\u017bNIENIA<\/h6>\t\t\t\t\t\t\t\t<\/div>\n\t\t\t\t<\/div>\n\t\t\t\t<div class=\"elementor-element elementor-element-bff978e elementor-widget elementor-widget-text-editor\" data-id=\"bff978e\" data-element_type=\"widget\" data-e-type=\"widget\" data-widget_type=\"text-editor.default\">\n\t\t\t\t<div class=\"elementor-widget-container\">\n\t\t\t\t\t\t\t\t\t<ul><li>List gratulacyjny Dziekana Wydzia\u0142u Budownictwa i In\u017cynierii \u015arodowiska dla wyr\u00f3\u017cniaj\u0105cego si\u0119 nauczyciela akademickiego, 2019r.\u00a0<\/li><li>Wyr\u00f3\u017cnienie za rozpraw\u0119 doktorsk\u0105: W\u0142a\u015bciwo\u015bci cieplne sufit\u00f3w grzewczo-ch\u0142odz\u0105cych z\u00a0wype\u0142nieniem materia\u0142em zmiennofazowym, przyznane przez RD I\u015aGiE PP w dn. 11 \/ 06 \/ 2021<\/li><\/ul>\t\t\t\t\t\t\t\t<\/div>\n\t\t\t\t<\/div>\n\t\t\t\t<div class=\"elementor-element elementor-element-71259cd elementor-widget elementor-widget-text-editor\" data-id=\"71259cd\" data-element_type=\"widget\" data-e-type=\"widget\" data-widget_type=\"text-editor.default\">\n\t\t\t\t<div class=\"elementor-widget-container\">\n\t\t\t\t\t\t\t\t\t<h6>WSP\u00d3\u0141PRACA Z OTOCZENIEM SPO\u0141ECZNO-GOSPODARCZYM (WYBRANE)<\/h6>\t\t\t\t\t\t\t\t<\/div>\n\t\t\t\t<\/div>\n\t\t\t\t<div class=\"elementor-element elementor-element-a271aed elementor-widget elementor-widget-text-editor\" data-id=\"a271aed\" data-element_type=\"widget\" data-e-type=\"widget\" data-widget_type=\"text-editor.default\">\n\t\t\t\t<div class=\"elementor-widget-container\">\n\t\t\t\t\t\t\t\t\t<ul><li><a href=\"https:\/\/sin.put.poznan.pl\/reports\/details\/r2755_2022\">Eksperymentalne wyznaczenie charakterystyki cieplno-przep\u0142ywowej nowego panelu w uk\u0142adzie sufitowym i \u015bciennym, <\/a>\/ Tomasz Mr\u00f3z (WI\u015aiE), Joanna Sinacka (WI\u015aiE), Grzegorz Matuszczak (WI\u015aiE), Adam Michalak (WI\u015aiE), Piotr Grz\u0105dzielewski (WI\u015aiE) \/\/ r2755_2022<\/li><li><a href=\"https:\/\/sin.put.poznan.pl\/reports\/details\/r545466_2018\">Badania specjalistyczne sprawdzaj\u0105ce w\u0142a\u015bciwo\u015bci termoregulacyjne tynku cementowo-wapiennego i gipsowego <\/a>\/ Edward Szczechowiak (WBiI\u015a), Rados\u0142aw G\u00f3rze\u0144ski (WBiI\u015a), Andrzej G\u00f3rka (WBiI\u015a), Mariusz Gaczek (WBiI\u015a), Karol Bandurski (WBiI\u015a), Joanna Sinacka (WBiI\u015a), Adam Michalak (WBiI\u015a) \/\/ r545466_2018, r545479_2018<\/li><\/ul>\t\t\t\t\t\t\t\t<\/div>\n\t\t\t\t<\/div>\n\t\t\t\t<div class=\"elementor-element elementor-element-0dfba1b elementor-widget elementor-widget-text-editor\" data-id=\"0dfba1b\" data-element_type=\"widget\" data-e-type=\"widget\" data-widget_type=\"text-editor.default\">\n\t\t\t\t<div class=\"elementor-widget-container\">\n\t\t\t\t\t\t\t\t\t<h6>ZAINTERESOWANIA<\/h6>\t\t\t\t\t\t\t\t<\/div>\n\t\t\t\t<\/div>\n\t\t\t\t<div class=\"elementor-element elementor-element-786393a elementor-widget elementor-widget-text-editor\" data-id=\"786393a\" data-element_type=\"widget\" data-e-type=\"widget\" data-widget_type=\"text-editor.default\">\n\t\t\t\t<div class=\"elementor-widget-container\">\n\t\t\t\t\t\t\t\t\t<p>Sieci neuronowe, turystyka g\u00f3rska, snowboard i jazda na nartach, podr\u00f3\u017ce<\/p>\t\t\t\t\t\t\t\t<\/div>\n\t\t\t\t<\/div>\n\t\t\t\t\t<\/div>\n\t\t<\/div>\n\t\t\t\t\t<\/div>\n\t\t<\/section>\n\t\t\t\t<\/div>\n\t\t","protected":false},"excerpt":{"rendered":"<p>Zak\u0142ad Ogrzewnictwa, Klimatyzacji i Ochrony Powietrza Profil w Systemie Informacji Naukowej PP: Joanna Sinacka SIN E-mail: joanna.sinacka@put.poznan.pl Pok\u00f3j: 201B budynek WTCH &#8211;\u00a0LINK\u00a0(mapa kampusu) Konsultacje: &#8211;\u00a0LINK (wykaz konsultacji pracownik\u00f3w instytutu) Wykszta\u0142cenie 10.2015 \u2013 06.2021 Politechnika Pozna\u0144ska, Wydzia\u0142 In\u017cynierii L\u0105dowej i Transportu, Studium doktoranckie \u201eBudownictwo a \u015brodowisko\u201d Tytu\u0142 pracy doktorskiej: \u201eW\u0142a\u015bciwo\u015bci cieplne &hellip;<\/p>\n","protected":false},"author":2,"featured_media":2824,"parent":214,"menu_order":0,"comment_status":"closed","ping_status":"closed","template":"","meta":{"_monsterinsights_skip_tracking":false,"_monsterinsights_sitenote_active":false,"_monsterinsights_sitenote_note":"","_monsterinsights_sitenote_category":0,"footnotes":""},"class_list":["post-908","page","type-page","status-publish","has-post-thumbnail","hentry"],"_links":{"self":[{"href":"http:\/\/ee2.put.poznan.pl\/index.php\/wp-json\/wp\/v2\/pages\/908","targetHints":{"allow":["GET"]}}],"collection":[{"href":"http:\/\/ee2.put.poznan.pl\/index.php\/wp-json\/wp\/v2\/pages"}],"about":[{"href":"http:\/\/ee2.put.poznan.pl\/index.php\/wp-json\/wp\/v2\/types\/page"}],"author":[{"embeddable":true,"href":"http:\/\/ee2.put.poznan.pl\/index.php\/wp-json\/wp\/v2\/users\/2"}],"replies":[{"embeddable":true,"href":"http:\/\/ee2.put.poznan.pl\/index.php\/wp-json\/wp\/v2\/comments?post=908"}],"version-history":[{"count":29,"href":"http:\/\/ee2.put.poznan.pl\/index.php\/wp-json\/wp\/v2\/pages\/908\/revisions"}],"predecessor-version":[{"id":2828,"href":"http:\/\/ee2.put.poznan.pl\/index.php\/wp-json\/wp\/v2\/pages\/908\/revisions\/2828"}],"up":[{"embeddable":true,"href":"http:\/\/ee2.put.poznan.pl\/index.php\/wp-json\/wp\/v2\/pages\/214"}],"wp:featuredmedia":[{"embeddable":true,"href":"http:\/\/ee2.put.poznan.pl\/index.php\/wp-json\/wp\/v2\/media\/2824"}],"wp:attachment":[{"href":"http:\/\/ee2.put.poznan.pl\/index.php\/wp-json\/wp\/v2\/media?parent=908"}],"curies":[{"name":"wp","href":"https:\/\/api.w.org\/{rel}","templated":true}]}}