{"id":1088,"date":"2023-12-29T17:49:26","date_gmt":"2023-12-29T17:49:26","guid":{"rendered":"https:\/\/ee2.put.poznan.pl\/?page_id=1088"},"modified":"2024-01-22T00:24:31","modified_gmt":"2024-01-22T00:24:31","slug":"wojciech-rzeznik","status":"publish","type":"page","link":"https:\/\/ee2.put.poznan.pl\/index.php\/o-instytucie\/kadra\/wojciech-rzeznik\/","title":{"rendered":"dr in\u017c. Wojciech Rze\u017anik"},"content":{"rendered":"\t\t<div data-elementor-type=\"wp-page\" data-elementor-id=\"1088\" class=\"elementor elementor-1088\">\n\t\t\t\t\t\t<section class=\"elementor-section elementor-top-section elementor-element elementor-element-07ddeb2 elementor-section-boxed elementor-section-height-default elementor-section-height-default\" data-id=\"07ddeb2\" data-element_type=\"section\">\n\t\t\t\t\t\t<div class=\"elementor-container elementor-column-gap-default\">\n\t\t\t\t\t<div class=\"elementor-column elementor-col-66 elementor-top-column elementor-element elementor-element-83d660c\" data-id=\"83d660c\" data-element_type=\"column\">\n\t\t\t<div class=\"elementor-widget-wrap elementor-element-populated\">\n\t\t\t\t\t\t<div class=\"elementor-element elementor-element-a221004 elementor-widget elementor-widget-text-editor\" data-id=\"a221004\" data-element_type=\"widget\" data-widget_type=\"text-editor.default\">\n\t\t\t\t<div class=\"elementor-widget-container\">\n\t\t\t\t\t\t\t\t\t<p>Zak\u0142ad Ogrzewnictwa, Klimatyzacji i Ochrony Powietrza<\/p>\n<p><\/p><p><\/p>\t\t\t\t\t\t\t\t<\/div>\n\t\t\t\t<\/div>\n\t\t\t\t<div class=\"elementor-element elementor-element-1f1cb27 e-transform elementor-widget-divider--view-line elementor-invisible elementor-widget elementor-widget-divider\" data-id=\"1f1cb27\" data-element_type=\"widget\" data-settings=\"{&quot;_animation&quot;:&quot;fadeInUp&quot;,&quot;_transform_scale_effect&quot;:{&quot;unit&quot;:&quot;px&quot;,&quot;size&quot;:&quot;&quot;,&quot;sizes&quot;:[]},&quot;_transform_scale_effect_tablet&quot;:{&quot;unit&quot;:&quot;px&quot;,&quot;size&quot;:&quot;&quot;,&quot;sizes&quot;:[]},&quot;_transform_scale_effect_mobile&quot;:{&quot;unit&quot;:&quot;px&quot;,&quot;size&quot;:&quot;&quot;,&quot;sizes&quot;:[]}}\" data-widget_type=\"divider.default\">\n\t\t\t\t<div class=\"elementor-widget-container\">\n\t\t\t\t\t\t\t<div class=\"elementor-divider\">\n\t\t\t<span class=\"elementor-divider-separator\">\n\t\t\t\t\t\t<\/span>\n\t\t<\/div>\n\t\t\t\t\t\t<\/div>\n\t\t\t\t<\/div>\n\t\t\t\t<div class=\"elementor-element elementor-element-0d745b6 elementor-widget elementor-widget-text-editor\" data-id=\"0d745b6\" data-element_type=\"widget\" data-widget_type=\"text-editor.default\">\n\t\t\t\t<div class=\"elementor-widget-container\">\n\t\t\t\t\t\t\t\t\t<p>Profil w Systemie Informacji Naukowej PP: <a href=\"https:\/\/sin.put.poznan.pl\/people\/details\/wojciech.rzeznik\" target=\"_blank\" rel=\"noreferrer noopener\">Wojciech Rze\u017anik SIN<\/a><\/p><p>E-mail: <a href=\"mailto:wojciech.rzeznik@put.poznan.pl\">wojciech.rzeznik@put.poznan.pl<\/a><\/p><p style=\"font-style: normal;font-weight: 400;font-size: 15px;font-family: Roboto, sans-serif;text-indent: 0px\">Pok\u00f3j: 219B budynek WTCH &#8211;\u00a0<a style=\"font-style: normal;font-weight: 400;font-size: 15px;font-family: Roboto, sans-serif;text-align: inherit\" href=\"https:\/\/isie.put.poznan.pl\/sites\/default\/files\/2021-11\/Instytut%20In%C5%BCynierii%20%C5%9Arodowiska%20i%20Instalacji%20Budowlanych-konsultacje.pdf\" target=\"_blank\" rel=\"noreferrer noopener\">LINK<\/a><span style=\"font-style: normal;font-weight: 400;font-size: 15px;font-family: Roboto, sans-serif;color: var( --e-global-color-text );text-align: inherit\">\u00a0(<\/span><a style=\"font-style: normal;font-weight: 400;font-size: 15px;font-family: Roboto, sans-serif;text-align: inherit\" href=\"https:\/\/isie.put.poznan.pl\/sites\/default\/files\/inline-files\/OZNACZENIA%20W%20PLANIE%20ZAJ%C4%98%C4%86.pdf\" target=\"_blank\" rel=\"noreferrer noopener\">mapa kampusu<\/a><span style=\"font-style: normal;font-weight: 400;font-size: 15px;font-family: Roboto, sans-serif;color: var( --e-global-color-text );text-align: inherit\">)<\/span><\/p><p style=\"font-style: normal;font-weight: 400;font-size: 15px;font-family: Roboto, sans-serif;text-indent: 0px\">Konsultacje: &#8211;\u00a0<a style=\"font-style: normal;font-weight: 400;font-size: 15px;font-family: Roboto, sans-serif;text-align: inherit\" href=\"http:\/\/ee2.put.poznan.pl\/wp-content\/uploads\/files\/IISiIB_PUT_konsultacje.pdf\" target=\"_blank\" rel=\"noopener\">LINK (wykaz konsultacji pracownik\u00f3w instytutu)<\/a><\/p>\t\t\t\t\t\t\t\t<\/div>\n\t\t\t\t<\/div>\n\t\t\t\t\t<\/div>\n\t\t<\/div>\n\t\t\t\t<div class=\"elementor-column elementor-col-33 elementor-top-column elementor-element elementor-element-0e27943\" data-id=\"0e27943\" data-element_type=\"column\">\n\t\t\t<div class=\"elementor-widget-wrap elementor-element-populated\">\n\t\t\t\t\t\t\t<\/div>\n\t\t<\/div>\n\t\t\t\t\t<\/div>\n\t\t<\/section>\n\t\t\t\t<section class=\"elementor-section elementor-top-section elementor-element elementor-element-69141bd elementor-section-boxed elementor-section-height-default elementor-section-height-default\" data-id=\"69141bd\" data-element_type=\"section\">\n\t\t\t\t\t\t<div class=\"elementor-container elementor-column-gap-default\">\n\t\t\t\t\t<div class=\"elementor-column elementor-col-100 elementor-top-column elementor-element elementor-element-8ce1f9f\" data-id=\"8ce1f9f\" data-element_type=\"column\">\n\t\t\t<div class=\"elementor-widget-wrap elementor-element-populated\">\n\t\t\t\t\t\t<div class=\"elementor-element elementor-element-2b02119 e-transform elementor-widget-divider--view-line elementor-invisible elementor-widget elementor-widget-divider\" data-id=\"2b02119\" data-element_type=\"widget\" data-settings=\"{&quot;_animation&quot;:&quot;fadeInUp&quot;,&quot;_transform_scale_effect&quot;:{&quot;unit&quot;:&quot;px&quot;,&quot;size&quot;:&quot;&quot;,&quot;sizes&quot;:[]},&quot;_transform_scale_effect_tablet&quot;:{&quot;unit&quot;:&quot;px&quot;,&quot;size&quot;:&quot;&quot;,&quot;sizes&quot;:[]},&quot;_transform_scale_effect_mobile&quot;:{&quot;unit&quot;:&quot;px&quot;,&quot;size&quot;:&quot;&quot;,&quot;sizes&quot;:[]}}\" data-widget_type=\"divider.default\">\n\t\t\t\t<div class=\"elementor-widget-container\">\n\t\t\t\t\t\t\t<div class=\"elementor-divider\">\n\t\t\t<span class=\"elementor-divider-separator\">\n\t\t\t\t\t\t<\/span>\n\t\t<\/div>\n\t\t\t\t\t\t<\/div>\n\t\t\t\t<\/div>\n\t\t\t\t<div class=\"elementor-element elementor-element-b76f1a2 elementor-widget elementor-widget-text-editor\" data-id=\"b76f1a2\" data-element_type=\"widget\" data-widget_type=\"text-editor.default\">\n\t\t\t\t<div class=\"elementor-widget-container\">\n\t\t\t\t\t\t\t\t\t<h6>Informacje Og\u00f3lne<\/h6>\t\t\t\t\t\t\t\t<\/div>\n\t\t\t\t<\/div>\n\t\t\t\t<div class=\"elementor-element elementor-element-76f0afd elementor-widget elementor-widget-text-editor\" data-id=\"76f0afd\" data-element_type=\"widget\" data-widget_type=\"text-editor.default\">\n\t\t\t\t<div class=\"elementor-widget-container\">\n\t\t\t\t\t\t\t\t\t<p>Dr in\u017c. Wojciech Rze\u017anik (ur. 1977 r.), adiunkt w Instytucie In\u017cynierii \u015arodowiska i Instalacji Budowlanych Politechniki Pozna\u0144skiej. Autor rozprawy doktorskiej \u201eOdzysk ciep\u0142a z budynku inwentarskiego\u201d. Poza tym autor oraz wsp\u00f3\u0142autor ponad 40 recenzowanych publikacji i wielu popularno-naukowych dotycz\u0105cych ochrony \u015brodowiska, emisji zanieczyszcze\u0144 gazowych do atmosfery, odorymertii oraz technik ograniczanie emisji zanieczyszcze\u0144 powietrza.<\/p>\n<p><\/p>\t\t\t\t\t\t\t\t<\/div>\n\t\t\t\t<\/div>\n\t\t\t\t<div class=\"elementor-element elementor-element-3a1d2e9 elementor-widget elementor-widget-text-editor\" data-id=\"3a1d2e9\" data-element_type=\"widget\" data-widget_type=\"text-editor.default\">\n\t\t\t\t<div class=\"elementor-widget-container\">\n\t\t\t\t\t\t\t\t\t<h6>PROWADZONE ZAJ\u0118CIA DYDAKTYCZNE<\/h6>\t\t\t\t\t\t\t\t<\/div>\n\t\t\t\t<\/div>\n\t\t\t\t<div class=\"elementor-element elementor-element-f8c8402 elementor-widget elementor-widget-text-editor\" data-id=\"f8c8402\" data-element_type=\"widget\" data-widget_type=\"text-editor.default\">\n\t\t\t\t<div class=\"elementor-widget-container\">\n\t\t\t\t\t\t\t\t\t<ul><li>In\u017cynieria Ochrony Atmosfery<\/li><li>Systemy Ochrony Powietrza<\/li><li>Ochrona \u015arodowiska w Energetyce<\/li><\/ul>\t\t\t\t\t\t\t\t<\/div>\n\t\t\t\t<\/div>\n\t\t\t\t<div class=\"elementor-element elementor-element-bcd5f6f elementor-widget elementor-widget-text-editor\" data-id=\"bcd5f6f\" data-element_type=\"widget\" data-widget_type=\"text-editor.default\">\n\t\t\t\t<div class=\"elementor-widget-container\">\n\t\t\t\t\t\t\t\t\t<h6>Charakterystyka dorobku naukowego i najwa\u017cniejsze prace<\/h6>\t\t\t\t\t\t\t\t<\/div>\n\t\t\t\t<\/div>\n\t\t\t\t<div class=\"elementor-element elementor-element-fb72f97 elementor-widget elementor-widget-text-editor\" data-id=\"fb72f97\" data-element_type=\"widget\" data-widget_type=\"text-editor.default\">\n\t\t\t\t<div class=\"elementor-widget-container\">\n\t\t\t\t\t\t\t\t\t<ul><li>Rze\u017anik W., Rze\u017anik I., Hara P.\u00a0 Comparison of Real and Forecasted Domestic Hot Water Consumption and Demand for Heat Power in Multifamily Buildings, in Poland. Energies, 2022, 15(19), s. 6871-1-6871-17.<\/li><li>Rze\u017anik W., Mielcarek-Boche\u0144ska P. Odour Emissions from Livestock Buildings. Atmosphere, 2022,\u00a0 13,(2), s. 254-1-254-15.<\/li><li>Mielcarek-Boche\u0144ska P., Rze\u017anik W. Odors and ammonia emission from a mechanically ventilated fattening piggery on deep litter in Poland. Archives of Environmental Protection, 2022,\u00a0 48 (2), s. 86-94.<\/li><li>Mielcarek-Boche\u0144ska P., Rze\u017anik W. Greenhouse Gas Emissions from Agriculture in EU Countries &#8211; State and Perspectives, Atmosphere, 2021, 12(11),\u00a0 s. 1396-1-1396-18.<\/li><li>Rze\u017anik W., Mielcarek-Boche\u0144ska P. Effect of the Slurry Application Method on Odour Emissions: A Pilot Study. Polish Journal of Environmental Studies, 2020,\u00a0 29(2), s. 1503-1509.<\/li><li>Rze\u017anik W., Mielcarek P. Agricultural biogas plants in Poland. 17th International Scientific Conference Engineering for Rural Developments. Jelgava, \u0141otwa, 23.-25.05.2018.S.1760-1765<\/li><li>Golimowski W., Berger W.A., Pasyniuk P., Rze\u017anik W., Czechlowski M., Koniuszy A. Biofuel parameter dependence on waste fats\u2019 fatty acids profile. Fuel, 2017, 197, s.482-487<\/li><li>Rze\u017anik W., Mielcarek P., Rze\u017anik I. Assessment of energetic potential cherry stones in Poland \/ Wojciech Rze\u017anik, Paulina Mielcarek, Ilona Rze\u017anik , Journal of Research and Applications in Agricultural Engineering, 2016, 61(1), s. 84-87.<\/li><li>Mielcarek P., Rze\u017anik W. Odor Emission Factors from Livestock Production, Polish Journal of Environmental Studies, 2015,\u00a0 24(1), s. 27-35.<\/li><li>Rze\u017anik W., Mielcarek P., Jugowar J. L. The Emission of Odor from Livestock Buildings for Dairy Cattle in Poland. <a href=\"https:\/\/www.researchgate.net\/journal\/Applied-Engineering-in-Agriculture-1943-7838\">Applied Engineering in Agriculture<\/a>, 2014, 30(6), s. 961-970<br \/>(stan na 2022r.)<\/li><\/ul>\t\t\t\t\t\t\t\t<\/div>\n\t\t\t\t<\/div>\n\t\t\t\t<div class=\"elementor-element elementor-element-5e8d7c3 elementor-widget elementor-widget-text-editor\" data-id=\"5e8d7c3\" data-element_type=\"widget\" data-widget_type=\"text-editor.default\">\n\t\t\t\t<div class=\"elementor-widget-container\">\n\t\t\t\t\t\t\t\t\t<h6>dzia\u0142alno\u015b\u0107 organizacyjna\u00a0<\/h6>\t\t\t\t\t\t\t\t<\/div>\n\t\t\t\t<\/div>\n\t\t\t\t<div class=\"elementor-element elementor-element-c417ecc elementor-widget elementor-widget-text-editor\" data-id=\"c417ecc\" data-element_type=\"widget\" data-widget_type=\"text-editor.default\">\n\t\t\t\t<div class=\"elementor-widget-container\">\n\t\t\t\t\t\t\t\t\t<ul><li>2019\/2022 &#8211; Cz\u0142onek Centralnej Komisji Rekrutacyjnej na studia stacjonarne II-go stopnia<\/li><\/ul>\t\t\t\t\t\t\t\t<\/div>\n\t\t\t\t<\/div>\n\t\t\t\t<div class=\"elementor-element elementor-element-a139054 elementor-widget elementor-widget-text-editor\" data-id=\"a139054\" data-element_type=\"widget\" data-widget_type=\"text-editor.default\">\n\t\t\t\t<div class=\"elementor-widget-container\">\n\t\t\t\t\t\t\t\t\t<h6>Szkolenia, uprawnienia i licencje<\/h6>\t\t\t\t\t\t\t\t<\/div>\n\t\t\t\t<\/div>\n\t\t\t\t<div class=\"elementor-element elementor-element-d5574fe elementor-widget elementor-widget-text-editor\" data-id=\"d5574fe\" data-element_type=\"widget\" data-widget_type=\"text-editor.default\">\n\t\t\t\t<div class=\"elementor-widget-container\">\n\t\t\t\t\t\t\t\t\t<ul><li>\u201e Pomiary i modelowanie emisji amoniaku i odor\u00f3w z produkcji zwierz\u0105cej\u201d, Bygholm, Dania<\/li><li>\u201e<a href=\"https:\/\/www.statsoft.pl\/Uslugi\/Kursy-i-szkolenia\/Programy-szkolen\/STATISTICA-kurs-podstawowy\">Statistica\u201d kurs podstawowy<\/a>, Krak\u00f3w, Polska<\/li><\/ul>\t\t\t\t\t\t\t\t<\/div>\n\t\t\t\t<\/div>\n\t\t\t\t<div class=\"elementor-element elementor-element-9f14b47 elementor-widget elementor-widget-text-editor\" data-id=\"9f14b47\" data-element_type=\"widget\" data-widget_type=\"text-editor.default\">\n\t\t\t\t<div class=\"elementor-widget-container\">\n\t\t\t\t\t\t\t\t\t<h6>Projekty, granty i sta\u017ce naukowe<\/h6>\t\t\t\t\t\t\t\t<\/div>\n\t\t\t\t<\/div>\n\t\t\t\t<div class=\"elementor-element elementor-element-eea0517 elementor-widget elementor-widget-text-editor\" data-id=\"eea0517\" data-element_type=\"widget\" data-widget_type=\"text-editor.default\">\n\t\t\t\t<div class=\"elementor-widget-container\">\n\t\t\t\t\t\t\t\t\t<ul><li><span style=\"font-family: Roboto, sans-serif;font-size: 15px;font-style: normal;font-weight: 400\">Koordynator dzia\u0142ania WP4 w projekcie BIOGAS&amp;EE \u201eInterdyscyplinarne badania nad popraw\u0105 efektywno\u015bci energetycznej oraz zwi\u0119kszeniem udzia\u0142u odnawialnych \u017ar\u00f3de\u0142 energii w bilansie energetycznym polskiego rolnictwa\u201d, w latach 2015-2017.<\/span><\/li><li><span style=\"font-family: Roboto, sans-serif;font-size: 15px;font-style: normal;font-weight: 400\">Uczestnik mi\u0119dzynarodowych projekt\u00f3w dotycz\u0105cych energetyki odnawialnej:\u00a0<\/span><ul><li><span style=\"font-family: Roboto, sans-serif;font-size: 15px;font-style: normal;font-weight: 400\">Biosire \u201cBiofuels and Electric Propulsion Creating Sustainable Transport in Tourism Resorts\u201d,\u00a0<\/span><\/li><li><span style=\"font-family: Roboto, sans-serif;font-size: 15px;font-style: normal;font-weight: 400\">BioMotion \u201eBio fuels in Motion\u201d,<\/span><\/li><li><span style=\"font-family: Roboto, sans-serif;font-size: 15px;font-style: normal;font-weight: 400\">RAMseS \u201cRenewable Enargy Agricultural Multipurpose System For Farmers\u201d.<br \/><\/span><\/li><\/ul><\/li><\/ul>\t\t\t\t\t\t\t\t<\/div>\n\t\t\t\t<\/div>\n\t\t\t\t<div class=\"elementor-element elementor-element-39bc2de elementor-widget elementor-widget-text-editor\" data-id=\"39bc2de\" data-element_type=\"widget\" data-widget_type=\"text-editor.default\">\n\t\t\t\t<div class=\"elementor-widget-container\">\n\t\t\t\t\t\t\t\t\t<h6>NAGRODY I WYR\u00d3\u017bNIENIA<\/h6>\t\t\t\t\t\t\t\t<\/div>\n\t\t\t\t<\/div>\n\t\t\t\t<div class=\"elementor-element elementor-element-1c65268 elementor-widget elementor-widget-text-editor\" data-id=\"1c65268\" data-element_type=\"widget\" data-widget_type=\"text-editor.default\">\n\t\t\t\t<div class=\"elementor-widget-container\">\n\t\t\t\t\t\t\t\t\t<ul><li>Nagroda Rektora za osi\u0105gni\u0119cia naukowe w roku 2019\/2020<\/li><\/ul>\t\t\t\t\t\t\t\t<\/div>\n\t\t\t\t<\/div>\n\t\t\t\t<div class=\"elementor-element elementor-element-bc22f04 elementor-widget elementor-widget-text-editor\" data-id=\"bc22f04\" data-element_type=\"widget\" data-widget_type=\"text-editor.default\">\n\t\t\t\t<div class=\"elementor-widget-container\">\n\t\t\t\t\t\t\t\t\t<h6>Wsp\u00f3\u0142praca z otoczeniem spo\u0142eczno-gospodarczm<\/h6>\t\t\t\t\t\t\t\t<\/div>\n\t\t\t\t<\/div>\n\t\t\t\t<div class=\"elementor-element elementor-element-0f1ccdc elementor-widget elementor-widget-text-editor\" data-id=\"0f1ccdc\" data-element_type=\"widget\" data-widget_type=\"text-editor.default\">\n\t\t\t\t<div class=\"elementor-widget-container\">\n\t\t\t\t\t\t\t\t\t<ul>\n<li><span style=\"font-family: Roboto, sans-serif;font-size: 15px;font-style: normal;font-weight: 400\">W latach 2010-2014 cz\u0142onek Rady Naukowej Instytut Technologiczno-Przyrodniczy. Cz\u0142onek Polskiego Towarzystwa Techniki Rolniczej, w latach 2020-2023 cz\u0142onek zarz\u0105du PTIR Odzia\u0142 Pozna\u0144.&nbsp;<\/span><br><\/li>\n<\/ul>\t\t\t\t\t\t\t\t<\/div>\n\t\t\t\t<\/div>\n\t\t\t\t<div class=\"elementor-element elementor-element-2726f38 elementor-widget elementor-widget-text-editor\" data-id=\"2726f38\" data-element_type=\"widget\" data-widget_type=\"text-editor.default\">\n\t\t\t\t<div class=\"elementor-widget-container\">\n\t\t\t\t\t\t\t\t\t<h6>ZAINTERESOWANIA<\/h6>\t\t\t\t\t\t\t\t<\/div>\n\t\t\t\t<\/div>\n\t\t\t\t<div class=\"elementor-element elementor-element-92d1844 elementor-widget elementor-widget-text-editor\" data-id=\"92d1844\" data-element_type=\"widget\" data-widget_type=\"text-editor.default\">\n\t\t\t\t<div class=\"elementor-widget-container\">\n\t\t\t\t\t\t\t\t\t<p>Turystyka rowerowa i kajakowa, motoryzacja, majsterkowanie<\/p>\t\t\t\t\t\t\t\t<\/div>\n\t\t\t\t<\/div>\n\t\t\t\t\t<\/div>\n\t\t<\/div>\n\t\t\t\t\t<\/div>\n\t\t<\/section>\n\t\t\t\t<\/div>\n\t\t","protected":false},"excerpt":{"rendered":"<p>Zak\u0142ad Ogrzewnictwa, Klimatyzacji i Ochrony Powietrza Profil w Systemie Informacji Naukowej PP: Wojciech Rze\u017anik SIN E-mail: wojciech.rzeznik@put.poznan.pl Pok\u00f3j: 219B budynek WTCH &#8211;\u00a0LINK\u00a0(mapa kampusu) Konsultacje: &#8211;\u00a0LINK (wykaz konsultacji pracownik\u00f3w instytutu) Informacje Og\u00f3lne Dr in\u017c. Wojciech Rze\u017anik (ur. 1977 r.), adiunkt w Instytucie In\u017cynierii \u015arodowiska i Instalacji Budowlanych Politechniki Pozna\u0144skiej. Autor rozprawy &hellip;<\/p>\n","protected":false},"author":2,"featured_media":0,"parent":214,"menu_order":0,"comment_status":"closed","ping_status":"closed","template":"","meta":{"_monsterinsights_skip_tracking":false,"_monsterinsights_sitenote_active":false,"_monsterinsights_sitenote_note":"","_monsterinsights_sitenote_category":0,"footnotes":""},"class_list":["post-1088","page","type-page","status-publish","hentry"],"_links":{"self":[{"href":"https:\/\/ee2.put.poznan.pl\/index.php\/wp-json\/wp\/v2\/pages\/1088","targetHints":{"allow":["GET"]}}],"collection":[{"href":"https:\/\/ee2.put.poznan.pl\/index.php\/wp-json\/wp\/v2\/pages"}],"about":[{"href":"https:\/\/ee2.put.poznan.pl\/index.php\/wp-json\/wp\/v2\/types\/page"}],"author":[{"embeddable":true,"href":"https:\/\/ee2.put.poznan.pl\/index.php\/wp-json\/wp\/v2\/users\/2"}],"replies":[{"embeddable":true,"href":"https:\/\/ee2.put.poznan.pl\/index.php\/wp-json\/wp\/v2\/comments?post=1088"}],"version-history":[{"count":7,"href":"https:\/\/ee2.put.poznan.pl\/index.php\/wp-json\/wp\/v2\/pages\/1088\/revisions"}],"predecessor-version":[{"id":1239,"href":"https:\/\/ee2.put.poznan.pl\/index.php\/wp-json\/wp\/v2\/pages\/1088\/revisions\/1239"}],"up":[{"embeddable":true,"href":"https:\/\/ee2.put.poznan.pl\/index.php\/wp-json\/wp\/v2\/pages\/214"}],"wp:attachment":[{"href":"https:\/\/ee2.put.poznan.pl\/index.php\/wp-json\/wp\/v2\/media?parent=1088"}],"curies":[{"name":"wp","href":"https:\/\/api.w.org\/{rel}","templated":true}]}}