{"id":1095,"date":"2023-12-29T17:59:10","date_gmt":"2023-12-29T17:59:10","guid":{"rendered":"https:\/\/ee2.put.poznan.pl\/?page_id=1095"},"modified":"2024-05-17T18:12:59","modified_gmt":"2024-05-17T18:12:59","slug":"tomasz-mroz","status":"publish","type":"page","link":"https:\/\/ee2.put.poznan.pl\/index.php\/o-instytucie\/kadra\/tomasz-mroz\/","title":{"rendered":"prof. dr hab. in\u017c. Tomasz Mr\u00f3z"},"content":{"rendered":"\t\t<div data-elementor-type=\"wp-page\" data-elementor-id=\"1095\" class=\"elementor elementor-1095\">\n\t\t\t\t\t\t<section class=\"elementor-section elementor-top-section elementor-element elementor-element-0b97576 elementor-section-boxed elementor-section-height-default elementor-section-height-default\" data-id=\"0b97576\" data-element_type=\"section\">\n\t\t\t\t\t\t<div class=\"elementor-container elementor-column-gap-default\">\n\t\t\t\t\t<div class=\"elementor-column elementor-col-66 elementor-top-column elementor-element elementor-element-bedf113\" data-id=\"bedf113\" data-element_type=\"column\">\n\t\t\t<div class=\"elementor-widget-wrap elementor-element-populated\">\n\t\t\t\t\t\t<div class=\"elementor-element elementor-element-08b0637 elementor-widget elementor-widget-text-editor\" data-id=\"08b0637\" data-element_type=\"widget\" data-widget_type=\"text-editor.default\">\n\t\t\t\t<div class=\"elementor-widget-container\">\n\t\t\t\t\t\t\t\t\t<p>Zak\u0142ad Ogrzewnictwa, Klimatyzacji i Ochrony Powietrza<\/p>\n<p><\/p><p><\/p>\t\t\t\t\t\t\t\t<\/div>\n\t\t\t\t<\/div>\n\t\t\t\t<div class=\"elementor-element elementor-element-1b907f5 e-transform elementor-widget-divider--view-line elementor-invisible elementor-widget elementor-widget-divider\" data-id=\"1b907f5\" data-element_type=\"widget\" data-settings=\"{&quot;_animation&quot;:&quot;fadeInUp&quot;,&quot;_transform_scale_effect&quot;:{&quot;unit&quot;:&quot;px&quot;,&quot;size&quot;:&quot;&quot;,&quot;sizes&quot;:[]},&quot;_transform_scale_effect_tablet&quot;:{&quot;unit&quot;:&quot;px&quot;,&quot;size&quot;:&quot;&quot;,&quot;sizes&quot;:[]},&quot;_transform_scale_effect_mobile&quot;:{&quot;unit&quot;:&quot;px&quot;,&quot;size&quot;:&quot;&quot;,&quot;sizes&quot;:[]}}\" data-widget_type=\"divider.default\">\n\t\t\t\t<div class=\"elementor-widget-container\">\n\t\t\t\t\t\t\t<div class=\"elementor-divider\">\n\t\t\t<span class=\"elementor-divider-separator\">\n\t\t\t\t\t\t<\/span>\n\t\t<\/div>\n\t\t\t\t\t\t<\/div>\n\t\t\t\t<\/div>\n\t\t\t\t<div class=\"elementor-element elementor-element-25e6de6 elementor-widget elementor-widget-text-editor\" data-id=\"25e6de6\" data-element_type=\"widget\" data-widget_type=\"text-editor.default\">\n\t\t\t\t<div class=\"elementor-widget-container\">\n\t\t\t\t\t\t\t\t\t<p>Profil w Systemie Informacji Naukowej PP: <a href=\"https:\/\/sin.put.poznan.pl\/people\/details\/tomasz.mroz\" target=\"_blank\" rel=\"noreferrer noopener\">Tomasz Mr\u00f3z SIN<\/a><\/p><p>E-mail: <a href=\"mailto:tomasz.mroz@put.poznan.pl\">tomasz.mroz@put.poznan.pl<\/a><\/p><p style=\"font-style: normal;font-weight: 400;font-size: 15px;font-family: Roboto, sans-serif;text-indent: 0px\">Pok\u00f3j: 217B, budynek WTCH &#8211;\u00a0<a style=\"font-style: normal;font-weight: 400;font-size: 15px;font-family: Roboto, sans-serif;text-align: inherit\" href=\"https:\/\/isie.put.poznan.pl\/sites\/default\/files\/2021-11\/Instytut%20In%C5%BCynierii%20%C5%9Arodowiska%20i%20Instalacji%20Budowlanych-konsultacje.pdf\" target=\"_blank\" rel=\"noreferrer noopener\">LINK<\/a><span style=\"font-style: normal;font-weight: 400;font-size: 15px;font-family: Roboto, sans-serif;color: var( --e-global-color-text );text-align: inherit\">\u00a0(<\/span><a style=\"font-style: normal;font-weight: 400;font-size: 15px;font-family: Roboto, sans-serif;text-align: inherit\" href=\"https:\/\/isie.put.poznan.pl\/sites\/default\/files\/inline-files\/OZNACZENIA%20W%20PLANIE%20ZAJ%C4%98%C4%86.pdf\" target=\"_blank\" rel=\"noreferrer noopener\">mapa kampusu<\/a><span style=\"font-style: normal;font-weight: 400;font-size: 15px;font-family: Roboto, sans-serif;color: var( --e-global-color-text );text-align: inherit\">)<\/span><\/p><p style=\"font-style: normal;font-weight: 400;font-size: 15px;font-family: Roboto, sans-serif;text-indent: 0px\">Konsultacje: &#8211;\u00a0<a style=\"font-style: normal;font-weight: 400;font-size: 15px;font-family: Roboto, sans-serif;text-align: inherit\" href=\"http:\/\/ee2.put.poznan.pl\/wp-content\/uploads\/files\/IISiIB_PUT_konsultacje.pdf\" target=\"_blank\" rel=\"noopener\">LINK (wykaz konsultacji pracownik\u00f3w instytutu)<\/a><\/p>\t\t\t\t\t\t\t\t<\/div>\n\t\t\t\t<\/div>\n\t\t\t\t\t<\/div>\n\t\t<\/div>\n\t\t\t\t<div class=\"elementor-column elementor-col-33 elementor-top-column elementor-element elementor-element-aad4b92\" data-id=\"aad4b92\" data-element_type=\"column\">\n\t\t\t<div class=\"elementor-widget-wrap elementor-element-populated\">\n\t\t\t\t\t\t<div class=\"elementor-element elementor-element-f0b7c6f elementor-invisible elementor-widget elementor-widget-image\" data-id=\"f0b7c6f\" data-element_type=\"widget\" data-settings=\"{&quot;_animation&quot;:&quot;fadeInUp&quot;}\" data-widget_type=\"image.default\">\n\t\t\t\t<div class=\"elementor-widget-container\">\n\t\t\t\t\t\t\t\t\t\t\t\t\t\t\t<img fetchpriority=\"high\" decoding=\"async\" width=\"200\" height=\"300\" src=\"https:\/\/ee2.put.poznan.pl\/wp-content\/uploads\/2023\/12\/sylwetka_mroz_tomasz-200x300.png\" class=\"elementor-animation-grow attachment-medium size-medium wp-image-1096\" alt=\"\" srcset=\"https:\/\/ee2.put.poznan.pl\/wp-content\/uploads\/2023\/12\/sylwetka_mroz_tomasz-200x300.png 200w, https:\/\/ee2.put.poznan.pl\/wp-content\/uploads\/2023\/12\/sylwetka_mroz_tomasz.png 209w\" sizes=\"(max-width: 200px) 100vw, 200px\" \/>\t\t\t\t\t\t\t\t\t\t\t\t\t\t\t<\/div>\n\t\t\t\t<\/div>\n\t\t\t\t\t<\/div>\n\t\t<\/div>\n\t\t\t\t\t<\/div>\n\t\t<\/section>\n\t\t\t\t<section class=\"elementor-section elementor-top-section elementor-element elementor-element-46c52e0 elementor-section-boxed elementor-section-height-default elementor-section-height-default\" data-id=\"46c52e0\" data-element_type=\"section\">\n\t\t\t\t\t\t<div class=\"elementor-container elementor-column-gap-default\">\n\t\t\t\t\t<div class=\"elementor-column elementor-col-100 elementor-top-column elementor-element elementor-element-64a4492\" data-id=\"64a4492\" data-element_type=\"column\">\n\t\t\t<div class=\"elementor-widget-wrap elementor-element-populated\">\n\t\t\t\t\t\t<div class=\"elementor-element elementor-element-ea76ab9 e-transform elementor-widget-divider--view-line elementor-invisible elementor-widget elementor-widget-divider\" data-id=\"ea76ab9\" data-element_type=\"widget\" data-settings=\"{&quot;_animation&quot;:&quot;fadeInUp&quot;,&quot;_transform_scale_effect&quot;:{&quot;unit&quot;:&quot;px&quot;,&quot;size&quot;:&quot;&quot;,&quot;sizes&quot;:[]},&quot;_transform_scale_effect_tablet&quot;:{&quot;unit&quot;:&quot;px&quot;,&quot;size&quot;:&quot;&quot;,&quot;sizes&quot;:[]},&quot;_transform_scale_effect_mobile&quot;:{&quot;unit&quot;:&quot;px&quot;,&quot;size&quot;:&quot;&quot;,&quot;sizes&quot;:[]}}\" data-widget_type=\"divider.default\">\n\t\t\t\t<div class=\"elementor-widget-container\">\n\t\t\t\t\t\t\t<div class=\"elementor-divider\">\n\t\t\t<span class=\"elementor-divider-separator\">\n\t\t\t\t\t\t<\/span>\n\t\t<\/div>\n\t\t\t\t\t\t<\/div>\n\t\t\t\t<\/div>\n\t\t\t\t<div class=\"elementor-element elementor-element-2f2a754 elementor-widget elementor-widget-text-editor\" data-id=\"2f2a754\" data-element_type=\"widget\" data-widget_type=\"text-editor.default\">\n\t\t\t\t<div class=\"elementor-widget-container\">\n\t\t\t\t\t\t\t\t\t<h6>Informacje Og\u00f3lne<\/h6>\t\t\t\t\t\t\t\t<\/div>\n\t\t\t\t<\/div>\n\t\t\t\t<div class=\"elementor-element elementor-element-fa13227 elementor-widget elementor-widget-text-editor\" data-id=\"fa13227\" data-element_type=\"widget\" data-widget_type=\"text-editor.default\">\n\t\t\t\t<div class=\"elementor-widget-container\">\n\t\t\t\t\t\t\t\t\t<p>Prof. dr hab. in\u017c. Tomasz Mr\u00f3z (ur. 1964 r.), profesor w Instytucie In\u017cynierii \u015arodowiska i Instalacji Budowlanych Politechniki Pozna\u0144skiej \u2013 specjalno\u015b\u0107 naukowa: ciep\u0142ownictwo i gospodarka energetyczna, planowanie energetyczne, zarz\u0105dzanie energi\u0105 w \u015brodowisku zabudowanym. Autor oraz wsp\u00f3\u0142autor ponad 130 recenzowanych publikacji dotycz\u0105cych planowania energetycznego, zarz\u0105dzania energi\u0105 w \u015brodowisku zabudowanym oraz system\u00f3w technicznego wyposa\u017cenia budynk\u00f3w.<\/p>\t\t\t\t\t\t\t\t<\/div>\n\t\t\t\t<\/div>\n\t\t\t\t<div class=\"elementor-element elementor-element-4b97c77 elementor-widget elementor-widget-text-editor\" data-id=\"4b97c77\" data-element_type=\"widget\" data-widget_type=\"text-editor.default\">\n\t\t\t\t<div class=\"elementor-widget-container\">\n\t\t\t\t\t\t\t\t\t<h6>PROWADZONE ZAJ\u0118CIA DYDAKTYCZNE<\/h6>\t\t\t\t\t\t\t\t<\/div>\n\t\t\t\t<\/div>\n\t\t\t\t<div class=\"elementor-element elementor-element-67f6bca elementor-widget elementor-widget-text-editor\" data-id=\"67f6bca\" data-element_type=\"widget\" data-widget_type=\"text-editor.default\">\n\t\t\t\t<div class=\"elementor-widget-container\">\n\t\t\t\t\t\t\t\t\t<ul><li>Seminarium dyplomowe \u2013 studia I stopnia na kierunku In\u017cynieria \u015arodowiska,<\/li><li>Gospodarka energetyczna \u2013 wyk\u0142ad; studia I stopnia na kierunku In\u017cynieria \u015arodowiska,<\/li><li>Energy Management in Built Environment \u2013 wyk\u0142ad; studia I stopnia na kierunku Budownictwo Zr\u00f3wnowa\u017cone (studia angloj\u0119zyczne),<\/li><li>Energy Management \u2013 wyk\u0142ad; studia I stopnia \u2013 program Erasmus+ (studia angloj\u0119zyczne),<\/li><li>Audyting i Gospodarka Energetyczna \u2013 wyk\u0142ad; studia II stopnia na kierunku In\u017cynieria \u015arodowiska,<\/li><li>Systemy Energetyki Komunalnej \u2013 wyk\u0142ad; studia II stopnia na kierunku In\u017cynieria \u015arodowiska,<\/li><li>Energy vs. Exergy Analysis \u2013 wyk\u0142ad; studia III stopnia w ramach szko\u0142y doktorskiej (studia angloj\u0119zyczne).<\/li><\/ul>\t\t\t\t\t\t\t\t<\/div>\n\t\t\t\t<\/div>\n\t\t\t\t<div class=\"elementor-element elementor-element-394a2e2 elementor-widget elementor-widget-text-editor\" data-id=\"394a2e2\" data-element_type=\"widget\" data-widget_type=\"text-editor.default\">\n\t\t\t\t<div class=\"elementor-widget-container\">\n\t\t\t\t\t\t\t\t\t<h6>Charakterystyka dorobku naukowego i najwa\u017cniejsze prace<\/h6>\t\t\t\t\t\t\t\t<\/div>\n\t\t\t\t<\/div>\n\t\t\t\t<div class=\"elementor-element elementor-element-53120e1 elementor-widget elementor-widget-text-editor\" data-id=\"53120e1\" data-element_type=\"widget\" data-widget_type=\"text-editor.default\">\n\t\t\t\t<div class=\"elementor-widget-container\">\n\t\t\t\t\t\t\t\t\t<p><strong>Artyku\u0142y<\/strong><\/p><ul><li><a href=\"https:\/\/sin.put.poznan.pl\/publications\/details\/i39980\">Analiza energetyczna wykorzystania indywidualnych w\u0119z\u0142\u00f3w mieszkaniowych dla budynku mieszkalnego wielorodzinnego w celu spe\u0142nienia WT2021\u00a0<\/a>\/ Bartosz Radomski (WBiI\u015a), Lawrence Drojetzki (WI\u015aiE), Tomasz Mr\u00f3z (WI\u015aiE) \/\/ Rynek Energii &#8211; 2021, nr 4 (155), s. 61-68.<\/li><li><a href=\"https:\/\/sin.put.poznan.pl\/publications\/details\/i36335\">Perspektywy wykorzystania gazu ziemnego w budynkach mieszkalnych w aspekcie nowych przepis\u00f3w prawa\u00a0<\/a>\/ Tomasz Mr\u00f3z (WI\u015aiE), Katarzyna Ratajczak (WI\u015aiE), Wojciech Grz\u0105dzielski \/\/ Rynek Energii &#8211; 2021, nr 2 (153), s. 12-22.<\/li><li><a href=\"https:\/\/sin.put.poznan.pl\/publications\/details\/i39426\">The Methodology for Designing Residential Buildings with a Positive Energy Balance &#8211; Case Study\u00a0<\/a>\/ Bartosz Radomski (WI\u015aiE), Tomasz Mr\u00f3z (WI\u015aiE) \/\/ Energies &#8211; 2021, vol. 14, no. 16, s. 5162-1-5162-19.<\/li><li><a href=\"https:\/\/sin.put.poznan.pl\/publications\/details\/i38917\">The Methodology for Designing Residential Buildings with a Positive Energy Balance &#8211; General Approach\u00a0<\/a>\/ Bartosz Radomski (WI\u015aiE), Tomasz Mr\u00f3z (WI\u015aiE) \/\/ Energies &#8211; 2021, vol. 14, no. 15, s. 4715-1-4715-16.<\/li><li><a href=\"https:\/\/sin.put.poznan.pl\/publications\/details\/i40385\">The use of geothermal energy in co-generated heat and power production in Poland \u2013 a case study\u00a0<\/a>\/ Tomasz Mr\u00f3z (WI\u015aiE), Weronika Grabowska (PP) \/\/ Archives of Environmental Protection &#8211; 2021, vol. 47, no. 3, s. 82-91.<\/li><li><a href=\"https:\/\/sin.put.poznan.pl\/publications\/details\/i32561\">Exergy Evaluation of a Water Distribution System\u00a0<\/a>\/ J\u0119drzej Bylka (WI\u015aiE), Tomasz Mr\u00f3z (WI\u015aiE) \/\/ Energies &#8211; 2020, vol. 13, no. 23, s. 6221-1-6221-16.<\/li><li><a href=\"https:\/\/sin.put.poznan.pl\/publications\/details\/i24322\">A new type of cooling ceiling panel with corrugated surface &#8211; experimental investigation\u00a0<\/a>\/ Janusz Wojtkowiak (WBiI\u015a), \u0141ukasz Amanowicz (WBiI\u015a), Tomasz Mr\u00f3z (WBiI\u015a) \/\/ International Journal of Energy Research &#8211; 2019, vol. 43, no. 13, s. 7275-7286.<\/li><li><a href=\"https:\/\/sin.put.poznan.pl\/publications\/details\/i25062\">A Review of Energy Assessment Methodology for Water Supply Systems\u00a0<\/a>\/ J\u0119drzej Bylka (WBiI\u015a), Tomasz Mr\u00f3z (WBiI\u015a) \/\/ Energies &#8211; 2019, vol. 12, no. 23, s. 4599-1-4599-55.<\/li><li><a href=\"https:\/\/sin.put.poznan.pl\/publications\/details\/i20980\">Exergy evaluation of a heat supply system with vapor compression heat pumps\u00a0<\/a>\/ Agata Rijs, Tomasz Mr\u00f3z (WBiI\u015a) \/\/ Energies &#8211; 2019, vol. 12, no. 6, s. 1028-1-1028-19.<\/li><li><a href=\"https:\/\/sin.put.poznan.pl\/publications\/details\/n3630\">Exergy\u2013economic evaluation of heat recovery device in mechanical ventilation system\u00a0<\/a>\/ Tomasz M. Mr\u00f3z (WBiI\u015a), Anna Dutka \/\/ Energy and Buildings &#8211; 2015, vol. 86, s. 296-304.<\/li><li><a href=\"https:\/\/sin.put.poznan.pl\/publications\/details\/n22942\">Technologie kriogeniczne w systemach uzdatniania gaz\u00f3w\u00a0<\/a>\/ Wojciech Grz\u0105dzielski, Tomasz Mr\u00f3z (WBiI\u015a) \/\/ Rynek Energii &#8211; 2015, nr 3 (118), s. 48-55.<\/li><li><a href=\"https:\/\/sin.put.poznan.pl\/publications\/details\/a0000054176\">Airtightness of Buildings in Poland\u00a0<\/a>\/ Rados\u0142aw G\u00f3rze\u0144ski (WBiI\u015a), Micha\u0142 Szyma\u0144ski (WBiI\u015a), Andrzej G\u00f3rka (WBiI\u015a), Tomasz Mr\u00f3z (WBiI\u015a) \/\/ International Journal of Ventilation &#8211; 2014, vol. 12, iss. 4, s. 391-400.<\/li><li><a href=\"https:\/\/sin.put.poznan.pl\/publications\/details\/a0000055949\">Stopie\u0144 dywersyfikacji dostaw gazu ziemnego w ocenie planowania rozwoju systemu gazowego\u00a0<\/a>\/ Wojciech Grz\u0105dzielski, Tomasz M. Mr\u00f3z (WBiI\u015a) \/\/ Rynek Energii &#8211; 2014, nr 4, s. 52-58.<\/li><li>Mr\u00f3z T.: Multicriteria aided design of integrated heating \u2013 cooling energy systems in buildings. Journal of the Air &amp; Waste Management Association, 60 (2010), s. 949-958.<\/li><li>Erhorn H., Mr\u00f3z T., Morck O., Schmidt F., Schoff L., Thomsen E. K.: The Energy Concept Adviser \u2013 A tool to improve energy efficiency in educational buildings. Energy and Buildings, 40 (2008) s. 419-428.<\/li><li>Mr\u00f3z T.: Planning of community heating systems modernization and development. Applied Thermal Engineering, 28 (2008), s. 1844-1852.<\/li><li>Mr\u00f3z T.: Thermodynamic and economic performance of the LiBr-H<sub>2<\/sub>O single stage absorption water chiller. Applied Thermal Engineering, 26 (2006), s. 2103-2109.<\/li><\/ul><p>(stan na 2022r.)<\/p><p><strong>Ksi\u0105\u017cki i monografie<\/strong><\/p><ul><li>Mr\u00f3z T.: Planowanie modernizacji i rozwoju komunalnych system\u00f3w zaopatrzenia w ciep\u0142o; Seria Rozprawy Nr 400, Wydawnictwo Politechniki Pozna\u0144skiej 2006, str. 126.<\/li><li>Grz\u0105dzielski W., Mr\u00f3z T.M. (50%): Planowanie zr\u00f3wnowa\u017conego rozwoju systemu gazowego. Wydawnictwo KAPRINT, 2017, 190.<\/li><li>Mr\u00f3z T.: Energy Management in Built Environment. Tools and Evaluation Procedures. Wydawnictwo Politechniki Pozna\u0144skiej, Pozna\u0144 2013, s. 147.<\/li><\/ul><p><span style=\"font-family: Roboto, sans-serif;font-size: 15px;font-style: normal;font-weight: 400\">(stan na 2022r.)<\/span><\/p><p><strong>\u0141\u0105czna liczna punkt\u00f3w wa\u017cniejszych publikacji<\/strong> (MEiN 2018): 1830<\/p><p><strong>\u0141\u0105czny wsp\u00f3\u0142czynnik wp\u0142ywu wa\u017cniejszych publikacji<\/strong> (IF, stan na 2022r.): 35,532<\/p><p>\u00a0<\/p>\t\t\t\t\t\t\t\t<\/div>\n\t\t\t\t<\/div>\n\t\t\t\t<div class=\"elementor-element elementor-element-31bd8b9 elementor-widget elementor-widget-text-editor\" data-id=\"31bd8b9\" data-element_type=\"widget\" data-widget_type=\"text-editor.default\">\n\t\t\t\t<div class=\"elementor-widget-container\">\n\t\t\t\t\t\t\t\t\t<h6>Kszta\u0142cenie kadry<\/h6>\t\t\t\t\t\t\t\t<\/div>\n\t\t\t\t<\/div>\n\t\t\t\t<div class=\"elementor-element elementor-element-225090a elementor-widget elementor-widget-text-editor\" data-id=\"225090a\" data-element_type=\"widget\" data-widget_type=\"text-editor.default\">\n\t\t\t\t<div class=\"elementor-widget-container\">\n\t\t\t\t\t\t\t\t\t<ul><li>6 wypromowanych dr nauk in\u017cynieryjno-technicznych,<\/li><li>80 wypromowanych mgr in\u017cynier\u00f3w<\/li><li>8 wypromowanych in\u017cynier\u00f3w<\/li><\/ul><p>(stan na 2022r.)<\/p>\t\t\t\t\t\t\t\t<\/div>\n\t\t\t\t<\/div>\n\t\t\t\t<div class=\"elementor-element elementor-element-3ceea6a elementor-widget elementor-widget-text-editor\" data-id=\"3ceea6a\" data-element_type=\"widget\" data-widget_type=\"text-editor.default\">\n\t\t\t\t<div class=\"elementor-widget-container\">\n\t\t\t\t\t\t\t\t\t<h6>dzia\u0142alno\u015b\u0107 organizacyjna\u00a0<\/h6>\t\t\t\t\t\t\t\t<\/div>\n\t\t\t\t<\/div>\n\t\t\t\t<div class=\"elementor-element elementor-element-7e061a2 elementor-widget elementor-widget-text-editor\" data-id=\"7e061a2\" data-element_type=\"widget\" data-widget_type=\"text-editor.default\">\n\t\t\t\t<div class=\"elementor-widget-container\">\n\t\t\t\t\t\t\t\t\t<ul><li>Prodziekan ds. Nauki w Wsp\u00f3\u0142pracy z Zagranic\u0105 Wydzia\u0142u Budownictwa i In\u017cynierii \u015arodowiska Politechniki Pozna\u0144skiej w latach 2008 do 2016.\u00a0<\/li><li><span style=\"text-indent: 0em;color: var( --e-global-color-text );text-align: inherit\">Dziekan Wydzia\u0142u Budownictwa i In\u017cynierii \u015arodowiska Politechniki Pozna\u0144skiej w latach 2016 do 2019, Dziekan Wydzia\u0142u In\u017cynierii \u015arodowiska i Energetyki Politechniki Pozna\u0144skiej (2020 r.),\u00a0<\/span><\/li><li><span style=\"text-indent: 0em;color: var( --e-global-color-text );text-align: inherit\">Przewodnicz\u0105cy Rady Dyscypliny in\u017cynieria \u015brodowiska, g\u00f3rnictwo i energetyka Politechniki Pozna\u0144skiej (lata 2019 do 2020) .\u00a0<\/span><\/li><li><span style=\"text-indent: 0em;color: var( --e-global-color-text );text-align: inherit\">Cz\u0142onek Senatu Akademickiego Politechniki Pozna\u0144skiej (lata 2016 do 2020).\u00a0<\/span><\/li><\/ul>\t\t\t\t\t\t\t\t<\/div>\n\t\t\t\t<\/div>\n\t\t\t\t<div class=\"elementor-element elementor-element-2920735 elementor-widget elementor-widget-text-editor\" data-id=\"2920735\" data-element_type=\"widget\" data-widget_type=\"text-editor.default\">\n\t\t\t\t<div class=\"elementor-widget-container\">\n\t\t\t\t\t\t\t\t\t<h6>Nagrody i wyr\u00f3\u017cnienia (wybrane)<\/h6>\t\t\t\t\t\t\t\t<\/div>\n\t\t\t\t<\/div>\n\t\t\t\t<div class=\"elementor-element elementor-element-0e04f5f elementor-widget elementor-widget-text-editor\" data-id=\"0e04f5f\" data-element_type=\"widget\" data-widget_type=\"text-editor.default\">\n\t\t\t\t<div class=\"elementor-widget-container\">\n\t\t\t\t\t\t\t\t\t<ul><li>Odznaczony Medalem 100-lecia Odzyskania Niepodleg\u0142o\u015bci (maj 2019 r.).<\/li><li>Odznaczony Medalem Komisji Edukacji Narodowej (kwiecie\u0144 2013 r.) <\/li><\/ul>\t\t\t\t\t\t\t\t<\/div>\n\t\t\t\t<\/div>\n\t\t\t\t<div class=\"elementor-element elementor-element-4782875 elementor-widget elementor-widget-text-editor\" data-id=\"4782875\" data-element_type=\"widget\" data-widget_type=\"text-editor.default\">\n\t\t\t\t<div class=\"elementor-widget-container\">\n\t\t\t\t\t\t\t\t\t<h6>WSP\u00d3\u0141PRACA Z OTOCZENIEM SPO\u0141ECZNO-GOSPODARCZYM<\/h6>\t\t\t\t\t\t\t\t<\/div>\n\t\t\t\t<\/div>\n\t\t\t\t<div class=\"elementor-element elementor-element-c03a139 elementor-widget elementor-widget-text-editor\" data-id=\"c03a139\" data-element_type=\"widget\" data-widget_type=\"text-editor.default\">\n\t\t\t\t<div class=\"elementor-widget-container\">\n\t\t\t\t\t\t\t\t\t<ul style=\"margin-bottom: 1em;font-style: normal;font-weight: 400;font-size: 15px;font-family: Roboto, sans-serif;list-style-type: disc\"><li><p>Niezale\u017cny konsultant, projektant instalacji wentylacji mechanicznej, klimatyzacji i ch\u0142odzenia \u2013 uprawnienia projektowe bez ogranicze\u0144 od 1996 r. Autor i wsp\u00f3\u0142autor ponad 100 wdro\u017conych projekt\u00f3w instalacji technicznego wyposa\u017cenia budynk\u00f3w biurowych, hoteli, szpitali i budynk\u00f3w mieszkalnych, mi\u0119dzy innymi: biurowiec PFC w Poznaniu, budynek biurowo-hotelowy Andersia Tower w Poznaniu, Hotel Hyatt w Warszawie, Pa\u0142ac Kultury i Nauki w Warszawie, Wielkopolskie Centrum Onkologii w Poznaniu, budynek biurowy Delta w Poznaniu, Centrum Handlowe Kaskada w Szczecinie, Centrum Handlowe Avenida w Poznaniu, Galeria Centrum w \u0141odzi, zesp\u00f3\u0142 budynk\u00f3w mieszkalnych Ataner w Poznaniu, ul. Towarowa.<\/p><\/li><li><p><span style=\"color: var( --e-global-color-text );text-align: inherit;text-indent: 0em\">Cz\u0142onek Sekcji Ciep\u0142ownictwa i Klimatyzacji Komitetu In\u017cynierii L\u0105dowej i Wodnej Polskiej Akademii Nauk (PAN), ekspert Mi\u0119dzynarodowej Agencji Energii (International Energy Agency \u2013 IEA) w Projekcie Dom P\u00f3\u0142nocy (Northern Home Project) \u2013 lata 1995 do 1997 oraz Aneksie 36: Modernizacja Budynk\u00f3w Edukacyjnych. Cz\u0142onek Rady Mi\u0119dzynarodowej Agencji Energii w Centrum Infiltracji Powietrza i Wentylacji (IEA AIVC) \u2013 lata 2013 do 2016.\u00a0<\/span><\/p><\/li><li><p><span style=\"color: var( --e-global-color-text );text-align: inherit;text-indent: 0em\">Cz\u0142onek Rady Nadzorczej Przedsi\u0119biorstwa Energetyki Cieplnej w Poznaniu (PEC Pozna\u0144) \u2013 lata 1998 do 2001. Cz\u0142onek Komisji Urz\u0119du Miasta Poznania ds. prywatyzacji Przedsi\u0119biorstwa Energetyki Cieplnej w Poznaniu \u2013 2001 r. Cz\u0142onek Komisji dwustronnej Urz\u0119du Miasta Poznania i Dalkia International S.A. ds. kontroli zobowi\u0105za\u0144 umowy prywatyzacyjnej PEC Pozna\u0144 \u2013 lata 2001 do 2015.<\/span><\/p><\/li><li><p><span style=\"text-indent: 0em;color: var( --e-global-color-text );text-align: inherit\">Cz\u0142onek zespo\u0142u Ministra Infrastruktury RP ds. przygotowania Rozporz\u0105dzenia MI RP w sprawie metodologii wyznaczania charakterystyki energetycznej budynk\u00f3w (2008 \u2013 2009 r.).<\/span><\/p><\/li><li><p><span style=\"text-indent: 0em;color: var( --e-global-color-text );text-align: inherit\">Udzia\u0142 na zaproszenie Prezydenta RP w seminarium nt. \u201eEnergetyka Obywatelska\u201d \u2013 Pa\u0142ac Prezydencki, Warszawa (listopad 2014 r.) \u2013 prezentacja za\u0142o\u017ce\u0144 dotycz\u0105cych mo\u017cliwo\u015bci poprawy efektywno\u015bci energetycznej \u015brodowiska zabudowanego i realizacji programu energetyki obywatelskiej.<\/span><\/p><\/li><li><p><span style=\"text-indent: 0em;color: var( --e-global-color-text );text-align: inherit\">Udzia\u0142 na zaproszenie Ambasador RP w Pretorii RPA w misji gospodarczej w Kapsztadzie (grudzie\u0144 2015 r.) \u2013 nawi\u0105zanie wsp\u00f3\u0142pracy w zakresie budownictwa prawie zero-energetycznego oraz wykorzystania odnawialnych \u017ar\u00f3de\u0142 energii z firmami zlokalizowanymi w rejonie Kapsztadu oraz z Uniwersytetem w Stellenbosch.<\/span><\/p><\/li><li><p><span style=\"text-indent: 0em;color: var( --e-global-color-text );text-align: inherit\">Cz\u0142onek Polskiego Zrzeszenia In\u017cynier\u00f3w i Technik\u00f3w Sanitarnych (PZITS) oraz Wielkopolskiej Okr\u0119gowej Izby In\u017cynier\u00f3w Budownictwa (WOIIB).<\/span><\/p><\/li><li><p><span style=\"text-indent: 0em;color: var( --e-global-color-text );text-align: inherit\">Cz\u0142onek Prezydium S\u0105du Konkursowego Z\u0142otego Medalu Mi\u0119dzynarodowych Targ\u00f3w Pozna\u0144skich w targach POLEKO i INSTALACJE (1993 &#8211; 2022).<\/span><\/p><\/li><li><p><span style=\"text-indent: 0em;color: var( --e-global-color-text );text-align: inherit\">Cz\u0142onek Rady Nadzorczej WUPRIN\u017b S.A. \u2013 od 2022 r. Ekspert Krajowej Inteligentnej Specjalizacji 5: Budownictwo Inteligentne i Energooszcz\u0119dne Ministerstwa Rozwoju i Technologii (MRiT) \u2013 od 2021 r.<\/span><\/p><\/li><li><p><span style=\"color: var( --e-global-color-text );text-align: inherit;text-indent: 0em\">Wyk\u0142adowca\u00a0 Mi\u0119dzynarodowej Akademii Swegon.\u00a0<\/span><\/p><\/li><li><p><span style=\"color: var( --e-global-color-text );text-align: inherit;text-indent: 0em\">Cz\u0142onek International Water Association (IWA).<\/span><\/p><\/li><\/ul>\t\t\t\t\t\t\t\t<\/div>\n\t\t\t\t<\/div>\n\t\t\t\t\t<\/div>\n\t\t<\/div>\n\t\t\t\t\t<\/div>\n\t\t<\/section>\n\t\t\t\t<\/div>\n\t\t","protected":false},"excerpt":{"rendered":"<p>Zak\u0142ad Ogrzewnictwa, Klimatyzacji i Ochrony Powietrza Profil w Systemie Informacji Naukowej PP: Tomasz Mr\u00f3z SIN E-mail: tomasz.mroz@put.poznan.pl Pok\u00f3j: 217B, budynek WTCH &#8211;\u00a0LINK\u00a0(mapa kampusu) Konsultacje: &#8211;\u00a0LINK (wykaz konsultacji pracownik\u00f3w instytutu) Informacje Og\u00f3lne Prof. dr hab. in\u017c. Tomasz Mr\u00f3z (ur. 1964 r.), profesor w Instytucie In\u017cynierii \u015arodowiska i Instalacji Budowlanych Politechniki Pozna\u0144skiej &hellip;<\/p>\n","protected":false},"author":2,"featured_media":1096,"parent":214,"menu_order":0,"comment_status":"closed","ping_status":"closed","template":"","meta":{"_monsterinsights_skip_tracking":false,"_monsterinsights_sitenote_active":false,"_monsterinsights_sitenote_note":"","_monsterinsights_sitenote_category":0,"footnotes":""},"class_list":["post-1095","page","type-page","status-publish","has-post-thumbnail","hentry"],"_links":{"self":[{"href":"https:\/\/ee2.put.poznan.pl\/index.php\/wp-json\/wp\/v2\/pages\/1095","targetHints":{"allow":["GET"]}}],"collection":[{"href":"https:\/\/ee2.put.poznan.pl\/index.php\/wp-json\/wp\/v2\/pages"}],"about":[{"href":"https:\/\/ee2.put.poznan.pl\/index.php\/wp-json\/wp\/v2\/types\/page"}],"author":[{"embeddable":true,"href":"https:\/\/ee2.put.poznan.pl\/index.php\/wp-json\/wp\/v2\/users\/2"}],"replies":[{"embeddable":true,"href":"https:\/\/ee2.put.poznan.pl\/index.php\/wp-json\/wp\/v2\/comments?post=1095"}],"version-history":[{"count":17,"href":"https:\/\/ee2.put.poznan.pl\/index.php\/wp-json\/wp\/v2\/pages\/1095\/revisions"}],"predecessor-version":[{"id":2598,"href":"https:\/\/ee2.put.poznan.pl\/index.php\/wp-json\/wp\/v2\/pages\/1095\/revisions\/2598"}],"up":[{"embeddable":true,"href":"https:\/\/ee2.put.poznan.pl\/index.php\/wp-json\/wp\/v2\/pages\/214"}],"wp:featuredmedia":[{"embeddable":true,"href":"https:\/\/ee2.put.poznan.pl\/index.php\/wp-json\/wp\/v2\/media\/1096"}],"wp:attachment":[{"href":"https:\/\/ee2.put.poznan.pl\/index.php\/wp-json\/wp\/v2\/media?parent=1095"}],"curies":[{"name":"wp","href":"https:\/\/api.w.org\/{rel}","templated":true}]}}