{"id":1859,"date":"2024-01-19T20:30:49","date_gmt":"2024-01-19T20:30:49","guid":{"rendered":"https:\/\/ee2.put.poznan.pl\/?page_id=1859"},"modified":"2025-10-06T19:50:42","modified_gmt":"2025-10-06T19:50:42","slug":"katarzyna-palaszynska","status":"publish","type":"page","link":"https:\/\/ee2.put.poznan.pl\/index.php\/o-instytucie\/kadra\/katarzyna-palaszynska\/","title":{"rendered":"dr in\u017c. Katarzyna Pa\u0142aszy\u0144ska"},"content":{"rendered":"\t\t<div data-elementor-type=\"wp-page\" data-elementor-id=\"1859\" class=\"elementor elementor-1859\">\n\t\t\t\t\t\t<section class=\"elementor-section elementor-top-section elementor-element elementor-element-7ee4c58 elementor-section-boxed elementor-section-height-default elementor-section-height-default\" data-id=\"7ee4c58\" data-element_type=\"section\" data-e-type=\"section\">\n\t\t\t\t\t\t<div class=\"elementor-container elementor-column-gap-default\">\n\t\t\t\t\t<div class=\"elementor-column elementor-col-66 elementor-top-column elementor-element elementor-element-ca26bd3\" data-id=\"ca26bd3\" data-element_type=\"column\" data-e-type=\"column\">\n\t\t\t<div class=\"elementor-widget-wrap elementor-element-populated\">\n\t\t\t\t\t\t<div class=\"elementor-element elementor-element-c211cee elementor-widget elementor-widget-text-editor\" data-id=\"c211cee\" data-element_type=\"widget\" data-e-type=\"widget\" data-widget_type=\"text-editor.default\">\n\t\t\t\t<div class=\"elementor-widget-container\">\n\t\t\t\t\t\t\t\t\t<p>Zak\u0142ad Ogrzewnictwa, Klimatyzacji i Ochrony Powietrza<\/p>\n<p><\/p><p><\/p>\t\t\t\t\t\t\t\t<\/div>\n\t\t\t\t<\/div>\n\t\t\t\t<div class=\"elementor-element elementor-element-bf33d36 e-transform elementor-widget-divider--view-line elementor-invisible elementor-widget elementor-widget-divider\" data-id=\"bf33d36\" data-element_type=\"widget\" data-e-type=\"widget\" data-settings=\"{&quot;_animation&quot;:&quot;fadeInUp&quot;,&quot;_transform_scale_effect&quot;:{&quot;unit&quot;:&quot;px&quot;,&quot;size&quot;:&quot;&quot;,&quot;sizes&quot;:[]},&quot;_transform_scale_effect_tablet&quot;:{&quot;unit&quot;:&quot;px&quot;,&quot;size&quot;:&quot;&quot;,&quot;sizes&quot;:[]},&quot;_transform_scale_effect_mobile&quot;:{&quot;unit&quot;:&quot;px&quot;,&quot;size&quot;:&quot;&quot;,&quot;sizes&quot;:[]}}\" data-widget_type=\"divider.default\">\n\t\t\t\t<div class=\"elementor-widget-container\">\n\t\t\t\t\t\t\t<div class=\"elementor-divider\">\n\t\t\t<span class=\"elementor-divider-separator\">\n\t\t\t\t\t\t<\/span>\n\t\t<\/div>\n\t\t\t\t\t\t<\/div>\n\t\t\t\t<\/div>\n\t\t\t\t<div class=\"elementor-element elementor-element-32f81e9 elementor-widget elementor-widget-text-editor\" data-id=\"32f81e9\" data-element_type=\"widget\" data-e-type=\"widget\" data-widget_type=\"text-editor.default\">\n\t\t\t\t<div class=\"elementor-widget-container\">\n\t\t\t\t\t\t\t\t\t<p>Profil w Systemie Informacji Naukowej PP: <a href=\"https:\/\/sin.put.poznan.pl\/people\/details\/katarzyna.palaszynska\" target=\"_blank\" rel=\"noreferrer noopener\">Katarzyna Pa\u0142aszy\u0144ska SIN<\/a><\/p><p>E-mail: <a href=\"mailto:katarzyna.palaszynska@put.poznan.pl\" target=\"_blank\" rel=\"noopener\">katarzyna.palaszynska@put.poznan.pl<\/a><\/p><p style=\"font-style: normal; font-variant-ligatures: normal; font-variant-caps: normal; font-weight: 400; font-size: 15px; font-family: Roboto, sans-serif; text-indent: 0px;\">Pok\u00f3j: 201B budynek WTCH &#8211;\u00a0<a style=\"font-style: normal; font-variant-ligatures: normal; font-variant-caps: normal; font-weight: 400; font-size: 15px; font-family: Roboto, sans-serif; text-align: inherit;\" href=\"https:\/\/isie.put.poznan.pl\/sites\/default\/files\/2021-11\/Instytut%20In%C5%BCynierii%20%C5%9Arodowiska%20i%20Instalacji%20Budowlanych-konsultacje.pdf\" target=\"_blank\" rel=\"noreferrer noopener\">LINK<\/a><span style=\"font-style: normal; font-variant-ligatures: normal; font-variant-caps: normal; font-weight: 400; font-size: 15px; font-family: Roboto, sans-serif; color: var( --e-global-color-text ); text-align: inherit;\">\u00a0(<\/span><a style=\"font-style: normal; font-variant-ligatures: normal; font-variant-caps: normal; font-weight: 400; font-size: 15px; font-family: Roboto, sans-serif; text-align: inherit;\" href=\"https:\/\/isie.put.poznan.pl\/sites\/default\/files\/inline-files\/OZNACZENIA%20W%20PLANIE%20ZAJ%C4%98%C4%86.pdf\" target=\"_blank\" rel=\"noreferrer noopener\">mapa kampusu<\/a><span style=\"font-style: normal; font-variant-ligatures: normal; font-variant-caps: normal; font-weight: 400; font-size: 15px; font-family: Roboto, sans-serif; color: var( --e-global-color-text ); text-align: inherit;\">)<\/span><\/p><p style=\"font-style: normal; font-variant-ligatures: normal; font-variant-caps: normal; font-weight: 400; font-size: 15px; font-family: Roboto, sans-serif; text-indent: 0px;\">Konsultacje: &#8211;\u00a0<a style=\"font-style: normal; font-variant-ligatures: normal; font-variant-caps: normal; font-weight: 400; font-size: 15px; font-family: Roboto, sans-serif; text-align: inherit;\" href=\"http:\/\/ee2.put.poznan.pl\/wp-content\/uploads\/files\/IISiIB_PUT_konsultacje.pdf\" target=\"_blank\" rel=\"noopener\">LINK (wykaz konsultacji pracownik\u00f3w instytutu)<\/a><\/p>\t\t\t\t\t\t\t\t<\/div>\n\t\t\t\t<\/div>\n\t\t\t\t\t<\/div>\n\t\t<\/div>\n\t\t\t\t<div class=\"elementor-column elementor-col-33 elementor-top-column elementor-element elementor-element-6ee457c\" data-id=\"6ee457c\" data-element_type=\"column\" data-e-type=\"column\">\n\t\t\t<div class=\"elementor-widget-wrap elementor-element-populated\">\n\t\t\t\t\t\t<div class=\"elementor-element elementor-element-b4485fd elementor-invisible elementor-widget elementor-widget-image\" data-id=\"b4485fd\" data-element_type=\"widget\" data-e-type=\"widget\" data-settings=\"{&quot;_animation&quot;:&quot;fadeInUp&quot;}\" data-widget_type=\"image.default\">\n\t\t\t\t<div class=\"elementor-widget-container\">\n\t\t\t\t\t\t\t\t\t\t\t\t\t\t\t<img fetchpriority=\"high\" decoding=\"async\" width=\"279\" height=\"300\" src=\"https:\/\/ee2.put.poznan.pl\/wp-content\/uploads\/2024\/01\/sylwetka_palaszynska_katarzyna-279x300.jpg\" class=\"elementor-animation-grow attachment-medium size-medium wp-image-1856\" alt=\"\" srcset=\"https:\/\/ee2.put.poznan.pl\/wp-content\/uploads\/2024\/01\/sylwetka_palaszynska_katarzyna-279x300.jpg 279w, https:\/\/ee2.put.poznan.pl\/wp-content\/uploads\/2024\/01\/sylwetka_palaszynska_katarzyna-325x350.jpg 325w, https:\/\/ee2.put.poznan.pl\/wp-content\/uploads\/2024\/01\/sylwetka_palaszynska_katarzyna.jpg 572w\" sizes=\"(max-width: 279px) 100vw, 279px\" \/>\t\t\t\t\t\t\t\t\t\t\t\t\t\t\t<\/div>\n\t\t\t\t<\/div>\n\t\t\t\t\t<\/div>\n\t\t<\/div>\n\t\t\t\t\t<\/div>\n\t\t<\/section>\n\t\t\t\t<section class=\"elementor-section elementor-top-section elementor-element elementor-element-480a13e elementor-section-boxed elementor-section-height-default elementor-section-height-default\" data-id=\"480a13e\" data-element_type=\"section\" data-e-type=\"section\">\n\t\t\t\t\t\t<div class=\"elementor-container elementor-column-gap-default\">\n\t\t\t\t\t<div class=\"elementor-column elementor-col-100 elementor-top-column elementor-element elementor-element-37e090e\" data-id=\"37e090e\" data-element_type=\"column\" data-e-type=\"column\">\n\t\t\t<div class=\"elementor-widget-wrap elementor-element-populated\">\n\t\t\t\t\t\t<div class=\"elementor-element elementor-element-75b0601 elementor-widget-divider--view-line elementor-invisible elementor-widget elementor-widget-divider\" data-id=\"75b0601\" data-element_type=\"widget\" data-e-type=\"widget\" data-settings=\"{&quot;_animation&quot;:&quot;fadeInUp&quot;}\" data-widget_type=\"divider.default\">\n\t\t\t\t<div class=\"elementor-widget-container\">\n\t\t\t\t\t\t\t<div class=\"elementor-divider\">\n\t\t\t<span class=\"elementor-divider-separator\">\n\t\t\t\t\t\t<\/span>\n\t\t<\/div>\n\t\t\t\t\t\t<\/div>\n\t\t\t\t<\/div>\n\t\t\t\t\t<\/div>\n\t\t<\/div>\n\t\t\t\t\t<\/div>\n\t\t<\/section>\n\t\t\t\t<section class=\"elementor-section elementor-top-section elementor-element elementor-element-e93809b elementor-section-boxed elementor-section-height-default elementor-section-height-default\" data-id=\"e93809b\" data-element_type=\"section\" data-e-type=\"section\">\n\t\t\t\t\t\t<div class=\"elementor-container elementor-column-gap-default\">\n\t\t\t\t\t<div class=\"elementor-column elementor-col-100 elementor-top-column elementor-element elementor-element-8e32484\" data-id=\"8e32484\" data-element_type=\"column\" data-e-type=\"column\">\n\t\t\t<div class=\"elementor-widget-wrap elementor-element-populated\">\n\t\t\t\t\t\t<div class=\"elementor-element elementor-element-ad39671 elementor-widget elementor-widget-text-editor\" data-id=\"ad39671\" data-element_type=\"widget\" data-e-type=\"widget\" data-widget_type=\"text-editor.default\">\n\t\t\t\t<div class=\"elementor-widget-container\">\n\t\t\t\t\t\t\t\t\t<h6>WYKSZTA\u0141CENIE<\/h6>\t\t\t\t\t\t\t\t<\/div>\n\t\t\t\t<\/div>\n\t\t\t\t<div class=\"elementor-element elementor-element-5b743a6 elementor-widget elementor-widget-text-editor\" data-id=\"5b743a6\" data-element_type=\"widget\" data-e-type=\"widget\" data-widget_type=\"text-editor.default\">\n\t\t\t\t<div class=\"elementor-widget-container\">\n\t\t\t\t\t\t\t\t\t<p><\/p><p><\/p><p><\/p><p><\/p><p><\/p><ul style=\"font-style: normal; font-variant-ligatures: normal; font-variant-caps: normal; font-size: 15px; font-family: Roboto, sans-serif;\"><li><b>2010 &#8211; 2015 &#8211; studium doktoranckie<\/b><br \/>Wydzia\u0142 Budownictwa i In\u017cynierii \u015arodowiska, Politechnika Pozna\u0144ska<\/li><li><b>2005 &#8211; 2010 &#8211; jednolite studia magisterskie<\/b><br \/>kierunek: in\u017cynieria \u015brodowiska<br \/>Wydzia\u0142 Budownictwa i In\u017cynierii \u015arodowiska, Politechnika Pozna\u0144ska<br \/>Tytu\u0142 pracy in\u017cynierskiej: \u201eBadania emisji zanieczyszcze\u0144 ze spalania biomasy rolniczej w kotle grzewczym<\/li><\/ul><p><\/p><p><!-- \/wp:list --><\/p>\t\t\t\t\t\t\t\t<\/div>\n\t\t\t\t<\/div>\n\t\t\t\t<div class=\"elementor-element elementor-element-5657254 elementor-widget elementor-widget-text-editor\" data-id=\"5657254\" data-element_type=\"widget\" data-e-type=\"widget\" data-widget_type=\"text-editor.default\">\n\t\t\t\t<div class=\"elementor-widget-container\">\n\t\t\t\t\t\t\t\t\t<h6>zatrudnienie<\/h6>\t\t\t\t\t\t\t\t<\/div>\n\t\t\t\t<\/div>\n\t\t\t\t<div class=\"elementor-element elementor-element-569cf2b elementor-widget__width-initial elementor-widget elementor-widget-text-editor\" data-id=\"569cf2b\" data-element_type=\"widget\" data-e-type=\"widget\" data-widget_type=\"text-editor.default\">\n\t\t\t\t<div class=\"elementor-widget-container\">\n\t\t\t\t\t\t\t\t\t<ul><li>od 2012 &#8211; <b>Asystent<\/b>; Instytut In\u017cynierii \u015arodowiska; Politechnika Pozna\u0144ska<\/li><\/ul>\t\t\t\t\t\t\t\t<\/div>\n\t\t\t\t<\/div>\n\t\t\t\t<div class=\"elementor-element elementor-element-1b2ed75 elementor-widget elementor-widget-text-editor\" data-id=\"1b2ed75\" data-element_type=\"widget\" data-e-type=\"widget\" data-widget_type=\"text-editor.default\">\n\t\t\t\t<div class=\"elementor-widget-container\">\n\t\t\t\t\t\t\t\t\t<h6>Charakterystyka dorobku naukowego i najwa\u017cniejsze prace\u00a0<\/h6>\t\t\t\t\t\t\t\t<\/div>\n\t\t\t\t<\/div>\n\t\t\t\t<div class=\"elementor-element elementor-element-dc5226e elementor-widget elementor-widget-text-editor\" data-id=\"dc5226e\" data-element_type=\"widget\" data-e-type=\"widget\" data-widget_type=\"text-editor.default\">\n\t\t\t\t<div class=\"elementor-widget-container\">\n\t\t\t\t\t\t\t\t\t<ul><li>Recent Achievements in Research on Thermal Comfort and Ventilation in the Aspect of Providing People with Appropriate Conditions in Different Types of Buildings &#8211; Semi-Systematic Review \/ Katarzyna Ratajczak (WI\u015aiE), \u0141ukasz Amanowicz (WI\u015aiE), Katarzyna Pa\u0142aszy\u0144ska (WI\u015aiE), Filip Pawlak (WI\u015aiE), Joanna Sinacka (WI\u015aiE) \/\/ Energies &#8211; 2023, vol. 16, iss. 17, s. 6254-1-6254-55<\/li><li>Carbon Monoxide and Nitric Oxide Concentrations in Flue Gas During Combustion of Agricultural Biomass in the Residental Boiler \/ Katarzyna Pa\u0142aszy\u0144ska (WI\u015aiE), Marek Juszczak (WI\u015aiE), Ryszard Ostrowski (WI\u015aiE) \/\/ Drewno. Prace naukowe. Doniesienia. Komunikaty &#8211; 2021, vol. 64, no. 207, s. 125-144<\/li><li>Carbon monoxide and nitric oxide concentrations in the flue gas during the combustion of agricultural biomass briquettes in a 25 kW log gasification boiler \/ Katarzyna Pa\u0142aszy\u0144ska (WBiI\u015a), Marek Juszczak (WBiI\u015a), Tomasz Grobelny (WBiI\u015a), Filip Andrzejczak (WBiI\u015a) \/\/ Drewno. Prace naukowe. Doniesienia. Komunikaty &#8211; 2019, vol. 62, no. 204, s. 99-114<\/li><li>Gaseous emissions during agricultural biomass combustion in a 50 KW moving step grate boiler \/ Katarzyna Pa\u0142aszy\u0144ska (WBiI\u015a), Marek Juszczak (WBiI\u015a) \/\/ Chemical and Process Engineering: New Frontiers &#8211; 2018, vol. 39, no. 2, s. 197-208<\/li><li>Energy demand and thermal comfort of HVAC systems with thermally activated building systems as a function of user profile \/ Katarzyna Pa\u0142aszy\u0144ska (WBiI\u015a), Karol Bandurski (WBiI\u015a), Mieczys\u0142aw Porowski (WBiI\u015a) \/\/ E3S Web of Conferences &#8211; 2017, vol. 22, s. 00130-1-00130-7<\/li><li>Pr\u00f3ba zastosowania w peletach z agrobiomasy dodatk\u00f3w podwy\u017cszaj\u0105cych temperatur\u0119 topnienia popio\u0142u w celu unikni\u0119cia tworzenia si\u0119 \u017cu\u017cla w palenisku \/ Marek Juszczak (WBiI\u015a), Katarzyna Pa\u0142aszy\u0144ska (WBiI\u015a), Kamila Rolirad, Micha\u0142 Janicki, Edward Szczechowiak (WBiI\u015a) \/\/ Ciep\u0142ownictwo, Ogrzewnictwo, Wentylacja &#8211; 2017, T. 48, nr 8, s. 320-326<\/li><li>Problemy ze spalaniem agrobiomasy w kot\u0142ach grzewczych przeznaczonych do spalania pelet\u00f3w drzewnych \/ Marek Juszczak (WBiI\u015a), Katarzyna Pa\u0142aszy\u0144ska (WBiI\u015a), Edward Szczechowiak (WBiI\u015a) \/\/ Ciep\u0142ownictwo, Ogrzewnictwo, Wentylacja &#8211; 2016, T. 47, nr 6, s. 215-223<\/li><li>Usefulness assessment of automatic air flow control system with oxygen sensor in a 20 kW boiler with periodic wood pellet supply \/ Marek Juszczak (WBiI\u015a), Wojciech Cichy, Katarzyna Pa\u0142aszy\u0144ska (WBiI\u015a) \/\/ Drewno. Prace naukowe. Doniesienia. Komunikaty &#8211; 2016, vol. 59, no. 198, s. 111-130<\/li><\/ul>\t\t\t\t\t\t\t\t<\/div>\n\t\t\t\t<\/div>\n\t\t\t\t<div class=\"elementor-element elementor-element-265a31c elementor-widget elementor-widget-text-editor\" data-id=\"265a31c\" data-element_type=\"widget\" data-e-type=\"widget\" data-widget_type=\"text-editor.default\">\n\t\t\t\t<div class=\"elementor-widget-container\">\n\t\t\t\t\t\t\t\t\t<h6>DZIA\u0141ALNO\u015a\u0106 ORGANIZACYJNA<\/h6>\t\t\t\t\t\t\t\t<\/div>\n\t\t\t\t<\/div>\n\t\t\t\t<div class=\"elementor-element elementor-element-d8e3644 elementor-widget elementor-widget-text-editor\" data-id=\"d8e3644\" data-element_type=\"widget\" data-e-type=\"widget\" data-widget_type=\"text-editor.default\">\n\t\t\t\t<div class=\"elementor-widget-container\">\n\t\t\t\t\t\t\t\t\t<p><!-- wp:paragraph --><\/p>\n<p><!-- \/wp:separator --><\/p>\n<p><!-- wp:paragraph --><\/p>\n<p><!-- \/wp:separator --><\/p>\n<p><!-- wp:paragraph --><\/p>\n<ul>\n<li>2022 &#8211; aktualnie &#8211; cz\u0142onek Instytutowego Z<span style=\"font-family: Roboto, sans-serif; font-size: 15px; font-style: normal; font-variant-ligatures: normal; font-variant-caps: normal; font-weight: 400; color: var( --e-global-color-text ); text-align: inherit;\">espo\u0142u ds. Promocji Kierunku studi\u00f3w In\u017cynieria \u015arodowiska w Politechnice Pozna\u0144skiej<\/span><\/li>\n<\/ul>\n<p><!-- \/wp:list-item --><\/p>\n<p><!-- \/wp:list --><\/p>\t\t\t\t\t\t\t\t<\/div>\n\t\t\t\t<\/div>\n\t\t\t\t<div class=\"elementor-element elementor-element-a71550b elementor-widget elementor-widget-text-editor\" data-id=\"a71550b\" data-element_type=\"widget\" data-e-type=\"widget\" data-widget_type=\"text-editor.default\">\n\t\t\t\t<div class=\"elementor-widget-container\">\n\t\t\t\t\t\t\t\t\t<h6>Szkolenia, uprawnienia i licencje<\/h6>\t\t\t\t\t\t\t\t<\/div>\n\t\t\t\t<\/div>\n\t\t\t\t<div class=\"elementor-element elementor-element-731f5c1 elementor-widget elementor-widget-text-editor\" data-id=\"731f5c1\" data-element_type=\"widget\" data-e-type=\"widget\" data-widget_type=\"text-editor.default\">\n\t\t\t\t<div class=\"elementor-widget-container\">\n\t\t\t\t\t\t\t\t\t<ul><li>\u201eDozymetrii promieniowania j\u0105drowego\u201d, NCBJ, 2023<\/li><li>\u201eEfektywne wykorzystanie och\u0142adzania i ogrzewania budynk\u00f3w i pomieszcze\u0144 \u2013 TABS\u201d, PZITS, 2023<\/li><li>\u201eSztuka prezentacji, publikowania i efektywnego planowania kariery naukowej\u201d, Fundacja TYGIEL,2023<\/li><\/ul>\t\t\t\t\t\t\t\t<\/div>\n\t\t\t\t<\/div>\n\t\t\t\t<div class=\"elementor-element elementor-element-f32abc4 elementor-widget elementor-widget-text-editor\" data-id=\"f32abc4\" data-element_type=\"widget\" data-e-type=\"widget\" data-widget_type=\"text-editor.default\">\n\t\t\t\t<div class=\"elementor-widget-container\">\n\t\t\t\t\t\t\t\t\t<h6>ZAINTERESOWANIA<\/h6>\t\t\t\t\t\t\t\t<\/div>\n\t\t\t\t<\/div>\n\t\t\t\t<div class=\"elementor-element elementor-element-6038c59 elementor-widget elementor-widget-text-editor\" data-id=\"6038c59\" data-element_type=\"widget\" data-e-type=\"widget\" data-widget_type=\"text-editor.default\">\n\t\t\t\t<div class=\"elementor-widget-container\">\n\t\t\t\t\t\t\t\t\t<ul>\n<li>Literatura fantasy<\/li>\n<li>Gra na gitarze<\/li>\n<li>Narty<\/li>\n<\/ul>\t\t\t\t\t\t\t\t<\/div>\n\t\t\t\t<\/div>\n\t\t\t\t\t<\/div>\n\t\t<\/div>\n\t\t\t\t\t<\/div>\n\t\t<\/section>\n\t\t\t\t<\/div>\n\t\t","protected":false},"excerpt":{"rendered":"<p>Zak\u0142ad Ogrzewnictwa, Klimatyzacji i Ochrony Powietrza Profil w Systemie Informacji Naukowej PP: Katarzyna Pa\u0142aszy\u0144ska SIN E-mail: katarzyna.palaszynska@put.poznan.pl Pok\u00f3j: 201B budynek WTCH &#8211;\u00a0LINK\u00a0(mapa kampusu) Konsultacje: &#8211;\u00a0LINK (wykaz konsultacji pracownik\u00f3w instytutu) WYKSZTA\u0141CENIE 2010 &#8211; 2015 &#8211; studium doktoranckieWydzia\u0142 Budownictwa i In\u017cynierii \u015arodowiska, Politechnika Pozna\u0144ska 2005 &#8211; 2010 &#8211; jednolite studia magisterskiekierunek: in\u017cynieria &hellip;<\/p>\n","protected":false},"author":2,"featured_media":1856,"parent":214,"menu_order":0,"comment_status":"closed","ping_status":"closed","template":"","meta":{"_monsterinsights_skip_tracking":false,"_monsterinsights_sitenote_active":false,"_monsterinsights_sitenote_note":"","_monsterinsights_sitenote_category":0,"footnotes":""},"class_list":["post-1859","page","type-page","status-publish","has-post-thumbnail","hentry"],"_links":{"self":[{"href":"https:\/\/ee2.put.poznan.pl\/index.php\/wp-json\/wp\/v2\/pages\/1859","targetHints":{"allow":["GET"]}}],"collection":[{"href":"https:\/\/ee2.put.poznan.pl\/index.php\/wp-json\/wp\/v2\/pages"}],"about":[{"href":"https:\/\/ee2.put.poznan.pl\/index.php\/wp-json\/wp\/v2\/types\/page"}],"author":[{"embeddable":true,"href":"https:\/\/ee2.put.poznan.pl\/index.php\/wp-json\/wp\/v2\/users\/2"}],"replies":[{"embeddable":true,"href":"https:\/\/ee2.put.poznan.pl\/index.php\/wp-json\/wp\/v2\/comments?post=1859"}],"version-history":[{"count":8,"href":"https:\/\/ee2.put.poznan.pl\/index.php\/wp-json\/wp\/v2\/pages\/1859\/revisions"}],"predecessor-version":[{"id":3272,"href":"https:\/\/ee2.put.poznan.pl\/index.php\/wp-json\/wp\/v2\/pages\/1859\/revisions\/3272"}],"up":[{"embeddable":true,"href":"https:\/\/ee2.put.poznan.pl\/index.php\/wp-json\/wp\/v2\/pages\/214"}],"wp:featuredmedia":[{"embeddable":true,"href":"https:\/\/ee2.put.poznan.pl\/index.php\/wp-json\/wp\/v2\/media\/1856"}],"wp:attachment":[{"href":"https:\/\/ee2.put.poznan.pl\/index.php\/wp-json\/wp\/v2\/media?parent=1859"}],"curies":[{"name":"wp","href":"https:\/\/api.w.org\/{rel}","templated":true}]}}