{"id":214,"date":"2023-02-17T19:28:28","date_gmt":"2023-02-17T19:28:28","guid":{"rendered":"http:\/\/ee2.put.poznan.pl\/?page_id=214"},"modified":"2025-10-06T19:49:59","modified_gmt":"2025-10-06T19:49:59","slug":"kadra","status":"publish","type":"page","link":"https:\/\/ee2.put.poznan.pl\/index.php\/o-instytucie\/kadra\/","title":{"rendered":"Kadra"},"content":{"rendered":"\t\t<div data-elementor-type=\"wp-page\" data-elementor-id=\"214\" class=\"elementor elementor-214\">\n\t\t\t\t\t\t<section class=\"elementor-section elementor-top-section elementor-element elementor-element-154887f5 elementor-section-boxed elementor-section-height-default elementor-section-height-default\" data-id=\"154887f5\" data-element_type=\"section\">\n\t\t\t\t\t\t<div class=\"elementor-container elementor-column-gap-default\">\n\t\t\t\t\t<div class=\"elementor-column elementor-col-50 elementor-top-column elementor-element elementor-element-1986f813\" data-id=\"1986f813\" data-element_type=\"column\">\n\t\t\t<div class=\"elementor-widget-wrap elementor-element-populated\">\n\t\t\t\t\t\t<div class=\"elementor-element elementor-element-6e4fa2f0 elementor-widget elementor-widget-text-editor\" data-id=\"6e4fa2f0\" data-element_type=\"widget\" data-widget_type=\"text-editor.default\">\n\t\t\t\t<div class=\"elementor-widget-container\">\n\t\t\t\t\t\t\t\t\t<div>\n<p><\/p>\n<div class=\"is-layout-flow wp-block-column-is-layout-flow\" style=\"flex-basis: 66.66%\">\n<p><\/p>\n<p><strong>Pracownicy naukowi, badawczo-dydaktyczni i dydaktyczni Instytutu In\u017cynierii \u015arodowiska i Instalacji Budowlanych Politechniki Pozna\u0144skiej<\/strong><\/p>\n<p><strong>\u00a0<\/strong><\/p>\n<p><strong>Zak\u0142adu Zaopatrzenia w Wod\u0119 i Biogospodarki (ZWW)<br \/><\/strong><strong>Zak\u0142adu Ogrzewnictwa, Klimatyzacji i Ochrony Powietrza (ZWC):<\/strong><\/p>\n<p>(szczeg\u00f3\u0142owe informacje o pracowniku dost\u0119pne po klikni\u0119ciu w nazwisko)<\/p>\n<p><\/p>\n<p><\/p>\n<ul>\n<li style=\"list-style-type: none\">\n<ul>\n<li>prof. dr hab. in\u017c. Piotr Ole\u015bkowicz-Popiel (ZWW, Dyrektor Instytutu)<\/li>\n<li><a style=\"text-align: inherit\" href=\"http:\/\/ee2.put.poznan.pl\/index.php\/katarzyna-ratajczak\/\">dr hab. in\u017c. Katarzyna Ratajczak, prof. PP (ZWC, Zast\u0119pca Dyrektora Instytutu)<\/a><\/li>\n<li><a href=\"https:\/\/ee2.put.poznan.pl\/index.php\/o-instytucie\/kadra\/tomasz-mroz\/\">prof. dr hab. in\u017c. Tomasz Mr\u00f3z (Kierownik ZWC)<\/a><\/li>\n<li>dr hab. in\u017c. Zbys\u0142aw Dymaczewski, prof. PP (Kierownik ZWW)<\/li>\n<li><a href=\"https:\/\/ee2.put.poznan.pl\/index.php\/o-instytucie\/kadra\/halina-koczyk\/\">prof. dr hab. in\u017c. Halina Koczyk (ZWC)<\/a><\/li>\n<li>prof. dr. hab. in\u017c. Marek Soza\u0144ski (ZWW)<\/li>\n<li><a href=\"http:\/\/ee2.put.poznan.pl\/index.php\/o-instytucie\/kadra\/edward-szczechowiak\/\">prof. dr hab. in\u017c. Edward Szczechowiak (ZWC)<\/a><\/li>\n<li><a href=\"http:\/\/ee2.put.poznan.pl\/index.php\/o-instytucie\/kadra\/janusz-wojtkowiak\/\">prof. dr hab. in\u017c. Janusz Wojtkowiak (ZWC)<\/a><\/li>\n<li><a href=\"https:\/\/ee2.put.poznan.pl\/index.php\/o-instytucie\/kadra\/mieczyslaw-porowski\/\">dr hab. in\u017c. Mieczys\u0142aw Porowski, prof. PP (ZWC)<\/a><\/li>\n<li><a href=\"https:\/\/ee2.put.poznan.pl\/index.php\/o-instytucie\/kadra\/alina-pruss\/\">dr hab. in\u017c. Alina Pruss, prof. PP (ZWW)<\/a><\/li>\n<li><a href=\"https:\/\/ee2.put.poznan.pl\/index.php\/o-instytucie\/kadra\/lukasz-amanowicz\/\">dr hab. in\u017c. \u0141ukasz Amanowicz, prof. PP (ZWC)<\/a><\/li>\n<li><a href=\"https:\/\/ee2.put.poznan.pl\/index.php\/o-instytucie\/kadra\/malgorzata-basinska\/\">dr hab. in\u017c. Ma\u0142gorzata Basi\u0144ska, prof. PP (ZWC)<\/a><\/li>\n<li><a href=\"https:\/\/ee2.put.poznan.pl\/index.php\/o-instytucie\/kadra\/dobrochna-ginter-kramarczyk\/\">dr hab. in\u017c. Dobrochna Ginter-Kramarczyk, prof. PP (ZWW)<\/a><\/li>\n<li><a href=\"https:\/\/ee2.put.poznan.pl\/index.php\/o-instytucie\/kadra\/joanna-jez-walkowiak\/\">dr hab. in\u017c. Joanna Je\u017c-Walkowiak, prof. PP (ZWW)<\/a><\/li>\n<li>dr hab. in\u017c. Izabela Kruszelnicka, prof. PP (ZWW)<\/li>\n<li>dr hab. in\u017c. Micha\u0142 Micha\u0142kiewicz, prof. PP (ZWW)<\/li>\n<li><a href=\"https:\/\/ee2.put.poznan.pl\/index.php\/o-instytucie\/kadra\/karol-bandurski\/\">dr in\u017c. Karol Bandurski (ZWC)<\/a><\/li>\n<li>dr in\u017c. Filip Brodowski (ZWW)<\/li>\n<li><a href=\"https:\/\/ee2.put.poznan.pl\/index.php\/o-instytucie\/kadra\/rafal-brodziak\/\">dr in\u017c. Rafa\u0142 Brodziak (ZWW)<\/a><\/li>\n<li>dr in\u017c. J\u0119drzej Bylka (ZWW)<\/li>\n<li><a href=\"https:\/\/ee2.put.poznan.pl\/index.php\/o-instytucie\/kadra\/fabian-cybichowski\/\">dr in\u017c. Fabian Cybichowski (ZWC)<\/a><\/li>\n<li><a href=\"https:\/\/ee2.put.poznan.pl\/index.php\/o-instytucie\/kadra\/anna-duber\/\">dr in\u017c. Anna Duber (ZWW)<\/a><\/li>\n<li>dr Natalia Gutowska (ZWW)<\/li>\n<li>dr in\u017c. Wojciech G\u00f3ra (ZWW)<\/li>\n<li>dr in\u017c. Andrzej G\u00f3rka (ZWC)<\/li>\n<li><a href=\"https:\/\/ee2.put.poznan.pl\/index.php\/o-instytucie\/kadra\/radoslaw-gorzenski\/\">dr in\u017c. Rados\u0142aw G\u00f3rze\u0144ski (ZWC)<\/a><\/li>\n<li>dr in\u017c. Katarzyna Jaszczyszyn (ZWW)<\/li>\n<li><a href=\"https:\/\/ee2.put.poznan.pl\/index.php\/o-instytucie\/kadra\/tomasz-kazmierski\/\">dr in\u017c. Tomasz Ka\u017amierski (ZWW)<\/a><\/li>\n<li>dr in\u017c. Ma\u0142gorzata Komorowska-Kaufman (ZWW)<\/li>\n<li>dr in\u017c. Mateusz \u0141\u0119\u017cyk (ZWW)<\/li>\n<li>dr in\u017c. Karolina Mazurkiewicz (ZWW)<\/li>\n<li>dr Beata M\u0105drecka-Witkowska (ZWW)<\/li>\n<li><a href=\"https:\/\/ee2.put.poznan.pl\/index.php\/o-instytucie\/kadra\/maria-malek\/\">dr in\u017c. Maria Ma\u0142ek (ZWC)<\/a><\/li>\n<li>dr in\u017c. Przemys\u0142aw Muszy\u0144ski (ZWW)<\/li>\n<li><a href=\"https:\/\/ee2.put.poznan.pl\/index.php\/o-instytucie\/kadra\/andrzej-odyjas\/\">dr in\u017c. Andrzej Odyjas (ZWC)<\/a><\/li>\n<li><a href=\"https:\/\/ee2.put.poznan.pl\/index.php\/o-instytucie\/kadra\/sivasankar-palaniappan\/\">dr in\u017c. Sivasankar Palaniappan (ZWW)<\/a><\/li>\n<li><a href=\"https:\/\/ee2.put.poznan.pl\/index.php\/o-instytucie\/kadra\/katarzyna-palaszynska\/\">dr in\u017c. Katarzyna Pa\u0142aszy\u0144ska (ZWC)<\/a><\/li>\n<li><a href=\"https:\/\/ee2.put.poznan.pl\/index.php\/o-instytucie\/kadra\/filip-pawlak\/\">dr in\u017c. Filip Pawlak (ZWC)<\/a><\/li>\n<li><a style=\"text-align: inherit\" href=\"https:\/\/ee2.put.poznan.pl\/index.php\/o-instytucie\/kadra\/ilona-rzeznik\/\">dr in\u017c. Ilona Rze\u017anik (ZWC)<\/a><\/li>\n<li><a href=\"https:\/\/ee2.put.poznan.pl\/index.php\/o-instytucie\/kadra\/wojciech-rzeznik\/\">dr in\u017c. Wojciech Rze\u017anik (ZWC)<\/a><\/li>\n<li>dr in\u017c. Tomasz Schiller (ZWW)<\/li>\n<li><a href=\"http:\/\/ee2.put.poznan.pl\/index.php\/o-instytucie\/kadra\/joanna-sinacka\/\">dr in\u017c. Joanna Sinacka (ZWC)<\/a><\/li>\n<li><a href=\"https:\/\/ee2.put.poznan.pl\/index.php\/o-instytucie\/kadra\/marcin-skotnicki\/\">dr in\u017c. Marcin Skotnicki (ZWW)<\/a><\/li>\n<li>dr in\u017c. Agnieszka Szuster-Janiaczyk (ZWW)<\/li>\n<li>dr in\u017c. Micha\u0142 Szyma\u0144ski (ZWC)<\/li>\n<li>dr Nay Yee Wint (ZWW)<\/li>\n<li><a href=\"https:\/\/ee2.put.poznan.pl\/index.php\/o-instytucie\/kadra\/kacper-formaniak\/\">mgr in\u017c. Kacper F\u00f3rmaniak (ZWC)<\/a><\/li>\n<li><a href=\"https:\/\/ee2.put.poznan.pl\/index.php\/o-instytucie\/kadra\/wiktor-gielniak\/\">mgr in\u017c. Wiktor Gielniak (ZWW)<\/a><\/li>\n<li>mgr in\u017c. Sylwia Ko\u0142aska (ZWW)<\/li>\n<li><a href=\"https:\/\/ee2.put.poznan.pl\/index.php\/o-instytucie\/kadra\/malgorzata-krzewicka\/\">mgr in\u017c. Ma\u0142gorzata Krzewicka (ZWC)<\/a><\/li>\n<li><a href=\"https:\/\/ee2.put.poznan.pl\/index.php\/o-instytucie\/kadra\/joanna-kubiak\/\">mgr in\u017c. Joanna Kubiak (ZWC)<\/a><\/li>\n<\/ul>\n<\/li>\n<\/ul>\n<br \/>\n<p><strong>Pracownicy administracyjni i techniczni Instytutu:<\/strong><\/p>\n<ul>\n<li>mgr in\u017c. Joanna Chwia\u0142kowska<\/li>\n<li>mgr in\u017c. Sylwia Dziamska<\/li>\n<li>mgr in\u017c. Miko\u0142aj Gomo\u0144ski<\/li>\n<li>Piotr Grz\u0105dzielewski<\/li>\n<li>Sylwia Kui\u0144ska-Ci\u0105\u017cy\u0144ska<\/li>\n<li>mgr in\u017c. Grzegorz Matuszczak<\/li>\n<li>mgr in\u017c. Adam Michalak<\/li>\n<li>Renata Strykowska<\/li>\n<li>mgr Joanna Tietz<\/li>\n<\/ul>\n<div>\n<p style=\"font-style: normal;font-weight: 400;font-size: 15px;font-family: Roboto, sans-serif;text-indent: 0px\"><strong>Doktoranci:<\/strong><\/p>\n<ul style=\"font-style: normal;font-weight: 400;font-size: 15px;font-family: Roboto, sans-serif\">\n<li>mgr in\u017c. Joanna Antos (ZWW)<\/li>\n<li><a href=\"https:\/\/ee2.put.poznan.pl\/index.php\/o-instytucie\/kadra\/aleksandra-gesicka\/\">mgr in\u017c. Aleksandra G\u0119sicka (ZWW)<\/a><\/li>\n<li>mgr in\u017c. Joanna Kubiak (ZWC)<\/li>\n<li>mgr in\u017c. Arouna Mefire (ZWW)<\/li>\n<li>mgr in\u017c. Micha\u0142 Narojczyk (ZWC)<\/li>\n<li><a href=\"https:\/\/ee2.put.poznan.pl\/index.php\/o-instytucie\/kadra\/marianna-piosik\/\">mgr in\u017c. Marianna Piosik (ZWW)<\/a><\/li>\n<li><a href=\"https:\/\/ee2.put.poznan.pl\/index.php\/o-instytucie\/kadra\/hanna-prusak\/\"><span style=\"text-align: inherit\">mgr in\u017c. Hanna Prusak (ZWW)<\/span><\/a><\/li>\n<li>mgr in\u017c. Seyedbehzad Rouhipour (ZWW)<\/li>\n<li>mgr in\u017c. Fasilate Uwimpaye (ZWW)<\/li>\n<li>mgr in\u017c. Amelia Zag\u00f3rna (ZWW)<\/li>\n<\/ul>\n<\/div>\n<div><b style=\"text-align: inherit\">\u00a0<\/b><span style=\"text-align: inherit\">\u00a0<\/span><span style=\"text-align: inherit\">Information about the staff is also available in the Pozna\u0144 University of Technology Information Bulletin <\/span><strong style=\"text-align: inherit\"><a href=\"https:\/\/informator.put.poznan.pl\/app\/unit\/instytut-inzynierii-srodowiska-i-instalacji-budowlanych-1770\" target=\"_blank\" rel=\"noopener\" data-wplink-edit=\"true\">(LINK)<\/a><\/strong><\/div>\n<\/div>\n<div style=\"flex-basis: 50%\">\n<p><\/p>\n<\/div>\n<p><\/p>\n<\/div>\n<p><!-- \/wp:columns --><\/p>\t\t\t\t\t\t\t\t<\/div>\n\t\t\t\t<\/div>\n\t\t\t\t\t<\/div>\n\t\t<\/div>\n\t\t\t\t<div class=\"elementor-column elementor-col-50 elementor-top-column elementor-element elementor-element-8925787\" data-id=\"8925787\" data-element_type=\"column\">\n\t\t\t<div class=\"elementor-widget-wrap elementor-element-populated\">\n\t\t\t\t\t\t<div class=\"elementor-element elementor-element-59a3fe8 elementor-widget elementor-widget-text-editor\" data-id=\"59a3fe8\" data-element_type=\"widget\" data-widget_type=\"text-editor.default\">\n\t\t\t\t<div class=\"elementor-widget-container\">\n\t\t\t\t\t\t\t\t\t<p><!-- wp:columns --><\/p>\n<div>\n<p><!-- wp:column {\"width\":\"66.66%\"} --><\/p>\n<div style=\"flex-basis: 66.66%\">\n<p><!-- wp:paragraph --><\/p>\n<p><img decoding=\"async\" style=\"text-align: inherit\" src=\"http:\/\/ee2.put.poznan.pl\/wp-content\/uploads\/2023\/02\/jpg-techchem3-1024x576.jpg\" alt=\"\" \/>Siedziba Instytutu In\u017cynierii \u015arodowiska i Instalacji Budowlanych \u2013 ul. Berdychowo 4, 60-965 Pozna\u0144<\/p>\n<\/div>\n<div style=\"flex-basis: 50%\">\n<p><!-- \/wp:paragraph --><\/p>\n<\/div>\n<p><!-- \/wp:column --><\/p>\n<\/div>\n<p><!-- \/wp:columns --><\/p>\t\t\t\t\t\t\t\t<\/div>\n\t\t\t\t<\/div>\n\t\t\t\t\t<\/div>\n\t\t<\/div>\n\t\t\t\t\t<\/div>\n\t\t<\/section>\n\t\t\t\t<\/div>\n\t\t","protected":false},"excerpt":{"rendered":"<p>Pracownicy naukowi, badawczo-dydaktyczni i dydaktyczni Instytutu In\u017cynierii \u015arodowiska i Instalacji Budowlanych Politechniki Pozna\u0144skiej \u00a0 Zak\u0142adu Zaopatrzenia w Wod\u0119 i Biogospodarki (ZWW)Zak\u0142adu Ogrzewnictwa, Klimatyzacji i Ochrony Powietrza (ZWC): (szczeg\u00f3\u0142owe informacje o pracowniku dost\u0119pne po klikni\u0119ciu w nazwisko) prof. dr hab. in\u017c. Piotr Ole\u015bkowicz-Popiel (ZWW, Dyrektor Instytutu) dr hab. in\u017c. Katarzyna Ratajczak, &hellip;<\/p>\n","protected":false},"author":2,"featured_media":0,"parent":53,"menu_order":0,"comment_status":"closed","ping_status":"closed","template":"","meta":{"_monsterinsights_skip_tracking":false,"_monsterinsights_sitenote_active":false,"_monsterinsights_sitenote_note":"","_monsterinsights_sitenote_category":0,"footnotes":""},"class_list":["post-214","page","type-page","status-publish","hentry"],"_links":{"self":[{"href":"https:\/\/ee2.put.poznan.pl\/index.php\/wp-json\/wp\/v2\/pages\/214","targetHints":{"allow":["GET"]}}],"collection":[{"href":"https:\/\/ee2.put.poznan.pl\/index.php\/wp-json\/wp\/v2\/pages"}],"about":[{"href":"https:\/\/ee2.put.poznan.pl\/index.php\/wp-json\/wp\/v2\/types\/page"}],"author":[{"embeddable":true,"href":"https:\/\/ee2.put.poznan.pl\/index.php\/wp-json\/wp\/v2\/users\/2"}],"replies":[{"embeddable":true,"href":"https:\/\/ee2.put.poznan.pl\/index.php\/wp-json\/wp\/v2\/comments?post=214"}],"version-history":[{"count":178,"href":"https:\/\/ee2.put.poznan.pl\/index.php\/wp-json\/wp\/v2\/pages\/214\/revisions"}],"predecessor-version":[{"id":3271,"href":"https:\/\/ee2.put.poznan.pl\/index.php\/wp-json\/wp\/v2\/pages\/214\/revisions\/3271"}],"up":[{"embeddable":true,"href":"https:\/\/ee2.put.poznan.pl\/index.php\/wp-json\/wp\/v2\/pages\/53"}],"wp:attachment":[{"href":"https:\/\/ee2.put.poznan.pl\/index.php\/wp-json\/wp\/v2\/media?parent=214"}],"curies":[{"name":"wp","href":"https:\/\/api.w.org\/{rel}","templated":true}]}}