{"id":2373,"date":"2024-02-03T13:46:35","date_gmt":"2024-02-03T13:46:35","guid":{"rendered":"https:\/\/ee2.put.poznan.pl\/?page_id=2373"},"modified":"2024-02-03T13:55:24","modified_gmt":"2024-02-03T13:55:24","slug":"marianna-piosik","status":"publish","type":"page","link":"https:\/\/ee2.put.poznan.pl\/index.php\/o-instytucie\/kadra\/marianna-piosik\/","title":{"rendered":"mgr in\u017c. Marianna Piosik"},"content":{"rendered":"\t\t<div data-elementor-type=\"wp-page\" data-elementor-id=\"2373\" class=\"elementor elementor-2373\">\n\t\t\t\t\t\t<section class=\"elementor-section elementor-top-section elementor-element elementor-element-b7c8f12 elementor-section-boxed elementor-section-height-default elementor-section-height-default\" data-id=\"b7c8f12\" data-element_type=\"section\">\n\t\t\t\t\t\t<div class=\"elementor-container elementor-column-gap-default\">\n\t\t\t\t\t<div class=\"elementor-column elementor-col-66 elementor-top-column elementor-element elementor-element-2059c97\" data-id=\"2059c97\" data-element_type=\"column\">\n\t\t\t<div class=\"elementor-widget-wrap elementor-element-populated\">\n\t\t\t\t\t\t<div class=\"elementor-element elementor-element-ed2adaf elementor-widget elementor-widget-text-editor\" data-id=\"ed2adaf\" data-element_type=\"widget\" data-widget_type=\"text-editor.default\">\n\t\t\t\t<div class=\"elementor-widget-container\">\n\t\t\t\t\t\t\t\t\t<p>Zak\u0142ad Zaopatrzenia w Wod\u0119 i Biogospodarki<\/p>\t\t\t\t\t\t\t\t<\/div>\n\t\t\t\t<\/div>\n\t\t\t\t<div class=\"elementor-element elementor-element-fbc8326 e-transform elementor-widget-divider--view-line elementor-invisible elementor-widget elementor-widget-divider\" data-id=\"fbc8326\" data-element_type=\"widget\" data-settings=\"{&quot;_animation&quot;:&quot;fadeInUp&quot;,&quot;_transform_scale_effect&quot;:{&quot;unit&quot;:&quot;px&quot;,&quot;size&quot;:&quot;&quot;,&quot;sizes&quot;:[]},&quot;_transform_scale_effect_tablet&quot;:{&quot;unit&quot;:&quot;px&quot;,&quot;size&quot;:&quot;&quot;,&quot;sizes&quot;:[]},&quot;_transform_scale_effect_mobile&quot;:{&quot;unit&quot;:&quot;px&quot;,&quot;size&quot;:&quot;&quot;,&quot;sizes&quot;:[]}}\" data-widget_type=\"divider.default\">\n\t\t\t\t<div class=\"elementor-widget-container\">\n\t\t\t\t\t\t\t<div class=\"elementor-divider\">\n\t\t\t<span class=\"elementor-divider-separator\">\n\t\t\t\t\t\t<\/span>\n\t\t<\/div>\n\t\t\t\t\t\t<\/div>\n\t\t\t\t<\/div>\n\t\t\t\t<div class=\"elementor-element elementor-element-2d1f7e7 elementor-widget elementor-widget-text-editor\" data-id=\"2d1f7e7\" data-element_type=\"widget\" data-widget_type=\"text-editor.default\">\n\t\t\t\t<div class=\"elementor-widget-container\">\n\t\t\t\t\t\t\t\t\t<p>Profil w Systemie Informacji Naukowej PP: <a href=\"https:\/\/sin.put.poznan.pl\/people\/details\/marianna.cislak\" target=\"_blank\" rel=\"noreferrer noopener\">Marianna Piosik SIN<\/a><\/p><p>E-mail: <a href=\"mailto:marianna.piosik@put.poznan.pl\" target=\"_blank\" rel=\"noopener\">marianna.piosik@put.poznan.pl<\/a><\/p><p style=\"font-style: normal;font-weight: 400;font-size: 15px;font-family: Roboto, sans-serif;text-indent: 0px\">Pok\u00f3j: 315B budynek WTCH &#8211; <a style=\"font-style: normal;font-weight: 400;font-size: 15px;font-family: Roboto, sans-serif;text-align: inherit\" href=\"https:\/\/isie.put.poznan.pl\/sites\/default\/files\/2021-11\/Instytut%20In%C5%BCynierii%20%C5%9Arodowiska%20i%20Instalacji%20Budowlanych-konsultacje.pdf\" target=\"_blank\" rel=\"noreferrer noopener\">LINK<\/a><span style=\"font-style: normal;font-weight: 400;font-size: 15px;font-family: Roboto, sans-serif;color: var( --e-global-color-text );text-align: inherit\">\u00a0(<\/span><a style=\"font-style: normal;font-weight: 400;font-size: 15px;font-family: Roboto, sans-serif;text-align: inherit\" href=\"https:\/\/isie.put.poznan.pl\/sites\/default\/files\/inline-files\/OZNACZENIA%20W%20PLANIE%20ZAJ%C4%98%C4%86.pdf\" target=\"_blank\" rel=\"noreferrer noopener\">mapa kampusu<\/a><span style=\"font-style: normal;font-weight: 400;font-size: 15px;font-family: Roboto, sans-serif;color: var( --e-global-color-text );text-align: inherit\">)<\/span><\/p><p style=\"font-style: normal;font-weight: 400;font-size: 15px;font-family: Roboto, sans-serif;text-indent: 0px\">Konsultacje: &#8211;\u00a0<a style=\"font-style: normal;font-weight: 400;font-size: 15px;font-family: Roboto, sans-serif;text-align: inherit\" href=\"http:\/\/ee2.put.poznan.pl\/wp-content\/uploads\/files\/IISiIB_PUT_konsultacje.pdf\" target=\"_blank\" rel=\"noopener\">LINK (wykaz konsultacji pracownik\u00f3w instytutu)<\/a><\/p>\t\t\t\t\t\t\t\t<\/div>\n\t\t\t\t<\/div>\n\t\t\t\t\t<\/div>\n\t\t<\/div>\n\t\t\t\t<div class=\"elementor-column elementor-col-33 elementor-top-column elementor-element elementor-element-a2bc8ce\" data-id=\"a2bc8ce\" data-element_type=\"column\">\n\t\t\t<div class=\"elementor-widget-wrap elementor-element-populated\">\n\t\t\t\t\t\t<div class=\"elementor-element elementor-element-20464b5 elementor-invisible elementor-widget elementor-widget-image\" data-id=\"20464b5\" data-element_type=\"widget\" data-settings=\"{&quot;_animation&quot;:&quot;fadeInUp&quot;}\" data-widget_type=\"image.default\">\n\t\t\t\t<div class=\"elementor-widget-container\">\n\t\t\t\t\t\t\t\t\t\t\t\t\t\t\t<img fetchpriority=\"high\" decoding=\"async\" width=\"233\" height=\"300\" src=\"https:\/\/ee2.put.poznan.pl\/wp-content\/uploads\/2024\/02\/sylwetka_piosik_marianna-233x300.jpg\" class=\"elementor-animation-grow attachment-medium size-medium wp-image-2374\" alt=\"\" srcset=\"https:\/\/ee2.put.poznan.pl\/wp-content\/uploads\/2024\/02\/sylwetka_piosik_marianna-233x300.jpg 233w, https:\/\/ee2.put.poznan.pl\/wp-content\/uploads\/2024\/02\/sylwetka_piosik_marianna.jpg 242w\" sizes=\"(max-width: 233px) 100vw, 233px\" \/>\t\t\t\t\t\t\t\t\t\t\t\t\t\t\t<\/div>\n\t\t\t\t<\/div>\n\t\t\t\t\t<\/div>\n\t\t<\/div>\n\t\t\t\t\t<\/div>\n\t\t<\/section>\n\t\t\t\t<section class=\"elementor-section elementor-top-section elementor-element elementor-element-186e3c1 elementor-section-boxed elementor-section-height-default elementor-section-height-default\" data-id=\"186e3c1\" data-element_type=\"section\">\n\t\t\t\t\t\t<div class=\"elementor-container elementor-column-gap-default\">\n\t\t\t\t\t<div class=\"elementor-column elementor-col-100 elementor-top-column elementor-element elementor-element-f9e2ca0\" data-id=\"f9e2ca0\" data-element_type=\"column\">\n\t\t\t<div class=\"elementor-widget-wrap elementor-element-populated\">\n\t\t\t\t\t\t<div class=\"elementor-element elementor-element-d849ac7 elementor-widget-divider--view-line elementor-invisible elementor-widget elementor-widget-divider\" data-id=\"d849ac7\" data-element_type=\"widget\" data-settings=\"{&quot;_animation&quot;:&quot;fadeInUp&quot;}\" data-widget_type=\"divider.default\">\n\t\t\t\t<div class=\"elementor-widget-container\">\n\t\t\t\t\t\t\t<div class=\"elementor-divider\">\n\t\t\t<span class=\"elementor-divider-separator\">\n\t\t\t\t\t\t<\/span>\n\t\t<\/div>\n\t\t\t\t\t\t<\/div>\n\t\t\t\t<\/div>\n\t\t\t\t\t<\/div>\n\t\t<\/div>\n\t\t\t\t\t<\/div>\n\t\t<\/section>\n\t\t\t\t<section class=\"elementor-section elementor-top-section elementor-element elementor-element-5054d94 elementor-section-boxed elementor-section-height-default elementor-section-height-default\" data-id=\"5054d94\" data-element_type=\"section\">\n\t\t\t\t\t\t<div class=\"elementor-container elementor-column-gap-default\">\n\t\t\t\t\t<div class=\"elementor-column elementor-col-100 elementor-top-column elementor-element elementor-element-ced61b6\" data-id=\"ced61b6\" data-element_type=\"column\">\n\t\t\t<div class=\"elementor-widget-wrap elementor-element-populated\">\n\t\t\t\t\t\t<div class=\"elementor-element elementor-element-fa532ac elementor-widget elementor-widget-text-editor\" data-id=\"fa532ac\" data-element_type=\"widget\" data-widget_type=\"text-editor.default\">\n\t\t\t\t<div class=\"elementor-widget-container\">\n\t\t\t\t\t\t\t\t\t<h6>Informacje Og\u00f3lne<\/h6>\t\t\t\t\t\t\t\t<\/div>\n\t\t\t\t<\/div>\n\t\t\t\t<div class=\"elementor-element elementor-element-ab8e8b3 elementor-widget elementor-widget-text-editor\" data-id=\"ab8e8b3\" data-element_type=\"widget\" data-widget_type=\"text-editor.default\">\n\t\t\t\t<div class=\"elementor-widget-container\">\n\t\t\t\t\t\t\t\t\t<p style=\"background: white;margin: 0cm 0cm 12.0pt 0cm\"><span style=\"font-size: 11.5pt;font-family: Roboto;color: black\">Mgr in\u017c. Marianna Piosik (ur. 1997r.) jest zatrudniona jako pracownik naukowo-dydaktyczny na stanowisku asystenta w Instytucie In\u017cynierii \u015arodowiska i Instalacji Budowlanych Politechniki Pozna\u0144skiej.<\/span><\/p><p style=\"background: white;margin: 0cm 0cm 12.0pt 0cm\"><span style=\"font-size: 11.5pt;font-family: Roboto;color: black\">Zainteresowania naukowe obejmuj\u0105 analiz\u0119 poziom\u00f3w st\u0119\u017ce\u0144 mikrozanieczyszcze\u0144 w \u015brodowisku wodnym i glebowym oraz badanie \u017ar\u00f3de\u0142 emisji tych zanieczyszcze\u0144 (\u015bcieki komunalne, odpady rolnicze), opracowywanie nowoczesnych metod przygotowania pr\u00f3bek (SPE, LLE, QuECHERS) oraz analizy ilo\u015bciowe przy u\u017cyciu HPLC-MS\/MS (wysokosprawna chromatografia cieczowa z tandemow\u0105 spektrometri\u0105 mas).<\/span><\/p>\t\t\t\t\t\t\t\t<\/div>\n\t\t\t\t<\/div>\n\t\t\t\t<div class=\"elementor-element elementor-element-b28313c elementor-widget elementor-widget-text-editor\" data-id=\"b28313c\" data-element_type=\"widget\" data-widget_type=\"text-editor.default\">\n\t\t\t\t<div class=\"elementor-widget-container\">\n\t\t\t\t\t\t\t\t\t<h6>WYKSZTA\u0141CENIE<\/h6>\t\t\t\t\t\t\t\t<\/div>\n\t\t\t\t<\/div>\n\t\t\t\t<div class=\"elementor-element elementor-element-5ea5188 elementor-widget elementor-widget-text-editor\" data-id=\"5ea5188\" data-element_type=\"widget\" data-widget_type=\"text-editor.default\">\n\t\t\t\t<div class=\"elementor-widget-container\">\n\t\t\t\t\t\t\t\t\t<p><\/p><p><\/p><p><\/p><p><\/p><p><\/p><ul><li><strong>2022 \u2013 Rozpocz\u0119cie studi\u00f3w doktoranckich<\/strong><br \/>Politechnika Pozna\u0144ska<br \/>Zak\u0142ad Zaopatrzenia w Wod\u0119 i Biogospodarki<br \/>Kierunek: In\u017cynieria \u015arodowiska (dziennie)<br \/>Tytu\u0142 pracy doktorskiej: Wp\u0142yw rolnictwa na obecno\u015b\u0107 estrogen\u00f3w w \u015brodowisku wodnym i glebowym &#8211; oznaczanie i usuwanie<\/li><li><strong>2020 \u2013 2021 \u2013 studia magisterskie<\/strong><br \/>kierunek: in\u017cynieria \u015brodowiska<br \/>specjalizacja: zaopatrzenie w wod\u0119, ochrona w\u00f3d i gleby<br \/>Wydzia\u0142 In\u017cynierii \u015arodowiska i Energetyki, Politechnika Pozna\u0144ska<br \/>Tytu\u0142 pracy magisterskiej: \u201eOcena jako\u015bci w\u00f3d podziemnych okolic Chludowa\u201d<\/li><li><strong>2016 \u2013 2020 \u2013 studia in\u017cynierskie<\/strong><br \/>kierunek: in\u017cynieria \u015brodowiska<br \/>Wydzia\u0142 Budownictwa i In\u017cynierii \u015arodowiska, Politechnika Pozna\u0144ska<br \/>Tytu\u0142 pracy in\u017cynierskiej: \u201eProjekt koncepcyjny systemu podczyszczania \u015bciek\u00f3w z przemys\u0142u kosmetycznego\u201d<\/li><\/ul><p><\/p><p><!-- \/wp:list --><\/p>\t\t\t\t\t\t\t\t<\/div>\n\t\t\t\t<\/div>\n\t\t\t\t<div class=\"elementor-element elementor-element-7948db2 elementor-widget elementor-widget-text-editor\" data-id=\"7948db2\" data-element_type=\"widget\" data-widget_type=\"text-editor.default\">\n\t\t\t\t<div class=\"elementor-widget-container\">\n\t\t\t\t\t\t\t\t\t<h6>zatrudnienie<\/h6>\t\t\t\t\t\t\t\t<\/div>\n\t\t\t\t<\/div>\n\t\t\t\t<div class=\"elementor-element elementor-element-480832d elementor-widget__width-initial elementor-widget elementor-widget-text-editor\" data-id=\"480832d\" data-element_type=\"widget\" data-widget_type=\"text-editor.default\">\n\t\t\t\t<div class=\"elementor-widget-container\">\n\t\t\t\t\t\t\t\t\t<ul><li>od 2023 \u2013<strong> Asystent<\/strong>; Instytut In\u017cynierii \u015arodowiska i Instalacji Budowlanych; Politechnika Pozna\u0144ska<\/li><\/ul>\t\t\t\t\t\t\t\t<\/div>\n\t\t\t\t<\/div>\n\t\t\t\t<div class=\"elementor-element elementor-element-2823223 elementor-widget elementor-widget-text-editor\" data-id=\"2823223\" data-element_type=\"widget\" data-widget_type=\"text-editor.default\">\n\t\t\t\t<div class=\"elementor-widget-container\">\n\t\t\t\t\t\t\t\t\t<h6>\u00a0<\/h6>\n<h6>PROWADZONE ZAJ\u0118CIA DYDAKTYCZNE<\/h6>\t\t\t\t\t\t\t\t<\/div>\n\t\t\t\t<\/div>\n\t\t\t\t<div class=\"elementor-element elementor-element-9b7c49f elementor-widget elementor-widget-text-editor\" data-id=\"9b7c49f\" data-element_type=\"widget\" data-widget_type=\"text-editor.default\">\n\t\t\t\t<div class=\"elementor-widget-container\">\n\t\t\t\t\t\t\t\t\t<p><!-- wp:paragraph --><\/p><p><!-- \/wp:paragraph --><\/p><p><!-- wp:paragraph --><\/p><p><!-- \/wp:paragraph --><\/p><p><!-- wp:paragraph --><\/p><p><span style=\"text-indent: 0em;color: var( --e-global-color-text );text-align: inherit\"><b>Aktualnie:<\/b><\/span><\/p><p><!-- \/wp:paragraph --><\/p><p><!-- wp:list --><\/p><ul><li style=\"list-style-type: none\"><ul><!-- wp:list-item --><\/ul><\/li><li>Chemia Wody i \u015aciek\u00f3w \u2013 \u0107wiczenia audytoryjne i laboratoryjne, studia II stopnia (stacjonarnie i niestacjonarnie) na kierunku In\u017cynieria \u015arodowiska<\/li><li>Gospodarka Wodna z Meteorologi\u0105\u2013 \u0107wiczenia laboratoryjne, studia I stopnia (stacjonarnie) na kierunku In\u017cynieria \u015arodowiska<\/li><li>Systemy Uzdatniania Wody \u2013 \u0107wiczenia audytoryjne, projektowe i laboratoryjne, studia II stopnia (niestacjonarne) na kierunku In\u017cynieria \u015arodowiska<\/li><li>Projektowanie Uniwersalne II \u2013 \u0107wiczenia laboratoryjne, studia II stopnia (niestacjonarne) na kierunku In\u017cynieria \u015arodowiska<\/li><\/ul><p><!-- \/wp:list-item --><\/p><p><!-- \/wp:list --><\/p><p><!-- wp:paragraph --><\/p><p><!-- \/wp:paragraph --><\/p><p><!-- \/wp:list --><\/p>\t\t\t\t\t\t\t\t<\/div>\n\t\t\t\t<\/div>\n\t\t\t\t<div class=\"elementor-element elementor-element-9782924 elementor-widget elementor-widget-text-editor\" data-id=\"9782924\" data-element_type=\"widget\" data-widget_type=\"text-editor.default\">\n\t\t\t\t<div class=\"elementor-widget-container\">\n\t\t\t\t\t\t\t\t\t<h6>Charakterystyka dorobku naukowego i najwa\u017cniejsze prace\u00a0<\/h6>\t\t\t\t\t\t\t\t<\/div>\n\t\t\t\t<\/div>\n\t\t\t\t<div class=\"elementor-element elementor-element-e9873fc elementor-widget elementor-widget-text-editor\" data-id=\"e9873fc\" data-element_type=\"widget\" data-widget_type=\"text-editor.default\">\n\t\t\t\t<div class=\"elementor-widget-container\">\n\t\t\t\t\t\t\t\t\t<p><!-- wp:paragraph --><\/p><p><!-- \/wp:paragraph --><\/p><p><!-- wp:paragraph --><\/p><p><!-- \/wp:paragraph --><\/p><p><!-- wp:paragraph --><\/p><p>Dorobek naukowy obejmuje artyku\u0142y w czasopismach punktowanych o zasi\u0119gu mi\u0119dzynarodowym i krajowe oraz wyst\u0105pienia konferencyjne dotycz\u0105ce problem\u00f3w obejmuj\u0105cych m.in.:<\/p><ul><li>Jako\u015bci wody<\/li><li>Poziom\u00f3w st\u0119\u017ce\u0144 mikrozanieczyszcze\u0144 w \u015brodowisku<\/li><li>Metod oznaczania mikrozanieczyszcze\u0144 w \u015brodowisku<\/li><li>Metod usuwania mikrozanieczyszcze\u0144 ze \u015bciek\u00f3w<\/li><\/ul><p>Zestawienie najwa\u017cniejszych prac naukowych dost\u0119pne w Systemie Informacji Naukowej PP:\u00a0<strong><a style=\"font-family: Roboto, sans-serif;font-size: 15px;font-style: normal;text-align: inherit\" href=\"https:\/\/sin.put.poznan.pl\/people\/details\/marianna.cislak\" target=\"_blank\" rel=\"noreferrer noopener\">Marianna Piosik SIN (LINK)<\/a><span style=\"text-indent: 0em;color: var( --e-global-color-text );text-align: inherit\">\u00a0<\/span><\/strong><\/p><p><!-- \/wp:paragraph --><\/p><p><!-- \/wp:list --><\/p>\t\t\t\t\t\t\t\t<\/div>\n\t\t\t\t<\/div>\n\t\t\t\t<div class=\"elementor-element elementor-element-b6a6599 elementor-widget elementor-widget-text-editor\" data-id=\"b6a6599\" data-element_type=\"widget\" data-widget_type=\"text-editor.default\">\n\t\t\t\t<div class=\"elementor-widget-container\">\n\t\t\t\t\t\t\t\t\t<h6>DZIA\u0141ALNO\u015a\u0106 ORGANIZACYJNA<\/h6>\t\t\t\t\t\t\t\t<\/div>\n\t\t\t\t<\/div>\n\t\t\t\t<div class=\"elementor-element elementor-element-60a8927 elementor-widget elementor-widget-text-editor\" data-id=\"60a8927\" data-element_type=\"widget\" data-widget_type=\"text-editor.default\">\n\t\t\t\t<div class=\"elementor-widget-container\">\n\t\t\t\t\t\t\t\t\t<p><!-- wp:paragraph --><\/p><p><!-- \/wp:paragraph --><\/p><p><!-- wp:paragraph --><\/p><p><!-- \/wp:paragraph --><\/p><p><!-- wp:paragraph --><\/p><ul><li>2022 &#8211; aktualnie &#8211; cz\u0142onek Instytutowego Z<span style=\"font-family: Roboto, sans-serif;font-size: 15px;font-style: normal;font-weight: 400;color: var( --e-global-color-text );text-align: inherit\">espo\u0142u ds. Promocji Kierunku studi\u00f3w In\u017cynieria \u015arodowiska w Politechnice Pozna\u0144skiej<\/span><\/li><\/ul><p><!-- \/wp:paragraph --><\/p><p><!-- \/wp:list --><\/p>\t\t\t\t\t\t\t\t<\/div>\n\t\t\t\t<\/div>\n\t\t\t\t<div class=\"elementor-element elementor-element-f5219e4 elementor-widget elementor-widget-text-editor\" data-id=\"f5219e4\" data-element_type=\"widget\" data-widget_type=\"text-editor.default\">\n\t\t\t\t<div class=\"elementor-widget-container\">\n\t\t\t\t\t\t\t\t\t<h6>Szkolenia, uprawnienia i licencje<\/h6>\t\t\t\t\t\t\t\t<\/div>\n\t\t\t\t<\/div>\n\t\t\t\t<div class=\"elementor-element elementor-element-920b200 elementor-widget elementor-widget-text-editor\" data-id=\"920b200\" data-element_type=\"widget\" data-widget_type=\"text-editor.default\">\n\t\t\t\t<div class=\"elementor-widget-container\">\n\t\t\t\t\t\t\t\t\t<ul><li>Uko\u0144czenie szkolenia \u201eTrainings \u2013 Module I\u201d w ramach projektu STER<\/li><li>Uko\u0144czenie kursu w ramach I (30h wyk\u0142ad\u00f3w) i III (30h wyk\u0142ad\u00f3w, 15h zaj\u0119\u0107 praktycznych) modu\u0142u projektu \u201eProjektowanie uniwersalne w strategii podnoszenia efektywno\u015bci kszta\u0142cenia na Politechnice Pozna\u0144skiej\u201d w ramach Programu Operacyjnego Wiedza, Edukacja Rozw\u00f3j. (2020-2021)<\/li><\/ul>\t\t\t\t\t\t\t\t<\/div>\n\t\t\t\t<\/div>\n\t\t\t\t<div class=\"elementor-element elementor-element-1f62a90 elementor-widget elementor-widget-text-editor\" data-id=\"1f62a90\" data-element_type=\"widget\" data-widget_type=\"text-editor.default\">\n\t\t\t\t<div class=\"elementor-widget-container\">\n\t\t\t\t\t\t\t\t\t<h6>Projekty, granty, sta\u017ce naukowe<\/h6>\t\t\t\t\t\t\t\t<\/div>\n\t\t\t\t<\/div>\n\t\t\t\t<div class=\"elementor-element elementor-element-791a349 elementor-widget elementor-widget-text-editor\" data-id=\"791a349\" data-element_type=\"widget\" data-widget_type=\"text-editor.default\">\n\t\t\t\t<div class=\"elementor-widget-container\">\n\t\t\t\t\t\t\t\t\t<p><!-- wp:paragraph --><\/p><p><!-- \/wp:paragraph --><\/p><p><!-- wp:paragraph --><\/p><p><!-- \/wp:paragraph --><\/p><p><!-- wp:paragraph --><\/p><ul><li>Sta\u017c naukowy na Uniwersytecie Miko\u0142aja Kopernika w Toruniu (luty\/marzec 2023) w Katedrze Chemii \u015arodowiska i Bioanalityki<\/li><li>Sta\u017c naukowy na Universitaet Bielefeld (wrzesie\u0144 2023) Fakult\u00e4t f\u00fcr Chemie Organische und Bioorganische Chemie<\/li><\/ul><p><!-- \/wp:paragraph --><\/p><p><!-- \/wp:list --><\/p>\t\t\t\t\t\t\t\t<\/div>\n\t\t\t\t<\/div>\n\t\t\t\t\t<\/div>\n\t\t<\/div>\n\t\t\t\t\t<\/div>\n\t\t<\/section>\n\t\t\t\t<\/div>\n\t\t","protected":false},"excerpt":{"rendered":"<p>Zak\u0142ad Zaopatrzenia w Wod\u0119 i Biogospodarki Profil w Systemie Informacji Naukowej PP: Marianna Piosik SIN E-mail: marianna.piosik@put.poznan.pl Pok\u00f3j: 315B budynek WTCH &#8211; LINK\u00a0(mapa kampusu) Konsultacje: &#8211;\u00a0LINK (wykaz konsultacji pracownik\u00f3w instytutu) Informacje Og\u00f3lne Mgr in\u017c. Marianna Piosik (ur. 1997r.) jest zatrudniona jako pracownik naukowo-dydaktyczny na stanowisku asystenta w Instytucie In\u017cynierii \u015arodowiska &hellip;<\/p>\n","protected":false},"author":2,"featured_media":2374,"parent":214,"menu_order":0,"comment_status":"closed","ping_status":"closed","template":"","meta":{"_monsterinsights_skip_tracking":false,"_monsterinsights_sitenote_active":false,"_monsterinsights_sitenote_note":"","_monsterinsights_sitenote_category":0,"footnotes":""},"class_list":["post-2373","page","type-page","status-publish","has-post-thumbnail","hentry"],"_links":{"self":[{"href":"https:\/\/ee2.put.poznan.pl\/index.php\/wp-json\/wp\/v2\/pages\/2373","targetHints":{"allow":["GET"]}}],"collection":[{"href":"https:\/\/ee2.put.poznan.pl\/index.php\/wp-json\/wp\/v2\/pages"}],"about":[{"href":"https:\/\/ee2.put.poznan.pl\/index.php\/wp-json\/wp\/v2\/types\/page"}],"author":[{"embeddable":true,"href":"https:\/\/ee2.put.poznan.pl\/index.php\/wp-json\/wp\/v2\/users\/2"}],"replies":[{"embeddable":true,"href":"https:\/\/ee2.put.poznan.pl\/index.php\/wp-json\/wp\/v2\/comments?post=2373"}],"version-history":[{"count":4,"href":"https:\/\/ee2.put.poznan.pl\/index.php\/wp-json\/wp\/v2\/pages\/2373\/revisions"}],"predecessor-version":[{"id":2379,"href":"https:\/\/ee2.put.poznan.pl\/index.php\/wp-json\/wp\/v2\/pages\/2373\/revisions\/2379"}],"up":[{"embeddable":true,"href":"https:\/\/ee2.put.poznan.pl\/index.php\/wp-json\/wp\/v2\/pages\/214"}],"wp:featuredmedia":[{"embeddable":true,"href":"https:\/\/ee2.put.poznan.pl\/index.php\/wp-json\/wp\/v2\/media\/2374"}],"wp:attachment":[{"href":"https:\/\/ee2.put.poznan.pl\/index.php\/wp-json\/wp\/v2\/media?parent=2373"}],"curies":[{"name":"wp","href":"https:\/\/api.w.org\/{rel}","templated":true}]}}