{"id":275,"date":"2023-02-17T20:42:54","date_gmt":"2023-02-17T20:42:54","guid":{"rendered":"http:\/\/ee2.put.poznan.pl\/?page_id=275"},"modified":"2024-01-28T17:49:59","modified_gmt":"2024-01-28T17:49:59","slug":"publikacje-naukowe","status":"publish","type":"page","link":"https:\/\/ee2.put.poznan.pl\/index.php\/badania\/publikacje-naukowe\/","title":{"rendered":"Publikacje naukowe"},"content":{"rendered":"\t\t<div data-elementor-type=\"wp-page\" data-elementor-id=\"275\" class=\"elementor elementor-275\">\n\t\t\t\t\t\t<section class=\"elementor-section elementor-top-section elementor-element elementor-element-2c33d441 elementor-section-boxed elementor-section-height-default elementor-section-height-default\" data-id=\"2c33d441\" data-element_type=\"section\" data-e-type=\"section\">\n\t\t\t\t\t\t<div class=\"elementor-container elementor-column-gap-default\">\n\t\t\t\t\t<div class=\"elementor-column elementor-col-100 elementor-top-column elementor-element elementor-element-1ce46b85\" data-id=\"1ce46b85\" data-element_type=\"column\" data-e-type=\"column\">\n\t\t\t<div class=\"elementor-widget-wrap elementor-element-populated\">\n\t\t\t\t\t\t<div class=\"elementor-element elementor-element-68bd30f9 elementor-widget elementor-widget-text-editor\" data-id=\"68bd30f9\" data-element_type=\"widget\" data-e-type=\"widget\" data-widget_type=\"text-editor.default\">\n\t\t\t\t<div class=\"elementor-widget-container\">\n\t\t\t\t\t\t\t\t\t<p><\/p>\n<p>Instytut In\u017cynierii \u015arodowiska i Instalacji Budowlanych prowadzi badania naukowe g\u0142\u00f3wnie w\u00a0 dziedzinie nauk in\u017cynieryjno-technicznych (ang. engineering and technology), w dyscyplinie in\u017cynieria \u015brodowiska, g\u00f3rnictwo i energetyka (ang. environmental engineering, mining and energy).<\/p>\n<ul>\n<li><span style=\"color: var( --e-global-color-text ); text-align: inherit; text-indent: 0em;\">W ostatnim roku kalendarzowym (<\/span><strong style=\"color: var( --e-global-color-text ); text-align: inherit; text-indent: 0em;\">2023<\/strong><span style=\"color: var( --e-global-color-text ); text-align: inherit; text-indent: 0em;\">):<\/span>\n<ul>\n<li>opublikowali\u015bmy <strong>51 artyku\u0142\u00f3w<\/strong> naukowych<\/li>\n<li>zdobyli\u015bmy \u0142\u0105cznie <strong>5080 punkt\u00f3w Ministra Nauki<\/strong><\/li>\n<li>sumaryczny wska\u017anik cytowa\u0144 naszych publikacji wynosi<strong> IF \u2265 142,0<\/strong> dla 29 publikacji z IF<\/li>\n<li>napisali\u015bmy <strong>20 rozdzia\u0142\u00f3w<\/strong> w monografiach naukowych i referat\u00f3w konferencyjnych<\/li>\n<li>byli\u015bmy wsp\u00f3\u0142autorami <strong>1 wydawnictwa ksi\u0105\u017ckowego<br \/><\/strong><\/li>\n<\/ul>\n<\/li>\n<li><span style=\"text-indent: 0em; color: var( --e-global-color-text ); text-align: inherit;\">W roku kalendarzowym <strong>2022<\/strong>:<\/span>\n<ul>\n<li>opublikowali\u015bmy <strong>66 artyku\u0142\u00f3w<\/strong> naukowych\n<ul>\n<li>zdobyli\u015bmy \u0142\u0105cznie <strong>5320 punkt\u00f3w Ministra Nauki<\/strong><\/li>\n<li>sumaryczny wska\u017anik cytowa\u0144 naszych publikacji wynosi<strong> IF \u2265 159,3<\/strong> dla 36 publikacji z IF<\/li>\n<\/ul>\n<\/li>\n<li>napisali\u015bmy <strong>23 rozdzia\u0142\u00f3w<\/strong> w monografiach naukowych i referat\u00f3w konferencyjnych<\/li>\n<li>byli\u015bmy wsp\u00f3\u0142autorami <strong>2 wydawnictw ksi\u0105\u017ckowych<\/strong><\/li>\n<\/ul>\n<\/li>\n<\/ul>\n<p>Publikacje naukowe, rozdzia\u0142y w monografiach oraz wydania ksi\u0105\u017ckowe autorstwa pracownik\u00f3w Instytutu In\u017cynierii \u015arodowiska i Instalacji Budowlanych Politechniki Pozna\u0144skiej s\u0105 w\u00a0<strong><a href=\"https:\/\/sin.put.poznan.pl\/organizations\/details\/instytut-inzynierii-srodowiska-i-instalacji-budowlanych-wydzial-inzynierii-srodowiska-i-energetyki-politechnika-poznanska\" target=\"_blank\" rel=\"noopener\">Systemie Informacji Naukowej (SIN) Politechniki Pozna\u0144skiej &#8211; LINK<\/a><\/strong><\/p>\n<p><\/p>\t\t\t\t\t\t\t\t<\/div>\n\t\t\t\t<\/div>\n\t\t\t\t\t<\/div>\n\t\t<\/div>\n\t\t\t\t\t<\/div>\n\t\t<\/section>\n\t\t\t\t<\/div>\n\t\t","protected":false},"excerpt":{"rendered":"<p>Instytut In\u017cynierii \u015arodowiska i Instalacji Budowlanych prowadzi badania naukowe g\u0142\u00f3wnie w\u00a0 dziedzinie nauk in\u017cynieryjno-technicznych (ang. engineering and technology), w dyscyplinie in\u017cynieria \u015brodowiska, g\u00f3rnictwo i energetyka (ang. environmental engineering, mining and energy). W ostatnim roku kalendarzowym (2023): opublikowali\u015bmy 51 artyku\u0142\u00f3w naukowych zdobyli\u015bmy \u0142\u0105cznie 5080 punkt\u00f3w Ministra Nauki sumaryczny wska\u017anik cytowa\u0144 naszych &hellip;<\/p>\n","protected":false},"author":2,"featured_media":0,"parent":271,"menu_order":0,"comment_status":"closed","ping_status":"closed","template":"","meta":{"_monsterinsights_skip_tracking":false,"_monsterinsights_sitenote_active":false,"_monsterinsights_sitenote_note":"","_monsterinsights_sitenote_category":0,"footnotes":""},"class_list":["post-275","page","type-page","status-publish","hentry"],"_links":{"self":[{"href":"https:\/\/ee2.put.poznan.pl\/index.php\/wp-json\/wp\/v2\/pages\/275","targetHints":{"allow":["GET"]}}],"collection":[{"href":"https:\/\/ee2.put.poznan.pl\/index.php\/wp-json\/wp\/v2\/pages"}],"about":[{"href":"https:\/\/ee2.put.poznan.pl\/index.php\/wp-json\/wp\/v2\/types\/page"}],"author":[{"embeddable":true,"href":"https:\/\/ee2.put.poznan.pl\/index.php\/wp-json\/wp\/v2\/users\/2"}],"replies":[{"embeddable":true,"href":"https:\/\/ee2.put.poznan.pl\/index.php\/wp-json\/wp\/v2\/comments?post=275"}],"version-history":[{"count":36,"href":"https:\/\/ee2.put.poznan.pl\/index.php\/wp-json\/wp\/v2\/pages\/275\/revisions"}],"predecessor-version":[{"id":2286,"href":"https:\/\/ee2.put.poznan.pl\/index.php\/wp-json\/wp\/v2\/pages\/275\/revisions\/2286"}],"up":[{"embeddable":true,"href":"https:\/\/ee2.put.poznan.pl\/index.php\/wp-json\/wp\/v2\/pages\/271"}],"wp:attachment":[{"href":"https:\/\/ee2.put.poznan.pl\/index.php\/wp-json\/wp\/v2\/media?parent=275"}],"curies":[{"name":"wp","href":"https:\/\/api.w.org\/{rel}","templated":true}]}}