{"id":3020,"date":"2025-01-18T22:06:06","date_gmt":"2025-01-18T22:06:06","guid":{"rendered":"https:\/\/ee2.put.poznan.pl\/?page_id=3020"},"modified":"2025-01-18T22:19:23","modified_gmt":"2025-01-18T22:19:23","slug":"joanna-kubiak","status":"publish","type":"page","link":"https:\/\/ee2.put.poznan.pl\/index.php\/o-instytucie\/kadra\/joanna-kubiak\/","title":{"rendered":"mgr in\u017c. Joanna Kubiak"},"content":{"rendered":"\t\t<div data-elementor-type=\"wp-page\" data-elementor-id=\"3020\" class=\"elementor elementor-3020\">\n\t\t\t\t\t\t<section class=\"elementor-section elementor-top-section elementor-element elementor-element-90acdcd elementor-section-boxed elementor-section-height-default elementor-section-height-default\" data-id=\"90acdcd\" data-element_type=\"section\" data-e-type=\"section\">\n\t\t\t\t\t\t<div class=\"elementor-container elementor-column-gap-default\">\n\t\t\t\t\t<div class=\"elementor-column elementor-col-66 elementor-top-column elementor-element elementor-element-ae713de\" data-id=\"ae713de\" data-element_type=\"column\" data-e-type=\"column\">\n\t\t\t<div class=\"elementor-widget-wrap elementor-element-populated\">\n\t\t\t\t\t\t<div class=\"elementor-element elementor-element-bc677b0 elementor-widget elementor-widget-text-editor\" data-id=\"bc677b0\" data-element_type=\"widget\" data-e-type=\"widget\" data-widget_type=\"text-editor.default\">\n\t\t\t\t<div class=\"elementor-widget-container\">\n\t\t\t\t\t\t\t\t\t<p>Zak\u0142ad Ogrzewnictwa, Klimatyzacji i Ochrony Powietrza<\/p>\n<p><\/p><p><\/p>\t\t\t\t\t\t\t\t<\/div>\n\t\t\t\t<\/div>\n\t\t\t\t<div class=\"elementor-element elementor-element-7700f6c e-transform elementor-widget-divider--view-line elementor-invisible elementor-widget elementor-widget-divider\" data-id=\"7700f6c\" data-element_type=\"widget\" data-e-type=\"widget\" data-settings=\"{&quot;_animation&quot;:&quot;fadeInUp&quot;,&quot;_transform_scale_effect&quot;:{&quot;unit&quot;:&quot;px&quot;,&quot;size&quot;:&quot;&quot;,&quot;sizes&quot;:[]},&quot;_transform_scale_effect_tablet&quot;:{&quot;unit&quot;:&quot;px&quot;,&quot;size&quot;:&quot;&quot;,&quot;sizes&quot;:[]},&quot;_transform_scale_effect_mobile&quot;:{&quot;unit&quot;:&quot;px&quot;,&quot;size&quot;:&quot;&quot;,&quot;sizes&quot;:[]}}\" data-widget_type=\"divider.default\">\n\t\t\t\t<div class=\"elementor-widget-container\">\n\t\t\t\t\t\t\t<div class=\"elementor-divider\">\n\t\t\t<span class=\"elementor-divider-separator\">\n\t\t\t\t\t\t<\/span>\n\t\t<\/div>\n\t\t\t\t\t\t<\/div>\n\t\t\t\t<\/div>\n\t\t\t\t<div class=\"elementor-element elementor-element-808f929 elementor-widget elementor-widget-text-editor\" data-id=\"808f929\" data-element_type=\"widget\" data-e-type=\"widget\" data-widget_type=\"text-editor.default\">\n\t\t\t\t<div class=\"elementor-widget-container\">\n\t\t\t\t\t\t\t\t\t<p>Profil w Systemie Informacji Naukowej PP: <a href=\"https:\/\/sin.put.poznan.pl\/people\/details\/joanna.kubiak\" target=\"_blank\" rel=\"noreferrer noopener\">Joanna Kubiak SIN<\/a><\/p>\n<p>E-mail: <a href=\"mailto:joanna.kubiak@put.poznan.pl\" target=\"_blank\" rel=\"noopener\">joanna.kubiak@put.poznan.pl<\/a><\/p>\n<p style=\"font-style: normal; font-variant-ligatures: normal; font-variant-caps: normal; font-weight: 400; font-size: 15px; font-family: Roboto, sans-serif; text-indent: 0px;\">Pok\u00f3j: Dom Pasywny &#8211; <a style=\"font-style: normal; font-variant-ligatures: normal; font-variant-caps: normal; font-weight: 400; font-size: 15px; font-family: Roboto, sans-serif; text-align: inherit;\" href=\"https:\/\/isie.put.poznan.pl\/sites\/default\/files\/2021-11\/Instytut%20In%C5%BCynierii%20%C5%9Arodowiska%20i%20Instalacji%20Budowlanych-konsultacje.pdf\" target=\"_blank\" rel=\"noreferrer noopener\">LINK<\/a><span style=\"font-style: normal; font-variant-ligatures: normal; font-variant-caps: normal; font-weight: 400; font-size: 15px; font-family: Roboto, sans-serif; color: var( --e-global-color-text ); text-align: inherit;\">\u00a0(<\/span><a style=\"font-style: normal; font-variant-ligatures: normal; font-variant-caps: normal; font-weight: 400; font-size: 15px; font-family: Roboto, sans-serif; text-align: inherit;\" href=\"https:\/\/isie.put.poznan.pl\/sites\/default\/files\/inline-files\/OZNACZENIA%20W%20PLANIE%20ZAJ%C4%98%C4%86.pdf\" target=\"_blank\" rel=\"noreferrer noopener\">mapa kampusu<\/a><span style=\"font-style: normal; font-variant-ligatures: normal; font-variant-caps: normal; font-weight: 400; font-size: 15px; font-family: Roboto, sans-serif; color: var( --e-global-color-text ); text-align: inherit;\">)<\/span><\/p>\n<p style=\"font-style: normal; font-variant-ligatures: normal; font-variant-caps: normal; font-weight: 400; font-size: 15px; font-family: Roboto, sans-serif; text-indent: 0px;\">Konsultacje: &#8211;\u00a0<a style=\"font-style: normal; font-variant-ligatures: normal; font-variant-caps: normal; font-weight: 400; font-size: 15px; font-family: Roboto, sans-serif; text-align: inherit;\" href=\"http:\/\/ee2.put.poznan.pl\/wp-content\/uploads\/files\/IISiIB_PUT_konsultacje.pdf\" target=\"_blank\" rel=\"noopener\">LINK (wykaz konsultacji pracownik\u00f3w instytutu)<\/a><\/p>\t\t\t\t\t\t\t\t<\/div>\n\t\t\t\t<\/div>\n\t\t\t\t\t<\/div>\n\t\t<\/div>\n\t\t\t\t<div class=\"elementor-column elementor-col-33 elementor-top-column elementor-element elementor-element-b479808\" data-id=\"b479808\" data-element_type=\"column\" data-e-type=\"column\">\n\t\t\t<div class=\"elementor-widget-wrap elementor-element-populated\">\n\t\t\t\t\t\t<div class=\"elementor-element elementor-element-3eea0c1 elementor-invisible elementor-widget elementor-widget-image\" data-id=\"3eea0c1\" data-element_type=\"widget\" data-e-type=\"widget\" data-settings=\"{&quot;_animation&quot;:&quot;fadeInUp&quot;}\" data-widget_type=\"image.default\">\n\t\t\t\t<div class=\"elementor-widget-container\">\n\t\t\t\t\t\t\t\t\t\t\t\t\t\t\t<img fetchpriority=\"high\" decoding=\"async\" width=\"223\" height=\"300\" src=\"https:\/\/ee2.put.poznan.pl\/wp-content\/uploads\/2025\/01\/Joanna-Kubiak-223x300.png\" class=\"elementor-animation-grow attachment-medium size-medium wp-image-3019\" alt=\"\" srcset=\"https:\/\/ee2.put.poznan.pl\/wp-content\/uploads\/2025\/01\/Joanna-Kubiak-223x300.png 223w, https:\/\/ee2.put.poznan.pl\/wp-content\/uploads\/2025\/01\/Joanna-Kubiak-148x200.png 148w, https:\/\/ee2.put.poznan.pl\/wp-content\/uploads\/2025\/01\/Joanna-Kubiak.png 265w\" sizes=\"(max-width: 223px) 100vw, 223px\" \/>\t\t\t\t\t\t\t\t\t\t\t\t\t\t\t<\/div>\n\t\t\t\t<\/div>\n\t\t\t\t\t<\/div>\n\t\t<\/div>\n\t\t\t\t\t<\/div>\n\t\t<\/section>\n\t\t\t\t<section class=\"elementor-section elementor-top-section elementor-element elementor-element-a82b03c elementor-section-boxed elementor-section-height-default elementor-section-height-default\" data-id=\"a82b03c\" data-element_type=\"section\" data-e-type=\"section\">\n\t\t\t\t\t\t<div class=\"elementor-container elementor-column-gap-default\">\n\t\t\t\t\t<div class=\"elementor-column elementor-col-100 elementor-top-column elementor-element elementor-element-f370055\" data-id=\"f370055\" data-element_type=\"column\" data-e-type=\"column\">\n\t\t\t<div class=\"elementor-widget-wrap elementor-element-populated\">\n\t\t\t\t\t\t<div class=\"elementor-element elementor-element-17dcbc9 elementor-widget-divider--view-line elementor-invisible elementor-widget elementor-widget-divider\" data-id=\"17dcbc9\" data-element_type=\"widget\" data-e-type=\"widget\" data-settings=\"{&quot;_animation&quot;:&quot;fadeInUp&quot;}\" data-widget_type=\"divider.default\">\n\t\t\t\t<div class=\"elementor-widget-container\">\n\t\t\t\t\t\t\t<div class=\"elementor-divider\">\n\t\t\t<span class=\"elementor-divider-separator\">\n\t\t\t\t\t\t<\/span>\n\t\t<\/div>\n\t\t\t\t\t\t<\/div>\n\t\t\t\t<\/div>\n\t\t\t\t\t<\/div>\n\t\t<\/div>\n\t\t\t\t\t<\/div>\n\t\t<\/section>\n\t\t\t\t<section class=\"elementor-section elementor-top-section elementor-element elementor-element-72ac242 elementor-section-boxed elementor-section-height-default elementor-section-height-default\" data-id=\"72ac242\" data-element_type=\"section\" data-e-type=\"section\">\n\t\t\t\t\t\t<div class=\"elementor-container elementor-column-gap-default\">\n\t\t\t\t\t<div class=\"elementor-column elementor-col-100 elementor-top-column elementor-element elementor-element-9a5a893\" data-id=\"9a5a893\" data-element_type=\"column\" data-e-type=\"column\">\n\t\t\t<div class=\"elementor-widget-wrap elementor-element-populated\">\n\t\t\t\t\t\t<div class=\"elementor-element elementor-element-eaefd03 elementor-widget elementor-widget-text-editor\" data-id=\"eaefd03\" data-element_type=\"widget\" data-e-type=\"widget\" data-widget_type=\"text-editor.default\">\n\t\t\t\t<div class=\"elementor-widget-container\">\n\t\t\t\t\t\t\t\t\t<h6>WYKSZTA\u0141CENIE<\/h6>\t\t\t\t\t\t\t\t<\/div>\n\t\t\t\t<\/div>\n\t\t\t\t<div class=\"elementor-element elementor-element-ba4a465 elementor-widget elementor-widget-text-editor\" data-id=\"ba4a465\" data-element_type=\"widget\" data-e-type=\"widget\" data-widget_type=\"text-editor.default\">\n\t\t\t\t<div class=\"elementor-widget-container\">\n\t\t\t\t\t\t\t\t\t<ul><li><strong>2024 &#8211; obecnie<\/strong> \u2013 studia podyplomowe, Wy\u017csza Szko\u0142a Kadr Mened\u017cerskich<br \/>kierunek: Wsparcie psychologiczne dzieci i m\u0142odzie\u017cy,<\/li><li><strong>2022 &#8211; obecnie<\/strong> \u2013 szko\u0142a doktorska, Politechnika Pozna\u0144ska. <br \/>Dyscyplina: in\u017cynieria \u015brodowiska, g\u00f3rnictwo i energetyka<\/li><li><strong>2021 &#8211; 2022<\/strong> \u2013 studia magisterskie, Politechnika Pozna\u0144ska<br \/>kierunek: In\u017cynieria \u015arodowiska<br \/>specjalizacja: Zaopatrzenie w ciep\u0142o, klimatyzacja i ochrona powietrza<\/li><li><strong>2017 &#8211; 2021<\/strong> \u2013 studia in\u017cynierskie, Akademia G\u00f3rniczo-Hutnicza w Krakowie<br \/>kierunek: Fizyka Techniczna<br \/>Modu\u0142y kszta\u0142cenia: Badania i monitoring \u015brodowiska oraz symulacje komputerowe w fizyce i technice<\/li><li><strong>2014 \u2013 2017<\/strong> \u2013 Liceum \u015bw. Marii Magdaleny, Pozna\u0144<br \/>Profil: mat-fiz akademicki<\/li><\/ul>\t\t\t\t\t\t\t\t<\/div>\n\t\t\t\t<\/div>\n\t\t\t\t<div class=\"elementor-element elementor-element-c772192 elementor-widget elementor-widget-text-editor\" data-id=\"c772192\" data-element_type=\"widget\" data-e-type=\"widget\" data-widget_type=\"text-editor.default\">\n\t\t\t\t<div class=\"elementor-widget-container\">\n\t\t\t\t\t\t\t\t\t<h6>zatrudnienie<\/h6>\t\t\t\t\t\t\t\t<\/div>\n\t\t\t\t<\/div>\n\t\t\t\t<div class=\"elementor-element elementor-element-007246f elementor-widget__width-initial elementor-widget elementor-widget-text-editor\" data-id=\"007246f\" data-element_type=\"widget\" data-e-type=\"widget\" data-widget_type=\"text-editor.default\">\n\t\t\t\t<div class=\"elementor-widget-container\">\n\t\t\t\t\t\t\t\t\t<ul><li>od 2024 &#8211; <strong>Asystent;<\/strong><span style=\"font-family: Roboto, sans-serif; font-size: 15px; font-style: normal; font-variant-ligatures: normal; font-variant-caps: normal; font-weight: 400;\">\u00a0Instytut In\u017cynierii \u015arodowiska; Politechnika Pozna\u0144ska<\/span><\/li><\/ul>\t\t\t\t\t\t\t\t<\/div>\n\t\t\t\t<\/div>\n\t\t\t\t<div class=\"elementor-element elementor-element-c7ebf94 elementor-widget elementor-widget-text-editor\" data-id=\"c7ebf94\" data-element_type=\"widget\" data-e-type=\"widget\" data-widget_type=\"text-editor.default\">\n\t\t\t\t<div class=\"elementor-widget-container\">\n\t\t\t\t\t\t\t\t\t<h6>Charakterystyka dorobku naukowego i najwa\u017cniejsze prace\u00a0<\/h6>\t\t\t\t\t\t\t\t<\/div>\n\t\t\t\t<\/div>\n\t\t\t\t<div class=\"elementor-element elementor-element-84b5881 elementor-widget elementor-widget-text-editor\" data-id=\"84b5881\" data-element_type=\"widget\" data-e-type=\"widget\" data-widget_type=\"text-editor.default\">\n\t\t\t\t<div class=\"elementor-widget-container\">\n\t\t\t\t\t\t\t\t\t<p><\/p><p><\/p><p><\/p><p>Moja dzia\u0142alno\u015b\u0107 naukowa koncentruje si\u0119 na badaniach nad radonem, jako\u015bci\u0105 powietrza oraz ochron\u0105 radiologiczn\u0105, w kt\u00f3rych wykorzystuj\u0119 zaawansowane metody statystyczne, programowanie i symulacje komputerowe maj\u0105c przy tym dobre filary matematyczne i fizyczne. Publikuj\u0119 swoje badania w mi\u0119dzynarodowych czasopismach punktowanych oraz regularnie prezentuj\u0119 wyniki na konferencjach. Dodatkowo ostatnio rozwijam swoje zainteresowania w kierunku komunikacyjno-edukacyjnej in\u017cynierii \u015brodowiska a dok\u0142adniej grywalizacj\u0119.<\/p><p>Zestawienie najwa\u017cniejszych prac naukowych dost\u0119pne w Systemie Informacji Naukowej PP: <strong><a href=\"https:\/\/sin.put.poznan.pl\/people\/details\/joanna.kubiak\" target=\"_blank\" rel=\"noopener\">Joanna Kubiak SIN (LINK)<\/a><\/strong><\/p><p><\/p><p><!-- \/wp:list --><\/p>\t\t\t\t\t\t\t\t<\/div>\n\t\t\t\t<\/div>\n\t\t\t\t<div class=\"elementor-element elementor-element-486d0a1 elementor-widget elementor-widget-text-editor\" data-id=\"486d0a1\" data-element_type=\"widget\" data-e-type=\"widget\" data-widget_type=\"text-editor.default\">\n\t\t\t\t<div class=\"elementor-widget-container\">\n\t\t\t\t\t\t\t\t\t<h6>DZIA\u0141ALNO\u015a\u0106 ORGANIZACYJNA<\/h6>\t\t\t\t\t\t\t\t<\/div>\n\t\t\t\t<\/div>\n\t\t\t\t<div class=\"elementor-element elementor-element-cef5d80 elementor-widget elementor-widget-text-editor\" data-id=\"cef5d80\" data-element_type=\"widget\" data-e-type=\"widget\" data-widget_type=\"text-editor.default\">\n\t\t\t\t<div class=\"elementor-widget-container\">\n\t\t\t\t\t\t\t\t\t<ul><li>2023 oraz 2024 \u2013 Tw\u00f3rca warsztat\u00f3w na noc naukowc\u00f3w \u201eIn\u017cynieria \u015arodowiska junior\u201d oraz warsztat\u00f3w gier planszowych z in\u017cynieri\u0105 \u015brodowiska \u201eWygra\u0107 z Blackoutem\u201d<\/li><li>2023-2024 \u2013 cz\u0142onek Instytutowego Zespo\u0142u ds. Promocji Kierunku studi\u00f3w In\u017cynieria \u015arodowiska w Politechnice Pozna\u0144skiej<\/li><li>2019-2020, cz\u0142onek Rady Mieszka\u0144c\u00f3w Akademika<\/li><li>2017-2021 , cz\u0142onek ko\u0142a naukowego AGH Bozon<\/li><\/ul>\t\t\t\t\t\t\t\t<\/div>\n\t\t\t\t<\/div>\n\t\t\t\t<div class=\"elementor-element elementor-element-53ae97a elementor-widget elementor-widget-text-editor\" data-id=\"53ae97a\" data-element_type=\"widget\" data-e-type=\"widget\" data-widget_type=\"text-editor.default\">\n\t\t\t\t<div class=\"elementor-widget-container\">\n\t\t\t\t\t\t\t\t\t<h6>PROJEKTY, GRANTY I STA\u017bE NAUKOWE<\/h6>\t\t\t\t\t\t\t\t<\/div>\n\t\t\t\t<\/div>\n\t\t\t\t<div class=\"elementor-element elementor-element-da2f2c8 elementor-widget elementor-widget-text-editor\" data-id=\"da2f2c8\" data-element_type=\"widget\" data-e-type=\"widget\" data-widget_type=\"text-editor.default\">\n\t\t\t\t<div class=\"elementor-widget-container\">\n\t\t\t\t\t\t\t\t\t<ul><li>Uzyskanie tytu\u0142u \u201eAmbasadorki energetyki rozproszonej\u201d<\/li><li>Szko\u0142a letnia: Summer School on Applied and Interdisciplinary Artificial Intelligence<\/li><li>Sta\u017c naukowy: (pa\u017adziernik 2024), Maynooth University, Katedra Fizyki Do\u015bwiadczalnej<\/li><li>Inne projekty: Stworzenie gry planszowej z zakresu edukacji o promieniowaniu jonizuj\u0105cym<\/li><\/ul>\t\t\t\t\t\t\t\t<\/div>\n\t\t\t\t<\/div>\n\t\t\t\t<div class=\"elementor-element elementor-element-5911c5a elementor-widget elementor-widget-text-editor\" data-id=\"5911c5a\" data-element_type=\"widget\" data-e-type=\"widget\" data-widget_type=\"text-editor.default\">\n\t\t\t\t<div class=\"elementor-widget-container\">\n\t\t\t\t\t\t\t\t\t<h6>NAGRODY I WYR\u00d3\u017bNIENIA<\/h6>\t\t\t\t\t\t\t\t<\/div>\n\t\t\t\t<\/div>\n\t\t\t\t<div class=\"elementor-element elementor-element-a473ae4 elementor-widget elementor-widget-text-editor\" data-id=\"a473ae4\" data-element_type=\"widget\" data-e-type=\"widget\" data-widget_type=\"text-editor.default\">\n\t\t\t\t<div class=\"elementor-widget-container\">\n\t\t\t\t\t\t\t\t\t<ul><li>2 miejsce w og\u00f3lnopolskim konkursie inicjatyw studenckich z projektem \u201eGrywalizacja w podstawach ochrony radiologicznej\u201d, 2024<\/li><li>Wyr\u00f3\u017cnienie PAN na najlepsz\u0105 oryginaln\u0105 prac\u0119 tw\u00f3rcz\u0105 doktoranta, opublikowan\u0105 w 2023 r. w obszarze nauk \u015bcis\u0142ych i nauk o Ziemi, 2024<\/li><li>Konkurs na najlepszy start-up (3 miejsce), etap lokalny, Projekt \u201epromieniotw\u00f3rczej\u201d gry planszowej, 2023<\/li><li>2 miejsce w konkursie Polskiego Towarzystwa Nukleonicznego na najlepsz\u0105 prac\u0119 magistersk\u0105 z zakresu atomistyki, 2022<\/li><\/ul>\t\t\t\t\t\t\t\t<\/div>\n\t\t\t\t<\/div>\n\t\t\t\t<div class=\"elementor-element elementor-element-1a1181c elementor-widget elementor-widget-text-editor\" data-id=\"1a1181c\" data-element_type=\"widget\" data-e-type=\"widget\" data-widget_type=\"text-editor.default\">\n\t\t\t\t<div class=\"elementor-widget-container\">\n\t\t\t\t\t\t\t\t\t<h6>ZAINTERESOWANIA<\/h6>\t\t\t\t\t\t\t\t<\/div>\n\t\t\t\t<\/div>\n\t\t\t\t<div class=\"elementor-element elementor-element-29cbff2 elementor-widget elementor-widget-text-editor\" data-id=\"29cbff2\" data-element_type=\"widget\" data-e-type=\"widget\" data-widget_type=\"text-editor.default\">\n\t\t\t\t<div class=\"elementor-widget-container\">\n\t\t\t\t\t\t\t\t\t<p>gry planszowe (autor kilku kart do gier \u201eIKNOW\u201d oraz \u201e5 sekund junior edycja specjalna\u201d), rower, r\u0119kodzie\u0142o, statystyka, ochrona radiologiczna, fizyka atmosfery<\/p>\t\t\t\t\t\t\t\t<\/div>\n\t\t\t\t<\/div>\n\t\t\t\t\t<\/div>\n\t\t<\/div>\n\t\t\t\t\t<\/div>\n\t\t<\/section>\n\t\t\t\t<\/div>\n\t\t","protected":false},"excerpt":{"rendered":"<p>Zak\u0142ad Ogrzewnictwa, Klimatyzacji i Ochrony Powietrza Profil w Systemie Informacji Naukowej PP: Joanna Kubiak SIN E-mail: joanna.kubiak@put.poznan.pl Pok\u00f3j: Dom Pasywny &#8211; LINK\u00a0(mapa kampusu) Konsultacje: &#8211;\u00a0LINK (wykaz konsultacji pracownik\u00f3w instytutu) WYKSZTA\u0141CENIE 2024 &#8211; obecnie \u2013 studia podyplomowe, Wy\u017csza Szko\u0142a Kadr Mened\u017cerskichkierunek: Wsparcie psychologiczne dzieci i m\u0142odzie\u017cy, 2022 &#8211; obecnie \u2013 szko\u0142a &hellip;<\/p>\n","protected":false},"author":2,"featured_media":3019,"parent":214,"menu_order":0,"comment_status":"closed","ping_status":"closed","template":"","meta":{"_monsterinsights_skip_tracking":false,"_monsterinsights_sitenote_active":false,"_monsterinsights_sitenote_note":"","_monsterinsights_sitenote_category":0,"footnotes":""},"class_list":["post-3020","page","type-page","status-publish","has-post-thumbnail","hentry"],"_links":{"self":[{"href":"https:\/\/ee2.put.poznan.pl\/index.php\/wp-json\/wp\/v2\/pages\/3020","targetHints":{"allow":["GET"]}}],"collection":[{"href":"https:\/\/ee2.put.poznan.pl\/index.php\/wp-json\/wp\/v2\/pages"}],"about":[{"href":"https:\/\/ee2.put.poznan.pl\/index.php\/wp-json\/wp\/v2\/types\/page"}],"author":[{"embeddable":true,"href":"https:\/\/ee2.put.poznan.pl\/index.php\/wp-json\/wp\/v2\/users\/2"}],"replies":[{"embeddable":true,"href":"https:\/\/ee2.put.poznan.pl\/index.php\/wp-json\/wp\/v2\/comments?post=3020"}],"version-history":[{"count":7,"href":"https:\/\/ee2.put.poznan.pl\/index.php\/wp-json\/wp\/v2\/pages\/3020\/revisions"}],"predecessor-version":[{"id":3033,"href":"https:\/\/ee2.put.poznan.pl\/index.php\/wp-json\/wp\/v2\/pages\/3020\/revisions\/3033"}],"up":[{"embeddable":true,"href":"https:\/\/ee2.put.poznan.pl\/index.php\/wp-json\/wp\/v2\/pages\/214"}],"wp:featuredmedia":[{"embeddable":true,"href":"https:\/\/ee2.put.poznan.pl\/index.php\/wp-json\/wp\/v2\/media\/3019"}],"wp:attachment":[{"href":"https:\/\/ee2.put.poznan.pl\/index.php\/wp-json\/wp\/v2\/media?parent=3020"}],"curies":[{"name":"wp","href":"https:\/\/api.w.org\/{rel}","templated":true}]}}