{"id":3112,"date":"2025-04-17T22:19:49","date_gmt":"2025-04-17T22:19:49","guid":{"rendered":"https:\/\/ee2.put.poznan.pl\/?page_id=3112"},"modified":"2025-10-06T19:49:02","modified_gmt":"2025-10-06T19:49:02","slug":"staff","status":"publish","type":"page","link":"https:\/\/ee2.put.poznan.pl\/index.php\/en\/about\/staff\/","title":{"rendered":"Staff"},"content":{"rendered":"\t\t<div data-elementor-type=\"wp-page\" data-elementor-id=\"3112\" class=\"elementor elementor-3112\">\n\t\t\t\t\t\t<section class=\"elementor-section elementor-top-section elementor-element elementor-element-154887f5 elementor-section-boxed elementor-section-height-default elementor-section-height-default\" data-id=\"154887f5\" data-element_type=\"section\" data-e-type=\"section\">\n\t\t\t\t\t\t<div class=\"elementor-container elementor-column-gap-default\">\n\t\t\t\t\t<div class=\"elementor-column elementor-col-50 elementor-top-column elementor-element elementor-element-1986f813\" data-id=\"1986f813\" data-element_type=\"column\" data-e-type=\"column\">\n\t\t\t<div class=\"elementor-widget-wrap elementor-element-populated\">\n\t\t\t\t\t\t<div class=\"elementor-element elementor-element-6e4fa2f0 elementor-widget__width-initial elementor-widget elementor-widget-text-editor\" data-id=\"6e4fa2f0\" data-element_type=\"widget\" data-e-type=\"widget\" data-widget_type=\"text-editor.default\">\n\t\t\t\t<div class=\"elementor-widget-container\">\n\t\t\t\t\t\t\t\t\t<div>\n<p><\/p>\n<div class=\"is-layout-flow wp-block-column-is-layout-flow\" style=\"flex-basis: 66.66%;\">\n<p><\/p>\n<p><strong>Researchers, research and teaching staff, and teachers at the Institute of Environmental Engineering and Civil Engineering Installations<\/strong><\/p>\n<p><strong>\u00a0<\/strong><\/p>\n<p><strong>Water Supply and Bioeconomy Division (ZWW)<br \/>Heating, Air-Conditioning and Air Protection Division (ZWC):<\/strong><\/p>\n<p><\/p>\n<p><\/p>\n<ul>\n<li>prof. dr hab. in\u017c. Piotr Ole\u015bkowicz-Popiel (ZWW, Dyrektor Instytutu)<\/li>\n<li>dr hab. in\u017c. Katarzyna Ratajczak, prof. PP (ZWC, Zast\u0119pca Dyrektora Instytutu)<\/li>\n<li>prof. dr hab. in\u017c. Tomasz Mr\u00f3z (Kierownik ZWC)<\/li>\n<li>dr hab. in\u017c. Zbys\u0142aw Dymaczewski, prof. PP (Kierownik ZWW)<\/li>\n<li>prof. dr hab. in\u017c. Halina Koczyk (ZWC)<\/li>\n<li>prof. dr. hab. in\u017c. Marek Soza\u0144ski (ZWW)<\/li>\n<li>prof. dr hab. in\u017c. Edward Szczechowiak (ZWC)<\/li>\n<li>prof. dr hab. in\u017c. Janusz Wojtkowiak (ZWC)<\/li>\n<li>dr hab. in\u017c. Mieczys\u0142aw Porowski, prof. PP (ZWC)<\/li>\n<li>dr hab. in\u017c. Alina Pruss, prof. PP (ZWW)<\/li>\n<li>dr hab. in\u017c. \u0141ukasz Amanowicz, prof. PP (ZWC)<\/li>\n<li>dr hab. in\u017c. Ma\u0142gorzata Basi\u0144ska, prof. PP (ZWC)<\/li>\n<li>dr hab. in\u017c. Dobrochna Ginter-Kramarczyk, prof. PP (ZWW)<\/li>\n<li>dr hab. in\u017c. Joanna Je\u017c-Walkowiak, prof. PP (ZWW)<\/li>\n<li>dr hab. in\u017c. Izabela Kruszelnicka, prof. PP (ZWW)<\/li>\n<li>dr hab. in\u017c. Micha\u0142 Micha\u0142kiewicz, prof. PP (ZWW)<\/li>\n<li>dr in\u017c. Karol Bandurski (ZWC)<\/li>\n<li>dr in\u017c. Filip Brodowski (ZWW)<\/li>\n<li>dr in\u017c. Rafa\u0142 Brodziak (ZWW)<\/li>\n<li>dr in\u017c. J\u0119drzej Bylka (ZWW)<\/li>\n<li>dr in\u017c. Fabian Cybichowski (ZWC)<\/li>\n<li>dr in\u017c. Anna Duber (ZWW)<\/li>\n<li>dr Natalia Gutowska (ZWW)<\/li>\n<li>dr in\u017c. Wojciech G\u00f3ra (ZWW)<\/li>\n<li>dr in\u017c. Andrzej G\u00f3rka (ZWC)<\/li>\n<li>dr in\u017c. Rados\u0142aw G\u00f3rze\u0144ski (ZWC)<\/li>\n<li>dr in\u017c. Katarzyna Jaszczyszyn (ZWW)<\/li>\n<li>dr in\u017c. Tomasz Ka\u017amierski (ZWW)<\/li>\n<li>dr in\u017c. Ma\u0142gorzata Komorowska-Kaufman (ZWW)<\/li>\n<li>dr in\u017c. Mateusz \u0141\u0119\u017cyk (ZWW)<\/li>\n<li>dr in\u017c. Karolina Mazurkiewicz (ZWW)<\/li>\n<li>dr Beata M\u0105drecka-Witkowska (ZWW)<\/li>\n<li>dr in\u017c. Maria Ma\u0142ek (ZWC)<\/li>\n<li>dr in\u017c. Przemys\u0142aw Muszy\u0144ski (ZWW)<\/li>\n<li>dr in\u017c. Andrzej Odyjas (ZWC)<\/li>\n<li>dr in\u017c. Sivasankar Palaniappan (ZWW)<\/li>\n<li>dr in\u017c. Katarzyna Pa\u0142aszy\u0144ska (ZWC)<\/li>\n<li>dr in\u017c. Filip Pawlak (ZWC)<\/li>\n<li>dr in\u017c. Ilona Rze\u017anik (ZWC)<\/li>\n<li>dr in\u017c. Wojciech Rze\u017anik (ZWC)<\/li>\n<li>dr in\u017c. Tomasz Schiller (ZWW)<\/li>\n<li>dr in\u017c. Joanna Sinacka (ZWC)<\/li>\n<li>dr in\u017c. Marcin Skotnicki (ZWW)<\/li>\n<li>dr in\u017c. Agnieszka Szuster-Janiaczyk (ZWW)<\/li>\n<li>dr in\u017c. Micha\u0142 Szyma\u0144ski (ZWC)<\/li>\n<li>dr Nay Yee Wint (ZWW)<\/li>\n<li>mgr in\u017c. Kacper F\u00f3rmaniak (ZWC)<\/li>\n<li>mgr in\u017c. Wiktor Gielniak (ZWW)<\/li>\n<li>mgr in\u017c. Sylwia Ko\u0142aska (ZWW)<\/li>\n<li>mgr in\u017c. Ma\u0142gorzata Krzewicka (ZWC)<\/li>\n<li>mgr in\u017c. Joanna Kubiak (ZWC)<\/li>\n<\/ul>\n<p><strong>Administration and Technical Staff:<\/strong><\/p>\n<ul>\n<li>mgr in\u017c. Joanna Chwia\u0142kowska<\/li>\n<li>mgr in\u017c. Sylwia Dziamska<\/li>\n<li>mgr in\u017c. Miko\u0142aj Gomo\u0144ski<\/li>\n<li>Piotr Grz\u0105dzielewski<\/li>\n<li>Sylwia Kui\u0144ska-Ci\u0105\u017cy\u0144ska<\/li>\n<li>mgr in\u017c. Grzegorz Matuszczak<\/li>\n<li>mgr in\u017c. Adam Michalak<\/li>\n<li>Renata Strykowska<\/li>\n<li>mgr Joanna Tietz<\/li>\n<\/ul>\n<div>\n<p style=\"font-style: normal; font-variant-ligatures: normal; font-variant-caps: normal; font-weight: 400; font-size: 15px; font-family: Roboto, sans-serif; text-indent: 0px;\"><strong>PhD Candidates:<\/strong><\/p>\n<ul style=\"font-style: normal; font-variant-ligatures: normal; font-variant-caps: normal; font-weight: 400; font-size: 15px; font-family: Roboto, sans-serif;\">\n<li>mgr in\u017c. Joanna Antos (ZWW)<\/li>\n<li>mgr in\u017c. Aleksandra G\u0119sicka (ZWW)<\/li>\n<li>mgr in\u017c. Joanna Kubiak (ZWC)<\/li>\n<li>mgr in\u017c. Arouna Mefire (ZWW)<\/li>\n<li>mgr in\u017c. Micha\u0142 Narojczyk (ZWC)<\/li>\n<li>mgr in\u017c. Marianna Piosik (ZWW)<\/li>\n<li><span style=\"text-align: inherit;\">mgr in\u017c. Hanna Prusak (ZWW)<\/span><\/li>\n<li>mgr in\u017c. Seyedbehzad Rouhipour (ZWW)<\/li>\n<li>mgr in\u017c. Fasilate Uwimpaye (ZWW)<\/li>\n<li>mgr in\u017c. Amelia Zag\u00f3rna (ZWW)<\/li>\n<\/ul>\n<\/div>\n<div><span style=\"font-family: Roboto, sans-serif; font-size: 15px; font-style: normal; font-variant-ligatures: normal; font-variant-caps: normal; font-weight: 400; text-align: inherit;\">Information about the staff is also available in the Pozna\u0144 University of Technology Information Bulletin\u00a0<\/span><strong style=\"font-family: Roboto, sans-serif; font-size: 15px; font-style: normal; font-variant-ligatures: normal; font-variant-caps: normal; text-align: inherit;\"><a href=\"https:\/\/informator.put.poznan.pl\/app\/unit\/instytut-inzynierii-srodowiska-i-instalacji-budowlanych-1770\" target=\"_blank\" rel=\"noopener\">(LINK)<\/a><\/strong><\/div>\n<\/div>\n<div style=\"flex-basis: 50%;\">\n<p><\/p>\n<\/div>\n<p><\/p>\n<\/div>\n<p><!-- \/wp:columns --><\/p>\t\t\t\t\t\t\t\t<\/div>\n\t\t\t\t<\/div>\n\t\t\t\t\t<\/div>\n\t\t<\/div>\n\t\t\t\t<div class=\"elementor-column elementor-col-50 elementor-top-column elementor-element elementor-element-8925787\" data-id=\"8925787\" data-element_type=\"column\" data-e-type=\"column\">\n\t\t\t<div class=\"elementor-widget-wrap elementor-element-populated\">\n\t\t\t\t\t\t<div class=\"elementor-element elementor-element-59a3fe8 elementor-widget elementor-widget-text-editor\" data-id=\"59a3fe8\" data-element_type=\"widget\" data-e-type=\"widget\" data-widget_type=\"text-editor.default\">\n\t\t\t\t<div class=\"elementor-widget-container\">\n\t\t\t\t\t\t\t\t\t<div>\n<p><!-- wp:column {\"width\":\"66.66%\"} --><\/p>\n<div style=\"flex-basis: 66.66%;\">\n<p><!-- wp:paragraph --><\/p>\n<p><img decoding=\"async\" style=\"text-align: inherit;\" src=\"http:\/\/ee2.put.poznan.pl\/wp-content\/uploads\/2023\/02\/jpg-techchem3-1024x576.jpg\" alt=\"\"><\/p>\n<\/div>\n<div style=\"flex-basis: 50%;\">\n<p><!-- \/wp:image --><\/p>\n<\/div>\n<p><!-- \/wp:column --><\/p>\n<\/div>\n<p><!-- \/wp:columns --><\/p>\t\t\t\t\t\t\t\t<\/div>\n\t\t\t\t<\/div>\n\t\t\t\t\t<\/div>\n\t\t<\/div>\n\t\t\t\t\t<\/div>\n\t\t<\/section>\n\t\t\t\t<\/div>\n\t\t","protected":false},"excerpt":{"rendered":"<p>Researchers, research and teaching staff, and teachers at the Institute of Environmental Engineering and Civil Engineering Installations \u00a0 Water Supply and Bioeconomy Division (ZWW)Heating, Air-Conditioning and Air Protection Division (ZWC): prof. dr hab. in\u017c. Piotr Ole\u015bkowicz-Popiel (ZWW, Dyrektor Instytutu) dr hab. in\u017c. Katarzyna Ratajczak, prof. PP (ZWC, Zast\u0119pca Dyrektora Instytutu) &hellip;<\/p>\n","protected":false},"author":2,"featured_media":0,"parent":3097,"menu_order":0,"comment_status":"closed","ping_status":"closed","template":"","meta":{"_monsterinsights_skip_tracking":false,"_monsterinsights_sitenote_active":false,"_monsterinsights_sitenote_note":"","_monsterinsights_sitenote_category":0,"footnotes":""},"class_list":["post-3112","page","type-page","status-publish","hentry"],"_links":{"self":[{"href":"https:\/\/ee2.put.poznan.pl\/index.php\/wp-json\/wp\/v2\/pages\/3112","targetHints":{"allow":["GET"]}}],"collection":[{"href":"https:\/\/ee2.put.poznan.pl\/index.php\/wp-json\/wp\/v2\/pages"}],"about":[{"href":"https:\/\/ee2.put.poznan.pl\/index.php\/wp-json\/wp\/v2\/types\/page"}],"author":[{"embeddable":true,"href":"https:\/\/ee2.put.poznan.pl\/index.php\/wp-json\/wp\/v2\/users\/2"}],"replies":[{"embeddable":true,"href":"https:\/\/ee2.put.poznan.pl\/index.php\/wp-json\/wp\/v2\/comments?post=3112"}],"version-history":[{"count":8,"href":"https:\/\/ee2.put.poznan.pl\/index.php\/wp-json\/wp\/v2\/pages\/3112\/revisions"}],"predecessor-version":[{"id":3268,"href":"https:\/\/ee2.put.poznan.pl\/index.php\/wp-json\/wp\/v2\/pages\/3112\/revisions\/3268"}],"up":[{"embeddable":true,"href":"https:\/\/ee2.put.poznan.pl\/index.php\/wp-json\/wp\/v2\/pages\/3097"}],"wp:attachment":[{"href":"https:\/\/ee2.put.poznan.pl\/index.php\/wp-json\/wp\/v2\/media?parent=3112"}],"curies":[{"name":"wp","href":"https:\/\/api.w.org\/{rel}","templated":true}]}}