{"id":524,"date":"2023-02-27T22:51:56","date_gmt":"2023-02-27T22:51:56","guid":{"rendered":"https:\/\/ee2.put.poznan.pl\/?page_id=524"},"modified":"2024-04-03T19:34:07","modified_gmt":"2024-04-03T19:34:07","slug":"organizacja-studiow","status":"publish","type":"page","link":"https:\/\/ee2.put.poznan.pl\/index.php\/student\/organizacja-studiow\/","title":{"rendered":"Organizacja studi\u00f3w"},"content":{"rendered":"\t\t<div data-elementor-type=\"wp-page\" data-elementor-id=\"524\" class=\"elementor elementor-524\">\n\t\t\t\t\t\t<section class=\"elementor-section elementor-top-section elementor-element elementor-element-5dbbe44 elementor-section-full_width elementor-section-height-default elementor-section-height-default\" data-id=\"5dbbe44\" data-element_type=\"section\" data-e-type=\"section\">\n\t\t\t\t\t\t<div class=\"elementor-container elementor-column-gap-default\">\n\t\t\t\t\t<div class=\"elementor-column elementor-col-50 elementor-top-column elementor-element elementor-element-3d7ebf0\" data-id=\"3d7ebf0\" data-element_type=\"column\" data-e-type=\"column\">\n\t\t\t<div class=\"elementor-widget-wrap elementor-element-populated\">\n\t\t\t\t\t\t<div class=\"elementor-element elementor-element-8afd728 elementor-widget elementor-widget-html\" data-id=\"8afd728\" data-element_type=\"widget\" data-e-type=\"widget\" data-widget_type=\"html.default\">\n\t\t\t\t<div class=\"elementor-widget-container\">\n\t\t\t\t\t<script>\njQuery(document).ready(function($) {\nvar delay = 100; setTimeout(function() {\n$('.elementor-tab-title').removeClass('elementor-active');\n$('.elementor-tab-content').css('display', 'none'); }, delay);\n});\n<\/script>\t\t\t\t<\/div>\n\t\t\t\t<\/div>\n\t\t\t\t<div class=\"elementor-element elementor-element-c983cf5 elementor-widget elementor-widget-text-editor\" data-id=\"c983cf5\" data-element_type=\"widget\" data-e-type=\"widget\" data-widget_type=\"text-editor.default\">\n\t\t\t\t<div class=\"elementor-widget-container\">\n\t\t\t\t\t\t\t\t\t<p>Studia prowadzone s\u0105 w systemie <strong>dwustopniowym<\/strong>, w trybie stacjonarnym (dziennym) lub niestacjonarnym (zaocznym, &#8211; weekendowym) i dziel\u0105 si\u0119 na:<\/p><ul><li>studia in\u017cynierskie I-stopnia (trwaj\u0105ce w trybie stacjonarnym 3,5 roku, tj. 7 semestr\u00f3w, a w trybie niestacjonarnym 4,5 roku, tj. 9 semestr\u00f3w). Absolwenci tych studi\u00f3w po obronie pracy dyplomowej uzyskuj\u0105 tytu\u0142 zawodowy\u00a0<strong>in\u017cyniera<\/strong>,<\/li><li>studia magisterskie II-stopnia (trwaj\u0105ce w trybie stacjonarnym 1,5 roku, tj. 3 semestry, a w trybie niestacjonarnym 2 lata, tj. 4 semestry). Uko\u0144czenie tych studi\u00f3w i obrona pracy dyplomowej pozwala uzyska\u0107 absolwentom tytu\u0142 zawodowy\u00a0<strong>magistra in\u017cyniera<\/strong>.<\/li><\/ul><p>Absolwenci studi\u00f3w magisterskich mog\u0105 dalej rozwija\u0107 zainteresowania naukowe jako s\u0142uchacze Szko\u0142y Doktorskiej (studia III-stopnia). Po uko\u0144czeniu Szko\u0142y i obronie pracy doktorskiej uzyskuj\u0105 stopie\u0144 naukowy\u00a0<strong>doktora nauk technicznych.<\/strong><\/p><p>Zdobyta w trakcie studi\u00f3w in\u017cynierskich (I-stopnia) wiedza pozwala zapozna\u0107 si\u0119 ze specyfik\u0105 poszczeg\u00f3lnych zagadnie\u0144 obejmowanych przez In\u017cynieri\u0119 \u015arodowiska, aby nast\u0119pnie na studiach magisterskich (II-stopnia) pog\u0142\u0119bi\u0107 wiedz\u0119 w zakresie jednej z\u00a0<strong>dw\u00f3ch dost\u0119pnych specjalno\u015bci<\/strong>:<\/p><ul><li><strong>zaopatrzenie w wod\u0119, ochrona w\u00f3d i gleby<\/strong>, koncentruj\u0105ca si\u0119 wok\u00f3\u0142 zaopatrzenia w wod\u0119 i odprowadzania \u015bciek\u00f3w\u00a0 oraz zagospodarowania odpad\u00f3w, gdzie dowiesz si\u0119 m.in. jak uzdatnia\u0107 wod\u0119 pitn\u0105, jak unieszkodliwia\u0107 szkodliwe zwi\u0105zki w \u015bciekach i odpadach, co to s\u0105 zwi\u0105zki refrakcyjne, nitryfikacja, defostatacja i osad czynny (<strong><a href=\"https:\/\/water.put.poznan.pl\/pl\/\" target=\"_blank\" rel=\"noopener\">LINK do strony internetowej Zak\u0142adu Zaopatrzenia w Wod\u0119 i Biogospodarki<\/a><\/strong>),<\/li><li><strong>zaopatrzenie w ciep\u0142o, klimatyzacja i ochrona powietrza<\/strong>, obejmuj\u0105ca zagadnienia zwi\u0105zane z komfortem cieplnym &#8211; ogrzewaniem, ch\u0142odzeniem i wentylacj\u0105, gdzie dowiesz si\u0119 m.in. jak p\u0142aci\u0107 mniej za ogrzewanie, jak odzyska\u0107 ciep\u0142o ze zu\u017cytego powietrza wentylacyjnego, co to jest pompa ciep\u0142a, rekuperator, chiller, kolektory s\u0142oneczne, rozszerzalno\u015b\u0107 cieplna i egzergia.<\/li><\/ul>\t\t\t\t\t\t\t\t<\/div>\n\t\t\t\t<\/div>\n\t\t\t\t<div class=\"elementor-element elementor-element-99e9e5e elementor-widget elementor-widget-text-editor\" data-id=\"99e9e5e\" data-element_type=\"widget\" data-e-type=\"widget\" data-widget_type=\"text-editor.default\">\n\t\t\t\t<div class=\"elementor-widget-container\">\n\t\t\t\t\t\t\t\t\t<p><strong>Plan studi\u00f3w<\/strong> z wyszczeg\u00f3lnieniem wszystkich przedmiot\u00f3w obj\u0119tych planem studi\u00f3w na kierunku in\u017cynieria \u015brodowiska, przypisanych im form kszta\u0142cenia (wyk\u0142ad, \u0107wiczenia audytoryjne, laboratoryjne, projektowe), godzin zaj\u0119\u0107 i liczby punkt\u00f3w ECTS (europejski system transferu i akumulacji punkt\u00f3w, z ang. European Credit Transfer and Accumulation System), zawarto w planach studi\u00f3w, dost\u0119pnych na stronie www Wydzia\u0142u In\u017cynierii \u015arodowiska i Energetyki.<\/p><p><strong><a href=\"https:\/\/isie.put.poznan.pl\/inzynieria-srodowiska-p\" target=\"_blank\" rel=\"noopener\">LINK do plan\u00f3w studi\u00f3w na stronie internetowej Wydzia\u0142u In\u017cynierii \u015arodowiska i Energetyki<\/a><\/strong><\/p><p>Szczeg\u00f3\u0142owy <strong>opis poszczeg\u00f3lnych <\/strong><span style=\"text-indent: 0em;\"><strong>przedmiot\u00f3w<\/strong> obj\u0119tych planem studi\u00f3w wraz z przewidzian\u0105 liczb\u0105 godzin zaj\u0119ciowych, wymaganiami wst\u0119pnymi, celami i przewidywanymi efektami kszta\u0142cenia, s\u0105 dost\u0119pne <strong>w kartach opisu poszczeg\u00f3lnych przedmiot\u00f3w &#8211; sylabusach, kartach ECTS<\/strong>.<\/span><\/p><p><strong><span style=\"text-indent: 0em;\"><a href=\"https:\/\/put.poznan.pl\/karty-ects\" target=\"_blank\" rel=\"noopener\">LINK do kart ECTS na stronie internetowej Politechniki Pozna\u0144skiej<\/a><\/span><\/strong><\/p><p><span style=\"text-indent: 0em;\">Program studi\u00f3w, zakresy merytoryczne poszczeg\u00f3lnych przedmiot\u00f3w oraz ich karty ECTS s\u0105 regularnie aktualizowane.<\/span><\/p>\t\t\t\t\t\t\t\t<\/div>\n\t\t\t\t<\/div>\n\t\t\t\t\t<\/div>\n\t\t<\/div>\n\t\t\t\t<div class=\"elementor-column elementor-col-50 elementor-top-column elementor-element elementor-element-6f9f753\" data-id=\"6f9f753\" data-element_type=\"column\" data-e-type=\"column\">\n\t\t\t<div class=\"elementor-widget-wrap elementor-element-populated\">\n\t\t\t\t\t\t<div class=\"elementor-element elementor-element-6cf7527 elementor-widget elementor-widget-wp-widget-nav_menu\" data-id=\"6cf7527\" data-element_type=\"widget\" data-e-type=\"widget\" data-widget_type=\"wp-widget-nav_menu.default\">\n\t\t\t\t<div class=\"elementor-widget-container\">\n\t\t\t\t\t<div class=\"menu-menu-boczne-kandydat_student-container\"><ul id=\"menu-menu-boczne-kandydat_student\" class=\"menu\"><li id=\"menu-item-485\" class=\"menu-item menu-item-type-post_type menu-item-object-page menu-item-has-children menu-item-485\"><a href=\"https:\/\/ee2.put.poznan.pl\/index.php\/o-kierunku\/\">Kandydat<\/a>\n<ul class=\"sub-menu\">\n\t<li id=\"menu-item-501\" class=\"menu-item menu-item-type-post_type menu-item-object-page menu-item-501\"><a href=\"https:\/\/ee2.put.poznan.pl\/index.php\/o-kierunku\/\">O kierunku<\/a><\/li>\n\t<li id=\"menu-item-486\" class=\"menu-item menu-item-type-post_type menu-item-object-page menu-item-486\"><a href=\"https:\/\/ee2.put.poznan.pl\/index.php\/o-kierunku\/oferta_i_baza_dydaktyczna\/\">Oferta i baza dydaktyczna<\/a><\/li>\n\t<li id=\"menu-item-1363\" class=\"menu-item menu-item-type-post_type menu-item-object-page menu-item-1363\"><a href=\"https:\/\/ee2.put.poznan.pl\/index.php\/o-kierunku\/rekrutacja\/\">Rekrutacja<\/a><\/li>\n\t<li id=\"menu-item-2314\" class=\"menu-item menu-item-type-post_type menu-item-object-page menu-item-2314\"><a href=\"https:\/\/ee2.put.poznan.pl\/index.php\/o-kierunku\/studia-podyplomowe\/\">Studia podyplomowe<\/a><\/li>\n<\/ul>\n<\/li>\n<li id=\"menu-item-1634\" class=\"menu-item menu-item-type-post_type menu-item-object-page menu-item-has-children menu-item-1634\"><a href=\"https:\/\/ee2.put.poznan.pl\/index.php\/student\/rok-akademicki\/\">Student<\/a>\n<ul class=\"sub-menu\">\n\t<li id=\"menu-item-562\" class=\"menu-item menu-item-type-post_type menu-item-object-page menu-item-562\"><a href=\"https:\/\/ee2.put.poznan.pl\/index.php\/student\/rok-akademicki\/\">Bie\u017c\u0105cy semestr<\/a><\/li>\n\t<li id=\"menu-item-561\" class=\"menu-item menu-item-type-post_type menu-item-object-page menu-item-561\"><a href=\"https:\/\/ee2.put.poznan.pl\/index.php\/student\/organizacja-studiow\/\">Organizacja studi\u00f3w<\/a><\/li>\n\t<li id=\"menu-item-563\" class=\"menu-item menu-item-type-post_type menu-item-object-page menu-item-563\"><a href=\"https:\/\/ee2.put.poznan.pl\/index.php\/student\/strefa-socjalna\/\">Strefa socjalna<\/a><\/li>\n\t<li id=\"menu-item-560\" class=\"menu-item menu-item-type-post_type menu-item-object-page menu-item-560\"><a href=\"https:\/\/ee2.put.poznan.pl\/index.php\/student\/dodatkowe-aktywnosci\/\">Dodatkowe aktywno\u015bci<\/a><\/li>\n\t<li id=\"menu-item-1630\" class=\"menu-item menu-item-type-post_type menu-item-object-page menu-item-1630\"><a href=\"https:\/\/ee2.put.poznan.pl\/index.php\/student\/oferty-pracy-stazy-praktyk\/\">Oferty pracy, sta\u017cy, praktyk<\/a><\/li>\n<\/ul>\n<\/li>\n<\/ul><\/div>\t\t\t\t<\/div>\n\t\t\t\t<\/div>\n\t\t\t\t\t<\/div>\n\t\t<\/div>\n\t\t\t\t\t<\/div>\n\t\t<\/section>\n\t\t\t\t<\/div>\n\t\t","protected":false},"excerpt":{"rendered":"<p>Studia prowadzone s\u0105 w systemie dwustopniowym, w trybie stacjonarnym (dziennym) lub niestacjonarnym (zaocznym, &#8211; weekendowym) i dziel\u0105 si\u0119 na: studia in\u017cynierskie I-stopnia (trwaj\u0105ce w trybie stacjonarnym 3,5 roku, tj. 7 semestr\u00f3w, a w trybie niestacjonarnym 4,5 roku, tj. 9 semestr\u00f3w). Absolwenci tych studi\u00f3w po obronie pracy dyplomowej uzyskuj\u0105 tytu\u0142 zawodowy\u00a0in\u017cyniera, &hellip;<\/p>\n","protected":false},"author":2,"featured_media":0,"parent":503,"menu_order":0,"comment_status":"closed","ping_status":"closed","template":"","meta":{"_monsterinsights_skip_tracking":false,"_monsterinsights_sitenote_active":false,"_monsterinsights_sitenote_note":"","_monsterinsights_sitenote_category":0,"footnotes":""},"class_list":["post-524","page","type-page","status-publish","hentry"],"_links":{"self":[{"href":"https:\/\/ee2.put.poznan.pl\/index.php\/wp-json\/wp\/v2\/pages\/524","targetHints":{"allow":["GET"]}}],"collection":[{"href":"https:\/\/ee2.put.poznan.pl\/index.php\/wp-json\/wp\/v2\/pages"}],"about":[{"href":"https:\/\/ee2.put.poznan.pl\/index.php\/wp-json\/wp\/v2\/types\/page"}],"author":[{"embeddable":true,"href":"https:\/\/ee2.put.poznan.pl\/index.php\/wp-json\/wp\/v2\/users\/2"}],"replies":[{"embeddable":true,"href":"https:\/\/ee2.put.poznan.pl\/index.php\/wp-json\/wp\/v2\/comments?post=524"}],"version-history":[{"count":62,"href":"https:\/\/ee2.put.poznan.pl\/index.php\/wp-json\/wp\/v2\/pages\/524\/revisions"}],"predecessor-version":[{"id":2552,"href":"https:\/\/ee2.put.poznan.pl\/index.php\/wp-json\/wp\/v2\/pages\/524\/revisions\/2552"}],"up":[{"embeddable":true,"href":"https:\/\/ee2.put.poznan.pl\/index.php\/wp-json\/wp\/v2\/pages\/503"}],"wp:attachment":[{"href":"https:\/\/ee2.put.poznan.pl\/index.php\/wp-json\/wp\/v2\/media?parent=524"}],"curies":[{"name":"wp","href":"https:\/\/api.w.org\/{rel}","templated":true}]}}