{"id":527,"date":"2023-02-27T22:53:01","date_gmt":"2023-02-27T22:53:01","guid":{"rendered":"https:\/\/ee2.put.poznan.pl\/?page_id=527"},"modified":"2024-01-22T00:25:13","modified_gmt":"2024-01-22T00:25:13","slug":"dodatkowe-aktywnosci","status":"publish","type":"page","link":"https:\/\/ee2.put.poznan.pl\/index.php\/student\/dodatkowe-aktywnosci\/","title":{"rendered":"Dodatkowe aktywno\u015bci"},"content":{"rendered":"\t\t<div data-elementor-type=\"wp-page\" data-elementor-id=\"527\" class=\"elementor elementor-527\">\n\t\t\t\t\t\t<section class=\"elementor-section elementor-top-section elementor-element elementor-element-274c812 elementor-section-boxed elementor-section-height-default elementor-section-height-default\" data-id=\"274c812\" data-element_type=\"section\" data-e-type=\"section\">\n\t\t\t\t\t\t<div class=\"elementor-container elementor-column-gap-default\">\n\t\t\t\t\t<div class=\"elementor-column elementor-col-50 elementor-top-column elementor-element elementor-element-70d0a36\" data-id=\"70d0a36\" data-element_type=\"column\" data-e-type=\"column\">\n\t\t\t<div class=\"elementor-widget-wrap elementor-element-populated\">\n\t\t\t\t\t\t<div class=\"elementor-element elementor-element-79a5545 elementor-widget elementor-widget-html\" data-id=\"79a5545\" data-element_type=\"widget\" data-e-type=\"widget\" data-widget_type=\"html.default\">\n\t\t\t\t<div class=\"elementor-widget-container\">\n\t\t\t\t\t<script>\njQuery(document).ready(function($) {\nvar delay = 100; setTimeout(function() {\n$('.elementor-tab-title').removeClass('elementor-active');\n$('.elementor-tab-content').css('display', 'none'); }, delay);\n});\n<\/script>\t\t\t\t<\/div>\n\t\t\t\t<\/div>\n\t\t\t\t<div class=\"elementor-element elementor-element-4f0ec28 elementor-widget elementor-widget-text-editor\" data-id=\"4f0ec28\" data-element_type=\"widget\" data-e-type=\"widget\" data-widget_type=\"text-editor.default\">\n\t\t\t\t<div class=\"elementor-widget-container\">\n\t\t\t\t\t\t\t\t\t<p>Przy naszym Instytucie dzia\u0142aj\u0105 dwa <span style=\"color: #333333;\"><strong>Ko\u0142a Naukowe<\/strong><\/span>, zrzeszaj\u0105ce Student\u00f3w zainteresowanych zg\u0142\u0119bianiem wiedzy na tematy in\u017cynieryjno-techniczne.<\/p>\t\t\t\t\t\t\t\t<\/div>\n\t\t\t\t<\/div>\n\t\t\t\t<div class=\"elementor-element elementor-element-6ec81cb elementor-widget elementor-widget-accordion\" data-id=\"6ec81cb\" data-element_type=\"widget\" data-e-type=\"widget\" data-widget_type=\"accordion.default\">\n\t\t\t\t<div class=\"elementor-widget-container\">\n\t\t\t\t\t\t\t<div class=\"elementor-accordion\">\n\t\t\t\t\t\t\t<div class=\"elementor-accordion-item\">\n\t\t\t\t\t<div id=\"elementor-tab-title-1161\" class=\"elementor-tab-title\" data-tab=\"1\" role=\"button\" aria-controls=\"elementor-tab-content-1161\" aria-expanded=\"false\">\n\t\t\t\t\t\t\t\t\t\t\t\t\t<span class=\"elementor-accordion-icon elementor-accordion-icon-left\" aria-hidden=\"true\">\n\t\t\t\t\t\t\t\t\t\t\t\t\t\t\t<span class=\"elementor-accordion-icon-closed\"><i class=\"far fa-arrow-alt-circle-down\"><\/i><\/span>\n\t\t\t\t\t\t\t\t<span class=\"elementor-accordion-icon-opened\"><i class=\"far fa-check-circle\"><\/i><\/span>\n\t\t\t\t\t\t\t\t\t\t\t\t\t\t<\/span>\n\t\t\t\t\t\t\t\t\t\t\t\t<a class=\"elementor-accordion-title\" tabindex=\"0\">Ko\u0142o Naukowe In\u017cynierii \u015arodowiska (KNI\u015a)<\/a>\n\t\t\t\t\t<\/div>\n\t\t\t\t\t<div id=\"elementor-tab-content-1161\" class=\"elementor-tab-content elementor-clearfix\" data-tab=\"1\" role=\"region\" aria-labelledby=\"elementor-tab-title-1161\"><p><img decoding=\"async\" class=\"alignnone size-full wp-image-420\" style=\"float: right;\" src=\"http:\/\/ee2.put.poznan.pl\/wp-content\/uploads\/2023\/02\/logo-knis-150x150-1.jpg\" alt=\"\" width=\"150\" height=\"149\" \/><strong>KNI\u015a zrzesza student\u00f3w studi\u00f3w stacjonarnych kierunku In\u017cynieria \u015arodowiska <\/strong>Politechniki Pozna\u0144skiej zainteresowanych zg\u0142\u0119bianiem wiedzy na temat bran\u017cy sanitarnej poprzez m.in.:<\/p>\n<p><strong>\u00a0<\/strong>&#8211; szkolenia,<br \/>&#8211; prezentacje,<br \/>&#8211; badania,<br \/>&#8211; wycieczki,<br \/>&#8211; konferencje,<br \/>&#8211; wyk\u0142ady,<br \/>&#8211; spotkania z projektantami i praktykami zwi\u0105zanymi z szeroko poj\u0119t\u0105 In\u017cynieri\u0105 \u015arodowiska.<\/p>\n<p><strong>Ko\u0142o naukowe stawia sobie za cel:<\/strong><br \/>&#8211; poszerzanie wiedzy zdobywanej przez student\u00f3w podczas regulaminowego toku studi\u00f3w o praktyczne aspekty jej wykorzystania,<br \/>&#8211; przy okazji dzia\u0142a\u0144 zwi\u0105zanych z realizacj\u0105 g\u0142\u00f3wnego celu, studenci ucz\u0105 si\u0119 samodzielno\u015bci, pracy w zespole oraz zwi\u0119kszaj\u0105 kompetencje organizacyjne i umiej\u0119tno\u015bci interpersonalne,<br \/>&#8211; KNI\u015a sprzyja r\u00f3wnie\u017c integracji pomi\u0119dzy studentami i rocznikami &#8211; dzi\u0119ki wsp\u00f3lnej pracy i spotkaniom mo\u017cesz pozna\u0107 ciekawych ludzi, ich pasje, nieustannie inspirowa\u0107 si\u0119 do dzia\u0142ania!<\/p>\n<p><strong>Wydarzenia organizowane w ramach Ko\u0142a wsp\u00f3\u0142graj\u0105 z planem studi\u00f3w!<\/strong><br \/>Studenci uczestnicz\u0105 w wydarzeniach dedykowanych dla danego semestru &#8211; dostosowanych do ju\u017c przerobionego na studiach materia\u0142u, zgodnych z ich potrzebami rozwoju in\u017cynierskiego.<br \/>Dzi\u0119ki temu trafiacie na szkolenia, z kt\u00f3rych jeste\u015bcie w stanie wynie\u015b\u0107 wi\u0119cej, bo jeste\u015bcie przygotowani na odbi\u00f3r i zrozumienie prezentowanego materia\u0142u.<\/p>\n<p><strong>Spotkania cz\u0142onk\u00f3w KNi\u015a<\/strong><br \/>KNi\u015a organizuje spotkania, podczas kt\u00f3rych cz\u0142onkowie prezentuj\u0105 ciekawostki zwi\u0105zane z bran\u017c\u0105, studiami, wymian\u0105 zagraniczn\u0105 itp. oraz poruszane s\u0105 sprawy organizacyjne (wst\u0119pne zapisy na wydarzenia, proponowanie wydarze\u0144 przez samych student\u00f3w, ustalanie ich termin\u00f3w, zakresu).<\/p>\n<p><strong>Gazetka KNI\u015a<\/strong><br \/>KNI\u015a wydaje gazetk\u0119, kt\u00f3r\u0105 pobra\u0107 mo\u017cna w postaci plik\u00f3w PDF ze strony www oraz facebook. <strong>Znajdziesz tam:<\/strong><br \/>&#8211; wywiady z wyk\u0142adowcami,<br \/>&#8211; wywiady ze studentami z pasj\u0105,<br \/>&#8211; przydatne informacje na temat studiowania,<br \/>&#8211; przedruki ciekawych artyku\u0142\u00f3w bran\u017cowych,<br \/>&#8211; streszczenia najciekawszych prezentacji ze spotka\u0144 cz\u0142onk\u00f3w,<br \/>&#8211; prezentacje Waszych prac in\u017cynierskich i magisterskich.<\/p>\n<p><strong>W KNI\u015a realizujemy wiele ciekawych projekt\u00f3w<\/strong>, wsp\u00f3\u0142pracujemy ze szko\u0142ami podstawowymi i \u015brednimi, liceami, przedszkolami, wsp\u00f3\u0142organizaujemy konferencje, warsztaty i pokazy.<\/p>\n<p><a href=\"http:\/\/www.facebook.com\/knispp\" target=\"_blank\" rel=\"noopener\"><strong>www.facebook.com\/KNISPP<\/strong><\/a> &#8211; nasz fanpane na facebooku<\/p><\/div>\n\t\t\t\t<\/div>\n\t\t\t\t\t\t\t<div class=\"elementor-accordion-item\">\n\t\t\t\t\t<div id=\"elementor-tab-title-1162\" class=\"elementor-tab-title\" data-tab=\"2\" role=\"button\" aria-controls=\"elementor-tab-content-1162\" aria-expanded=\"false\">\n\t\t\t\t\t\t\t\t\t\t\t\t\t<span class=\"elementor-accordion-icon elementor-accordion-icon-left\" aria-hidden=\"true\">\n\t\t\t\t\t\t\t\t\t\t\t\t\t\t\t<span class=\"elementor-accordion-icon-closed\"><i class=\"far fa-arrow-alt-circle-down\"><\/i><\/span>\n\t\t\t\t\t\t\t\t<span class=\"elementor-accordion-icon-opened\"><i class=\"far fa-check-circle\"><\/i><\/span>\n\t\t\t\t\t\t\t\t\t\t\t\t\t\t<\/span>\n\t\t\t\t\t\t\t\t\t\t\t\t<a class=\"elementor-accordion-title\" tabindex=\"0\">Ko\u0142o Naukowe Technologii Ochrony W\u00f3d<\/a>\n\t\t\t\t\t<\/div>\n\t\t\t\t\t<div id=\"elementor-tab-content-1162\" class=\"elementor-tab-content elementor-clearfix\" data-tab=\"2\" role=\"region\" aria-labelledby=\"elementor-tab-title-1162\"><p><strong>Dzia\u0142alno\u015b\u0107 badawcza <\/strong>zwi\u0105zana z technologi\u0105 oczyszczania \u015bciek\u00f3w i odnowy wody w przemy\u015ble, udzia\u0142 w konferencjach, praktykach, publikacja wynik\u00f3w bada\u0144, wsp\u00f3\u0142praca z zak\u0142adami przemys\u0142owymi.<br \/><br \/><strong>W ramach dzia\u0142alno\u015bci w Kole studenci maj\u0105 mo\u017cliwo\u015b\u0107:<\/strong><br \/>&#8211; zmierzenia si\u0119 z rzeczywistymi problemami technologicznymi i poszukiwania najlepszych rozwi\u0105za\u0144,<br \/>&#8211; przeprowadzenie bada\u0144 w skali laboratoryjnej oraz w skali technicznej na rzeczywistych obiektach,<br \/>&#8211; uczestniczenia w procesie wdro\u017ceniowym wynik\u00f3w bada\u0144 ,<br \/>&#8211; nauki projektowania &#8211; umiej\u0119tno\u015b\u0107 patrzenia okiem wykonawcy i u\u017cytkownika projektowanych system\u00f3w, projektowanie zgodne z najnowszymi standardami,<br \/>&#8211; realizacji prac in\u017cynierskich i magisterskich<br \/>&#8211; odbycia praktyk w bran\u017cowych firmach i w zak\u0142adach przemys\u0142owych,<br \/><br \/><u><strong>Jak to dzia\u0142a?<\/strong><\/u><br \/><strong>I zasada: <\/strong>Zadaniem in\u017cyniera jest rozwi\u0105zywanie istniej\u0105cych problem\u00f3w, a nie stwarzanie nowych&#8230;.<br \/><strong>II zasada:<\/strong> Sprawd\u017a, czy kto\u015b wcze\u015bniej nie mia\u0142 podobnego problemu i go nie rozwi\u0105za\u0142?<br \/>Uczymy student\u00f3w, jak korzysta\u0107 z baz naukowych, jak zdobywa\u0107 najnowsz\u0105 wiedz\u0119, i w jaki spos\u00f3b nawi\u0105zywa\u0107 wsp\u00f3\u0142prac\u0119 w interdyscyplinarnych zespo\u0142ach.<br \/>\u2022Je\u015bli problem przed kt\u00f3rym stoisz stanowi bia\u0142\u0105 plam\u0119 w dziedzinie techniki &#8211; masz szcz\u0119\u015bcie &#8211; mo\u017cesz zosta\u0107 odkrywc\u0105.<br \/>\u2022 Je\u017celi kto\u015b ten problem rozwi\u0105za\u0142 wcze\u015bniej &#8211; nic nie szkodzi &#8211; zawsze mo\u017cna co\u015b ulepszy\u0107:)<br \/><strong>III zasada:<\/strong> Nie ma problem\u00f3w, kt\u00f3rych si\u0119 nie da rozwi\u0105za\u0107.<br \/><br \/><strong>Prace badawcze zrealizowane w Kole:<\/strong><br \/>1. Zastosowania odpadowego dwutlenku w\u0119gla z procesu produkcji piwa do neutralizacji \u015bciek\u00f3w z przemys\u0142u browarniczego.<br \/>System zosta\u0142 wdro\u017cony w Kompanii Piwowarskiej w Poznaniu<br \/>2. Odnowa w\u00f3d pralniczych. Opracowanie technologii odnowy wody po procesie prania z mo\u017cliwo\u015bci\u0105 jej powt\u00f3rnego wykorzystania<br \/>System zosta\u0142 wdro\u017cony w pralni MEDIJ k\/Gostynia. Obecnie 50% wody jest odnawiana i ponownie wykorzystywana do procesu prania. Opracowana technologia jest konkurencyjna w skali \u015bwiatowej.<br \/>3. Odnowa w\u00f3d w przemy\u015ble kosmetycznym<br \/>4. Zastosowanie nowych, biodegradowalnych preparat\u00f3w do oczyszczania \u015bciek\u00f3w.<br \/><br \/>&#8230;i inne&#8230;<br \/><br \/><strong>Badania, praktyki, wyjazdy obejmowa\u0142y przemys\u0142y:<\/strong> browarniczy, kosmetyczny, mi\u0119sny, rybny, us\u0142ugi pralnicze, zak\u0142ady przetwarzania tworzyw sztucznych, przemys\u0142 t\u0142uszczowy, motoryzacyjny, chemiczny, zak\u0142ady produkcji \u017celatyny, i.in.<\/p><\/div>\n\t\t\t\t<\/div>\n\t\t\t\t\t\t\t\t<\/div>\n\t\t\t\t\t\t<\/div>\n\t\t\t\t<\/div>\n\t\t\t\t<div class=\"elementor-element elementor-element-9b59516 elementor-widget elementor-widget-text-editor\" data-id=\"9b59516\" data-element_type=\"widget\" data-e-type=\"widget\" data-widget_type=\"text-editor.default\">\n\t\t\t\t<div class=\"elementor-widget-container\">\n\t\t\t\t\t\t\t\t\t<p><\/p>\n<p><\/p>\n<p>W toku studi\u00f3w realizowane s\u0105 <span style=\"color: #000000;\"><strong>praktyki studenckie.<\/strong><\/span><\/p>\n<p><\/p>\n<p>Studenci naszego Instytutu zainteresowani zrealizowaniem cz\u0119\u015bci studi\u00f3w za granic\u0105 mog\u0105 skorzysta\u0107 z programu<span style=\"color: #000000;\"> <strong>ERASMUS+<\/strong><\/span><\/p>\n<p><strong><\/strong><\/p>\n<p><strong><a href=\"https:\/\/isie.put.poznan.pl\/wyjazdy-z-pp\" target=\"_blank\" rel=\"noreferrer noopener\">Czytaj dalej na stronie Wydzia\u0142u In\u017cynierii \u015arodowiska i Energetyki o wyjazdach z PP<\/a><\/strong><\/p>\n<p><\/p>\n<p><\/p>\t\t\t\t\t\t\t\t<\/div>\n\t\t\t\t<\/div>\n\t\t\t\t\t<\/div>\n\t\t<\/div>\n\t\t\t\t<div class=\"elementor-column elementor-col-50 elementor-top-column elementor-element elementor-element-09e21c5\" data-id=\"09e21c5\" data-element_type=\"column\" data-e-type=\"column\">\n\t\t\t<div class=\"elementor-widget-wrap elementor-element-populated\">\n\t\t\t\t\t\t<div class=\"elementor-element elementor-element-3d5baeb elementor-widget elementor-widget-wp-widget-nav_menu\" data-id=\"3d5baeb\" data-element_type=\"widget\" data-e-type=\"widget\" data-widget_type=\"wp-widget-nav_menu.default\">\n\t\t\t\t<div class=\"elementor-widget-container\">\n\t\t\t\t\t<div class=\"menu-menu-boczne-kandydat_student-container\"><ul id=\"menu-menu-boczne-kandydat_student\" class=\"menu\"><li id=\"menu-item-485\" class=\"menu-item menu-item-type-post_type menu-item-object-page menu-item-has-children menu-item-485\"><a href=\"https:\/\/ee2.put.poznan.pl\/index.php\/o-kierunku\/\">Kandydat<\/a>\n<ul class=\"sub-menu\">\n\t<li id=\"menu-item-501\" class=\"menu-item menu-item-type-post_type menu-item-object-page menu-item-501\"><a href=\"https:\/\/ee2.put.poznan.pl\/index.php\/o-kierunku\/\">O kierunku<\/a><\/li>\n\t<li id=\"menu-item-486\" class=\"menu-item menu-item-type-post_type menu-item-object-page menu-item-486\"><a href=\"https:\/\/ee2.put.poznan.pl\/index.php\/o-kierunku\/oferta_i_baza_dydaktyczna\/\">Oferta i baza dydaktyczna<\/a><\/li>\n\t<li id=\"menu-item-1363\" class=\"menu-item menu-item-type-post_type menu-item-object-page menu-item-1363\"><a href=\"https:\/\/ee2.put.poznan.pl\/index.php\/o-kierunku\/rekrutacja\/\">Rekrutacja<\/a><\/li>\n\t<li id=\"menu-item-2314\" class=\"menu-item menu-item-type-post_type menu-item-object-page menu-item-2314\"><a href=\"https:\/\/ee2.put.poznan.pl\/index.php\/o-kierunku\/studia-podyplomowe\/\">Studia podyplomowe<\/a><\/li>\n<\/ul>\n<\/li>\n<li id=\"menu-item-1634\" class=\"menu-item menu-item-type-post_type menu-item-object-page menu-item-has-children menu-item-1634\"><a href=\"https:\/\/ee2.put.poznan.pl\/index.php\/student\/rok-akademicki\/\">Student<\/a>\n<ul class=\"sub-menu\">\n\t<li id=\"menu-item-562\" class=\"menu-item menu-item-type-post_type menu-item-object-page menu-item-562\"><a href=\"https:\/\/ee2.put.poznan.pl\/index.php\/student\/rok-akademicki\/\">Bie\u017c\u0105cy semestr<\/a><\/li>\n\t<li id=\"menu-item-561\" class=\"menu-item menu-item-type-post_type menu-item-object-page menu-item-561\"><a href=\"https:\/\/ee2.put.poznan.pl\/index.php\/student\/organizacja-studiow\/\">Organizacja studi\u00f3w<\/a><\/li>\n\t<li id=\"menu-item-563\" class=\"menu-item menu-item-type-post_type menu-item-object-page menu-item-563\"><a href=\"https:\/\/ee2.put.poznan.pl\/index.php\/student\/strefa-socjalna\/\">Strefa socjalna<\/a><\/li>\n\t<li id=\"menu-item-560\" class=\"menu-item menu-item-type-post_type menu-item-object-page menu-item-560\"><a href=\"https:\/\/ee2.put.poznan.pl\/index.php\/student\/dodatkowe-aktywnosci\/\">Dodatkowe aktywno\u015bci<\/a><\/li>\n\t<li id=\"menu-item-1630\" class=\"menu-item menu-item-type-post_type menu-item-object-page menu-item-1630\"><a href=\"https:\/\/ee2.put.poznan.pl\/index.php\/student\/oferty-pracy-stazy-praktyk\/\">Oferty pracy, sta\u017cy, praktyk<\/a><\/li>\n<\/ul>\n<\/li>\n<\/ul><\/div>\t\t\t\t<\/div>\n\t\t\t\t<\/div>\n\t\t\t\t\t<\/div>\n\t\t<\/div>\n\t\t\t\t\t<\/div>\n\t\t<\/section>\n\t\t\t\t<\/div>\n\t\t","protected":false},"excerpt":{"rendered":"<p>Przy naszym Instytucie dzia\u0142aj\u0105 dwa Ko\u0142a Naukowe, zrzeszaj\u0105ce Student\u00f3w zainteresowanych zg\u0142\u0119bianiem wiedzy na tematy in\u017cynieryjno-techniczne. Ko\u0142o Naukowe In\u017cynierii \u015arodowiska (KNI\u015a) KNI\u015a zrzesza student\u00f3w studi\u00f3w stacjonarnych kierunku In\u017cynieria \u015arodowiska Politechniki Pozna\u0144skiej zainteresowanych zg\u0142\u0119bianiem wiedzy na temat bran\u017cy sanitarnej poprzez m.in.: \u00a0&#8211; szkolenia,&#8211; prezentacje,&#8211; badania,&#8211; wycieczki,&#8211; konferencje,&#8211; wyk\u0142ady,&#8211; spotkania z projektantami i &hellip;<\/p>\n","protected":false},"author":2,"featured_media":0,"parent":503,"menu_order":0,"comment_status":"closed","ping_status":"closed","template":"","meta":{"_monsterinsights_skip_tracking":false,"_monsterinsights_sitenote_active":false,"_monsterinsights_sitenote_note":"","_monsterinsights_sitenote_category":0,"footnotes":""},"class_list":["post-527","page","type-page","status-publish","hentry"],"_links":{"self":[{"href":"https:\/\/ee2.put.poznan.pl\/index.php\/wp-json\/wp\/v2\/pages\/527","targetHints":{"allow":["GET"]}}],"collection":[{"href":"https:\/\/ee2.put.poznan.pl\/index.php\/wp-json\/wp\/v2\/pages"}],"about":[{"href":"https:\/\/ee2.put.poznan.pl\/index.php\/wp-json\/wp\/v2\/types\/page"}],"author":[{"embeddable":true,"href":"https:\/\/ee2.put.poznan.pl\/index.php\/wp-json\/wp\/v2\/users\/2"}],"replies":[{"embeddable":true,"href":"https:\/\/ee2.put.poznan.pl\/index.php\/wp-json\/wp\/v2\/comments?post=527"}],"version-history":[{"count":34,"href":"https:\/\/ee2.put.poznan.pl\/index.php\/wp-json\/wp\/v2\/pages\/527\/revisions"}],"predecessor-version":[{"id":1966,"href":"https:\/\/ee2.put.poznan.pl\/index.php\/wp-json\/wp\/v2\/pages\/527\/revisions\/1966"}],"up":[{"embeddable":true,"href":"https:\/\/ee2.put.poznan.pl\/index.php\/wp-json\/wp\/v2\/pages\/503"}],"wp:attachment":[{"href":"https:\/\/ee2.put.poznan.pl\/index.php\/wp-json\/wp\/v2\/media?parent=527"}],"curies":[{"name":"wp","href":"https:\/\/api.w.org\/{rel}","templated":true}]}}