{"id":719,"date":"2023-03-16T22:58:49","date_gmt":"2023-03-16T22:58:49","guid":{"rendered":"https:\/\/ee2.put.poznan.pl\/?page_id=719"},"modified":"2024-01-22T00:25:13","modified_gmt":"2024-01-22T00:25:13","slug":"praktyki-studenckie-i-wymiany-zagraniczne","status":"publish","type":"page","link":"https:\/\/ee2.put.poznan.pl\/index.php\/praktyki-studenckie-i-wymiany-zagraniczne\/","title":{"rendered":"Praktyki studenckie i wymiany zagraniczne"},"content":{"rendered":"\n<p>W toku studi\u00f3w realizowane s\u0105 praktyki studenckie. <\/p>\n\n\n\n<p>Studenci naszego Instytutu zainteresowani zrealizowaniem cz\u0119\u015bci studi\u00f3w za granic\u0105 mog\u0105 skorzysta\u0107 z programu ERASMUS+<\/p>\n\n\n\n<p><a href=\"https:\/\/isie.put.poznan.pl\/wyjazdy-z-pp\" target=\"_blank\" rel=\"noreferrer noopener\">Czytaj dalej o wyjazdach z PP<\/a><\/p>\n","protected":false},"excerpt":{"rendered":"<p>W toku studi\u00f3w realizowane s\u0105 praktyki studenckie. Studenci naszego Instytutu zainteresowani zrealizowaniem cz\u0119\u015bci studi\u00f3w za granic\u0105 mog\u0105 skorzysta\u0107 z programu ERASMUS+ Czytaj dalej o wyjazdach z PP<\/p>\n","protected":false},"author":2,"featured_media":0,"parent":0,"menu_order":0,"comment_status":"closed","ping_status":"closed","template":"","meta":{"_monsterinsights_skip_tracking":false,"_monsterinsights_sitenote_active":false,"_monsterinsights_sitenote_note":"","_monsterinsights_sitenote_category":0,"footnotes":""},"class_list":["post-719","page","type-page","status-publish","hentry"],"_links":{"self":[{"href":"https:\/\/ee2.put.poznan.pl\/index.php\/wp-json\/wp\/v2\/pages\/719","targetHints":{"allow":["GET"]}}],"collection":[{"href":"https:\/\/ee2.put.poznan.pl\/index.php\/wp-json\/wp\/v2\/pages"}],"about":[{"href":"https:\/\/ee2.put.poznan.pl\/index.php\/wp-json\/wp\/v2\/types\/page"}],"author":[{"embeddable":true,"href":"https:\/\/ee2.put.poznan.pl\/index.php\/wp-json\/wp\/v2\/users\/2"}],"replies":[{"embeddable":true,"href":"https:\/\/ee2.put.poznan.pl\/index.php\/wp-json\/wp\/v2\/comments?post=719"}],"version-history":[{"count":1,"href":"https:\/\/ee2.put.poznan.pl\/index.php\/wp-json\/wp\/v2\/pages\/719\/revisions"}],"predecessor-version":[{"id":720,"href":"https:\/\/ee2.put.poznan.pl\/index.php\/wp-json\/wp\/v2\/pages\/719\/revisions\/720"}],"wp:attachment":[{"href":"https:\/\/ee2.put.poznan.pl\/index.php\/wp-json\/wp\/v2\/media?parent=719"}],"curies":[{"name":"wp","href":"https:\/\/api.w.org\/{rel}","templated":true}]}}