{"id":985,"date":"2023-12-29T10:31:26","date_gmt":"2023-12-29T10:31:26","guid":{"rendered":"https:\/\/ee2.put.poznan.pl\/?page_id=985"},"modified":"2025-09-08T19:34:20","modified_gmt":"2025-09-08T19:34:20","slug":"mieczyslaw-porowski","status":"publish","type":"page","link":"https:\/\/ee2.put.poznan.pl\/index.php\/o-instytucie\/kadra\/mieczyslaw-porowski\/","title":{"rendered":"dr hab. in\u017c. Mieczys\u0142aw Porowski, prof. PP"},"content":{"rendered":"\t\t<div data-elementor-type=\"wp-page\" data-elementor-id=\"985\" class=\"elementor elementor-985\">\n\t\t\t\t\t\t<section class=\"elementor-section elementor-top-section elementor-element elementor-element-f0e666c elementor-section-boxed elementor-section-height-default elementor-section-height-default\" data-id=\"f0e666c\" data-element_type=\"section\">\n\t\t\t\t\t\t<div class=\"elementor-container elementor-column-gap-default\">\n\t\t\t\t\t<div class=\"elementor-column elementor-col-66 elementor-top-column elementor-element elementor-element-3f65c44\" data-id=\"3f65c44\" data-element_type=\"column\">\n\t\t\t<div class=\"elementor-widget-wrap elementor-element-populated\">\n\t\t\t\t\t\t<div class=\"elementor-element elementor-element-b95caee elementor-widget elementor-widget-text-editor\" data-id=\"b95caee\" data-element_type=\"widget\" data-widget_type=\"text-editor.default\">\n\t\t\t\t<div class=\"elementor-widget-container\">\n\t\t\t\t\t\t\t\t\t<p>Zak\u0142ad Ogrzewnictwa, Klimatyzacji i Ochrony Powietrza<\/p>\n<p><\/p><p><\/p>\t\t\t\t\t\t\t\t<\/div>\n\t\t\t\t<\/div>\n\t\t\t\t<div class=\"elementor-element elementor-element-d933f0b e-transform elementor-widget-divider--view-line elementor-invisible elementor-widget elementor-widget-divider\" data-id=\"d933f0b\" data-element_type=\"widget\" data-settings=\"{&quot;_animation&quot;:&quot;fadeInUp&quot;,&quot;_transform_scale_effect&quot;:{&quot;unit&quot;:&quot;px&quot;,&quot;size&quot;:&quot;&quot;,&quot;sizes&quot;:[]},&quot;_transform_scale_effect_tablet&quot;:{&quot;unit&quot;:&quot;px&quot;,&quot;size&quot;:&quot;&quot;,&quot;sizes&quot;:[]},&quot;_transform_scale_effect_mobile&quot;:{&quot;unit&quot;:&quot;px&quot;,&quot;size&quot;:&quot;&quot;,&quot;sizes&quot;:[]}}\" data-widget_type=\"divider.default\">\n\t\t\t\t<div class=\"elementor-widget-container\">\n\t\t\t\t\t\t\t<div class=\"elementor-divider\">\n\t\t\t<span class=\"elementor-divider-separator\">\n\t\t\t\t\t\t<\/span>\n\t\t<\/div>\n\t\t\t\t\t\t<\/div>\n\t\t\t\t<\/div>\n\t\t\t\t<div class=\"elementor-element elementor-element-491eb65 elementor-widget elementor-widget-text-editor\" data-id=\"491eb65\" data-element_type=\"widget\" data-widget_type=\"text-editor.default\">\n\t\t\t\t<div class=\"elementor-widget-container\">\n\t\t\t\t\t\t\t\t\t<p>Profil w Systemie Informacji Naukowej PP: <a href=\"https:\/\/sin.put.poznan.pl\/people\/details\/mieczyslaw.porowski\" target=\"_blank\" rel=\"noreferrer noopener\">Mieczys\u0142aw Porowski SIN<\/a><\/p><p>E-mail: <a href=\"mailto:mieczyslaw.porowski@put.poznan.pl\">mieczyslaw.porowski<\/a><a href=\"mailto:filip.pawlak@put.poznan.pl\">@put.poznan.pl<\/a><\/p><p style=\"font-style: normal;font-weight: 400;font-size: 15px;font-family: Roboto, sans-serif;text-indent: 0px\">Pok\u00f3j: 218B budynek WTCH &#8211; <a style=\"font-style: normal;font-weight: 400;font-size: 15px;font-family: Roboto, sans-serif;text-align: inherit\" href=\"https:\/\/isie.put.poznan.pl\/sites\/default\/files\/2021-11\/Instytut%20In%C5%BCynierii%20%C5%9Arodowiska%20i%20Instalacji%20Budowlanych-konsultacje.pdf\" target=\"_blank\" rel=\"noreferrer noopener\">LINK<\/a><span style=\"font-style: normal;font-weight: 400;font-size: 15px;font-family: Roboto, sans-serif;color: var( --e-global-color-text );text-align: inherit\">\u00a0(<\/span><a style=\"font-style: normal;font-weight: 400;font-size: 15px;font-family: Roboto, sans-serif;text-align: inherit\" href=\"https:\/\/isie.put.poznan.pl\/sites\/default\/files\/inline-files\/OZNACZENIA%20W%20PLANIE%20ZAJ%C4%98%C4%86.pdf\" target=\"_blank\" rel=\"noreferrer noopener\">mapa kampusu<\/a><span style=\"font-style: normal;font-weight: 400;font-size: 15px;font-family: Roboto, sans-serif;color: var( --e-global-color-text );text-align: inherit\">)<\/span><\/p><p style=\"font-style: normal;font-weight: 400;font-size: 15px;font-family: Roboto, sans-serif;text-indent: 0px\">Konsultacje: &#8211;\u00a0<a style=\"font-style: normal;font-weight: 400;font-size: 15px;font-family: Roboto, sans-serif;text-align: inherit\" href=\"http:\/\/ee2.put.poznan.pl\/wp-content\/uploads\/files\/IISiIB_PUT_konsultacje.pdf\" target=\"_blank\" rel=\"noopener\">LINK (wykaz konsultacji pracownik\u00f3w instytutu)<\/a><\/p>\t\t\t\t\t\t\t\t<\/div>\n\t\t\t\t<\/div>\n\t\t\t\t\t<\/div>\n\t\t<\/div>\n\t\t\t\t<div class=\"elementor-column elementor-col-33 elementor-top-column elementor-element elementor-element-12b4630\" data-id=\"12b4630\" data-element_type=\"column\">\n\t\t\t<div class=\"elementor-widget-wrap elementor-element-populated\">\n\t\t\t\t\t\t<div class=\"elementor-element elementor-element-1e24608 elementor-invisible elementor-widget elementor-widget-image\" data-id=\"1e24608\" data-element_type=\"widget\" data-settings=\"{&quot;_animation&quot;:&quot;fadeInUp&quot;}\" data-widget_type=\"image.default\">\n\t\t\t\t<div class=\"elementor-widget-container\">\n\t\t\t\t\t\t\t\t\t\t\t\t\t\t\t<img fetchpriority=\"high\" decoding=\"async\" width=\"225\" height=\"300\" src=\"https:\/\/ee2.put.poznan.pl\/wp-content\/uploads\/2025\/09\/porowski_mieczyslaw-225x300.jpg\" class=\"elementor-animation-grow attachment-medium size-medium wp-image-3255\" alt=\"\" srcset=\"https:\/\/ee2.put.poznan.pl\/wp-content\/uploads\/2025\/09\/porowski_mieczyslaw-225x300.jpg 225w, https:\/\/ee2.put.poznan.pl\/wp-content\/uploads\/2025\/09\/porowski_mieczyslaw-768x1024.jpg 768w, https:\/\/ee2.put.poznan.pl\/wp-content\/uploads\/2025\/09\/porowski_mieczyslaw-1152x1536.jpg 1152w, https:\/\/ee2.put.poznan.pl\/wp-content\/uploads\/2025\/09\/porowski_mieczyslaw-1536x2048.jpg 1536w, https:\/\/ee2.put.poznan.pl\/wp-content\/uploads\/2025\/09\/porowski_mieczyslaw-150x200.jpg 150w, https:\/\/ee2.put.poznan.pl\/wp-content\/uploads\/2025\/09\/porowski_mieczyslaw-scaled.jpg 1920w\" sizes=\"(max-width: 225px) 100vw, 225px\" \/>\t\t\t\t\t\t\t\t\t\t\t\t\t\t\t<\/div>\n\t\t\t\t<\/div>\n\t\t\t\t\t<\/div>\n\t\t<\/div>\n\t\t\t\t\t<\/div>\n\t\t<\/section>\n\t\t\t\t<section class=\"elementor-section elementor-top-section elementor-element elementor-element-a3f39fc elementor-section-boxed elementor-section-height-default elementor-section-height-default\" data-id=\"a3f39fc\" data-element_type=\"section\">\n\t\t\t\t\t\t<div class=\"elementor-container elementor-column-gap-default\">\n\t\t\t\t\t<div class=\"elementor-column elementor-col-100 elementor-top-column elementor-element elementor-element-919576c\" data-id=\"919576c\" data-element_type=\"column\">\n\t\t\t<div class=\"elementor-widget-wrap elementor-element-populated\">\n\t\t\t\t\t\t<div class=\"elementor-element elementor-element-513d4cc e-transform elementor-widget-divider--view-line elementor-invisible elementor-widget elementor-widget-divider\" data-id=\"513d4cc\" data-element_type=\"widget\" data-settings=\"{&quot;_animation&quot;:&quot;fadeInUp&quot;,&quot;_transform_scale_effect&quot;:{&quot;unit&quot;:&quot;px&quot;,&quot;size&quot;:&quot;&quot;,&quot;sizes&quot;:[]},&quot;_transform_scale_effect_tablet&quot;:{&quot;unit&quot;:&quot;px&quot;,&quot;size&quot;:&quot;&quot;,&quot;sizes&quot;:[]},&quot;_transform_scale_effect_mobile&quot;:{&quot;unit&quot;:&quot;px&quot;,&quot;size&quot;:&quot;&quot;,&quot;sizes&quot;:[]}}\" data-widget_type=\"divider.default\">\n\t\t\t\t<div class=\"elementor-widget-container\">\n\t\t\t\t\t\t\t<div class=\"elementor-divider\">\n\t\t\t<span class=\"elementor-divider-separator\">\n\t\t\t\t\t\t<\/span>\n\t\t<\/div>\n\t\t\t\t\t\t<\/div>\n\t\t\t\t<\/div>\n\t\t\t\t<div class=\"elementor-element elementor-element-50a1fb2 elementor-widget elementor-widget-text-editor\" data-id=\"50a1fb2\" data-element_type=\"widget\" data-widget_type=\"text-editor.default\">\n\t\t\t\t<div class=\"elementor-widget-container\">\n\t\t\t\t\t\t\t\t\t<h6>INFORMACJE OG\u00d3LNE<\/h6>\t\t\t\t\t\t\t\t<\/div>\n\t\t\t\t<\/div>\n\t\t\t\t<div class=\"elementor-element elementor-element-6c1fdad elementor-widget elementor-widget-text-editor\" data-id=\"6c1fdad\" data-element_type=\"widget\" data-widget_type=\"text-editor.default\">\n\t\t\t\t<div class=\"elementor-widget-container\">\n\t\t\t\t\t\t\t\t\t<p>Dr hab. in\u017c. Mieczys\u0142aw Porowski, profesor PP w Instytucie In\u017cynierii \u015arodowiska Politechniki Pozna\u0144skiej \u2013 specjalno\u015b\u0107 naukowa: wentylacja i klimatyzacja.<\/p><p>W swojej pracy naukowej specjalizuje si\u0119 w wymianie ciep\u0142a w wymiennikach z wype\u0142nieniem, a zw\u0142aszcza regeneratorach obrotowych, klimatyzacji pomieszcze\u0144 czystych, w tym szpitali oraz optymalizacji system\u00f3w wentylacyjnych i klimatyzacyjnych. Autor ponad 90 prac publikowanych, w tym 3 monografii.<\/p><p>Koordynator z ramienia dyscypliny naukowej In\u017cynieria \u015arodowiska, G\u00f3rnictwo i Energetyka w Szkole Doktorskiej Politechniki Pozna\u0144skiej w kadencji 2020 \u2013 2024. Zast\u0119pca Dyrektora Instytutu In\u017cynierii \u015arodowiska ds. kszta\u0142cenia na Wydziale Budownictwa i In\u017cynierii \u015arodowiska Politechniki Pozna\u0144skiej (2012 \u2013 2019). Cz\u0142onek (2008 \u2013 2020 i aktualnie 2024 \u2013 2028), a w kadencji 2016 \u2013 2020 sekretarz Sekcji Ciep\u0142ownictwa i Klimatyzacji, Komitetu In\u017cynierii L\u0105dowej i Wodnej, Wydzia\u0142u IV Nauk Technicznych Polskiej Akademii Nauk. Opiekun Ko\u0142a Naukowego In\u017cynier\u00f3w \u015arodowiska Politechniki Pozna\u0144skiej (2007 \u2013 2012).Cz\u0142onek Rady Programowej czasopisma INSTAL (od 2021r.). Prezenter w S\u0105dzie Konkursowym Z\u0142otego Medalu MTP na targach INSTALACJE (od 2000r.). Cz\u0142onek Polskiego Zrzeszenia In\u017cynier\u00f3w i Technik\u00f3w Sanitarnych (PZITS) oraz Wielkopolskiej Okr\u0119gowej Izby In\u017cynier\u00f3w Budownictwa (WOIIB) \u2013 uprawnienia projektowe od 1984 roku. Rzeczoznawca Budowlany Polskiej Izby In\u017cynier\u00f3w Budownictwa w specjalno\u015bci instalacyjno-in\u017cynieryjnej w zakresie instalacji cieplnych i klimatyzacyjno- wentylacyjnych.<\/p><p>Egzaminator w Komisji Egzaminacyjnej na uprawnienia budowlane Wielkopolskiej Okr\u0119gowej Izby In\u017cynier\u00f3w Budownictwa (WOIIB).<\/p><p>Osi\u0105gniecia techniczne s\u0105 \u015bci\u015ble zwi\u0105zane z osi\u0105gni\u0119ciami naukowymi i dydaktycznymi. Obejmuj\u0105 one oryginalne rozwi\u0105zania system\u00f3w klimatyzacyjnych w budynkach dla najbardziej zaawansowanych technologii, a zw\u0142aszcza pomieszcze\u0144 czystych, w tym szpitali i farmacji. Autor (g\u0142\u00f3wny projektant) projekt\u00f3w system\u00f3w wentylacji i klimatyzacji, ogrzewania lub ch\u0142odzenia (HVAC &#8211; Heating, Ventilation, Air Conditioning)\u00a0m.in. dla 25 obiekt\u00f3w (lub zespo\u0142\u00f3w obiekt\u00f3w) szpitalnych w Polsce wdro\u017conych w ostatnich 25 latach. Og\u00f3\u0142em dorobek techniczny i wdro\u017ceniowy obejmuje ponad 700 zrealizowanych projekt\u00f3w system\u00f3w wentylacji i klimatyzacji, ogrzewania lub ch\u0142odzenia dla budynk\u00f3w szpitalnych lub u\u017cyteczno\u015bci publicznej, przemys\u0142owych, hotelowych, handlowych i mieszkalnych w Polsce i za granic\u0105.<\/p><p>Odznaczony Medalem Komisji Edukacji Narodowej (2012).<\/p>\t\t\t\t\t\t\t\t<\/div>\n\t\t\t\t<\/div>\n\t\t\t\t<div class=\"elementor-element elementor-element-e97527a elementor-widget elementor-widget-text-editor\" data-id=\"e97527a\" data-element_type=\"widget\" data-widget_type=\"text-editor.default\">\n\t\t\t\t<div class=\"elementor-widget-container\">\n\t\t\t\t\t\t\t\t\t<h6>Wykszta\u0142cenie<\/h6>\t\t\t\t\t\t\t\t<\/div>\n\t\t\t\t<\/div>\n\t\t\t\t<div class=\"elementor-element elementor-element-0bf4111 elementor-widget elementor-widget-text-editor\" data-id=\"0bf4111\" data-element_type=\"widget\" data-widget_type=\"text-editor.default\">\n\t\t\t\t<div class=\"elementor-widget-container\">\n\t\t\t\t\t\t\t\t\t<ul><li>2012 &#8211; Habilitacja<br \/>Politechnika Pozna\u0144ska, Wydzia\u0142 Budownictwa i In\u017cynierii \u015arodowiska.<br \/>Tytu\u0142 rozprawy habilitacyjnej:<strong style=\"text-indent: 0em;color: var( --e-global-color-text );text-align: inherit\"> \u201eStrategia wyboru energooptymalnego systemu wentylacyjnego lub klimatyzacyjnego\u201d<\/strong><\/li><li>1989 &#8211; Doktorat<br \/>Politechnika Pozna\u0144ska, Wydzia\u0142 Budownictwa L\u0105dowego. <br \/>Tytu\u0142 rozprawy doktorskiej: <strong style=\"text-indent: 0em;color: var( --e-global-color-text );text-align: inherit\">\u201eAkumulacja energii w wymiennikach z wype\u0142nieniem w zastosowaniu do klimatyzacji budynk\u00f3w\u201d<\/strong><\/li><li><p>1978 &#8211; Magister in\u017cynier <br \/>Politechnika Pozna\u0144ska, Wydzia\u0142 Budownictwa L\u0105dowego, studia stacjonarne<br \/>kierunek: In\u017cynieria \u015arodowiska, specjalno\u015b\u0107: urz\u0105dzenia sanitarne<\/p><\/li><\/ul>\t\t\t\t\t\t\t\t<\/div>\n\t\t\t\t<\/div>\n\t\t\t\t<div class=\"elementor-element elementor-element-b182892 elementor-widget elementor-widget-text-editor\" data-id=\"b182892\" data-element_type=\"widget\" data-widget_type=\"text-editor.default\">\n\t\t\t\t<div class=\"elementor-widget-container\">\n\t\t\t\t\t\t\t\t\t<h6>Charakterystyka dorobku naukowego i najwa\u017cniejsze prace<\/h6>\t\t\t\t\t\t\t\t<\/div>\n\t\t\t\t<\/div>\n\t\t\t\t<div class=\"elementor-element elementor-element-155d4d6 elementor-widget elementor-widget-text-editor\" data-id=\"155d4d6\" data-element_type=\"widget\" data-widget_type=\"text-editor.default\">\n\t\t\t\t<div class=\"elementor-widget-container\">\n\t\t\t\t\t\t\t\t\t<p><strong>Publikacje naukowe<\/strong><\/p><ul><li>Porowski M.: An analytical model of a matrix heat exchanger with longitudinal heat conduction in the matrix in application for the exchanger dynamics research. Heat and Mass Transfer, Springer, 2005, vol. 42, no. 1, pp. 12-29;<\/li><li>Porowski M., Szczechowiak E.: Influence of longitudinal conduction in the matrix on effectiveness of rotary heat regenerator used in air-conditioning. Heat and Mass Transfer, Springer, 2007, vol. 43, no. 11, pp.1185-1200, udzia\u0142 w\u0142asny 80%;<\/li><li>Porowski <a href=\"https:\/\/scholar.google.pl\/citations?user=0HNwvx4AAAAJ&amp;hl=pl&amp;oi=sra\">: <\/a><a href=\"https:\/\/www.sciencedirect.com\/science\/article\/pii\/S0196890418313219\">The optimization method of HVAC system from a holistic perspective according to energy criterion<\/a>. Energy Conversion and Management 2019, vol. 181 s.621-644;<\/li><li><a href=\"https:\/\/scholar.google.pl\/citations?user=0HNwvx4AAAAJ&amp;hl=pl&amp;oi=sra\">Porowski<\/a>: <a href=\"https:\/\/www.sciencedirect.com\/science\/article\/pii\/S0196890418313335\">Energy optimization of HVAC system from a holistic perspective: Operating theater application<\/a>.\u00a0Energy Conversion and Management 2019, vol. 182 s.461-496.<\/li><li>Porowski M., Jakubiak M.: Energy-Optimal Structures of HVAC System for Cleanrooms as a Function of Key Constant Parameters and External Climate, Energies 2022, vol. 15, iss. 1, s. 313-1-313-41, udzia\u0142 w\u0142asny 50%;<\/li><li>Drojetzki L., Porowski M.: The problem of selecting an energy-optimal cooling system using natural refrigerants in a supermarket application in a humid continental and Mediterranean climate conditions, International Journal of Refrigeration 2022, vol. 136, s. 184-208, \u2013 udzia\u0142 w\u0142asny 50%;<\/li><li>Porowski M., Szczechowiak E.: Obci\u0105\u017cenia termiczne budynk\u00f3w, a wyb\u00f3r systemu klimatyzacyjnego. Ch\u0142odnictwo i Klimatyzacja, 2004, 12, s. 34-39 \u2013 udzia\u0142 w\u0142asny 80%<\/li><li>Porowski M.: Strategia energooptymalnego sterowania uk\u0142adu klimatyzacyjnego przy dopuszczalnych przedzia\u0142ach tolerancji parametr\u00f3w, Ciep\u0142ownictwo, Ogrzewnictwo, Wentylacja 42, 2 (2011), s. 69-75;<\/li><li>Porowski M.: Sterowanie energooptymalne klimatyzacj\u0105 sal operacyjnych, Ciep\u0142ownictwo, Ogrzewnictwo, Wentylacja 43, 3 (2011), s. 109-114;<\/li><li>Porowski M.: Ocena energetyczna uk\u0142ad\u00f3w klimatyzacyjnych sal operacyjnych z recyrkulacj\u0105 powietrza, Ciep\u0142ownictwo, Ogrzewnictwo, Wentylacja 46\/12 (2015) 485\u00f7489;<\/li><li>Kowalski P., Porowski M.: Decision Making Model of Data Center Chilled Water Cooling System, Ciep\u0142ownictwo, Ogrzewnictwo, Wentylacja &#8211; 2016, T. 47, nr 3, s. 108-117,<\/li><li>Porowski M., Ma\u0107kowiak M.,: Energooptymalne systemy klimatyzacyjne dla izolatek oddzia\u0142\u00f3w onkologii, hematologii i transplantologii szpiku, Ciep\u0142ownictwo, Ogrzewnictwo, Wentylacja &#8211; 2018, T.49, nr 9, s.361-367, udzia\u0142 w\u0142asny 50%;<\/li><li>Ma\u0107kowiak M., Porowski M.: Energooptymalne sterowanie uk\u0142adem klimatyzacji z recyrkulacj\u0105 powietrza i obrotowym regeneratorem energii dla pomieszczenia czystego,Ciep\u0142ownictwo, Ogrzewnictwo, Wentylacja &#8211; 2019, T. 50, nr 8, s. 310-317, udzia\u0142 w\u0142asny 50%<\/li><li>Pa\u0142aszy\u0144ska K., Bandurski K., Porowski M.: Problem integracji system\u00f3w sterowania stropami aktywowanymi termicznie i wentylacji w budynkach edukacyjnych,Instal &#8211; 2024, nr 3, s. 31-38<\/li><\/ul><p>(stan na 2025r.)<\/p><p><strong>Ksi\u0105\u017cki i monografie<\/strong><\/p><ul><li>Porowski M.: Strategia wyboru energooptymalnego systemu wentylacyjnego lub klimatyzacyjnego, Rozprawa habilitacyjna, Wydawnictwo Politechniki Pozna\u0144skiej, Pozna\u0144 2011, 274 s.;<\/li><li>Porowski M., Szczechowiak E.: Klimatyzacja pomieszcze\u0144 czystych, Pozna\u0144, Termedia, 1999, 164 s. \u2013 udzia\u0142 w\u0142asny 50%<\/li><\/ul><p>(stan na 2022r.)<\/p>\t\t\t\t\t\t\t\t<\/div>\n\t\t\t\t<\/div>\n\t\t\t\t<div class=\"elementor-element elementor-element-33bc4e3 elementor-widget elementor-widget-text-editor\" data-id=\"33bc4e3\" data-element_type=\"widget\" data-widget_type=\"text-editor.default\">\n\t\t\t\t<div class=\"elementor-widget-container\">\n\t\t\t\t\t\t\t\t\t<h6>PROWADZONE ZAJ\u0118CIA DYDAKTYCZNE<\/h6>\t\t\t\t\t\t\t\t<\/div>\n\t\t\t\t<\/div>\n\t\t\t\t<div class=\"elementor-element elementor-element-12e519c elementor-widget elementor-widget-text-editor\" data-id=\"12e519c\" data-element_type=\"widget\" data-widget_type=\"text-editor.default\">\n\t\t\t\t<div class=\"elementor-widget-container\">\n\t\t\t\t\t\t\t\t\t<ul><li>Wentylacja przemys\u0142owa (1990\u20132003) \u2013 wyk\u0142ad,<\/li><li>Ch\u0142odnictwo (1994\u20132002) &#8211; wyk\u0142ad,<\/li><li>Wentylacja i klimatyzacja (1990\u20132003), Klimatyzacja w zaawansowanych technologiach (2004\u20132009) \u2013 \u0107wiczenia audytoryjne i projektowe,<\/li><li>Seminarium dyplomowe: studia I stopnia (2010-2022), studia II stopnia niestacjonarne (2020-2022),<\/li><li>Klimatyzacja z ch\u0142odnictwem (wyk\u0142ady z ch\u0142odnictwa) \u2013 wyk\u0142ad, studia I stopnia,<\/li><li>Wentylacja \u2013 wyk\u0142ad, studia I stopnia,<\/li><li>Systemy wentylacyjne, klimatyzacyjne i ch\u0142odnicze \u2013 \u0107wiczenia audytoryjne, studia II stopnia,<\/li><\/ul>\t\t\t\t\t\t\t\t<\/div>\n\t\t\t\t<\/div>\n\t\t\t\t<div class=\"elementor-element elementor-element-7676af4 elementor-widget elementor-widget-text-editor\" data-id=\"7676af4\" data-element_type=\"widget\" data-widget_type=\"text-editor.default\">\n\t\t\t\t<div class=\"elementor-widget-container\">\n\t\t\t\t\t\t\t\t\t<h6>KSZTA\u0141CENIE KADRY<\/h6>\t\t\t\t\t\t\t\t<\/div>\n\t\t\t\t<\/div>\n\t\t\t\t<div class=\"elementor-element elementor-element-d5e1e79 elementor-widget elementor-widget-text-editor\" data-id=\"d5e1e79\" data-element_type=\"widget\" data-widget_type=\"text-editor.default\">\n\t\t\t\t<div class=\"elementor-widget-container\">\n\t\t\t\t\t\t\t\t\t<ul><li>2 wypromowanych doktor\u00f3w nauk technicznych,<\/li><li>182 wypromowanych in\u017cynier\u00f3w lub magistr\u00f3w in\u017cynier\u00f3w<\/li><\/ul>\t\t\t\t\t\t\t\t<\/div>\n\t\t\t\t<\/div>\n\t\t\t\t<div class=\"elementor-element elementor-element-80db51c elementor-widget elementor-widget-text-editor\" data-id=\"80db51c\" data-element_type=\"widget\" data-widget_type=\"text-editor.default\">\n\t\t\t\t<div class=\"elementor-widget-container\">\n\t\t\t\t\t\t\t\t\t<h6>NAGRODY I WYR\u00d3\u017bNIENIA<\/h6>\t\t\t\t\t\t\t\t<\/div>\n\t\t\t\t<\/div>\n\t\t\t\t<div class=\"elementor-element elementor-element-413c144 elementor-widget elementor-widget-text-editor\" data-id=\"413c144\" data-element_type=\"widget\" data-widget_type=\"text-editor.default\">\n\t\t\t\t<div class=\"elementor-widget-container\">\n\t\t\t\t\t\t\t\t\t<ul><li>Nagroda I Stopnia Jego Magnificencji Rektora Politechniki Pozna\u0144skiej za wybitne osi\u0105gni\u0119cia naukowe w roku 2019,<\/li><li>Nagroda Jego Magnificencji Rektora Politechniki Pozna\u0144skiej za osi\u0105gni\u0119cia naukowe w latach: 1990, 2000, 2006, 2008, 2012, 2022<\/li><li>Medal Komisji Edukacji Narodowej w roku 2012<\/li><\/ul>\t\t\t\t\t\t\t\t<\/div>\n\t\t\t\t<\/div>\n\t\t\t\t<div class=\"elementor-element elementor-element-73d1919 elementor-widget elementor-widget-text-editor\" data-id=\"73d1919\" data-element_type=\"widget\" data-widget_type=\"text-editor.default\">\n\t\t\t\t<div class=\"elementor-widget-container\">\n\t\t\t\t\t\t\t\t\t<h6>OSI\u0104GNI\u0118CIA TECHNICZNE<\/h6>\t\t\t\t\t\t\t\t<\/div>\n\t\t\t\t<\/div>\n\t\t\t\t<div class=\"elementor-element elementor-element-12b914c elementor-widget elementor-widget-text-editor\" data-id=\"12b914c\" data-element_type=\"widget\" data-widget_type=\"text-editor.default\">\n\t\t\t\t<div class=\"elementor-widget-container\">\n\t\t\t\t\t\t\t\t\t<ul><li>Autor (g\u0142\u00f3wny projektant) wdro\u017conych projekt\u00f3w HVAC (Heating, Ventilation, Air Conditioning) budynk\u00f3w o r\u00f3\u017cnorodnej funkcji: szpitali, farmacji, laboratoryjnych, przemys\u0142owych, biurowych i u\u017cyteczno\u015bci publicznej, handlowych, hoteli, mieszkalnych \u2013 \u0142\u0105cznie ponad 700 w ostatnich 25 latach, w tym:<ul><li>25 obiekt\u00f3w (lub zespo\u0142\u00f3w obiekt\u00f3w) szpitalnych m.in.: \u015awiatowe Centrum S\u0142uchu Instytutu Fizjologii i Patologii S\u0142uchu w Kajetanach k. Warszawy, Szpital Chirurgii Plastycznej (Specjalistyczne Centrum Medyczne) w Polanicy Zdroju, Klinika Hematologii i Onkologii Dzieci\u0119cej w Gda\u0144sku, Oddzia\u0142 Transplantacji Szpiku Instytutu Pediatrii SPSK\u20135 A.M. w Poznaniu, Centrum Biologii Medycznej U.M. w Poznaniu, Mi\u0119dzynarodowe Centrum Onkologii w Otwocku, Centrum Neurobiologii w Warszawie,<\/li><li>budynki laboratoryjne m.in.: Diagnostyka Sp. z o.o. w Warszawie, Eurofins w \u0141odzi,<\/li><li>budynki przemys\u0142owe &#8211; pomieszczenia czyste o zaawansowanych technologiach m.in.: ZWM Plastica Sp. z o.o. w Kowalewie Pomorskim, MATOPAT \u201eBella\u201d Ltd. w Egorievsku (Rosja),<\/li><li>budynki przemys\u0142owe m.in.: AMICA we Wronkach, LUMAG w Budzyniu, MARBO w Mi\u0119dzychodzie, LOWARA VOGEL POLSKA w Strzelinie, PLASTICA Sp. z o.o. w Kowalewie Pomorskim, ROMB w Z\u0142otowie, BELLA w Toruniu,<\/li><li>budynki zabytkowe m.in.: Aula UAM w Poznaniu (sala koncertowa), Muzeum Narodowe w Poznaniu (Stary Gmach, Nowy Gmach \u2013 modernizacja), Muzeum Pa\u0142acu w Rogalinie k. Poznania,<\/li><li>biurowce m.in: TZMO w Toruniu, Kulczyk \u2013 Tradex w Poznaniu, Autostrada Wielkopolska w Poznaniu, PKO BP w Poznaniu,<\/li><li>hotele m.in.: Amica we Wronkach, Ba\u0142tyk \u2013 Park (aktualnie Diune) w Ko\u0142obrzegu, M\u0142yn Jacka w Jaroszowicach k.Wadowic, SOFRA w Unie\u015bciu (rozbudowa),<\/li><li>centra handlowe i logistyczne m. in.: INTERMARCHE (7 obiekt\u00f3w), \u201emini Mal\u201d (11 obiekt\u00f3w), SALLER MARKET w Nowej Soli, RABEN Logistics (10 obiekt\u00f3w)<\/li><\/ul><\/li><\/ul>\t\t\t\t\t\t\t\t<\/div>\n\t\t\t\t<\/div>\n\t\t\t\t<div class=\"elementor-element elementor-element-9eb6ad8 elementor-widget elementor-widget-text-editor\" data-id=\"9eb6ad8\" data-element_type=\"widget\" data-widget_type=\"text-editor.default\">\n\t\t\t\t<div class=\"elementor-widget-container\">\n\t\t\t\t\t\t\t\t\t<h6>ZAINTERESOWANIA<\/h6>\t\t\t\t\t\t\t\t<\/div>\n\t\t\t\t<\/div>\n\t\t\t\t<div class=\"elementor-element elementor-element-b7ee41c elementor-widget elementor-widget-text-editor\" data-id=\"b7ee41c\" data-element_type=\"widget\" data-widget_type=\"text-editor.default\">\n\t\t\t\t<div class=\"elementor-widget-container\">\n\t\t\t\t\t\t\t\t\t<p>Gitara klasyczna, \u015bpiew solowy, narty zjazdowe, nordic-walking.<\/p>\t\t\t\t\t\t\t\t<\/div>\n\t\t\t\t<\/div>\n\t\t\t\t\t<\/div>\n\t\t<\/div>\n\t\t\t\t\t<\/div>\n\t\t<\/section>\n\t\t\t\t<\/div>\n\t\t","protected":false},"excerpt":{"rendered":"<p>Zak\u0142ad Ogrzewnictwa, Klimatyzacji i Ochrony Powietrza Profil w Systemie Informacji Naukowej PP: Mieczys\u0142aw Porowski SIN E-mail: mieczyslaw.porowski@put.poznan.pl Pok\u00f3j: 218B budynek WTCH &#8211; LINK\u00a0(mapa kampusu) Konsultacje: &#8211;\u00a0LINK (wykaz konsultacji pracownik\u00f3w instytutu) INFORMACJE OG\u00d3LNE Dr hab. in\u017c. Mieczys\u0142aw Porowski, profesor PP w Instytucie In\u017cynierii \u015arodowiska Politechniki Pozna\u0144skiej \u2013 specjalno\u015b\u0107 naukowa: wentylacja i &hellip;<\/p>\n","protected":false},"author":2,"featured_media":984,"parent":214,"menu_order":0,"comment_status":"closed","ping_status":"closed","template":"","meta":{"_monsterinsights_skip_tracking":false,"_monsterinsights_sitenote_active":false,"_monsterinsights_sitenote_note":"","_monsterinsights_sitenote_category":0,"footnotes":""},"class_list":["post-985","page","type-page","status-publish","has-post-thumbnail","hentry"],"_links":{"self":[{"href":"https:\/\/ee2.put.poznan.pl\/index.php\/wp-json\/wp\/v2\/pages\/985","targetHints":{"allow":["GET"]}}],"collection":[{"href":"https:\/\/ee2.put.poznan.pl\/index.php\/wp-json\/wp\/v2\/pages"}],"about":[{"href":"https:\/\/ee2.put.poznan.pl\/index.php\/wp-json\/wp\/v2\/types\/page"}],"author":[{"embeddable":true,"href":"https:\/\/ee2.put.poznan.pl\/index.php\/wp-json\/wp\/v2\/users\/2"}],"replies":[{"embeddable":true,"href":"https:\/\/ee2.put.poznan.pl\/index.php\/wp-json\/wp\/v2\/comments?post=985"}],"version-history":[{"count":13,"href":"https:\/\/ee2.put.poznan.pl\/index.php\/wp-json\/wp\/v2\/pages\/985\/revisions"}],"predecessor-version":[{"id":3258,"href":"https:\/\/ee2.put.poznan.pl\/index.php\/wp-json\/wp\/v2\/pages\/985\/revisions\/3258"}],"up":[{"embeddable":true,"href":"https:\/\/ee2.put.poznan.pl\/index.php\/wp-json\/wp\/v2\/pages\/214"}],"wp:featuredmedia":[{"embeddable":true,"href":"https:\/\/ee2.put.poznan.pl\/index.php\/wp-json\/wp\/v2\/media\/984"}],"wp:attachment":[{"href":"https:\/\/ee2.put.poznan.pl\/index.php\/wp-json\/wp\/v2\/media?parent=985"}],"curies":[{"name":"wp","href":"https:\/\/api.w.org\/{rel}","templated":true}]}}